{"id":6816,"date":"2024-01-11T15:19:46","date_gmt":"2024-01-11T13:19:46","guid":{"rendered":"https:\/\/kivenalla.fi\/?page_id=6816"},"modified":"2025-04-25T14:29:22","modified_gmt":"2025-04-25T11:29:22","slug":"tiimityoharjoitus-aarteenetsinnan-keinoin","status":"publish","type":"page","link":"https:\/\/kivenalla.fi\/en\/tiimityoharjoitus-aarteenetsinnan-keinoin\/","title":{"rendered":"Tiimity\u00f6harjoitus aarteenetsinn\u00e4n keinoin"},"content":{"rendered":"<figure class=\"wp-block-image size-large\"><img loading=\"lazy\" decoding=\"async\" width=\"1024\" height=\"576\" src=\"https:\/\/kivenalla.fi\/wp-content\/uploads\/2024\/01\/gocache_etusivu-1024x576.png\" alt=\"\" class=\"wp-image-6817\" srcset=\"https:\/\/kivenalla.fi\/wp-content\/uploads\/2024\/01\/gocache_etusivu-1024x576.png 1024w, https:\/\/kivenalla.fi\/wp-content\/uploads\/2024\/01\/gocache_etusivu-300x169.png 300w, https:\/\/kivenalla.fi\/wp-content\/uploads\/2024\/01\/gocache_etusivu-768x432.png 768w, https:\/\/kivenalla.fi\/wp-content\/uploads\/2024\/01\/gocache_etusivu-600x337.png 600w, https:\/\/kivenalla.fi\/wp-content\/uploads\/2024\/01\/gocache_etusivu.png 1366w\" sizes=\"auto, (max-width: 1024px) 100vw, 1024px\" \/><\/figure>\n\n\n\n<h1 class=\"wp-block-heading\">Tykyp\u00e4iv\u00e4 kaipaa piristyst\u00e4? Kokeilkaa r\u00e4\u00e4t\u00e4l\u00f6ity\u00e4 geok\u00e4tk\u00f6ilyseikkailua ty\u00f6porukallenne &#8211; miss\u00e4 ja milloin vain!<\/h1>\n\n\n\n<p><strong>Ved\u00e4n hauskat aarteenetsint\u00e4seikkailut ja tiimity\u00f6aktiviteetit geok\u00e4tk\u00f6ilyn keinoin omalla Go|Cache-sovelluksella.<\/strong><\/p>\n\n\n\n<h3 class=\"wp-block-heading\">Ota yhteytt\u00e4:<\/h3>\n\n\n\n<p>puh.&nbsp;<a href=\"tel:0503225520\">0503225520<\/a><br>email:&nbsp;<a href=\"mailto:gocache@kivenalla.fi\">gocache@kivenalla.fi<\/a><\/p>\n\n\n\n<p>Go|Cache-sovelluksen voi ladata ilmaiseksi osoitteesta&nbsp;<a href=\"https:\/\/gocache.my.canva.site\/\">https:\/\/gocache.my.canva.site<\/a>. Tampereella (pelikoodi: demotre), Turussa (pelikoodi: demotku) ja Helsingiss\u00e4 (pelikoodi: demohel) voit testata virtuaalisia demoratoja.<\/p>\n\n\n\n<div class=\"wp-block-file\"><a id=\"wp-block-file--media-096cfb67-d49a-4081-8222-d465da56a616\" href=\"https:\/\/www.kivenalla.fi\/wp-content\/uploads\/2024\/03\/GoCache_A4_2024.pdf\">A4 esittely<\/a><a href=\"https:\/\/www.kivenalla.fi\/wp-content\/uploads\/2024\/03\/GoCache_A4_2024.pdf\" class=\"wp-block-file__button wp-element-button\" download aria-describedby=\"wp-block-file--media-096cfb67-d49a-4081-8222-d465da56a616\">Lataa<\/a><\/div>\n\n\n\n<figure class=\"wp-block-table\"><table><tbody><tr><td><strong>PALVELU SIS\u00c4LT\u00c4\u00c4:<\/strong>Hauska ja el\u00e4myksellinen aarteenetsint\u00e4 sovitussa maastossa sek\u00e4 pulmanratkomista ja tiimity\u00f6harjoituksia.Kohteet etsit\u00e4\u00e4n varta vasten el\u00e4mysk\u00e4ytt\u00f6\u00f6n tekem\u00e4ll\u00e4mme mobiiliohjelmalla Go|Cache. El\u00e4mys on r\u00e4\u00e4t\u00e4l\u00f6it\u00e4viss\u00e4 asiakkaan tarpeiden mukaan ja toteutettavissa sovitussa paikassa.<strong>Hinta alk. 500,00 euroa (alv 0%) sis. 10 henke\u00e4, ylimenev\u00e4lt\u00e4 osalta 15 \u20ac \/ henk. (alv 0%), kesto n. 2 tuntia.<\/strong><br><br>REFERENSSEJ\u00c4: S\u00e4rk\u00e4nniemi, CampusSports, Kauniaisten kaupunki, Microsoft<\/td><\/tr><\/tbody><\/table><\/figure>\n\n\n\n<div style=\"height:2px\" aria-hidden=\"true\" class=\"wp-block-spacer\"><\/div>\n\n\n\n<p><strong>Geok\u00e4tk\u00f6ilyn perusteet<\/strong><\/p>\n\n\n\n<p>Teen my\u00f6s et\u00e4kursseja miss\u00e4 k\u00e4yd\u00e4\u00e4n l\u00e4vitse geok\u00e4tk\u00f6ilyn perusteet, vinkit etsimiseen, geok\u00e4tk\u00f6ilyohjelmat jne. Kurssin kesto 1 tunti.<\/p>\n\n\n\n<p>Hinta: 250,00 \u20ac (alv 0%) (max 50 osallistujaa)<\/p>","protected":false},"excerpt":{"rendered":"<p>Tykyp\u00e4iv\u00e4 kaipaa piristyst\u00e4? Kokeilkaa r\u00e4\u00e4t\u00e4l\u00f6ity\u00e4 geok\u00e4tk\u00f6ilyseikkailua ty\u00f6porukallenne &#8211; miss\u00e4 ja milloin vain! Ved\u00e4n hauskat aarteenetsint\u00e4seikkailut ja tiimity\u00f6aktiviteetit geok\u00e4tk\u00f6ilyn keinoin omalla Go|Cache-sovelluksella. Ota yhteytt\u00e4: puh.&nbsp;0503225520email:&nbsp;gocache@kivenalla.fi Go|Cache-sovelluksen voi ladata ilmaiseksi osoitteesta&nbsp;https:\/\/gocache.my.canva.site. Tampereella (pelikoodi: demotre), Turussa (pelikoodi: demotku) ja Helsingiss\u00e4 (pelikoodi: demohel) voit testata virtuaalisia demoratoja. PALVELU SIS\u00c4LT\u00c4\u00c4:Hauska ja el\u00e4myksellinen aarteenetsint\u00e4 sovitussa maastossa sek\u00e4 pulmanratkomista ja tiimity\u00f6harjoituksia.Kohteet etsit\u00e4\u00e4n&#8230;<\/p>","protected":false},"author":1,"featured_media":0,"parent":0,"menu_order":0,"comment_status":"closed","ping_status":"closed","template":"","meta":{"_kadence_starter_templates_imported_post":false,"_kad_post_transparent":"","_kad_post_title":"","_kad_post_layout":"","_kad_post_sidebar_id":"","_kad_post_content_style":"","_kad_post_vertical_padding":"","_kad_post_feature":"","_kad_post_feature_position":"","_kad_post_header":false,"_kad_post_footer":false,"_kad_post_classname":"","footnotes":""},"class_list":["post-6816","page","type-page","status-publish","hentry"],"_links":{"self":[{"href":"https:\/\/kivenalla.fi\/en\/wp-json\/wp\/v2\/pages\/6816","targetHints":{"allow":["GET"]}}],"collection":[{"href":"https:\/\/kivenalla.fi\/en\/wp-json\/wp\/v2\/pages"}],"about":[{"href":"https:\/\/kivenalla.fi\/en\/wp-json\/wp\/v2\/types\/page"}],"author":[{"embeddable":true,"href":"https:\/\/kivenalla.fi\/en\/wp-json\/wp\/v2\/users\/1"}],"replies":[{"embeddable":true,"href":"https:\/\/kivenalla.fi\/en\/wp-json\/wp\/v2\/comments?post=6816"}],"version-history":[{"count":7,"href":"https:\/\/kivenalla.fi\/en\/wp-json\/wp\/v2\/pages\/6816\/revisions"}],"predecessor-version":[{"id":17395,"href":"https:\/\/kivenalla.fi\/en\/wp-json\/wp\/v2\/pages\/6816\/revisions\/17395"}],"wp:attachment":[{"href":"https:\/\/kivenalla.fi\/en\/wp-json\/wp\/v2\/media?parent=6816"}],"curies":[{"name":"wp","href":"https:\/\/api.w.org\/{rel}","templated":true}]}}