{"id":6848,"date":"2024-01-12T13:47:52","date_gmt":"2024-01-12T11:47:52","guid":{"rendered":"https:\/\/kivenalla.fi\/?page_id=6848"},"modified":"2024-01-12T13:48:24","modified_gmt":"2024-01-12T11:48:24","slug":"asiakaspalvelu","status":"publish","type":"page","link":"https:\/\/kivenalla.fi\/en\/asiakaspalvelu\/","title":{"rendered":"Contact"},"content":{"rendered":"<p>The best way to reach us is by email or phone. You can also send us a WhatsApp message.\n\nIf you don\u2019t get a response right away, please be kind and try again later \u2014 we\u2019ll get back to you as soon as possible.\n\nOn weekdays, you can also reach us via the chat on our website, which is available Monday to Friday from 8:30 AM to 4:00 PM.<\/p>\n\n\n\n<p>Tel: +358 50 322 5520<br>WhatsApp: +358 50 322 5520<\/p>\n\n\n\n<p>Email: info@kivenalla.fi<\/p>\n\n\n\n<p>Kiven Alla Oy does not have a physical store, but you can pick up your order from our office on weekdays between 8:30 AM and 4:00 PM.\n\nPlease note that pick-ups must be arranged in advance to ensure someone is available. You can schedule a pick-up by phone or email.<\/p>\n\n\n\n<p>Address: Patotie 2, 01600 Vantaa (2nd floor)<\/p>","protected":false},"excerpt":{"rendered":"<p>Parhaiten kauppiaan saa kiinni s\u00e4hk\u00f6postilla tai puhelimitse. My\u00f6s Whatsapp-viesti\u00e4 voi laittaa. Mik\u00e4li et tavoita meit\u00e4, niin ole yst\u00e4v\u00e4lline ja yrit\u00e4 tavoittaa uudestaan. Arkisin toimii my\u00f6s verkkosivuillamme Chat mit\u00e4 kautta saa minut kiinni arkisin klo 8:30 &#8211; 16:00 v\u00e4lill\u00e4. Puhelin: +358 50 322 5520WhatsApp: +358 50 322 5520 S\u00e4hk\u00f6posti: info@kivenalla.fi Kiven alla Oy:ll\u00e4 ei ole varsinaista&#8230;<\/p>","protected":false},"author":1,"featured_media":0,"parent":0,"menu_order":0,"comment_status":"closed","ping_status":"closed","template":"","meta":{"_kadence_starter_templates_imported_post":false,"_kad_post_transparent":"","_kad_post_title":"","_kad_post_layout":"","_kad_post_sidebar_id":"","_kad_post_content_style":"","_kad_post_vertical_padding":"","_kad_post_feature":"","_kad_post_feature_position":"","_kad_post_header":false,"_kad_post_footer":false,"_kad_post_classname":"","footnotes":""},"class_list":["post-6848","page","type-page","status-publish","hentry"],"_links":{"self":[{"href":"https:\/\/kivenalla.fi\/en\/wp-json\/wp\/v2\/pages\/6848","targetHints":{"allow":["GET"]}}],"collection":[{"href":"https:\/\/kivenalla.fi\/en\/wp-json\/wp\/v2\/pages"}],"about":[{"href":"https:\/\/kivenalla.fi\/en\/wp-json\/wp\/v2\/types\/page"}],"author":[{"embeddable":true,"href":"https:\/\/kivenalla.fi\/en\/wp-json\/wp\/v2\/users\/1"}],"replies":[{"embeddable":true,"href":"https:\/\/kivenalla.fi\/en\/wp-json\/wp\/v2\/comments?post=6848"}],"version-history":[{"count":2,"href":"https:\/\/kivenalla.fi\/en\/wp-json\/wp\/v2\/pages\/6848\/revisions"}],"predecessor-version":[{"id":6850,"href":"https:\/\/kivenalla.fi\/en\/wp-json\/wp\/v2\/pages\/6848\/revisions\/6850"}],"wp:attachment":[{"href":"https:\/\/kivenalla.fi\/en\/wp-json\/wp\/v2\/media?parent=6848"}],"curies":[{"name":"wp","href":"https:\/\/api.w.org\/{rel}","templated":true}]}}