{"id":11354,"date":"2024-08-01T12:53:29","date_gmt":"2024-08-01T09:53:29","guid":{"rendered":"https:\/\/www.kivenalla.fi\/?post_type=product&#038;p=11354"},"modified":"2025-11-20T10:31:14","modified_gmt":"2025-11-20T08:31:14","slug":"fenix-hm75r-superraptor-3","status":"publish","type":"product","link":"https:\/\/kivenalla.fi\/en\/product\/fenix-hm75r-superraptor-3\/","title":{"rendered":"Fenix HM75R Superraptor 3"},"content":{"rendered":"<p>HM75R SUPERRAPTOR 3 on ultrakevyest\u00e4 magnesiumista valmistettu tehokas otsalamppu, joka tarjoaa jopa 194 tunnin k\u00e4ytt\u00f6ajan, 1600 lumenin valotehon ja 218 metrin kantomatkan. Siin\u00e4 on erilliset kohde- ja laajavalot sek\u00e4 h\u00e4m\u00e4r\u00e4n\u00e4\u00f6n s\u00e4ilytt\u00e4v\u00e4 punainen valo. K\u00e4ytt\u00e4j\u00e4t voivat valita parhaan valaistuksen kahden energiatilan ja nelj\u00e4n kirkkaustason v\u00e4lill\u00e4. HM75R SUPERRAPTOR 3 on valinta k\u00e4ytt\u00e4j\u00e4lle, joka tarvitsee monipuolista ja suorituskykyist\u00e4 otsalamppua pitk\u00e4ll\u00e4 k\u00e4ytt\u00f6ajalla vaativaan harrastus- ja ammattik\u00e4ytt\u00f6\u00f6n.<\/p>\n\n\n\n<figure class=\"wp-block-embed is-type-rich is-provider-upotuksen-k-sittelij wp-block-embed-upotuksen-k-sittelij wp-embed-aspect-16-9 wp-has-aspect-ratio\"><div class=\"wp-block-embed__wrapper\">\n<iframe loading=\"lazy\" title=\"Fenix HM75R SUPERRAPTOR 3 monitoimiotsalamppu\" width=\"720\" height=\"405\" src=\"https:\/\/www.youtube.com\/embed\/nJP-x8Wqeos?feature=oembed\" frameborder=\"0\" allow=\"accelerometer; autoplay; clipboard-write; encrypted-media; gyroscope; picture-in-picture; web-share\" referrerpolicy=\"strict-origin-when-cross-origin\" allowfullscreen><\/iframe>\n<\/div><\/figure>\n\n\n\n<figure class=\"wp-block-image\"><img decoding=\"async\" src=\"https:\/\/www.fenixvalaisimet.fi\/image\/catalog\/fenix\/products\/hm75r-hm65r-vertailutaulukko-3.png\" alt=\"\" \/><\/figure>\n\n\n\n<h3 class=\"wp-block-heading\">Design from Finland -tuote<\/h3>\n\n\n\n<p>Fenix HM75R SUPERRAPTOR 3 on saanut Suomalaisen Ty\u00f6n Liiton Design from Finland -merkin. T\u00e4m\u00e4 merkki kertoo, ett\u00e4 SUPERRAPTOR 3 on ammattimaisesti, vastuullisesti ja k\u00e4ytt\u00e4j\u00e4l\u00e4ht\u00f6isesti suunniteltu Suomessa. Vastuullinen suunnittelu n\u00e4kyy erityisesti lampun kest\u00e4vyydess\u00e4, k\u00e4ytett\u00e4vyydess\u00e4, materiaalivalinnoissa ja korjattavuudessa. Valitsemalla Design from Finland -tuotteen tuet suomalaista ty\u00f6t\u00e4.<\/p>\n\n\n\n<p>Suomessa suunnitellun HM75R SUPERRAPTOR 3:n kehitys perustui tuhansien k\u00e4ytt\u00e4jiemme ideoihin ja toiveisiin. Yli kahden vuoden ja kolmen tuhannen tuotekehitystunnin j\u00e4lkeen, ankarissa Suomen luonnon olosuhteissa testattuna, voimme ylpe\u00e4n\u00e4 sanoa, ett\u00e4 HM75R SUPERRAPTOR 3 on yksi maailman parhaista ja suorituskykyisimmist\u00e4 otsalampuista luokassaan.<\/p>\n\n\n\n<h3 class=\"wp-block-heading\">T\u00e4ydellinen valaisu kaikille et\u00e4isyyksille<\/h3>\n\n\n\n<p>Er\u00e4s otsalampun vaativimmista ominaisuuksista on sen kyky valaista samanaikaisesti laajasti ja kauas. Poiketen useista kilpailevien otsalamppujen k\u00e4ytt\u00e4mist\u00e4 muovisista yhdistelm\u00e4linsseist\u00e4, HM75R SUPERRAPTOR 3:ssa on kaksi erillist\u00e4 kovakarkaistusta lasista valmistettua optisesti hiottua linssi\u00e4, jotka tuottavat tarkan ja tehokkaan kohdevalon jopa 218 metriin asti sek\u00e4 eritt\u00e4in laajan, mutta tehokkaasti my\u00f6s et\u00e4\u00e4lle valaisevan laajavalon. Tehokkaan laajavalon salaisuutena on kaksi LED-emitteri\u00e4, jotka tuottavat tehokkaan max. 1600 lumenin valotehon. Kohde- ja laajavalot toimivat my\u00f6s samanaikaisesti, jolloin saadaan tehokkaasti ja laajasti koko kantomatkan valaiseva valokeila ilman kompromisseja.<\/p>\n\n\n\n<h3 class=\"wp-block-heading\">H\u00e4m\u00e4r\u00e4n\u00e4k\u00f6kyvyn s\u00e4ilytt\u00e4v\u00e4 punavalo<\/h3>\n\n\n\n<p>HM75R SUPERRAPTOR 3:ssa k\u00e4yt\u00e4mme nyt ensimm\u00e4ist\u00e4 kertaa h\u00e4m\u00e4r\u00e4n\u00e4k\u00f6kyvyn s\u00e4ilytt\u00e4v\u00e4\u00e4 punavaloa. Punavalosta l\u00f6ytyy 2 lumenin valoteho taktiseen sotilas- ja viranomaisk\u00e4ytt\u00f6\u00f6n kuin my\u00f6s tehokkaat 30 lm ja 120 lm kirkkaustilat mets\u00e4stykseen, valokuvaamiseen ja luonnon tarkkailuun.<\/p>\n\n\n\n<h3 class=\"wp-block-heading\">Helppo ja nopea k\u00e4ytt\u00e4\u00e4, my\u00f6s k\u00e4sineet k\u00e4dess\u00e4<\/h3>\n\n\n\n<p>HM75R SUPERRAPTOR 3:n suunnittelussa kiinnitimme erityist\u00e4 huomiota sen nopeaan ja helppoon k\u00e4ytett\u00e4vyyteen k\u00e4sineet k\u00e4dess\u00e4, erityisesti kylmiss\u00e4 olosuhteissa, joissa nappien k\u00e4ytt\u00e4minen voi olla hankalaa tai jopa mahdotonta. K\u00e4yt\u00e4mme SUPERRAPTOR 3:ssa uutta mekaanista py\u00f6r\u00f6kytkint\u00e4 josta k\u00e4ytt\u00f6tilojen (kohdevalo, laajavalo, yhdistelm\u00e4valo) valinta tapahtuu kytkin py\u00f6ritt\u00e4m\u00e4ll\u00e4. Kirkkaustilat on helppo valita elektronisesta py\u00f6r\u00f6kytkimen p\u00e4\u00e4dyss\u00e4 sijaitsevasta hipaisukytkimest\u00e4. Kirkkaustilan tallennetaan automaattisesti, joten sinun on helppo vaihdella k\u00e4ytt\u00f6tilojen v\u00e4lill\u00e4 ilman tarvetta s\u00e4\u00e4t\u00e4\u00e4 kirkkaustiloja erikseen.<\/p>\n\n\n\n<h3 class=\"wp-block-heading\">Kaksi \u00e4lyk\u00e4st\u00e4 energian k\u00e4ytt\u00f6tilaan<\/h3>\n\n\n\n<p>HM75R SUPERRAPTOR 3:ssa on kaksi energiatilaa: a) energian s\u00e4\u00e4st\u00f6tila ja b) tehotila, jotka m\u00e4\u00e4ritt\u00e4v\u00e4t miten akun energiaa k\u00e4ytet\u00e4\u00e4n. Energian s\u00e4\u00e4st\u00f6tila (oletusasetus) pident\u00e4\u00e4 lampun yht\u00e4mittaista k\u00e4ytt\u00f6aikaa painottaen kestoa jatkuvan korkean kirkkauden sijaan. Tehotila mahdollistaa pidemm\u00e4n valon k\u00e4yt\u00f6n korkeammalla kirkkaudella, mik\u00e4 on ihanteellista tilanteissa, jossa kirkkaus on t\u00e4rke\u00e4mp\u00e4\u00e4 kuin k\u00e4ytt\u00f6aika.<\/p>\n\n\n\n<h3 class=\"wp-block-heading\">\u00c4lyk\u00e4s kirkkauden alentamistoiminto<\/h3>\n\n\n\n<p>HM75R SUPERRAPTOR 3:ssa on \u00e4lyk\u00e4s automaattinen kirkkauden alentamisetoiminto joka ehk\u00e4isee korkeiden l\u00e4mp\u00f6tilojen syntymisen l\u00e4hivalaistuksessa. Valotehoa lasketaan automaattisesti alemmaksi jos kohde on kuuman linssin l\u00e4hell\u00e4.<\/p>\n\n\n\n<h3 class=\"wp-block-heading\">K\u00e4yt\u00e4 my\u00f6s otsalamppuna, kyp\u00e4r\u00e4valona ja py\u00f6r\u00e4nvalona<\/h3>\n\n\n\n<p>HM75R SUPERRAPTOR 3 avaa entist\u00e4 monipuolisemmat k\u00e4ytt\u00f6mahdollisuudet. Mukana toimitettavalla eksklusiivisella GoPro-kiinnikkeell\u00e4 voit kiinnitt\u00e4\u00e4 lampun kaikkiin GoPro-yhteensopiviin kiinnikkeisiin, kuten py\u00f6r\u00e4\u00e4n tai kyp\u00e4r\u00e4\u00e4n. Lis\u00e4ksi erikseen saatavilla olevan Fenix&nbsp;<a href=\"https:\/\/www.fenixvalaisimet.fi\/kyparakiinnike_fenix_alg03v2\">ALG-03 V2.0<\/a>&nbsp;ja&nbsp;<a href=\"https:\/\/www.fenixvalaisimet.fi\/fenix_alg04_kyparan_kiinnike_nvg\">ALG-04 NVG<\/a>-kyp\u00e4r\u00e4kiinnikkeen avulla voit kiinnitt\u00e4\u00e4 lampun py\u00f6r\u00e4ily-, ty\u00f6-, kiipeily- tai viranomaiskyp\u00e4riin. Erilaisten kiinnitysten vaihtaminen on vaivatonta, sill\u00e4 kaikki otsalampun pannat ovat pikairrotettavia.<\/p>\n\n\n\n<h3 class=\"wp-block-heading\">Ei kalliita erikoisakkuja<\/h3>\n\n\n\n<p>HM75R SUPERRAPTOR 3 on varustettu tehokkaalla ja turvallisella\u00a03500 mAh 18650 Fenix ARB-L18 Li-ion\u00a0-akulla, joten et tarvitse kalliita tai vaikeasti l\u00f6ydett\u00e4vi\u00e4 erikoisakkuja, mik\u00e4 tekee lampusta k\u00e4yt\u00e4nn\u00f6llisen. Lis\u00e4ksi tavanomaisten 18650 akkujen k\u00e4ytt\u00f6 antaa sinulle mahdollisuuden k\u00e4ytt\u00e4\u00e4 aina uusimpia ja entist\u00e4 tehokkaampia 18650-akkuja, toisin kun erikoisakuilla. Lamppua voi k\u00e4ytt\u00e4\u00e4 my\u00f6s\u00a0CR123A-paristoilla\u00a0h\u00e4t\u00e4tilanteissa, mik\u00e4 takaa luotettavan toiminnan eritt\u00e4in alhaisissa l\u00e4mp\u00f6tiloissa ja tilanteissa, joissa lataaminen ei ole mahdollista.<\/p>\n\n\n\n<h3 class=\"wp-block-heading\">POWER EXTENDER &#8211; Lis\u00e4\u00e4 energiaa, lis\u00e4\u00e4 aikaa!<\/h3>\n\n\n\n<p>Suunnittelimme HM75R SUPERRAPTOR 3:iin huipputehokkaan&nbsp;<a href=\"https:\/\/www.fenixvalaisimet.fi\/varavirtalahde-hm75r-superraptor3-powerextender\">5000 mAh POWER EXTENDER -lis\u00e4virtal\u00e4hteen<\/a>, jolla voit nauttia entist\u00e4 pidemm\u00e4st\u00e4 k\u00e4ytt\u00f6ajasta! T\u00e4m\u00e4n tehokkaan lis\u00e4virtal\u00e4hteen avulla voit pident\u00e4\u00e4 SUPERRAPTORisi yht\u00e4mittaista k\u00e4ytt\u00f6aikaa jopa huikeat 447 tuntiin! (pienin valoteho).&nbsp;<a href=\"https:\/\/www.fenixvalaisimet.fi\/varavirtalahde-hm75r-superraptor3-powerextender\">POWER EXTENDER<\/a>&nbsp;voidaan k\u00e4tev\u00e4sti sijoittaa otsapantaan, taskuun tai reppuun, joka pit\u00e4\u00e4 akkusi kylmyydelt\u00e4 suojassa. Lis\u00e4ksi t\u00e4m\u00e4 monipuolinen lis\u00e4virtal\u00e4hde toimii my\u00f6s pikalatauslaitteena kaikille USB-C-ladattaville elektronisille laitteille, kuten puhelimille ja GPS-navigaattoreille.<\/p>\n\n\n\n<h3 class=\"wp-block-heading\">Product Information<\/h3>\n\n\n\n<ul class=\"wp-block-list\">\n<li>Vakiovoimakkuuspiiri s\u00e4ilytt\u00e4\u00e4 kirkkauden entist\u00e4kin pidemp\u00e4\u00e4n.<\/li>\n\n\n\n<li>1600 lumenin maksimivaloteho.<\/li>\n\n\n\n<li>218 metrin maksimikantomatka.<\/li>\n\n\n\n<li>194 tunnin maksimik\u00e4ytt\u00f6aika (pienin teho).<\/li>\n\n\n\n<li>Kohdevalo, laajavalo ja yhdistelm\u00e4valo soveltuvat erilaisiin valaisutarpeisiin eri tilanteissa.<\/li>\n\n\n\n<li>Py\u00f6r\u00f6s\u00e4\u00e4din ja elektroninen k\u00e4ytt\u00f6kytkin helppoon ja nopeaan k\u00e4ytt\u00f6\u00f6n my\u00f6s k\u00e4sineet k\u00e4dess\u00e4.<\/li>\n\n\n\n<li>Kaksi energiatilaa: a) Energians\u00e4\u00e4st\u00f6 (oletus): pident\u00e4\u00e4 k\u00e4ytt\u00f6aikoja tarjoten pidemm\u00e4n k\u00e4ytt\u00f6ajan, b) Tehotila: mahdollistaa pidemm\u00e4n valon k\u00e4yt\u00f6n korkeammalla kirkkaudella.<\/li>\n\n\n\n<li>\u00c4lyk\u00e4s automaattinen kirkkauden alentamisetoiminto ehk\u00e4isee korkeiden l\u00e4mp\u00f6tilojen syntymisen l\u00e4hivalaistuksessa.<\/li>\n\n\n\n<li>Viimeisen k\u00e4ytt\u00f6tilan muistitoiminto.<\/li>\n\n\n\n<li>USB C-lataus.<\/li>\n\n\n\n<li>Valmistettu ultrakeveyst\u00e4 magnesiumista (valaisinosa).<\/li>\n\n\n\n<li>Yhteensopiva GoPro-kiinnikkeiden kanssa (sis\u00e4lt\u00e4\u00e4 GoPro-kiinnikkeen).<\/li>\n\n\n\n<li>Sis\u00e4inen vesitiivis USB-C latausportti nopeaan ja helppoon lataamiseen.<\/li>\n\n\n\n<li>Vaihdettava Li-ion akkuparisto (sis\u00e4lt\u00e4\u00e4 korkeakapasiteettisen 3500 mAh akkupariston.), voidaan k\u00e4ytt\u00e4\u00e4 my\u00f6s kahdella CR123A paristolla.<\/li>\n\n\n\n<li>Pakkaus sis\u00e4lt\u00e4\u00e4: HM75R SUPERRAPTOR 3 -otsalamppu, Fenix ARB-L18-3500, 3500 mAh ladattava Li-ion akkuparisto, USB-tyypin C-latausjohto, otsa- ja p\u00e4\u00e4lakipanta, GoPro-kiinnike, otsapannan taustalevyn pehmusteet, vaihdettava O-rengastiiviste, k\u00e4ytt\u00f6ohje FI, SE, EN, takuukortti.<\/li>\n<\/ul>\n\n\n\n<p>Fenix-tuotemerkki takaa aina huippulaadun, HM75R SUPERRAPTOR 3 on t\u00e4ysin IP68 p\u00f6ly- ja vesitiivis. Kaikki Fenix valaisimet on testattu omassa laboratoriossa amerikkalaisen ANSI\/FL1 standardin mukaisesti. HM75R SUPERRAPTOR 3 otsavalaisimella on viiden (5) vuoden (paristo 1 vuosi) Fenix laatu takuu.<\/p>\n\n\n\n<h3 class=\"wp-block-heading\">Technical details<\/h3>\n\n\n\n<figure class=\"wp-block-table\"><table class=\"has-fixed-layout\"><tbody><tr><td>Maximum brightness (max)<\/td><td>1600 lumenia<\/td><\/tr><tr><td>Runtime (max)<\/td><td>194 h (pienin valoteho)<\/td><\/tr><tr><td>Beam distance (max)<\/td><td>218 metri\u00e4<\/td><\/tr><tr><td>Peak intensity (max)<\/td><td>11923 kandelaa<\/td><\/tr><tr><td>Impact resistance<\/td><td>2 metri\u00e4<\/td><\/tr><tr><td>Water resistance<\/td><td>IP68 (t\u00e4ysin p\u00f6ly- ja vesitiivis)<\/td><\/tr><tr><td>Operating modes<\/td><td>4 kpl + 3 kpl punavalotila<\/td><\/tr><tr><td>Kohdevalo: turbo<\/td><td>1600 lm \/ 2 h* \/ 218 m \/ 11923 cd<\/td><\/tr><tr><td>Kohdevalo: korkea<\/td><td>800 lm \/ 4 h \/ 150 m \/ 5656 cd<\/td><\/tr><tr><td>Kohdevalo: keski<\/td><td>250 lm \/ 11 h 42 min \/ 82 m \/ 1677 cd<\/td><\/tr><tr><td>Kohdevalo: matala<\/td><td>50 lm \/ 52 h \/ 38 m \/ 352 cd<\/td><\/tr><tr><td>Laajavalo: turbo<\/td><td>1600 lm \/ 2 h* \/ 94 m \/ 2207 cd<\/td><\/tr><tr><td>Laajavalo: korkea<\/td><td>800 lm \/ 4 h \/ 58 m \/ 855 cd<\/td><\/tr><tr><td>Laajavalo: keskitila<\/td><td>250 lm \/ 8 h 18 min \/ 34 m \/ 287 cd<\/td><\/tr><tr><td>Laajavalo: matala<\/td><td>5 lm \/ 194 h \/ 5 m \/ 7 cd<\/td><\/tr><tr><td>Yhdistelm\u00e4: turbo<\/td><td>1600 lm \/ 2 h* \/ 172 m \/ 7350 cd<\/td><\/tr><tr><td>Yhdistelm\u00e4: korkea<\/td><td>800 lm \/ 4 h \/ 111 m \/ 3085 cd<\/td><\/tr><tr><td>Yhdistelm\u00e4: keskitila<\/td><td>250 lm \/ 12 h 12 min \/ 52 m \/ 676 cd<\/td><\/tr><tr><td>Yhdistelm\u00e4: matala<\/td><td>50 lm \/ 50 h 24 min \/ 26 m \/ 169 cd<\/td><\/tr><tr><td>Punavalo: korkea<\/td><td>120 lm \/ 5 h 49 min \/ 24 m \/ 144 cd<\/td><\/tr><tr><td>Punavalo: keskitila<\/td><td>30 lm \/ 34 h \/ 9 m \/ 21 cd<\/td><\/tr><tr><td>Punavalo: taktinen<\/td><td>2 lm \/ 160 h \/ 4 m \/ 5 cd<\/td><\/tr><tr><td>LED type<\/td><td>1 x SST40 valkoinen LED, 2 x SST20 LED, 1 x OSRAM GR QSSPA punaled<\/td><\/tr><tr><td>Size<\/td><td>91,1 x 41 x 53,5 mm<\/td><\/tr><tr><td>Weight<\/td><td>172 ,6 g (akku sis\u00e4ltyy)<\/td><\/tr><tr><td>Power source<\/td><td>1&#215;18650\/2xCR123A<\/td><\/tr><tr><td>Charging method<\/td><td>USB-C<\/td><\/tr><tr><td>Latausaika<\/td><td>3 tuntia (0 &#8211; 100%)<\/td><\/tr><tr><td>Latausvirta<\/td><td>Max. 5V 2000 mA<\/td><\/tr><tr><td>Certifications<\/td><td>ANSI\/NEMA FL-1, ROHS, CE<\/td><\/tr><tr><td>Warranty<\/td><td>5 years<\/td><\/tr><tr><td>Package contents<\/td><td>HM75R SUPERRAPTOR 3 -otsalamppu, Fenix ARB-L18-3500, 3500 mAh ladattava Li-ion akkuparisto, USB-tyypin C-latausjohto, otsa- ja p\u00e4\u00e4lakipanta, GoPro-kiinnike, otsapannan taustalevyn pehmusteet, vaihdettava O-rengastiiviste, k\u00e4ytt\u00f6ohje FI, SE, EN, takuukortti.<\/td><\/tr><\/tbody><\/table><\/figure>\n\n\n\n<p>* The runtime of the Turbo mode is the continuous operating time at brightness levels from 100% down to 10%. Performance values are according to the ANSI\/PLATO FL1 handheld flashlight standard.<\/p>\n\n\n\n<p>Lataa k\u00e4ytt\u00f6ohje <a href=\"https:\/\/www.fenixvalaisimet.fi\/index.php?route=product\/product\/get_file&amp;file=623\/HM75R_SUPERRAPTOR3-manuaali.pdf\" data-type=\"link\" data-id=\"https:\/\/www.fenixvalaisimet.fi\/index.php?route=product\/product\/get_file&amp;file=623\/HM75R_SUPERRAPTOR3-manuaali.pdf\">t\u00e4st\u00e4<\/a>.<\/p>","protected":false},"excerpt":{"rendered":"<p>HM75R SUPERRAPTOR 3 &#8211; otsalamppu joka ylitt\u00e4\u00e4 odotukset!<\/p>","protected":false},"featured_media":11363,"comment_status":"open","ping_status":"closed","template":"","meta":{"_kadence_starter_templates_imported_post":false,"_kad_post_transparent":"","_kad_post_title":"","_kad_post_layout":"","_kad_post_sidebar_id":"","_kad_post_content_style":"","_kad_post_vertical_padding":"","_kad_post_feature":"","_kad_post_feature_position":"","_kad_post_header":false,"_kad_post_footer":false,"_kad_post_classname":""},"product_brand":[],"product_cat":[1653,16],"product_tag":[],"class_list":{"0":"post-11354","1":"product","2":"type-product","3":"status-publish","4":"has-post-thumbnail","6":"product_cat-ale10","7":"product_cat-yleinen","9":"first","10":"onbackorder","11":"sale","12":"taxable","13":"shipping-taxable","14":"purchasable","15":"product-type-variable","16":"has-default-attributes","17":"entry","18":"content-bg","19":"loop-entry"},"_links":{"self":[{"href":"https:\/\/kivenalla.fi\/en\/wp-json\/wp\/v2\/product\/11354","targetHints":{"allow":["GET"]}}],"collection":[{"href":"https:\/\/kivenalla.fi\/en\/wp-json\/wp\/v2\/product"}],"about":[{"href":"https:\/\/kivenalla.fi\/en\/wp-json\/wp\/v2\/types\/product"}],"replies":[{"embeddable":true,"href":"https:\/\/kivenalla.fi\/en\/wp-json\/wp\/v2\/comments?post=11354"}],"wp:featuredmedia":[{"embeddable":true,"href":"https:\/\/kivenalla.fi\/en\/wp-json\/wp\/v2\/media\/11363"}],"wp:attachment":[{"href":"https:\/\/kivenalla.fi\/en\/wp-json\/wp\/v2\/media?parent=11354"}],"wp:term":[{"taxonomy":"product_brand","embeddable":true,"href":"https:\/\/kivenalla.fi\/en\/wp-json\/wp\/v2\/product_brand?post=11354"},{"taxonomy":"product_cat","embeddable":true,"href":"https:\/\/kivenalla.fi\/en\/wp-json\/wp\/v2\/product_cat?post=11354"},{"taxonomy":"product_tag","embeddable":true,"href":"https:\/\/kivenalla.fi\/en\/wp-json\/wp\/v2\/product_tag?post=11354"}],"curies":[{"name":"wp","href":"https:\/\/api.w.org\/{rel}","templated":true}]}}