{"id":11372,"date":"2024-08-01T13:05:56","date_gmt":"2024-08-01T10:05:56","guid":{"rendered":"https:\/\/www.kivenalla.fi\/?post_type=product&#038;p=11372"},"modified":"2025-11-25T09:42:01","modified_gmt":"2025-11-25T07:42:01","slug":"fenix-superraptor-3-power-extender-5000-mah","status":"publish","type":"product","link":"https:\/\/kivenalla.fi\/en\/product\/fenix-superraptor-3-power-extender-5000-mah\/","title":{"rendered":"Fenix Superraptor 3 Power Extender 5000 mAh"},"content":{"rendered":"<h3 class=\"wp-block-heading\">\u00c4l\u00e4 anna virran loppua!<\/h3>\n\n\n\n<p>Fenix HM75R SUPERRAPTOR 3 POWER EXTENDER on tehokas 5000 mAh varavirtal\u00e4hde, joka on suunniteltu k\u00e4ytett\u00e4v\u00e4ksi HM75R SUPERRAPTOR 3 -otsavalaisimen kanssa. Se pident\u00e4\u00e4 otsavalaisimen k\u00e4ytt\u00f6aikaa ja mahdollistaa my\u00f6s muiden laitteiden nopean lataamisen. POWER EXTENDER latautuu t\u00e4yteen jopa 18 W teholla, joten se on aina valmiina k\u00e4ytt\u00f6\u00f6n. Mukana toimitetaan 40 cm ja 1 metrin lukittavat kaapelit, joilla voit kiinnitt\u00e4\u00e4 POWER EXTENDERin otsalampun p\u00e4\u00e4pantaan, taskuun tai reppuun.<\/p>\n\n\n\n<h3 class=\"wp-block-heading\">Helppo ja luotettava<\/h3>\n\n\n\n<p>Kun tarvitset lis\u00e4virtaa, paina POWER EXTENDER p\u00e4\u00e4lle, ja se alkaa heti siirt\u00e4m\u00e4\u00e4n virtaa laitteeseen. K\u00e4ytett\u00e4ess\u00e4 SUPERRAPTOR 3 -otsalamppua, POWER EXTENDER lataa samalla my\u00f6s otsalampun akkua. Voit milloin tahansa katkaista POWER EXTENDERin virran ja jatkaa SUPERRAPTOR 3 k\u00e4ytt\u00f6\u00e4 sen omalla juuri ladatulla akulla tai jatkaa k\u00e4ytt\u00f6\u00e4 varavirtalaitteen virralla. Voit k\u00e4ytt\u00e4\u00e4 SUPERRAPTOR 3 -otsalamppua my\u00f6s suoraan POWER EXTENDERist\u00e4, jos lampun oma akku puuttuu. Lukittavien, tiivisteill\u00e4 varustettujen kaapeleiden ansiosta SUPERRAPTOR 3 s\u00e4ilytt\u00e4\u00e4 IP68-vesitiiviyden my\u00f6s kaapeleiden kanssa k\u00e4ytettyn\u00e4. T\u00e4m\u00e4 lis\u00e4\u00e4 luotettavuutta eri s\u00e4\u00e4olosuhteissa.<\/p>\n\n\n\n<h3 class=\"wp-block-heading\">K\u00e4ytt\u00f6 kylm\u00e4ss\u00e4<\/h3>\n\n\n\n<p>Kylm\u00e4ss\u00e4 k\u00e4ytett\u00e4ess\u00e4 POWER EXTENDER ohjaa virran suoraan otsalamppuusi, jos SUPERRAPTOR 3 oma akku on liian kylm\u00e4 latautuakseen. Pienen kokonsa ansiosta voit laittaa POWER EXTENDERin taskuun tai reppuun suojaan kylm\u00e4lt\u00e4.<\/p>\n\n\n\n<h3 class=\"wp-block-heading\">Nopea lataus<\/h3>\n\n\n\n<p>POWER EXTENDER voidaan ladata nopeasti t\u00e4yteen jopa 18 W teholla, kun taas normaalisti otsalamput latautuvat tyypillisesti muutamien wattien teholla. T\u00e4m\u00e4 mahdollistaa eritt\u00e4in lyhyet latausajat.<\/p>\n\n\n\n<h3 class=\"wp-block-heading\">K\u00e4tev\u00e4 pienivirtatunnistus<\/h3>\n\n\n\n<p>Pienivirtatunnistustoiminto seuraa purkausvirtaa ja pienent\u00e4\u00e4 sit\u00e4 automaattisesti, kun virta on alhainen, v\u00e4hent\u00e4en tarpeetonta virrankulutusta. T\u00e4m\u00e4 toiminto on suunniteltu erityisesti matalaa virtaa vaativiin laitteisiin, kuten aktiivisuusrannekkeisiin. Pienivirtatunnistustoiminto kytket\u00e4\u00e4n p\u00e4\u00e4lle painamalla POWER EXTENDERin kytkint\u00e4 3 sekunnin ajan, jolloin varaustason ilmaisin vilkkuu punaisena kolme kertaa.<\/p>\n\n\n\n<h3 class=\"wp-block-heading\">Optimoitua tehoa<\/h3>\n\n\n\n<p>SUPERRAPTOR 3 -otsalampun maksimiteho on 1200 lumenia, kun sit\u00e4 k\u00e4ytet\u00e4\u00e4n POWER EXTENDERist\u00e4. T\u00e4m\u00e4 auttaa maksimoimaan k\u00e4ytt\u00f6ajan ja jatkamaan seikkailua pidemp\u00e4\u00e4n my\u00f6s h\u00e4m\u00e4r\u00e4ss\u00e4 ja talvella. \u00c4l\u00e4 anna virran loppua \u2013 l\u00e4hde seikkailuun HM75R SUPERRAPTOR 3 POWER EXTENDERin kanssa!<\/p>\n\n\n\n<h3 class=\"wp-block-heading\">Product Information<\/h3>\n\n\n\n<ul class=\"wp-block-list\">\n<li>Suuri 5000 mAh kapasiteetti.<\/li>\n\n\n\n<li>Sis\u00e4lt\u00e4\u00e4 Fenix ARB-L21-5000 V2.0, 5000 mAh -akun.<\/li>\n\n\n\n<li>Tukee pikalatausstandardeja PD3.0\/PD2.0, QC3.0\/QC2.0, FCP, SFCP ja PE2.0\/PE1.1.<\/li>\n\n\n\n<li>Pikalukitusj\u00e4rjestelm\u00e4 erilaisille kiinnitystavoille.<\/li>\n\n\n\n<li>EU-latausstandardin mukainen vesitiivis USB-C-latausportti.<\/li>\n\n\n\n<li>IP68-luokiteltu suojaus ja 2 metrin iskunkest\u00e4vyys.<\/li>\n\n\n\n<li>Maksimi sy\u00f6tt\u00f6j\u00e4nnite: 5V\/9V\/12V<\/li>\n\n\n\n<li>Maksimi l\u00e4ht\u00f6j\u00e4nnite: 5V\/9V\/12V<\/li>\n\n\n\n<li>Nimellisj\u00e4nnite: 3,6 V.<\/li>\n\n\n\n<li>K\u00e4ytt\u00f6j\u00e4nnitealue: 3,2V-4,2V<\/li>\n\n\n\n<li>Koko: 107,7 \u00d7 28 \u00d7 28 mm.<\/li>\n\n\n\n<li>Paino: 134 g (sis\u00e4lt\u00e4en akun).<\/li>\n\n\n\n<li>Pakkaus sis\u00e4lt\u00e4\u00e4: Fenix HM75R SUPERRAPTOR 3 POWER EXTENDER -varavirtal\u00e4hde, ARB-L21-5000 V2.0 Li-ion ladattava akkuparisto, USB-C &#8211; USB-C -kaapeli 40 cm, USB-C &#8211; USB-C -kaapeli 100 cm , 2 x kaapelikiinnike, vaihdettava O-rengastiiviste, k\u00e4ytt\u00f6ohje, takuukortti.<\/li>\n<\/ul>\n\n\n\n<p>Lue k\u00e4ytt\u00f6ohje <a href=\"https:\/\/www.fenixvalaisimet.fi\/index.php?route=product\/product\/get_file&amp;file=624\/HM75R_SUPERRAPTOR3-Power-Extender-manuaali.pdf\">t\u00e4st\u00e4<\/a>.<\/p>","protected":false},"excerpt":{"rendered":"<p>\u00c4l\u00e4 anna virran loppua!<\/p>","protected":false},"featured_media":11377,"comment_status":"open","ping_status":"closed","template":"","meta":{"_kadence_starter_templates_imported_post":false,"_kad_post_transparent":"","_kad_post_title":"","_kad_post_layout":"","_kad_post_sidebar_id":"","_kad_post_content_style":"","_kad_post_vertical_padding":"","_kad_post_feature":"","_kad_post_feature_position":"","_kad_post_header":false,"_kad_post_footer":false,"_kad_post_classname":""},"product_brand":[],"product_cat":[1654,1564,1585,16],"product_tag":[1618],"class_list":{"0":"post-11372","1":"product","2":"type-product","3":"status-publish","4":"has-post-thumbnail","6":"product_cat-ale20","7":"product_cat-fenix","8":"product_cat-uudet-tuotteet","9":"product_cat-yleinen","10":"product_tag-superraptor-3","12":"first","13":"instock","14":"taxable","15":"shipping-taxable","16":"purchasable","17":"product-type-simple","18":"entry","19":"content-bg","20":"loop-entry"},"_links":{"self":[{"href":"https:\/\/kivenalla.fi\/en\/wp-json\/wp\/v2\/product\/11372","targetHints":{"allow":["GET"]}}],"collection":[{"href":"https:\/\/kivenalla.fi\/en\/wp-json\/wp\/v2\/product"}],"about":[{"href":"https:\/\/kivenalla.fi\/en\/wp-json\/wp\/v2\/types\/product"}],"replies":[{"embeddable":true,"href":"https:\/\/kivenalla.fi\/en\/wp-json\/wp\/v2\/comments?post=11372"}],"wp:featuredmedia":[{"embeddable":true,"href":"https:\/\/kivenalla.fi\/en\/wp-json\/wp\/v2\/media\/11377"}],"wp:attachment":[{"href":"https:\/\/kivenalla.fi\/en\/wp-json\/wp\/v2\/media?parent=11372"}],"wp:term":[{"taxonomy":"product_brand","embeddable":true,"href":"https:\/\/kivenalla.fi\/en\/wp-json\/wp\/v2\/product_brand?post=11372"},{"taxonomy":"product_cat","embeddable":true,"href":"https:\/\/kivenalla.fi\/en\/wp-json\/wp\/v2\/product_cat?post=11372"},{"taxonomy":"product_tag","embeddable":true,"href":"https:\/\/kivenalla.fi\/en\/wp-json\/wp\/v2\/product_tag?post=11372"}],"curies":[{"name":"wp","href":"https:\/\/api.w.org\/{rel}","templated":true}]}}