{"id":11380,"date":"2024-08-01T13:14:16","date_gmt":"2024-08-01T10:14:16","guid":{"rendered":"https:\/\/www.kivenalla.fi\/?post_type=product&#038;p=11380"},"modified":"2024-08-06T12:35:21","modified_gmt":"2024-08-06T09:35:21","slug":"fenix-lr60r-21000-mah","status":"publish","type":"product","link":"https:\/\/kivenalla.fi\/en\/product\/fenix-lr60r-21000-mah\/","title":{"rendered":"Fenix LR60R, 21000 mAh"},"content":{"rendered":"<p>Fenix LR60R on edistyksellinen etsint\u00e4taskulamppu, suunniteltu tarjoamaan huippusuorituskyky\u00e4 ja monipuolisia ominaisuuksia. Helppok\u00e4ytt\u00f6isen rotaatiokytkimen avulla voit valita k\u00e4tev\u00e4sti 10:st\u00e4 valotilasta sopivimman. Lampussa on kolme p\u00e4\u00e4valotilaa: l\u00e4hivalo laajojen alueiden valaisuun, kohdevalo pitk\u00e4ll\u00e4 olevien kohteiden valaisuun sek\u00e4 yhdistelm\u00e4valo joka yhdist\u00e4\u00e4 l\u00e4hi-ja kohdevalon tuottaen uskomattoman 21000 lumenin valovoiman joka valaisee kaiken edess\u00e4\u00e4n. Lampun informatiivinen OLED-n\u00e4ytt\u00f6 pit\u00e4\u00e4 sinut ajan tasalla valitsemastasi tilasta ja j\u00e4ljell\u00e4 olevasta k\u00e4ytt\u00f6ajasta. Fenix LR60R on t\u00e4ydellinen valinta etsint\u00e4- ja hakuteht\u00e4viin, olipa kyseess\u00e4 sitten viranomaistoiminta tai vaativa harrastusk\u00e4ytt\u00f6.<\/p>\n\n\n\n<figure class=\"wp-block-embed is-type-video is-provider-youtube wp-block-embed-youtube wp-embed-aspect-16-9 wp-has-aspect-ratio\"><div class=\"wp-block-embed__wrapper\">\n<iframe loading=\"lazy\" title=\"Fenix LR60R hakuvalo, 21000 lm\" width=\"720\" height=\"405\" src=\"https:\/\/www.youtube.com\/embed\/7qIIuYUOux4?feature=oembed\" frameborder=\"0\" allow=\"accelerometer; autoplay; clipboard-write; encrypted-media; gyroscope; picture-in-picture; web-share\" referrerpolicy=\"strict-origin-when-cross-origin\" allowfullscreen><\/iframe>\n<\/div><\/figure>\n\n\n\n<h3 class=\"wp-block-heading\">Vakuuttavaa valotehoa ja suorituskyky\u00e4<\/h3>\n\n\n\n<p>Fenix LR60R tuottaa eritt\u00e4in tehokkaan yhteisvalotehon, maksimissaan 21000 lumenia. T\u00e4m\u00e4 valoteho valaisee samanaikaisesti eritt\u00e4in laajasti koko l\u00e4hialueen ja tarkasti aina 1085 metriin asti. Kohdevalossa k\u00e4ytet\u00e4\u00e4n eritt\u00e4in tehokkaasti valoa suuntaavaa Luminus SFT70 -luokan LEDi\u00e4. L\u00e4hivalo muodostetaan kahdestatoista Luminus SST40 -luokan LEDist\u00e4, jotka yhdess\u00e4 tuottavat eritt\u00e4in laajan ja tehokkaan koko l\u00e4hialueen valaisevan valokuvion.<\/p>\n\n\n\n<p>Fenix LR60R tukee jopa 45 W:n lataustehoa, jolla voit ladata lampun tyhj\u00e4st\u00e4 t\u00e4yteen jopa 1,5 tunnissa (45 W:n latausadapteri on hankittava erikseen). LR60R-valaisimessa kaikki k\u00e4ytt\u00f6tilat voi valita nopeasti ja helposti sen mekaanisesta kiertokytkimest\u00e4. K\u00e4ytt\u00f6- ja tehotilat valitaan kiert\u00e4m\u00e4ll\u00e4 kytkimest\u00e4 oikealle tai vasemmalle, ja k\u00e4ytt\u00f6 on erityisen helppoa my\u00f6s k\u00e4sineet k\u00e4dess\u00e4. Valaisimessa on OLED-\u00e4lyn\u00e4ytt\u00f6, josta n\u00e4et j\u00e4ljell\u00e4 olevan akun varauksen, k\u00e4ytetyn kirkkaustilan ja j\u00e4ljell\u00e4 olevan k\u00e4ytt\u00f6ajan tunneissa ja minuuteissa.<\/p>\n\n\n\n<h3 class=\"wp-block-heading\">Monipuolinen k\u00e4yt\u00f6ss\u00e4<\/h3>\n\n\n\n<p>Tukeva kantokahva on miellytt\u00e4v\u00e4 k\u00e4ytt\u00e4\u00e4, koska se ei l\u00e4mpene, vaikka valaisin toimii turbo-tehotilassa. Lampussa on kolmijalan kiinnitysmahdollisuus. Lis\u00e4ksi lampun mukana toimitetaan olkahihna, joten sen kantaminen on miellytt\u00e4v\u00e4\u00e4 useita tunteja kest\u00e4v\u00e4n haku- tai etsint\u00e4teht\u00e4v\u00e4n aikana. Voit my\u00f6s hy\u00f6dynt\u00e4\u00e4 lampun k\u00e4tev\u00e4\u00e4 lataustoimintoa muiden laitteidesi lataamiseen (USB-A).<\/p>\n\n\n\n<h3 class=\"wp-block-heading\">Turvallinen k\u00e4ytt\u00e4\u00e4<\/h3>\n\n\n\n<p>Valaisimessa on ainutlaatuinen sensorointi, joka parantaa k\u00e4ytt\u00f6turvallisuutta. Jos valaisimella osoitetaan kohteeseen l\u00e4hiet\u00e4isyydelt\u00e4 (6 cm), valotehoa lasketaan automaattisesti. Valaisin palautuu vastaavasti aiempaan tehotilaan, kun estett\u00e4 ei en\u00e4\u00e4 ole l\u00e4hell\u00e4 valaisinta.<\/p>\n\n\n\n<h3 class=\"wp-block-heading\">Product Information<\/h3>\n\n\n\n<ul class=\"wp-block-list\">\n<li>Edistyksellinen turvasensorointi joka laskee valoteho mik\u00e4li valaisin vied\u00e4\u00e4n l\u00e4helle kohdetta (6 cm et\u00e4isyys).<\/li>\n\n\n\n<li>Yksi Luminus SFT70 LED ja kaksitoista Luminus SST40 LEDi\u00e4.<\/li>\n\n\n\n<li>OLED n\u00e4ytt\u00f6yksikk\u00f6 (k\u00e4ytt\u00f6aika, teho (lm), akun varaustason ilmaisin).<\/li>\n\n\n\n<li>Kolme p\u00e4\u00e4valotilaa: kohdevalo: 3000 lm, laaja aluevalo: 15000 lm ja yhdistem\u00e4valotila: 21000 lm.\u00a0<\/li>\n\n\n\n<li>Max. valovoima 21000 lumenia (yhdistelm\u00e4valotila).<\/li>\n\n\n\n<li>Pikalataus: lataus verkkovirrasta max 45 W, lataus USB-C portista (hankitaan erikseen).<\/li>\n\n\n\n<li>Turvasensori joka laskee lampun tehoa mik\u00e4li lampun edess\u00e4 havaitaan objekti (6 cm et\u00e4isyydell\u00e4).<\/li>\n\n\n\n<li>Suurikapasiteettinen vaihdettava 4 x 4000 mAh 14.4 V Li-Ion akku.<\/li>\n\n\n\n<li>Latauksen ja j\u00e4ljell\u00e4olevan paristovirran LED-merkkivalot.<\/li>\n\n\n\n<li>Varavirtatoiminto mahdollistaa muiden USB-ladattavien laitteiden lataamisen esim. matkapuhelin.<\/li>\n\n\n\n<li>Pakkaus sis\u00e4lt\u00e4\u00e4: Fenix LR60R hakulamppu, ARB-L56-4000 mAh 14.4 V Li-ion akkupaketti, USB C -latauskaapeli, rannehihna, olkahihna, metallinen ripustuslenkki, vaihdettava O-rengastiiviste, k\u00e4ytt\u00f6ohje.<\/li>\n<\/ul>\n\n\n\n<p>Fenix-tuotemerkki takaa aina huippulaadun, LR60R on IP68-tiiviysluokituksen mukaisesti p\u00f6ly- ja vesitiivis. Kaikki Fenix valaisimet on testattu omassa laboratoriossa amerikkalaisen ANSI\/FL1 standardin mukaisesti. LR60R valaisimella on viiden (5) vuoden (paristo 1 vuosi) Fenix laatutakuu.<\/p>\n\n\n\n<h3 class=\"wp-block-heading\">Usein kysytyt kysymykset<\/h3>\n\n\n\n<h4 class=\"wp-block-heading\">Mik\u00e4 on LR60R:n k\u00e4ytt\u00f6j\u00e4nnite<\/h4>\n\n\n\n<p>V: K\u00e4ytt\u00f6j\u00e4nnite on 14,4 V.<\/p>\n\n\n\n<h4 class=\"wp-block-heading\">Mik\u00e4 on LR60R:n v\u00e4ril\u00e4mp\u00f6tila<\/h4>\n\n\n\n<p>V: Noin 6000K.<\/p>\n\n\n\n<h4 class=\"wp-block-heading\">Onko LR60R ladattava ja mik\u00e4 sen latausaika on?<\/h4>\n\n\n\n<p>V: Kyll\u00e4 on. Fenix LR60R:ss\u00e4 on USB Type-C -pikalatausportti. Latauksen aikana OLED-n\u00e4ytt\u00f6 syttyy automaattisesti n\u00e4ytt\u00e4\u00e4kseen akkutason ja lataustilan. Normaali latausaika on noin 1,5 tuntia tyhj\u00e4st\u00e4 t\u00e4yteen 45 W:n tai korkeatehoisen laturin kanssa.<\/p>\n\n\n\n<h4 class=\"wp-block-heading\">Millainen akku sopii LR60R:\u00e4\u00e4n? Onko akkupaketti vaihdettavissa?<\/h4>\n\n\n\n<p>V: LR60R toimii vaihdettavalla akkupaketilla, joka koostuu 4 x 4000mAh akusta. T\u00e4m\u00e4ntyyppinen akku on Fenixin valmistama ja yhteensopiva vain Fenix LR60R:n kanssa. Kun asennettuja akkuja on v\u00e4hemm\u00e4n kuin nelj\u00e4 tai akut on asennettu v\u00e4\u00e4rin p\u00e4in, OLED-n\u00e4ytt\u00f6 n\u00e4ytt\u00e4\u00e4 vilkkuvan akkupakkauksen kuvan, ilmoittaen k\u00e4ytt\u00e4j\u00e4lle tarkistaa akkupakkaus. Muita litiumioniakkuja ei suositella, koska sopimaton akku voi aiheuttaa taskulampun toimintah\u00e4iri\u00f6it\u00e4.<\/p>\n\n\n\n<h4 class=\"wp-block-heading\">Miten \u00e4lyk\u00e4s kirkkauden alentamisen anturi kytket\u00e4\u00e4n p\u00e4\u00e4ll\u00e4\/pois p\u00e4\u00e4lt\u00e4?<\/h4>\n\n\n\n<p>V: Valon ollessa sammutettuna, k\u00e4\u00e4nn\u00e4 mekaanista rotaatiokytkint\u00e4 Off\u2192Eko\u2192Off kolme kertaa 3 sekunnin sis\u00e4ll\u00e4. OLED-n\u00e4ytt\u00f6 n\u00e4ytt\u00e4\u00e4 &#8221;ON&#8221;, ja valo vilkkuu kahdesti Eko-tilassa, osoittaen, ett\u00e4 anturin toiminto on k\u00e4yt\u00f6ss\u00e4.<\/p>\n\n\n\n<p>Valon ollessa sammutettuna, k\u00e4\u00e4nn\u00e4 mekaanista rotaatiokytkint\u00e4 Off\u2192Eko\u2192Off kolme kertaa 3 sekunnin sis\u00e4ll\u00e4. OLED-n\u00e4ytt\u00f6 n\u00e4ytt\u00e4\u00e4 &#8221;OFF&#8221;, ja valo vilkkuu kahdeksan kertaa Eko-tilassa, osoittaen, ett\u00e4 anturin toiminto on poistettu k\u00e4yt\u00f6st\u00e4.<\/p>\n\n\n\n<h4 class=\"wp-block-heading\">Miksi LR60R siirtyy alemmalle tilalle k\u00e4yt\u00f6n j\u00e4lkeen, eik\u00e4 korkeampaa tilaa voi valita?<\/h4>\n\n\n\n<p>V: On kaksi syyt\u00e4:<\/p>\n\n\n\n<p>\u00c4lyk\u00e4s ylikuumenemissuoja<\/p>\n\n\n\n<p>Taskulamppu ker\u00e4\u00e4 paljon l\u00e4mp\u00f6\u00e4, kun sit\u00e4 k\u00e4ytet\u00e4\u00e4n pitki\u00e4 aikoja suurilla tehontasoilla. Kun valo saavuttaa 60\u00b0C tai enemm\u00e4n, valo alentaa automaattisesti tehoa l\u00e4mp\u00f6tilan v\u00e4hent\u00e4miseksi.<\/p>\n\n\n\n<p>Alhaisen j\u00e4nnitteen varoitus<\/p>\n\n\n\n<p>Kun j\u00e4nnitetaso laskee alle ennalta m\u00e4\u00e4r\u00e4tyn tason, taskulamppu on ohjelmoitu siirtym\u00e4\u00e4n alemmalle kirkkaustasolle, kunnes Eko-tehotila on saavutettu.<\/p>\n\n\n\n<h3 class=\"wp-block-heading\">Technical details<\/h3>\n\n\n\n<figure class=\"wp-block-table\"><table class=\"has-fixed-layout\"><tbody><tr><td>Maximum brightness (max)<\/td><td>21000 lumenia<\/td><\/tr><tr><td>Runtime (max)<\/td><td>113 h (50 lm)<\/td><\/tr><tr><td>Beam distance (max)<\/td><td>1085 metri\u00e4<\/td><\/tr><tr><td>Peak intensity (max)<\/td><td>294267 kandelaa<\/td><\/tr><tr><td>Impact resistance<\/td><td>1 m<\/td><\/tr><tr><td>Water resistance<\/td><td>IP68 (t\u00e4ysin p\u00f6ly- ja vesitiivis)<\/td><\/tr><tr><td>Operating modes<\/td><td>10 kpl<\/td><\/tr><tr><td>Kohde- ja l\u00e4hivalo: turbo<\/td><td>21000 lm \/ 1 h 50 min \/ 1085 m \/ 294267 cd<\/td><\/tr><tr><td>Kohdevalo: korkea<\/td><td>3000 lm \/ 3 h 45 min \/ 1000 m \/ 249717 cd<\/td><\/tr><tr><td>Kohdevalo: keski<\/td><td>1000 lm \/ 10 h 40 min \/ 607 m \/ 92184 cd<\/td><\/tr><tr><td>Kohdevalo: matala<\/td><td>300 lm \/ 24 h 20min \/ 330 m \/ 27123 cd<\/td><\/tr><tr><td>Kohdevalo: eko<\/td><td>50 lm \/ 113 h \/ 132 m \/ 4371 cd<\/td><\/tr><tr><td>L\u00e4hivalo: turbo<\/td><td>15000 lm \/ 2 h 10 min \/ 352 m \/ 30896 cd<\/td><\/tr><tr><td>L\u00e4hivalo: korkea<\/td><td>6000 lm \/ 3 h \/ 218 m \/ 11839 cd<\/td><\/tr><tr><td>L\u00e4hivalo: keski<\/td><td>2000 lm \/ 5 h 25 min \/ 126 m \/ 3949 cd<\/td><\/tr><tr><td>Strobo<\/td><td>9000 lm<\/td><\/tr><tr><td>SOS-signaali<\/td><td>300 lm<\/td><\/tr><tr><td>LED type<\/td><td>1 x Luminus SFT70 LED, 12 x Luminus SST40 LED<\/td><\/tr><tr><td>Size<\/td><td>208 \u00d7 91 \u00d7 62,5 mm<\/td><\/tr><tr><td>Weight<\/td><td>1500 g (akku sis\u00e4ltyy)<\/td><\/tr><tr><td>Power source<\/td><td>ARB-L56-4000 mAh 14.4 V Li-ion akkupaketti (vaihdettava)<\/td><\/tr><tr><td>Charging method<\/td><td>USB-C<\/td><\/tr><tr><td>Certifications<\/td><td>ANSI\/NEMA FL-1, ROHS, CE<\/td><\/tr><tr><td>Warranty<\/td><td>5 years<\/td><\/tr><tr><td>Package contents<\/td><td>Fenix LR60R hakulamppu, ARB-L56-4000 mAh 14.4 V Li-ion akkupaketti, USB C -latauskaapeli, rannehihna, olkahihna, metallinen ripustuslenkki, vaihdettava O-rengastiiviste, k\u00e4ytt\u00f6ohje.<\/td><\/tr><\/tbody><\/table><\/figure>\n\n\n\n<p>* The runtime of the Turbo mode is the continuous operating time at brightness levels from 100% down to 10%. Performance values are according to the ANSI\/PLATO FL1 handheld flashlight standard.<\/p>","protected":false},"excerpt":{"rendered":"<p>Eritt\u00e4in tehokas haku- ja etsint\u00e4valo<\/p>","protected":false},"featured_media":11386,"comment_status":"open","ping_status":"closed","template":"","meta":{"_kadence_starter_templates_imported_post":false,"_kad_post_transparent":"","_kad_post_title":"","_kad_post_layout":"","_kad_post_sidebar_id":"","_kad_post_content_style":"","_kad_post_vertical_padding":"","_kad_post_feature":"","_kad_post_feature_position":"","_kad_post_header":false,"_kad_post_footer":false,"_kad_post_classname":""},"product_brand":[],"product_cat":[1564,1585,16],"product_tag":[32,572,1619],"class_list":{"0":"post-11380","1":"product","2":"type-product","3":"status-publish","4":"has-post-thumbnail","6":"product_cat-fenix","7":"product_cat-uudet-tuotteet","8":"product_cat-yleinen","9":"product_tag-fenix","10":"product_tag-hakuvalo","11":"product_tag-lr60r","13":"first","14":"onbackorder","15":"taxable","16":"shipping-taxable","17":"purchasable","18":"product-type-simple","19":"entry","20":"content-bg","21":"loop-entry"},"_links":{"self":[{"href":"https:\/\/kivenalla.fi\/en\/wp-json\/wp\/v2\/product\/11380","targetHints":{"allow":["GET"]}}],"collection":[{"href":"https:\/\/kivenalla.fi\/en\/wp-json\/wp\/v2\/product"}],"about":[{"href":"https:\/\/kivenalla.fi\/en\/wp-json\/wp\/v2\/types\/product"}],"replies":[{"embeddable":true,"href":"https:\/\/kivenalla.fi\/en\/wp-json\/wp\/v2\/comments?post=11380"}],"wp:featuredmedia":[{"embeddable":true,"href":"https:\/\/kivenalla.fi\/en\/wp-json\/wp\/v2\/media\/11386"}],"wp:attachment":[{"href":"https:\/\/kivenalla.fi\/en\/wp-json\/wp\/v2\/media?parent=11380"}],"wp:term":[{"taxonomy":"product_brand","embeddable":true,"href":"https:\/\/kivenalla.fi\/en\/wp-json\/wp\/v2\/product_brand?post=11380"},{"taxonomy":"product_cat","embeddable":true,"href":"https:\/\/kivenalla.fi\/en\/wp-json\/wp\/v2\/product_cat?post=11380"},{"taxonomy":"product_tag","embeddable":true,"href":"https:\/\/kivenalla.fi\/en\/wp-json\/wp\/v2\/product_tag?post=11380"}],"curies":[{"name":"wp","href":"https:\/\/api.w.org\/{rel}","templated":true}]}}