{"id":11737,"date":"2024-08-30T08:24:11","date_gmt":"2024-08-30T05:24:11","guid":{"rendered":"https:\/\/www.kivenalla.fi\/?post_type=product&#038;p=11737"},"modified":"2025-11-25T09:41:40","modified_gmt":"2025-11-25T07:41:40","slug":"fenix-tk05r","status":"publish","type":"product","link":"https:\/\/kivenalla.fi\/en\/product\/fenix-tk05r\/","title":{"rendered":"Fenix TK05R"},"content":{"rendered":"<h3 class=\"wp-block-heading\">TK05R &#8211; vertaansa vailla oleva valovoima<\/h3>\n\n\n\n<p>Fenix TK05R on huippuluokan taktinen taskulamppu, joka tarjoaa 1000 lumenin valotehon ja kantaman l\u00e4hes 500 metriin kompaktissa koossa. Sen 5,3\u00b0 valokeila tuottaa huikean max. 50 600 kandelaa, joten se l\u00e4p\u00e4isee tehokkaasti my\u00f6s haastavat kohteet kuten tummennetut lasit ja valaisee kaukaiset kohteet. Lamppu sis\u00e4lt\u00e4\u00e4 USB Type-C -latausportin, akun varaustason ilmaisimen ja on IP68-suojattu p\u00f6ly\u00e4 ja vett\u00e4 vastaan. TK05R sopii virkateht\u00e4viin, vartiointiin, etsint\u00f6ihin, taktisiin operaatioihin ja h\u00e4t\u00e4tilanteisiin, ja se toimii erinomaisena varavalona viranomaisille.<\/p>\n\n\n\n<h3 class=\"wp-block-heading\">Kompakti ja n\u00e4pp\u00e4r\u00e4 koko<\/h3>\n\n\n\n<p>Fenix TK05R on yksi pienimmist\u00e4 taktista taskulampuistamme: sen pituus on vain 11,5 cm ja paino vain 124 grammaa, joten se on eritt\u00e4in k\u00e4tev\u00e4 p\u00e4ivitt\u00e4iseen k\u00e4ytt\u00f6\u00f6n. Lampun kahden p\u00e4\u00e4tyyn sijoitetun k\u00e4ytt\u00f6kytkimen avulla k\u00e4ytt\u00f6 on vaivatonta ja nopeaa. Taktisesta kytkimest\u00e4 (isompi kytkin) voit valita hetkellisen momentary-on-tilan painamalla kytkint\u00e4 puoleenv\u00e4liin. T\u00e4ysin pohjaan painaminen kytkee jatkuvan k\u00e4ytt\u00f6tilan. Toimintokytkimest\u00e4 saat valittua v\u00e4litt\u00f6m\u00e4sti h\u00e4ik\u00e4isev\u00e4n strobo-vilkkutilan, kun taskulamppu on pois p\u00e4\u00e4lt\u00e4, tai kun lamppu on p\u00e4\u00e4ll\u00e4, voit s\u00e4\u00e4t\u00e4\u00e4 kirkkautta (matala &#8211; keskitila &#8211; korkea). Pid\u00e4 kytkint\u00e4 0,5 sekuntia painettuna siirty\u00e4ksesi strobo-tilaan tarvittaessa.<\/p>\n\n\n\n<p>TK05R latautuu toimintakuntoon nopeasti sen integroidusta USB-C-latausliittimest\u00e4. Vaihdettava Li-ion 1100 mAh akkuparisto tarjoaa pitk\u00e4n keskeytym\u00e4tt\u00f6n max. 14,5 tunnin toiminta-ajan (matala 30 lm kirkkaustila).<\/p>\n\n\n\n<h3 class=\"wp-block-heading\">Kehittynyt APF-pulssisignaalitekniikka<\/h3>\n\n\n\n<p>Fenix TK05R hy\u00f6dynt\u00e4\u00e4 edistynytt\u00e4 pulssisignaalitekniikkaa. T\u00e4m\u00e4 teknologia on mahdollistanut valaisimen kompaktin koon s\u00e4ilytt\u00e4misen samalla kun sen valoteho on kasvanut. Lis\u00e4ksi APF-pulssisignaalitekniikka parantaa lampun kyky\u00e4 torjua ulkoisia h\u00e4iri\u00f6it\u00e4, kuten voimakkaita magneettikentti\u00e4 ja muita h\u00e4iri\u00f6tekij\u00f6it\u00e4.<\/p>\n\n\n\n<h3 class=\"wp-block-heading\">Product Information<\/h3>\n\n\n\n<ul class=\"wp-block-list\">\n<li>Maksimivaloteho 1000 lumenia, kantama 450 m.<\/li>\n\n\n\n<li>Kompakti koko: pituus 11,5 cm ja paino 124 g (sis\u00e4lt\u00e4\u00e4 akun).<\/li>\n\n\n\n<li>Tehokas 5,3 asteen valokeila, joka pystyy l\u00e4p\u00e4isem\u00e4\u00e4n my\u00f6s tummennettuja laseja.<\/li>\n\n\n\n<li>Sis\u00e4inen vedenpit\u00e4v\u00e4 USB Type-C -latausportti.<\/li>\n\n\n\n<li>V\u00e4lit\u00f6n strobo-toiminto.<\/li>\n\n\n\n<li>Kaksoispainike takaosassa nopeaan ja yhden k\u00e4den k\u00e4ytt\u00f6\u00f6n.<\/li>\n\n\n\n<li>\u00c4lyk\u00e4s kirkkauden s\u00e4\u00e4t\u00f6 est\u00e4\u00e4 lampun ylikuumenemisen.<\/li>\n\n\n\n<li>Muistaa automaattisesti viimeksi valitun kirkkaustason, lukuun ottamatta strobo-tilaa.<\/li>\n\n\n\n<li>Innovatiivinen APF-pulssisignaaliteknologia.<\/li>\n\n\n\n<li>LED-ilmaisin alhaiselle paristoj\u00e4nnitteelle.<\/li>\n\n\n\n<li>V\u00e4ri: mattamusta<\/li>\n\n\n\n<li>Pakkaus sis\u00e4lt\u00e4\u00e4: Fenix TK05R taktinen k\u00e4sivalaisin, Fenix ARB-L18-1100 Li-ion ladattava akku, USB tyypin C-latausjohto, vy\u00f6kotelo, rannehihna, vaihdettava O-rengastiiviste, k\u00e4ytt\u00f6ohje.<\/li>\n<\/ul>\n\n\n\n<p>Fenix-tuotemerkki takaa aina huippulaadun. Fenix TK05R taktinen k\u00e4sivalaisin on t\u00e4ysin IP68 p\u00f6ly- ja vesitiivis. Kaikki Fenix valaisimet on testattu omassa laboratoriossa amerikkalaisen ANSI\/FL1 standardin mukaisesti. TK05R-k\u00e4sivalaisimella on viiden (5) vuoden Fenix laatutakuu.<\/p>\n\n\n\n<h3 class=\"wp-block-heading\">Pikak\u00e4ytt\u00f6ohje<\/h3>\n\n\n\n<p><strong>On\/off<\/strong><\/p>\n\n\n\n<p>Napauta taktista kytkint\u00e4 sytytt\u00e4\u00e4ksesi valon hetkellisesti, ja kun vapautat kytkimen, valo sammuu. Paina taktinen kytkin kokonaan pohjaan sytytt\u00e4\u00e4ksesi tai sammuttaaksesi valon pysyv\u00e4sti.<\/p>\n\n\n\n<p><strong>Valotehon valinta<\/strong><\/p>\n\n\n\n<p>Kun valo on p\u00e4\u00e4ll\u00e4, paina toimintokytkint\u00e4 kerran siirty\u00e4ksesi eri tilojen v\u00e4lill\u00e4: Matala \u2192 Keskitaso \u2192 Korkea.<\/p>\n\n\n\n<p><strong>Strobo<\/strong><\/p>\n\n\n\n<p>Kun valo on sammutettuna, paina toimintokytkint\u00e4 aktivoidaksesi strobon. Kun vapautat kytkimen, valo sammuu.<\/p>\n\n\n\n<p>Kun valo on p\u00e4\u00e4ll\u00e4, pid\u00e4 toimintokytkint\u00e4 painettuna 0,5 sekuntia siirty\u00e4ksesi strobo-tilaan. Paina toimintokytkint\u00e4 uudelleen palataksesi edelliseen valotehoon tai paina taktinen kytkin kokonaan pohjaan sammuttaaksesi taskulampun.<\/p>\n\n\n\n<h3 class=\"wp-block-heading\">Usein kysytyt kysymykset<\/h3>\n\n\n\n<h4 class=\"wp-block-heading\">1. Mik\u00e4 on TK05R k\u00e4ytt\u00f6j\u00e4nnite?<\/h4>\n\n\n\n<p>V: K\u00e4ytt\u00f6j\u00e4nnite on 3,0 V\u20134,2 V. Rajoitettu k\u00e4ytt\u00f6j\u00e4nnitealue: 3,0 V\u20135,5 V.<\/p>\n\n\n\n<h4 class=\"wp-block-heading\">2. Mit\u00e4 tarkoittaa taskulampun 5,3 asteen valokeilan kulma?<\/h4>\n\n\n\n<p>V: Taskulampun keskivalokeilan kulma kuvaa lampun kyky\u00e4 ker\u00e4t\u00e4 valoa. Mit\u00e4 pienempi keskivalokeilan kulma, sit\u00e4 enemm\u00e4n lamppu ker\u00e4\u00e4 valoa, mik\u00e4 tarkoittaa, ett\u00e4 samalla kirkkaudella lampun kantama on pidempi.<\/p>\n\n\n\n<h4 class=\"wp-block-heading\">3. Mink\u00e4laista akkua voidaan k\u00e4ytt\u00e4\u00e4 TK05R:ss\u00e4<\/h4>\n\n\n\n<p>V: On suositeltavaa k\u00e4ytt\u00e4\u00e4 Fenixin 18650 Li-ion -akkua. Muita Li-ion -akkuja ei suositella, koska sopimaton akku saattaa est\u00e4\u00e4 taskulampun normaalin toiminnan.<\/p>\n\n\n\n<h4 class=\"wp-block-heading\">4. Miten estet\u00e4\u00e4n lampun vahingossa aktivoituminen?<\/h4>\n\n\n\n<p>V: Irrota lampun p\u00e4\u00e4 tai poista akku est\u00e4\u00e4ksesi vahingossa aktivoitumisen.<\/p>\n\n\n\n<h4 class=\"wp-block-heading\">5. Mik\u00e4 on APF?<\/h4>\n\n\n\n<p>V: APF (Advanced Pulse-Frequency Transmission System) on Fenixin laboratorion kehitt\u00e4m\u00e4 suuri teknologinen l\u00e4pimurto taskulampputeollisuudessa. Se mahdollistaa taktisen taskulampun korkeamman suorituskyvyn ja paremman valaisukyvyn. Perinteiset takakytkimell\u00e4 varustetuilla taskulampuilla on vaikea saavuutta jatkuva yli 2000 lumenin kirkkaus. Etenkin tyypin 21700 akkujen aikakaudella 3000 lumenin taktisissa taskulampuissa on eritta\u00e4in vaikea saavuutta jatkuvaa korkeaa tehoa; kun taas APF-teknologiaa k\u00e4ytt\u00e4v\u00e4t taskulampuilla vaadittavan kirkkauden tuottaminen on mahdollista.<\/p>\n\n\n\n<p>APF teknologia mahdollistaa yksinkertaisemman takakytkimen rakenteen joka parantaa luotettavuutta. Perinteiset monitoimitakakytkimet tarvitsevat monimutkaisen kaksoiskerroksisen rungon tai muita runkoon sijoitettavia rakenteita vaadittavan toiminnallisuuden saavuttamiseksi. APF-teknologiaa k\u00e4ytt\u00e4v\u00e4t taskulamput tarjoavat vahvan ja luotettavan taskulampun yksinkertaisessa rakenteessa, erityisesti yksikerroksisissa rungoissa.<\/p>\n\n\n\n<p>APF:ll\u00e4 varustetuissa lampuissa on parempi h\u00e4iri\u00f6nsietokyky. Monimutkaiset ulkoiset ymp\u00e4rist\u00f6tekij\u00e4t, kuten voimakkaiden magneettikenttien vaikutukset voidaan ehk\u00e4ist\u00e4 helpommin lampun vahvemman h\u00e4iri\u00f6nsietokyvyn avulla.<\/p>\n\n\n\n<h3 class=\"wp-block-heading\">Technical details<\/h3>\n\n\n\n<figure class=\"wp-block-table\"><table class=\"has-fixed-layout\"><tbody><tr><td>Maximum brightness (max)<\/td><td>1000 lumenia<\/td><\/tr><tr><td>Runtime (max)<\/td><td>14 h 30 min (pienin teho)<\/td><\/tr><tr><td>Beam distance (max)<\/td><td>450 metri\u00e4<\/td><\/tr><tr><td>Peak intensity (max)<\/td><td>50600 kandela<\/td><\/tr><tr><td>Impact resistance<\/td><td>1 m<\/td><\/tr><tr><td>Water resistance<\/td><td>IP68 (t\u00e4ysin p\u00f6ly- ja vesitiivis)<\/td><\/tr><tr><td>Operating modes<\/td><td>3 kpl + strobo-vilkku<\/td><\/tr><tr><td>High mode<\/td><td>1000 lm \/ 50 min* \/ 450 m \/ 50600 cd<\/td><\/tr><tr><td>Middle mode<\/td><td>450 lm \/ 1 h 45 min \/ 260 m \/ 1700 cd<\/td><\/tr><tr><td>Low mode<\/td><td>30 lm \/ 14 h30 min \/ 75 m \/ 1450cd<\/td><\/tr><tr><td>Strobo<\/td><td>1000 lm<\/td><\/tr><tr><td>LED type<\/td><td>Osram CSLPM1.TG LED<\/td><\/tr><tr><td>Size<\/td><td>11,5 x 32 x 23,5 mm<\/td><\/tr><tr><td>Weight<\/td><td>124 g (sis. paristo)<\/td><\/tr><tr><td>Power source<\/td><td>1 x 18350 Li-ion akkuparisto (ARB-L18-1100P) sis\u00e4ltyy<\/td><\/tr><tr><td>Certifications<\/td><td>ANSI\/NEMA FL-1, ROHS, CE<\/td><\/tr><tr><td>Warranty<\/td><td>5 years<\/td><\/tr><tr><td>Package contents<\/td><td>Fenix TK05R taskulamppu, Fenix ARB-L18-1100 Li-ion ladattava akku, USB tyypin C-latausjohto, vy\u00f6kotelo, rannehihna, vaihdettava O-rengastiiviste, k\u00e4ytt\u00f6ohje.<\/td><\/tr><\/tbody><\/table><\/figure>\n\n\n\n<p>* The runtime of the Turbo mode is the continuous operating time at brightness levels from 100% down to 10%. Performance values are according to the ANSI\/PLATO FL1 handheld flashlight standard.<\/p>","protected":false},"excerpt":{"rendered":"<p>TK05R &#8211; vertaansa vailla oleva valovoima<\/p>","protected":false},"featured_media":11743,"comment_status":"open","ping_status":"closed","template":"","meta":{"_kadence_starter_templates_imported_post":false,"_kad_post_transparent":"","_kad_post_title":"","_kad_post_layout":"","_kad_post_sidebar_id":"","_kad_post_content_style":"","_kad_post_vertical_padding":"","_kad_post_feature":"","_kad_post_feature_position":"","_kad_post_header":false,"_kad_post_footer":false,"_kad_post_classname":""},"product_brand":[],"product_cat":[1653,1564,16],"product_tag":[32,1630,266,1629],"class_list":{"0":"post-11737","1":"product","2":"type-product","3":"status-publish","4":"has-post-thumbnail","6":"product_cat-ale10","7":"product_cat-fenix","8":"product_cat-yleinen","9":"product_tag-fenix","10":"product_tag-taktinen","11":"product_tag-taskulamppu","12":"product_tag-tk05","14":"first","15":"instock","16":"taxable","17":"shipping-taxable","18":"purchasable","19":"product-type-simple","20":"entry","21":"content-bg","22":"loop-entry"},"_links":{"self":[{"href":"https:\/\/kivenalla.fi\/en\/wp-json\/wp\/v2\/product\/11737","targetHints":{"allow":["GET"]}}],"collection":[{"href":"https:\/\/kivenalla.fi\/en\/wp-json\/wp\/v2\/product"}],"about":[{"href":"https:\/\/kivenalla.fi\/en\/wp-json\/wp\/v2\/types\/product"}],"replies":[{"embeddable":true,"href":"https:\/\/kivenalla.fi\/en\/wp-json\/wp\/v2\/comments?post=11737"}],"wp:featuredmedia":[{"embeddable":true,"href":"https:\/\/kivenalla.fi\/en\/wp-json\/wp\/v2\/media\/11743"}],"wp:attachment":[{"href":"https:\/\/kivenalla.fi\/en\/wp-json\/wp\/v2\/media?parent=11737"}],"wp:term":[{"taxonomy":"product_brand","embeddable":true,"href":"https:\/\/kivenalla.fi\/en\/wp-json\/wp\/v2\/product_brand?post=11737"},{"taxonomy":"product_cat","embeddable":true,"href":"https:\/\/kivenalla.fi\/en\/wp-json\/wp\/v2\/product_cat?post=11737"},{"taxonomy":"product_tag","embeddable":true,"href":"https:\/\/kivenalla.fi\/en\/wp-json\/wp\/v2\/product_tag?post=11737"}],"curies":[{"name":"wp","href":"https:\/\/api.w.org\/{rel}","templated":true}]}}