{"id":12208,"date":"2024-10-04T12:56:09","date_gmt":"2024-10-04T09:56:09","guid":{"rendered":"https:\/\/www.kivenalla.fi\/?post_type=product&#038;p=12208"},"modified":"2025-12-08T10:50:32","modified_gmt":"2025-12-08T08:50:32","slug":"olight-arkfeld-pro-taskulamppu-laser-ja-uv","status":"publish","type":"product","link":"https:\/\/kivenalla.fi\/en\/product\/olight-arkfeld-pro-taskulamppu-laser-ja-uv\/","title":{"rendered":"Olight Arkfeld Pro (taskulamppu, laser ja UV)"},"content":{"rendered":"<p>Leve\u00e4ll\u00e4 yhdistelm\u00e4valokeilalla, vihre\u00e4ll\u00e4 laser-osoittimella sek\u00e4 laadukkaalla UV-valolla varustettu taskulamppu ty\u00f6k\u00e4ytt\u00f6\u00f6n tai vaativaan harrastustoimintaan. Ilmoitettu valoteho 1300 lm, kantama 102 m. UV-valo 900 mW \/ 365 nm. IPX7-luokitus.<\/p>\n\n\n\n<p>Olight Arkfeld Pro on p\u00e4ivitetty versio valmistajansa Arkfeld-valaisimesta. Pro-versioon on yhdistetty alkuper\u00e4isess\u00e4 versiossa hyv\u00e4ksi havaittu yhdistelm\u00e4valokeila, vihre\u00e4 laser-osoitin sek\u00e4 Arkfeld UV -mallista tuttu UV-valo, eli kyseess\u00e4 on todellinen All-in-One taskulamppu! N\u00e4pp\u00e4r\u00e4n kokoinen Arkfeld Pro kulkee muotokielelt\u00e4\u00e4n edelt\u00e4j\u00e4ns\u00e4 jalanj\u00e4ljiss\u00e4, ja sen litte\u00e4 rakenne antaa sille ainutlaatuisen ulkon\u00e4\u00f6n ja tekee siit\u00e4 helposti k\u00e4sitelt\u00e4v\u00e4n. Pienest\u00e4 koosta huolimatta valaisin tarjoaa jopa 1300 lumenin maksimivalotehon sek\u00e4 102 metrin kantaman. Perinteisen taskulampun lis\u00e4ksi sit\u00e4 voidaan k\u00e4ytt\u00e4\u00e4 laser-osoittimena esimerkiksi kokouksissa, ja vaikuttavan UV-valon ansiosta sen avulla voidaan paljastaa paljaalle silm\u00e4lle n\u00e4kym\u00e4tt\u00f6m\u00e4t tahrat, mink\u00e4 lis\u00e4ksi se sopii mm. rahan tarkastamiseen sek\u00e4 dokumenttien tutkimiseen. UV-valo on teholtaan 900 mW ja aallonpituudeltaan 365 nm.<\/p>\n\n\n\n<p><strong>Arkfeld Pro on suunniteltu helppok\u00e4ytt\u00f6iseksi, ja kaikkia sen ominaisuuksia voidaan operoida lampun p\u00e4\u00e4ll\u00e4 olevan kytkimen avulla: kytkint\u00e4 py\u00f6r\u00e4ytt\u00e4m\u00e4ll\u00e4 voidaan vaihtaa laser-osoittimen, UV-valon ske\u00e4 taskulampun v\u00e4lill\u00e4, ja tehotiloja voidaan vaihtaa nopeilla kytkimen painalluksilla. Pro-mallissa laser-osoitinta sek\u00e4 valkoista valoa voidaan my\u00f6s k\u00e4ytt\u00e4\u00e4 yht\u00e4aikaisesti. Lamppua voidaan pit\u00e4\u00e4 tavalliseen tapaan joko k\u00e4dess\u00e4 tai se voidaan kiinnitt\u00e4\u00e4 per\u00e4ss\u00e4 olevan magneetin avulla mihin tahansa metallipintaan, jolloin molemmat k\u00e4det vapautuvat ty\u00f6skentelyyn. Arkfeld Pro on todella kevytrakenteinen, sill\u00e4 se painaa ainoastaan 111 grammaa, ja pienen kokonsa ansiosta sit\u00e4 on helppo kuljettaa mukana my\u00f6s kevyell\u00e4 varustuksella. Kuljetusta helpottaa my\u00f6s lampun kyljess\u00e4 oleva taskuklipsi, jonka avulla se voidaan kiinnitt\u00e4\u00e4 esimerkiksi rintataskuun tai reppuun.<\/strong><\/p>\n\n\n\n<p>Valaisin toimii sis\u00e4\u00e4nrakennetulla akulla, jota voidaan k\u00e4tev\u00e4sti ladata valaisimen per\u00e4ss\u00e4 olevan magneetti-latausportin kautta mukana toimitettavalla latausjohdolla. Valaisimen kytkimen alapuolella on akun nelj\u00e4 indikointivaloa, joista akun tilaa voidaan seurata niin k\u00e4yt\u00f6n kuin latauksenkin aikana, joten akku ei p\u00e4\u00e4se loppumaan koskaan yll\u00e4tt\u00e4en. Arkfeld Pro on IPX7-luokituksen mukaisesti t\u00e4ysin vedelt\u00e4 suojattu, ja se kest\u00e4\u00e4 upotuksen jopa 1 metriin. Lis\u00e4ksi lampun runko on valmistettu iskunkest\u00e4v\u00e4ksi, jotta sit\u00e4 voitaisiin k\u00e4ytt\u00e4\u00e4 kaikissa sellaisissa olosuhteissa ja tilanteissa, jotka sen monipuoliset toiminnotkin mahdollistavat.&nbsp;<strong>Kahden vuoden (24 kk) takuu!<\/strong><\/p>\n\n\n\n<h2 class=\"wp-block-heading\">Package contents<\/h2>\n\n\n\n<ul class=\"wp-block-list\">\n<li>Olight Arkfeld Pro<\/li>\n\n\n\n<li>Sis\u00e4\u00e4nrakennettu akku<\/li>\n\n\n\n<li>MCC3-magneettilatausjohto<\/li>\n\n\n\n<li>K\u00e4ytt\u00f6ohje<\/li>\n<\/ul>\n\n\n\n<h2 class=\"wp-block-heading\">Technical details<img decoding=\"async\" src=\"https:\/\/www.valostore.fi\/images\/taskulamput\/tuotemerkit\/4C%20Olight%20Logo.png\" alt=\"\" width=\"25%\"><\/h2>\n\n\n\n<ul class=\"wp-block-list\">\n<li>Merkki ja malli: Olight Arkfeld Pro<\/li>\n\n\n\n<li>Akku: Sis\u00e4\u00e4nrakennettu 3.7V, 1500 mAh Li-Po<\/li>\n\n\n\n<li>Valmistajan ilmoittama valoteho: 1300 lm<\/li>\n\n\n\n<li>Valmistajan ilmoittama kantama: 102 m<\/li>\n\n\n\n<li>V\u00e4ril\u00e4mp\u00f6tila: 5700 &#8211; 6700 K<\/li>\n\n\n\n<li>Valokeila: Yhdistelm\u00e4<\/li>\n\n\n\n<li>Toimintatilat: 5 + 2<\/li>\n\n\n\n<li>Kytkin: Valaisimen p\u00e4\u00e4ll\u00e4<\/li>\n\n\n\n<li>Lataus: Magneettilataus (MCC3) (sis.)<\/li>\n\n\n\n<li>Materiaali: Alumiini<\/li>\n\n\n\n<li>Mitat: 120 x 27 x 16 mm (Pituus x Leveys x Syvyys)<\/li>\n\n\n\n<li>Paino: 111 g<\/li>\n\n\n\n<li>Iskunkest\u00e4vyys: 1 metri<\/li>\n\n\n\n<li>IP-luokitus: IPX7<\/li>\n\n\n\n<li>Laser-osoitin: Class 1<\/li>\n\n\n\n<li>UV-valo: 900 mW \/ 365 nm<\/li>\n\n\n\n<li>Warranty: 24 months<\/li>\n<\/ul>\n\n\n\n<h2 class=\"wp-block-heading\">Toiminta-ajat (valmistajan ilmoittamat)<\/h2>\n\n\n\n<ul class=\"wp-block-list\">\n<li>Turbo: 1300 lm -&gt; 420 lm \/ 4 + 126 min \/ 102 m<\/li>\n\n\n\n<li>High: 420 lm -&gt; 100 lm \/ 135 + 12 min \/ 62 m<\/li>\n\n\n\n<li>Medium: 100 lm \/ 9 h + 45 min \/ 29 m<\/li>\n\n\n\n<li>Low: 15 lm \/ 55 h \/ 11 m<\/li>\n\n\n\n<li>Moon: 1 lm \/ 11 p\u00e4iv\u00e4\u00e4 \/ 2 m<\/li>\n<\/ul>\n\n\n\n<h2 class=\"wp-block-heading\">Pikaopas<\/h2>\n\n\n\n<p><strong><em>HUOM!<\/em><\/strong><em>&nbsp;Arkfeld Prossa on mahdollista valita kahden toimitilan v\u00e4lilt\u00e4, joista toisessa tuplaklikkaus aktivoi strobon ja triplaklikkaus turbon, ja toisessa toisin p\u00e4in, eli tuplaklikkaus aktivoi turbo-tilan ja triplaklikkaus strobotilan. Tilojen v\u00e4lill\u00e4 vaihtaminen tapahtuu klikkaamalla katkaisijaa nopeasti 10 kertaa valon ollessa n\u00e4pp\u00e4inlukossa, ja viimeisell\u00e4 kerralla j\u00e4tt\u00e4m\u00e4ll\u00e4 katkaisin pohjaan, kunnes valkoinen valo v\u00e4l\u00e4ht\u00e4\u00e4 kaksi kertaa.<\/em><\/p>\n\n\n\n<p><strong>Keskipainike<\/strong><\/p>\n\n\n\n<ul class=\"wp-block-list\">\n<li><strong>On\/Off:<\/strong>\u00a0Paina keskipainiketta k\u00e4ynnist\u00e4\u00e4ksesi ja sammuttaaksesi valaisimen. Kun valaisin k\u00e4ynnistet\u00e4\u00e4n, se k\u00e4ytt\u00e4\u00e4 aiemmin valittua kirkkausasetusta. (Moonlight, Low-, Medium- ja High-kirkkausasetukset j\u00e4\u00e4v\u00e4t muistiin valaisimen sammuttamisen j\u00e4lkeen. Kun valaisin on Turbo-tilassa, se j\u00e4\u00e4 muistiin High-tilana ja valaisimen ollessa sammutettuna yli minuutin ajan, se k\u00e4ynnistyy seuraavalla kerralla Medium-tilassa).<\/li>\n\n\n\n<li><strong>Kirkkauden s\u00e4\u00e4t\u00f6:<\/strong>\u00a0Valaisimen ollessa p\u00e4\u00e4ll\u00e4, kirkkaustilaa (Moonlight, Low, Medium ja High) voi s\u00e4\u00e4t\u00e4\u00e4 painamalla ja pit\u00e4m\u00e4ll\u00e4 keskipainiketta pohjassa. Kirkkaustila valitaan p\u00e4\u00e4st\u00e4m\u00e4ll\u00e4 irti keskipainikkeesta. Laser- ja Turbo-tila t\u00e4ytyy k\u00e4ynnist\u00e4\u00e4 erikseen)<\/li>\n\n\n\n<li><strong>Moonlight-tila:<\/strong>\u00a0Kun valaisin on sammuksissa, paina ja pid\u00e4 keskipainiketta pohjassa yli sekunnin ajan p\u00e4\u00e4st\u00e4ksesi Moonlight-tilaan. Moonlight-tila j\u00e4\u00e4 valaisimen muistiin, ja kun valaisin k\u00e4ynnistet\u00e4\u00e4n seuraavan kerran uudestaan, se k\u00e4ynnistyy Moonlight-tilassa.<\/li>\n\n\n\n<li><strong>Turbo-tila:<\/strong>\u00a0Paina keskipainiketta nopeasti kaksi kertaa valitaksesi Turbo-kirkkaustilan. Toista kaksoispainallus palataksesi aiempaan kirkkaustilaan. Jos valaisin sammutetaan High-kirkkaustilassa, valaisin k\u00e4ynnistyy seuraavalla kerralla Medium-kirkkaustilassa. Jos valaisin sammutetaan Medium-, Low- tai Moonlight-tilassa, laite k\u00e4ynnistyy muistiin j\u00e4\u00e4neen tilan mukana.<\/li>\n\n\n\n<li><strong>Strobo-tila:<\/strong>\u00a0Paina keskipainiketta nopeasti kolme kertaa valitaksesi Strobo-kirkkaustilan.<\/li>\n\n\n\n<li><strong>Ajastin:<\/strong>\u00a0Valaisin sis\u00e4lt\u00e4\u00e4 pitk\u00e4n (9 minuuttia) ja lyhyen (3 minuuttia) ajastimen, joka kytkee valon automaattisesti pois p\u00e4\u00e4lt\u00e4. Kun taskulamppu on p\u00e4\u00e4ll\u00e4, tuplaklikkaa ja pid\u00e4 keskikytkint\u00e4 pohjassa sen hetkisell\u00e4 kirkkaustasolla p\u00e4\u00e4st\u00e4ksesi ajastinasetuksiin. Yksi valonv\u00e4l\u00e4hdys merkitsee lyhytt\u00e4 ajastinta, kun taas kaksi v\u00e4l\u00e4hdyst\u00e4 kytkee p\u00e4\u00e4ll\u00e4 pitk\u00e4n ajastimen. Taskulamppu sammuu automaattisesti, kun ajastin on k\u00e4yt\u00f6ss\u00e4. Kun ajastin on asetettu, tuplaklikkaa ja pid\u00e4 pohjassa keskikytkint\u00e4 vaihtaaksesi ajastimen asetusten v\u00e4lill\u00e4. Kun aiempi ajastus on p\u00e4\u00e4ttynyt ja siirryt ajastuksen valintaan uudestaan, valaisin k\u00e4ytt\u00e4\u00e4 edellist\u00e4 valintaa automaattisesti uudelleen.<\/li>\n<\/ul>\n\n\n\n<p><strong>Laser-tila<\/strong><\/p>\n\n\n\n<ul class=\"wp-block-list\">\n<li><strong>On\/Off:\u00a0<\/strong>Py\u00f6r\u00e4yt\u00e4 valintakytkint\u00e4 vastap\u00e4iv\u00e4\u00e4n ja paina keskipainikkeesta k\u00e4ynnist\u00e4\u00e4ksesi ja sammuttaaksesi Laser-tilan.<\/li>\n\n\n\n<li><strong>Lukitus\/Avaus:\u00a0<\/strong>Kun valaisin on sammuneena, paina ja pid\u00e4 keskipainiketta painettuna (noin 2 sekuntia) kunnes Moonlight- tai Laser-tila k\u00e4ynnistyy ja sammuu lukitaksesi valaisimen. Lukitustilassa punainen indikaattorivalo kertoo valaisimen olevan lukittuna. Paina ja pid\u00e4 keskipainiketta pohjassa (noin 1 sekuntia), kunnes valaisin syttyy Moonlight- tai Laser-tilassa ja valaisin avautuu lukitustilasta.<\/li>\n<\/ul>\n\n\n\n<p><strong>UV-tila<\/strong><\/p>\n\n\n\n<ul class=\"wp-block-list\">\n<li><strong>On\/Off:<\/strong>\u00a0Py\u00f6r\u00e4yt\u00e4 valintakytkint\u00e4 vastap\u00e4iv\u00e4\u00e4n ja paina keskipainikkeesta k\u00e4ynnist\u00e4\u00e4ksesi ja sammuttaaksesi UV-valon.<\/li>\n<\/ul>\n\n\n\n<p><strong>Lataus:<\/strong>&nbsp;Kytke mukana toimitettavan magneettisen latausjohdon toinen p\u00e4\u00e4 valaisimen per\u00e4ss\u00e4 olevaan latausporttiin kiinni, ja toinen p\u00e4\u00e4 esim. tietokoneen USB-porttiin tai verkkovirta-adapteriin. Valasimen kytkimen alla olevat nelj\u00e4 indikointivaloa kertovat latauksen etenemisest\u00e4 seuraavasti:<\/p>\n\n\n\n<ul class=\"wp-block-list\">\n<li>Nelj\u00e4 vihre\u00e4\u00e4 valoa: Akkua yli 75%<\/li>\n\n\n\n<li>Kolme vihre\u00e4\u00e4 valoa: Akkua 50-75%<\/li>\n\n\n\n<li>Kaksi vihre\u00e4\u00e4 valoa: Akkua 25-50%<\/li>\n\n\n\n<li>Yksi vihre\u00e4 valo: Akkua 10-25%<\/li>\n\n\n\n<li>Yksi punainen valo: Akkua alle 10%<\/li>\n<\/ul>","protected":false},"excerpt":{"rendered":"<p>Leve\u00e4ll\u00e4 yhdistelm\u00e4valokeilalla, vihre\u00e4ll\u00e4 laser-osoittimella sek\u00e4 laadukkaalla UV-valolla varustettu taskulamppu ty\u00f6k\u00e4ytt\u00f6\u00f6n tai vaativaan harrastustoimintaan. Ilmoitettu valoteho 1300 lm, kantama 102 m. UV-valo 900 mW \/ 365 nm. IPX7-luokitus.<\/p>","protected":false},"featured_media":12216,"comment_status":"open","ping_status":"closed","template":"","meta":{"_kadence_starter_templates_imported_post":false,"_kad_post_transparent":"","_kad_post_title":"","_kad_post_layout":"","_kad_post_sidebar_id":"","_kad_post_content_style":"","_kad_post_vertical_padding":"","_kad_post_feature":"","_kad_post_feature_position":"","_kad_post_header":false,"_kad_post_footer":false,"_kad_post_classname":""},"product_brand":[],"product_cat":[1653,1662,1639,1566,16],"product_tag":[1640,1641,366,266,104,106],"class_list":{"0":"post-12208","1":"product","2":"type-product","3":"status-publish","4":"has-post-thumbnail","6":"product_cat-ale10","7":"product_cat-joulu","8":"product_cat-olight","9":"product_cat-uv-lamput","10":"product_cat-yleinen","11":"product_tag-laser","12":"product_tag-laservalo","13":"product_tag-olight","14":"product_tag-taskulamppu","15":"product_tag-uv","16":"product_tag-uv-lamppu","18":"first","19":"onbackorder","20":"taxable","21":"shipping-taxable","22":"purchasable","23":"product-type-simple","24":"entry","25":"content-bg","26":"loop-entry"},"_links":{"self":[{"href":"https:\/\/kivenalla.fi\/en\/wp-json\/wp\/v2\/product\/12208","targetHints":{"allow":["GET"]}}],"collection":[{"href":"https:\/\/kivenalla.fi\/en\/wp-json\/wp\/v2\/product"}],"about":[{"href":"https:\/\/kivenalla.fi\/en\/wp-json\/wp\/v2\/types\/product"}],"replies":[{"embeddable":true,"href":"https:\/\/kivenalla.fi\/en\/wp-json\/wp\/v2\/comments?post=12208"}],"wp:featuredmedia":[{"embeddable":true,"href":"https:\/\/kivenalla.fi\/en\/wp-json\/wp\/v2\/media\/12216"}],"wp:attachment":[{"href":"https:\/\/kivenalla.fi\/en\/wp-json\/wp\/v2\/media?parent=12208"}],"wp:term":[{"taxonomy":"product_brand","embeddable":true,"href":"https:\/\/kivenalla.fi\/en\/wp-json\/wp\/v2\/product_brand?post=12208"},{"taxonomy":"product_cat","embeddable":true,"href":"https:\/\/kivenalla.fi\/en\/wp-json\/wp\/v2\/product_cat?post=12208"},{"taxonomy":"product_tag","embeddable":true,"href":"https:\/\/kivenalla.fi\/en\/wp-json\/wp\/v2\/product_tag?post=12208"}],"curies":[{"name":"wp","href":"https:\/\/api.w.org\/{rel}","templated":true}]}}