{"id":12294,"date":"2024-10-10T12:11:45","date_gmt":"2024-10-10T09:11:45","guid":{"rendered":"https:\/\/www.kivenalla.fi\/?post_type=product&#038;p=12294"},"modified":"2025-06-04T14:37:55","modified_gmt":"2025-06-04T11:37:55","slug":"geokatkoilijan-talviohjelma-geokolikko","status":"publish","type":"product","link":"https:\/\/kivenalla.fi\/en\/product\/geokatkoilijan-talviohjelma-geokolikko\/","title":{"rendered":"Geocacher's Winter Program Geocoin"},"content":{"rendered":"<p>Geok\u00e4tk\u00f6ilij\u00e4n talviohjelman geokolikko esitt\u00e4\u00e4 mitalia, jonka etupuolella on teksti Geok\u00e4tk\u00f6ilij\u00e4n talviohjelma ja talviohjelmaan liittyv\u00e4t ikonit. G-logo tarkoittaa geok\u00e4tk\u00f6ily\u00e4, palapeli mysteerien ratkomista ja hymynaama l\u00f6yt\u00f6j\u00e4. Geokolikon keskell\u00e4 kulkevan &#8221;nauhan&#8221; kohdalle on tarkoitus laserkaivertaa nimimerkkisi. Jos haluat laserkaiverruksen, niin tilaa <a href=\"https:\/\/kivenalla.fi\/en\/product\/geokatkoilijan-talviohjelma-geokolikko-laserkaiverruksella\/\">this product.<\/a><\/p>\n\n\n\n<p>On the back of the geocoin, snowflakes represent the winter season. The coin\u2019s unique tracking code is laser-engraved on the reverse side.<\/p>\n\n\n\n<p>The geocoin is made of satin gold (see second image), with the center of the front side colored in glitter black. The snowflakes on the back are colored in standard black.<\/p>","protected":false},"excerpt":{"rendered":"<p>The Geocacher\u2019s Winter Program Geocoin. A great reward for yourself if you\u2019re taking part in the Geocacher\u2019s Winter Program \u2013 or have participated in any of the previous ones. Also makes a perfect gift for a fellow cacher!<\/p>","protected":false},"featured_media":18157,"comment_status":"open","ping_status":"closed","template":"","meta":{"_kadence_starter_templates_imported_post":false,"_kad_post_transparent":"","_kad_post_title":"","_kad_post_layout":"","_kad_post_sidebar_id":"","_kad_post_content_style":"","_kad_post_vertical_padding":"","_kad_post_feature":"","_kad_post_feature_position":"","_kad_post_header":false,"_kad_post_footer":false,"_kad_post_classname":""},"product_brand":[],"product_cat":[1535,1534,1662,16],"product_tag":[30,780],"class_list":{"0":"post-12294","1":"product","2":"type-product","3":"status-publish","4":"has-post-thumbnail","6":"product_cat-geokolikot","7":"product_cat-jasenyydet","8":"product_cat-joulu","9":"product_cat-yleinen","10":"product_tag-geokolikko","11":"product_tag-talviohjelma","13":"first","14":"outofstock","15":"taxable","16":"shipping-taxable","17":"purchasable","18":"product-type-simple","19":"entry","20":"content-bg","21":"loop-entry"},"_links":{"self":[{"href":"https:\/\/kivenalla.fi\/en\/wp-json\/wp\/v2\/product\/12294","targetHints":{"allow":["GET"]}}],"collection":[{"href":"https:\/\/kivenalla.fi\/en\/wp-json\/wp\/v2\/product"}],"about":[{"href":"https:\/\/kivenalla.fi\/en\/wp-json\/wp\/v2\/types\/product"}],"replies":[{"embeddable":true,"href":"https:\/\/kivenalla.fi\/en\/wp-json\/wp\/v2\/comments?post=12294"}],"wp:featuredmedia":[{"embeddable":true,"href":"https:\/\/kivenalla.fi\/en\/wp-json\/wp\/v2\/media\/18157"}],"wp:attachment":[{"href":"https:\/\/kivenalla.fi\/en\/wp-json\/wp\/v2\/media?parent=12294"}],"wp:term":[{"taxonomy":"product_brand","embeddable":true,"href":"https:\/\/kivenalla.fi\/en\/wp-json\/wp\/v2\/product_brand?post=12294"},{"taxonomy":"product_cat","embeddable":true,"href":"https:\/\/kivenalla.fi\/en\/wp-json\/wp\/v2\/product_cat?post=12294"},{"taxonomy":"product_tag","embeddable":true,"href":"https:\/\/kivenalla.fi\/en\/wp-json\/wp\/v2\/product_tag?post=12294"}],"curies":[{"name":"wp","href":"https:\/\/api.w.org\/{rel}","templated":true}]}}