{"id":12356,"date":"2024-10-14T13:54:08","date_gmt":"2024-10-14T10:54:08","guid":{"rendered":"https:\/\/www.kivenalla.fi\/?post_type=product&#038;p=12356"},"modified":"2025-11-25T09:41:20","modified_gmt":"2025-11-25T07:41:20","slug":"armytek-elf-c1-usb-c-white","status":"publish","type":"product","link":"https:\/\/kivenalla.fi\/en\/product\/armytek-elf-c1-usb-c-white\/","title":{"rendered":"Armytek Elf C1 USB-C White"},"content":{"rendered":"<h3 class=\"wp-block-heading\">Monitoimivalaisin, yksinkertainen k\u00e4ytt\u00f6 ja USB-C-laturi kompaktissa rungossa<\/h3>\n\n\n\n<p>Elf C1 on kompakti ja kevyt monitoimivalaisin, jossa on perustilat ja USB-C-latausliitin, p\u00e4ivitys suosittuun malliin.<\/p>\n\n\n\n<p>1000 lumenia rungossa, joka painaa vain 55 grammaa. Elf C1 on loistava p\u00e4\u00e4- tai lis\u00e4valonl\u00e4hde mihin tahansa p\u00e4ivitt\u00e4iseen toimintaan. Voit ottaa valaisimen mukaasi iltak\u00e4velylle, kalastukseen tai patikointiin. Se mahtuu helposti mihin tahansa kassiin, eik\u00e4 sit\u00e4 tarvitse ladata v\u00e4himm\u00e4iskirkkaudella k\u00e4ytett\u00e4ess\u00e4 kahteen kuukauteen. Elf C1 toimii my\u00f6s lamppu tilassa \u2014 suoraan mist\u00e4 tahansa USB-l\u00e4hd\u00f6ll\u00e4 varustetusta virtal\u00e4hteest\u00e4, ilman akkua. Universaali latausliitin eliminoi tarpeen kantaa laturia jatkuvasti mukana: mink\u00e4 tahansa valmistajan tavallinen USB-C -kaapeli riitt\u00e4\u00e4.<\/p>\n\n\n\n<p>Valaisinta voidaan k\u00e4ytt\u00e4\u00e4 yhdess\u00e4 otsapannan kanssa, kiinnitt\u00e4\u00e4 vaatteisiin klipsill\u00e4 sek\u00e4 asentaa metallipinnoille sis\u00e4\u00e4nrakennetun magneetin ansiosta. Lis\u00e4ksi takakannessa oleva erityinen reik\u00e4 mahdollistaa Elf C1:n kuljettamisen avainten kanssa. Malli on yhteensopiva my\u00f6s valinnaisten lis\u00e4varusteiden kanssa: ABM-01 -py\u00f6r\u00e4kiinnike py\u00f6r\u00e4ily\u00e4 ja AHM-sarjan kyp\u00e4r\u00e4kiinnike teollisuust\u00f6it\u00e4 ja vuorikiipeily\u00e4 varten.<\/p>\n\n\n\n<p><strong>Tekniset tiedot:<\/strong><\/p>\n\n\n\n<p><strong>Valo ja optiikka:<\/strong><\/p>\n\n\n\n<ul class=\"wp-block-list\">\n<li>V\u00e4rik\u00e4s l\u00e4mp\u00f6tila:\u00a0White<\/li>\n\n\n\n<li>Optiikka:\u00a0TIR<\/li>\n\n\n\n<li>Valovirta, lumenia:\u00a01000\u00a0lm<\/li>\n\n\n\n<li>Valoet\u00e4isyys, metri\u00e4: 103\u00a0m<\/li>\n\n\n\n<li>Kirkkauden vakauttaminen: DIGITAL (CPU kirkkauden s\u00e4\u00e4t\u00f6)<\/li>\n\n\n\n<li>Keskipiste:Sivuvalaistus:\u00a070\u00b0:120\u00b0<\/li>\n<\/ul>\n\n\n\n<p><strong>Toimintatilat<\/strong><\/p>\n\n\n\n<ul class=\"wp-block-list\">\n<li>Toimintatilojen m\u00e4\u00e4r\u00e4:\u00a06<\/li>\n\n\n\n<li>Toiminta-aika maksimitilassa:\u00a052 min (530 lm after 4 min)<\/li>\n\n\n\n<li>Toiminta-aika minimitilassa:\u00a060 d<\/li>\n<\/ul>\n\n\n\n<p><strong>Mitat ja paino<\/strong><\/p>\n\n\n\n<ul class=\"wp-block-list\">\n<li>P\u00e4\u00e4n halkaisija:\u00a033\u00a0mm<\/li>\n\n\n\n<li>Rungon halkaisija:\u00a020,4\u00a0mm<\/li>\n\n\n\n<li>Pituus:\u00a075.9\u00a0mm<\/li>\n\n\n\n<li>Paino (ilman akkua):\u00a056g<\/li>\n<\/ul>\n\n\n\n<p><strong>Runko<\/strong><\/p>\n\n\n\n<ul class=\"wp-block-list\">\n<li>Materiaali:\u00a0Lentokonealumiini<\/li>\n\n\n\n<li>Hankausta est\u00e4v\u00e4 pinnoite:\u00a0Premium type III kova-anodisointi 400HV<\/li>\n\n\n\n<li>P\u00f6lyn ja vedenpit\u00e4v\u00e4 standardi:\u00a0IP68<\/li>\n\n\n\n<li>Turvallinen sukellussyvyys:\u00a010\u00a0m<\/li>\n\n\n\n<li>Turvallinen putoamiskorkeus:\u00a010m<\/li>\n\n\n\n<li>K\u00e4ytt\u00f6l\u00e4mp\u00f6tila:\u00a0-25..+40\u00a0\u00b0C<\/li>\n<\/ul>\n\n\n\n<p><strong>Elektroniikka<\/strong><\/p>\n\n\n\n<ul class=\"wp-block-list\">\n<li>Akkujen yhteensopivuus:\u00a01&#215;18350 Li-Ion<\/li>\n\n\n\n<li>Mahdollisuus k\u00e4ytt\u00e4\u00e4 suojattuja paristoja:\u00a0kyll\u00e4<\/li>\n\n\n\n<li>Mahdollisuus k\u00e4ytt\u00e4\u00e4 suojaamattomia paristoja: kyll\u00e4\u00a0<\/li>\n\n\n\n<li>Suojaus tahatonta aktivointia vastaan:\u00a0kyll\u00e4<\/li>\n\n\n\n<li>Akun tilan v\u00e4rimerkki:\u00a0kyll\u00e4<\/li>\n\n\n\n<li>Alhaisen pariston merkkivalo:\u00a0kyll\u00e4<\/li>\n<\/ul>\n\n\n\n<h3 class=\"wp-block-heading\">ELF C1 \u2014 moniitoimivalaisin 5 in 1<\/h3>\n\n\n\n<p><img decoding=\"async\" src=\"https:\/\/www.armytek.fi\/images\/companies\/1\/Products\/elf%20c1%20v2\/Elf%20C1_head%20lamp.jpg?1723726587399\" width=\"300px\"><\/p>\n\n\n\n<h4 class=\"wp-block-heading\">Headlight<\/h4>\n\n\n\n<ul class=\"wp-block-list\">\n<li>Easy one-handed operation with secure headlamp attachment<\/li>\n\n\n\n<li>One-piece body with no long wires, unreliable rubber connectors, or unnecessary parts<\/li>\n\n\n\n<li>The flashlight can be easily mounted, detached, and rotated 180\u00b0 in its holder.<\/li>\n<\/ul>\n\n\n\n<p><img decoding=\"async\" src=\"https:\/\/www.armytek.fi\/images\/companies\/1\/Products\/elf%20c1%20v2\/Elf%20C1_EDC.jpg?1723726555649\" width=\"300px\"><\/p>\n\n\n\n<h4 class=\"wp-block-heading\">Valaisin jokap\u00e4iv\u00e4iseen k\u00e4ytt\u00f6\u00f6n<\/h4>\n\n\n\n<ul class=\"wp-block-list\">\n<li>Compact body<\/li>\n\n\n\n<li>Convenient side switch<\/li>\n\n\n\n<li>Special matte anodizing without sharp knurling<\/li>\n\n\n\n<li>Turvallinen irrotettava ter\u00e4sklipsi ja vahva integroitu magneetti<\/li>\n<\/ul>\n\n\n\n<p><img decoding=\"async\" src=\"https:\/\/www.armytek.fi\/images\/companies\/1\/Products\/elf%20c1%20v2\/Elf%20C1_sport%20light.jpg?1723726625712\" width=\"300px\"><\/p>\n\n\n\n<h4 class=\"wp-block-heading\">Urheiluvalaisin<\/h4>\n\n\n\n<ul class=\"wp-block-list\">\n<li>The body is made from durable and lightweight aircraft-grade aluminum.<\/li>\n\n\n\n<li>Parannettu iskunkesto, jatkuva valo ilman v\u00e4lkkymist\u00e4<\/li>\n\n\n\n<li>Useita kiinnitysvaihtoehtoja, valinnaiset lis\u00e4varusteet urheiluvarusteisiin kiinnityst\u00e4 varten<\/li>\n<\/ul>\n\n\n\n<p><img decoding=\"async\" src=\"https:\/\/www.armytek.fi\/images\/companies\/1\/Products\/elf%20c1%20v2\/Elf%20C1_keychain%20light.jpg?1723726599197\" width=\"300px\"><\/p>\n\n\n\n<h4 class=\"wp-block-heading\">Avaimenper\u00e4valo<\/h4>\n\n\n\n<ul class=\"wp-block-list\">\n<li>Kompakti ja kevyt entist\u00e4 mukavampaa taskussa kuljettamista varten<\/li>\n\n\n\n<li>Reik\u00e4 korkissa avaimenper\u00e4\u00e4 tai rannehihnaa varten<\/li>\n<\/ul>\n\n\n\n<p><img decoding=\"async\" src=\"https:\/\/www.armytek.fi\/images\/companies\/1\/Products\/elf%20c1%20v2\/Elf%20C1_lamp%20mode_04.jpg?1723726613044\" width=\"300px\"><\/p>\n\n\n\n<h4 class=\"wp-block-heading\">Lamppu tila<\/h4>\n\n\n\n<ul class=\"wp-block-list\">\n<li>Toimii suoraan Powerbankista tai mist\u00e4 tahansa USB-virtal\u00e4hteest\u00e4 ilman akkua<\/li>\n<\/ul>\n\n\n\n<h3 class=\"wp-block-heading\">Tarkoin harkittu lis\u00e4varustesarja<\/h3>\n\n\n\n<p><strong>Head mounting<\/strong><\/p>\n\n\n\n<p>Mukava otsaan kiinnitys, jossa pehme\u00e4 kuminauha ja kevyt komposiittimateriaalista valmistettu kiinnike. Nauha pit\u00e4\u00e4 valaisimen tukevasti paikallaan, eik\u00e4 hankaa ihoa tai j\u00e4t\u00e4 j\u00e4lki\u00e4. Valaisin asennetaan yhdell\u00e4 liikkeell\u00e4, pannan koko on s\u00e4\u00e4dett\u00e4viss\u00e4.<\/p>\n\n\n\n<p><strong>Clip<\/strong><\/p>\n\n\n\n<p>Irrotettava, ruostumattomasta ter\u00e4ksest\u00e4 valmistettu klipsi voidaan kiinnitt\u00e4\u00e4 valaisimeen kahdella eri tavalla, ja se tarjoaa luotettavan kiinnityksen vaatteisiin, vy\u00f6h\u00f6n tai laukkuun sek\u00e4 syv\u00e4n istuvuuden taskuun.<\/p>\n\n\n\n<p><strong>Magnet<\/strong><\/p>\n\n\n\n<p>Tehokas sis\u00e4\u00e4nrakennettu magneetti takakannessa on tarkoitettu mille tahansa metallipinnalle kiinnitt\u00e4mist\u00e4 varten.<\/p>\n\n\n\n<h3 class=\"wp-block-heading\">Elf-sarjan valaisimien edut<\/h3>\n\n\n\n<ul class=\"wp-block-list\">\n<li>Mahdollisuus asettaa ajastin automaattista sammutusta varten.<\/li>\n\n\n\n<li>Moniv\u00e4rinen l\u00e4mp\u00f6tila, akun varaustason, latausprosessin ja tilan ilmaisin.<\/li>\n\n\n\n<li>T\u00e4ysin p\u00e4ivitetyn optisen j\u00e4rjestelm\u00e4n mahdollistama k\u00e4tev\u00e4 ja laaja valokeila, TIR-linssi on suojattu naarmuilta heijastamattomalla pinnoitteella p\u00e4\u00e4llystetyll\u00e4 karkaistulla lasilla.<\/li>\n\n\n\n<li>Innovatiivinen tecnologia mahdollistaa mink\u00e4 tahansa tavallisen 18350 Li-Ion-akun k\u00e4yt\u00f6n my\u00f6s ilman lis\u00e4suojauspiirilevy\u00e4.<\/li>\n\n\n\n<li>Aktiivinen reaaliaikainen l\u00e4mp\u00f6tilanhallinta, joka est\u00e4\u00e4 ylikuumenemisen yli +58 \u00b0C turvallista ja mukavaa k\u00e4ytt\u00f6\u00e4 varten.<\/li>\n\n\n\n<li>Tarkoin harkittu valop\u00e4\u00e4n muotoilu parantaa l\u00e4mm\u00f6npoistoa ja suojaa akkua ylikuumenemiselta.<\/li>\n\n\n\n<li>T\u00e4ysin suojattu vedelt\u00e4, lialta ja p\u00f6lylt\u00e4 IP68-standardin mukaisesti \u2014 valaisin jatkaa toimintaansa jopa 10 metrin syvyyteen upottamisen j\u00e4lkeen. Kest\u00e4\u00e4 putoamiset jopa 10 metrin korkeudesta.<\/li>\n\n\n\n<li>Luotettava ja vedenpit\u00e4v\u00e4 USB-C -liitin my\u00f6s ilman kumisuojalla.<\/li>\n\n\n\n<li>Full 10-year warranty.<\/li>\n<\/ul>\n\n\n\n<p><strong>18350 Li-Ion -akku (900 mAh) mukana.<\/strong><\/p>\n\n\n\n<figure class=\"wp-block-embed is-type-video is-provider-youtube wp-block-embed-youtube wp-embed-aspect-16-9 wp-has-aspect-ratio\"><div class=\"wp-block-embed__wrapper\">\n<iframe loading=\"lazy\" title=\"Elf series update \u2014 now with USB-C charging connector\" width=\"720\" height=\"405\" src=\"https:\/\/www.youtube.com\/embed\/WbcHzfbkZKI?feature=oembed\" frameborder=\"0\" allow=\"accelerometer; autoplay; clipboard-write; encrypted-media; gyroscope; picture-in-picture; web-share\" referrerpolicy=\"strict-origin-when-cross-origin\" allowfullscreen><\/iframe>\n<\/div><\/figure>","protected":false},"excerpt":{"rendered":"<p>Monitoimivalaisin, yksinkertainen k\u00e4ytt\u00f6 ja USB-C-laturi kompaktissa rungossa.<\/p>","protected":false},"featured_media":12363,"comment_status":"open","ping_status":"closed","template":"","meta":{"_kadence_starter_templates_imported_post":false,"_kad_post_transparent":"","_kad_post_title":"","_kad_post_layout":"","_kad_post_sidebar_id":"","_kad_post_content_style":"","_kad_post_vertical_padding":"","_kad_post_feature":"","_kad_post_feature_position":"","_kad_post_header":false,"_kad_post_footer":false,"_kad_post_classname":""},"product_brand":[],"product_cat":[1654,1563,1662,16],"product_tag":[598,574,1643,267],"class_list":{"0":"post-12356","1":"product","2":"type-product","3":"status-publish","4":"has-post-thumbnail","6":"product_cat-ale20","7":"product_cat-armytek","8":"product_cat-joulu","9":"product_cat-yleinen","10":"product_tag-armytek","11":"product_tag-minilamppu","12":"product_tag-monitoimilamppu","13":"product_tag-otsalamppu","15":"first","16":"instock","17":"sale","18":"taxable","19":"shipping-taxable","20":"purchasable","21":"product-type-simple","22":"entry","23":"content-bg","24":"loop-entry"},"_links":{"self":[{"href":"https:\/\/kivenalla.fi\/en\/wp-json\/wp\/v2\/product\/12356","targetHints":{"allow":["GET"]}}],"collection":[{"href":"https:\/\/kivenalla.fi\/en\/wp-json\/wp\/v2\/product"}],"about":[{"href":"https:\/\/kivenalla.fi\/en\/wp-json\/wp\/v2\/types\/product"}],"replies":[{"embeddable":true,"href":"https:\/\/kivenalla.fi\/en\/wp-json\/wp\/v2\/comments?post=12356"}],"wp:featuredmedia":[{"embeddable":true,"href":"https:\/\/kivenalla.fi\/en\/wp-json\/wp\/v2\/media\/12363"}],"wp:attachment":[{"href":"https:\/\/kivenalla.fi\/en\/wp-json\/wp\/v2\/media?parent=12356"}],"wp:term":[{"taxonomy":"product_brand","embeddable":true,"href":"https:\/\/kivenalla.fi\/en\/wp-json\/wp\/v2\/product_brand?post=12356"},{"taxonomy":"product_cat","embeddable":true,"href":"https:\/\/kivenalla.fi\/en\/wp-json\/wp\/v2\/product_cat?post=12356"},{"taxonomy":"product_tag","embeddable":true,"href":"https:\/\/kivenalla.fi\/en\/wp-json\/wp\/v2\/product_tag?post=12356"}],"curies":[{"name":"wp","href":"https:\/\/api.w.org\/{rel}","templated":true}]}}