{"id":14566,"date":"2024-11-14T09:56:48","date_gmt":"2024-11-14T07:56:48","guid":{"rendered":"https:\/\/www.kivenalla.fi\/?post_type=product&#038;p=14566"},"modified":"2025-11-25T09:40:51","modified_gmt":"2025-11-25T07:40:51","slug":"tampere-urban-block-party-geokolikko-blue-axe","status":"publish","type":"product","link":"https:\/\/kivenalla.fi\/en\/product\/tampere-urban-block-party-geokolikko-blue-axe\/","title":{"rendered":"Tampere Urban Block Party Geocoin (Blue Axe)"},"content":{"rendered":"<p><strong>T\u00e4m\u00e4 on Tampere Urban Block Party -tapahtuman\u00a0geokolikkoversio &#8221;Blue Axe&#8221;.<\/strong><\/p>\n\n\n\n<p><strong>Huom! Jos haluat noutaa tilauksen Tampere Urban Block Party -tapahtumasta  17.5.2025., niin valitse toimitustavaksi nouto ja klikkaa t\u00e4pp\u00e4 kohtaan Lis\u00e4\u00e4 muistiinpano tilaukseesi ja kirjoita &#8221;Nouto Tampere Urban Block Party&#8221;.<\/strong><br><br>Designed by Christian Mackey.<\/p>\n\n\n\n<p>Geokolikko on saanut inspiraationsa tapahtuman teemasta, joka on musiikki ja hauskanpito. Etupuolta koristaa vinyylilevy, jonka edest\u00e4 kulkee &#8221;Suomi-kitara&#8221;, jonka kaulana on Tampereen maamerkki N\u00e4sinneula. Vinyyli\u00e4 kiert\u00e4\u00e4 teksti Tampere Urban Block Party. Kumiankka viittaa tietenkin tapahtumapaikkaan Sorsapuistoon. Geokolikossa on n\u00e4ht\u00e4viss\u00e4 hippim\u00e4isi\u00e4 elementtej\u00e4 kuten kukkasia ja rauhanmerkkej\u00e4. Takapuolella geokolikkoa koristaa Geocaching.com:n Block Party -logo sek\u00e4 juhliva yleis\u00f6. Rock Lives On!<br><br>The surface of this version is polished nickel, with a blue and orange color scheme.<br><br>This geocoin is truly large, measuring 77 mm wide, 55 mm high, and 3.5 mm thick.<br><br>Seurantakoodi ja teksti &#8221;Trackable at Geocaching.com&#8221; ovat laserkaiverrettu geokolikon ulkokeh\u00e4lle.<br><br><a href=\"https:\/\/coord.info\/GCAQB55\">Tampere Urban Block Party cache description<\/a><\/p>","protected":false},"excerpt":{"rendered":"<p>Official Tampere Urban Block Party event geocoin.<\/p>","protected":false},"featured_media":15018,"comment_status":"open","ping_status":"closed","template":"","meta":{"_kadence_starter_templates_imported_post":false,"_kad_post_transparent":"","_kad_post_title":"","_kad_post_layout":"","_kad_post_sidebar_id":"","_kad_post_content_style":"","_kad_post_vertical_padding":"","_kad_post_feature":"","_kad_post_feature_position":"","_kad_post_header":false,"_kad_post_footer":false,"_kad_post_classname":""},"product_brand":[],"product_cat":[1655,1644,1535,1614,1585,16],"product_tag":[61,30,28],"class_list":{"0":"post-14566","1":"product","2":"type-product","3":"status-publish","4":"has-post-thumbnail","6":"product_cat-ale30","7":"product_cat-block-party","8":"product_cat-geokolikot","9":"product_cat-mega-tuotteet","10":"product_cat-uudet-tuotteet","11":"product_cat-yleinen","12":"product_tag-block-party","13":"product_tag-geokolikko","14":"product_tag-tampere","16":"first","17":"instock","18":"taxable","19":"shipping-taxable","20":"purchasable","21":"product-type-simple","22":"entry","23":"content-bg","24":"loop-entry"},"_links":{"self":[{"href":"https:\/\/kivenalla.fi\/en\/wp-json\/wp\/v2\/product\/14566","targetHints":{"allow":["GET"]}}],"collection":[{"href":"https:\/\/kivenalla.fi\/en\/wp-json\/wp\/v2\/product"}],"about":[{"href":"https:\/\/kivenalla.fi\/en\/wp-json\/wp\/v2\/types\/product"}],"replies":[{"embeddable":true,"href":"https:\/\/kivenalla.fi\/en\/wp-json\/wp\/v2\/comments?post=14566"}],"wp:featuredmedia":[{"embeddable":true,"href":"https:\/\/kivenalla.fi\/en\/wp-json\/wp\/v2\/media\/15018"}],"wp:attachment":[{"href":"https:\/\/kivenalla.fi\/en\/wp-json\/wp\/v2\/media?parent=14566"}],"wp:term":[{"taxonomy":"product_brand","embeddable":true,"href":"https:\/\/kivenalla.fi\/en\/wp-json\/wp\/v2\/product_brand?post=14566"},{"taxonomy":"product_cat","embeddable":true,"href":"https:\/\/kivenalla.fi\/en\/wp-json\/wp\/v2\/product_cat?post=14566"},{"taxonomy":"product_tag","embeddable":true,"href":"https:\/\/kivenalla.fi\/en\/wp-json\/wp\/v2\/product_tag?post=14566"}],"curies":[{"name":"wp","href":"https:\/\/api.w.org\/{rel}","templated":true}]}}