{"id":15688,"date":"2024-12-02T11:11:19","date_gmt":"2024-12-02T09:11:19","guid":{"rendered":"https:\/\/www.kivenalla.fi\/?post_type=product&#038;p=15688"},"modified":"2025-10-13T08:46:21","modified_gmt":"2025-10-13T05:46:21","slug":"nitecore-low-temperature-nl1835lthp-18650-akku","status":"publish","type":"product","link":"https:\/\/kivenalla.fi\/en\/product\/nitecore-low-temperature-nl1835lthp-18650-akku\/","title":{"rendered":"Nitecore Low Temperature NL1835LTHP 18650 Battery"},"content":{"rendered":"<p>Nitecore Low Temperature 18650 -akku on erinomainen valinta esimerkiksi tasku- ja otsalamppuihin, erityisesti eritt\u00e4in kylmiss\u00e4 olosuhteissa. T\u00e4m\u00e4 akku toimii luotettavasti jopa -40\u00b0C pakkasessa, jossa sen kapasiteetista on yh\u00e4 j\u00e4ljell\u00e4 75 %. Tavalliset Li-ion-akut menett\u00e4v\u00e4t suorituskyky\u00e4\u00e4n vastaavissa olosuhteissa, mutta Nitecoren akku pit\u00e4\u00e4 valaisimen toiminnassa \u00e4\u00e4rimm\u00e4isess\u00e4 kylmyydess\u00e4kin. Akku on yhteensopiva kaikkien 18650-akkuja k\u00e4ytt\u00e4vien laitteiden kanssa ja voidaan ladata joko ulkoisella laturilla tai laitteen sis\u00e4ll\u00e4, jos laite tukee latausominaisuutta.<\/p>\n\n\n\n<p>Akussa on poikkeuksellisen korkea maksimaalinen purkuvirta (8A), mik\u00e4 tekee siit\u00e4 sopivan my\u00f6s laitteille, jotka vaativat suurta virransy\u00f6tt\u00f6\u00e4 korkean valotehon tuottamiseen.<\/p>\n\n\n\n<p><strong>Technical details<\/strong><\/p>\n\n\n\n<ul class=\"wp-block-list\">\n<li><strong>Merkki ja malli:<\/strong> Nitecore NL1835LTHP<\/li>\n\n\n\n<li><strong>Akkutyyppi:<\/strong> 18650 Low Temperature Li-ion<\/li>\n\n\n\n<li><strong>Suojapiiri:<\/strong> Suojaa ylilataukselta, ylipurkautumiselta ja oikosuluilta<\/li>\n\n\n\n<li><strong>Kapasiteetti:<\/strong> 3500 mAh<\/li>\n\n\n\n<li><strong>Nimellisj\u00e4nnite:<\/strong> 3.6V<\/li>\n\n\n\n<li><strong>Size:<\/strong> Noin 69.3 mm x 18.7 mm<\/li>\n\n\n\n<li><strong>Maks. purkuvirta:<\/strong> 8A<\/li>\n<\/ul>\n\n\n\n<p><strong>K\u00e4ytt\u00f6turvallisuusohjeet<\/strong><br>K\u00e4yt\u00e4 vain akkua varten suunniteltua laturia. \u00c4l\u00e4 yhdist\u00e4 eri merkkisi\u00e4, tyyppej\u00e4 tai malleja samanaikaisesti. \u00c4l\u00e4 j\u00e4t\u00e4 akkua latautumaan yli 24 tunnin ajaksi ja varmista aina, ett\u00e4 lataus tapahtuu valvonnan alla.<\/p>","protected":false},"excerpt":{"rendered":"<p>Laadukas, eritt\u00e4in hyvin kylm\u00e4\u00e4 kest\u00e4v\u00e4 18650 Li-ion-akku 3500 mAh kapasiteetilla. Kest\u00e4\u00e4 jopa -40\u00b0C pakkasen, jolloin kapasiteetista on j\u00e4ljell\u00e4 n. 75%.<\/p>","protected":false},"featured_media":15689,"comment_status":"open","ping_status":"closed","template":"","meta":{"_kadence_starter_templates_imported_post":false,"_kad_post_transparent":"","_kad_post_title":"","_kad_post_layout":"","_kad_post_sidebar_id":"","_kad_post_content_style":"","_kad_post_vertical_padding":"","_kad_post_feature":"","_kad_post_feature_position":"","_kad_post_header":false,"_kad_post_footer":false,"_kad_post_classname":""},"product_brand":[],"product_cat":[1568,1585,16],"product_tag":[],"class_list":{"0":"post-15688","1":"product","2":"type-product","3":"status-publish","4":"has-post-thumbnail","6":"product_cat-akut-ja-paristot","7":"product_cat-uudet-tuotteet","8":"product_cat-yleinen","10":"first","11":"instock","12":"taxable","13":"shipping-taxable","14":"purchasable","15":"product-type-simple","16":"entry","17":"content-bg","18":"loop-entry"},"_links":{"self":[{"href":"https:\/\/kivenalla.fi\/en\/wp-json\/wp\/v2\/product\/15688","targetHints":{"allow":["GET"]}}],"collection":[{"href":"https:\/\/kivenalla.fi\/en\/wp-json\/wp\/v2\/product"}],"about":[{"href":"https:\/\/kivenalla.fi\/en\/wp-json\/wp\/v2\/types\/product"}],"replies":[{"embeddable":true,"href":"https:\/\/kivenalla.fi\/en\/wp-json\/wp\/v2\/comments?post=15688"}],"wp:featuredmedia":[{"embeddable":true,"href":"https:\/\/kivenalla.fi\/en\/wp-json\/wp\/v2\/media\/15689"}],"wp:attachment":[{"href":"https:\/\/kivenalla.fi\/en\/wp-json\/wp\/v2\/media?parent=15688"}],"wp:term":[{"taxonomy":"product_brand","embeddable":true,"href":"https:\/\/kivenalla.fi\/en\/wp-json\/wp\/v2\/product_brand?post=15688"},{"taxonomy":"product_cat","embeddable":true,"href":"https:\/\/kivenalla.fi\/en\/wp-json\/wp\/v2\/product_cat?post=15688"},{"taxonomy":"product_tag","embeddable":true,"href":"https:\/\/kivenalla.fi\/en\/wp-json\/wp\/v2\/product_tag?post=15688"}],"curies":[{"name":"wp","href":"https:\/\/api.w.org\/{rel}","templated":true}]}}