{"id":15744,"date":"2024-12-05T09:50:25","date_gmt":"2024-12-05T07:50:25","guid":{"rendered":"https:\/\/www.kivenalla.fi\/?post_type=product&#038;p=15744"},"modified":"2024-12-14T09:05:14","modified_gmt":"2024-12-14T07:05:14","slug":"alposet-lillapro-lumikengat-pinkki","status":"publish","type":"product","link":"https:\/\/kivenalla.fi\/en\/product\/alposet-lillapro-lumikengat-pinkki\/","title":{"rendered":"Alposet LillaPro Snowshoes (Pink)"},"content":{"rendered":"<p>Alposet LillaPro on nimens\u00e4 mukaisesti Pro-mallin pikkuveli. LillaProt ovat kooltaan pienemm\u00e4t, mutta ulkon\u00e4k\u00f6 mukailee Pron linjoja.<\/p>\n\n\n\n<p>Pienemm\u00e4n kokonsa ansiosta, LillaProt ovat ketter\u00e4mm\u00e4t k\u00e4vell\u00e4 esimerkiksi retkill\u00e4 tai pidemmill\u00e4 vaelluksilla.&nbsp; Yhten\u00e4inen rungon pinta tarjoaa kantavuutta syv\u00e4\u00e4nkin hankeen.<\/p>\n\n\n\n<p>Alposet-lumikenkien side on suunniteltu helppok\u00e4ytt\u00f6iseksi ja l\u00e4hes kaikkiin kenkiin sopivaksi. Siteiss\u00e4 on reilusti s\u00e4\u00e4t\u00f6varaa, joten keng\u00e4t sopivat niin lapsille kuin aikuisillekin. Saranoitu side est\u00e4\u00e4 lumen kertymisen keng\u00e4n p\u00e4\u00e4lle ja sallii luonnollisen jalan liikkeen k\u00e4velless\u00e4.<\/p>\n\n\n\n<p>Alposet valmistetaan v\u00e4sym\u00e4tt\u00f6m\u00e4st\u00e4 kestomuovista, joka siet\u00e4\u00e4 bensiini\u00e4, maaleja, liimoja, pesunesteit\u00e4 sek\u00e4 useimpia liuottimia.<\/p>\n\n\n\n<p>Lumikenkien runko-osa valmistetaan ruiskupuristamalla k\u00e4ytt\u00e4en 2-v\u00e4ritekniikkaa. Jokaisen rungon v\u00e4rin kuviointi on uniikki ja v\u00e4rin vahvuus voi vaihdella.<\/p>\n\n\n\n<ul class=\"wp-block-list\">\n<li>35-48 koon kengille (keng\u00e4n ulkomitan max pituus 36 cm)<\/li>\n\n\n\n<li>Rungon pituus 55 cm<\/li>\n\n\n\n<li>Leveys 26 cm<\/li>\n\n\n\n<li>Paino 2,1 kg \/ pari<\/li>\n<\/ul>\n\n\n\n<p><strong>Alposet-lumikeng\u00e4t on metalliosia lukuun ottamatta suunniteltu ja valmistettu Suomessa Pohjois-Karjalassa. <\/strong><\/p>","protected":false},"excerpt":{"rendered":"<p>Alposet LillaPro-lumikeng\u00e4t on Pro-mallin pienempi versio ja sopii mainiosti esimerkiksi retkeilyk\u00e4ytt\u00f6\u00f6n ja geok\u00e4tk\u00f6ilyyn.<\/p>","protected":false},"featured_media":15748,"comment_status":"open","ping_status":"closed","template":"","meta":{"_kadence_starter_templates_imported_post":false,"_kad_post_transparent":"","_kad_post_title":"","_kad_post_layout":"","_kad_post_sidebar_id":"","_kad_post_content_style":"","_kad_post_vertical_padding":"","_kad_post_feature":"","_kad_post_feature_position":"","_kad_post_header":false,"_kad_post_footer":false,"_kad_post_classname":""},"product_brand":[],"product_cat":[1659,1662,1585,16],"product_tag":[1392,1394,1661,1660],"class_list":{"0":"post-15744","1":"product","2":"type-product","3":"status-publish","4":"has-post-thumbnail","6":"product_cat-alposet","7":"product_cat-joulu","8":"product_cat-uudet-tuotteet","9":"product_cat-yleinen","10":"product_tag-alposet","11":"product_tag-lumikengat","12":"product_tag-retkeily","13":"product_tag-snowshoes","15":"first","16":"instock","17":"taxable","18":"shipping-taxable","19":"purchasable","20":"product-type-simple","21":"entry","22":"content-bg","23":"loop-entry"},"_links":{"self":[{"href":"https:\/\/kivenalla.fi\/en\/wp-json\/wp\/v2\/product\/15744","targetHints":{"allow":["GET"]}}],"collection":[{"href":"https:\/\/kivenalla.fi\/en\/wp-json\/wp\/v2\/product"}],"about":[{"href":"https:\/\/kivenalla.fi\/en\/wp-json\/wp\/v2\/types\/product"}],"replies":[{"embeddable":true,"href":"https:\/\/kivenalla.fi\/en\/wp-json\/wp\/v2\/comments?post=15744"}],"wp:featuredmedia":[{"embeddable":true,"href":"https:\/\/kivenalla.fi\/en\/wp-json\/wp\/v2\/media\/15748"}],"wp:attachment":[{"href":"https:\/\/kivenalla.fi\/en\/wp-json\/wp\/v2\/media?parent=15744"}],"wp:term":[{"taxonomy":"product_brand","embeddable":true,"href":"https:\/\/kivenalla.fi\/en\/wp-json\/wp\/v2\/product_brand?post=15744"},{"taxonomy":"product_cat","embeddable":true,"href":"https:\/\/kivenalla.fi\/en\/wp-json\/wp\/v2\/product_cat?post=15744"},{"taxonomy":"product_tag","embeddable":true,"href":"https:\/\/kivenalla.fi\/en\/wp-json\/wp\/v2\/product_tag?post=15744"}],"curies":[{"name":"wp","href":"https:\/\/api.w.org\/{rel}","templated":true}]}}