{"id":15767,"date":"2024-12-05T09:56:52","date_gmt":"2024-12-05T07:56:52","guid":{"rendered":"https:\/\/www.kivenalla.fi\/?post_type=product&#038;p=15767"},"modified":"2024-12-05T10:14:28","modified_gmt":"2024-12-05T08:14:28","slug":"alposet-pro-lumikengat-musta","status":"publish","type":"product","link":"https:\/\/kivenalla.fi\/en\/product\/alposet-pro-lumikengat-musta\/","title":{"rendered":"Alposet Pro Snowshoes (Black)"},"content":{"rendered":"<p>Alposet on suunniteltu Suomen maasto-olosuhteisiin. Yhten\u00e4isen pinnan ansiosta ne ovat vaivattomat syv\u00e4ss\u00e4 hangessa sek\u00e4 tihe\u00e4kasvuisessa maastossa.<\/p>\n\n\n\n<p>Alkuper\u00e4inen er\u00e4sidemalli on p\u00e4ivitetty helppok\u00e4ytt\u00f6isemm\u00e4ksi ja l\u00e4hes kaikkiin kenkiin sopivaksi. Saranoitu side est\u00e4\u00e4 lumen ker\u00e4\u00e4ntymisen keng\u00e4n p\u00e4\u00e4lle ja sallii luonnollisen jalan liikkeen k\u00e4velless\u00e4.<\/p>\n\n\n\n<p>Alposet valmistetaan v\u00e4sym\u00e4tt\u00f6m\u00e4st\u00e4 kestomuovista, joka siet\u00e4\u00e4 bensiini\u00e4, maaleja, liimoja, pesunesteit\u00e4 sek\u00e4 useimpia liuottimia.<\/p>\n\n\n\n<p>Alposet saivat alkunsa vuonna 1984. Ne olivat aikansa suosikkikeng\u00e4t, mutta valmistus j\u00e4i tauolle vanhan er\u00e4sidemallin heikon saatavuuden takia. Suuren kysynn\u00e4n ansiosta p\u00e4\u00e4timme p\u00e4ivitt\u00e4\u00e4 siteen ja kuosin 2020-luvulle, nyt Klassikko palaa entist\u00e4 parempana!<\/p>\n\n\n\n<p>Lumikenkien runko-osa valmistetaan ruiskupuristamalla k\u00e4ytt\u00e4en 2-v\u00e4ritekniikkaa. Jokaisen rungon v\u00e4rin kuviointi on uniikki ja v\u00e4rin vahvuus voi vaihdella.<\/p>\n\n\n\n<ul class=\"wp-block-list\">\n<li>35-48 koon kengille (keng\u00e4n ulkomitan max pituus 36 cm)<\/li>\n\n\n\n<li>Pituus 65 cm<\/li>\n\n\n\n<li>Leveys 30 cm<\/li>\n\n\n\n<li>Paino 2,5 kg \/ pari<\/li>\n<\/ul>\n\n\n\n<p><strong>Alposet-lumikeng\u00e4t on metalliosia lukuun ottamatta suunniteltu ja valmistettu Suomessa Pohjois-Karjalassa. <\/strong><\/p>","protected":false},"excerpt":{"rendered":"<p>Alposet Pro on suunniteltu Suomen maasto-olosuhteisiin ja sopii erityisesti vaativaan ammattik\u00e4ytt\u00f6\u00f6n.<\/p>","protected":false},"featured_media":15756,"comment_status":"open","ping_status":"closed","template":"","meta":{"_kadence_starter_templates_imported_post":false,"_kad_post_transparent":"","_kad_post_title":"","_kad_post_layout":"","_kad_post_sidebar_id":"","_kad_post_content_style":"","_kad_post_vertical_padding":"","_kad_post_feature":"","_kad_post_feature_position":"","_kad_post_header":false,"_kad_post_footer":false,"_kad_post_classname":""},"product_brand":[],"product_cat":[1659,1585,16],"product_tag":[1392,1394,1661,1660],"class_list":{"0":"post-15767","1":"product","2":"type-product","3":"status-publish","4":"has-post-thumbnail","6":"product_cat-alposet","7":"product_cat-uudet-tuotteet","8":"product_cat-yleinen","9":"product_tag-alposet","10":"product_tag-lumikengat","11":"product_tag-retkeily","12":"product_tag-snowshoes","14":"first","15":"instock","16":"taxable","17":"shipping-taxable","18":"purchasable","19":"product-type-simple","20":"entry","21":"content-bg","22":"loop-entry"},"_links":{"self":[{"href":"https:\/\/kivenalla.fi\/en\/wp-json\/wp\/v2\/product\/15767","targetHints":{"allow":["GET"]}}],"collection":[{"href":"https:\/\/kivenalla.fi\/en\/wp-json\/wp\/v2\/product"}],"about":[{"href":"https:\/\/kivenalla.fi\/en\/wp-json\/wp\/v2\/types\/product"}],"replies":[{"embeddable":true,"href":"https:\/\/kivenalla.fi\/en\/wp-json\/wp\/v2\/comments?post=15767"}],"wp:featuredmedia":[{"embeddable":true,"href":"https:\/\/kivenalla.fi\/en\/wp-json\/wp\/v2\/media\/15756"}],"wp:attachment":[{"href":"https:\/\/kivenalla.fi\/en\/wp-json\/wp\/v2\/media?parent=15767"}],"wp:term":[{"taxonomy":"product_brand","embeddable":true,"href":"https:\/\/kivenalla.fi\/en\/wp-json\/wp\/v2\/product_brand?post=15767"},{"taxonomy":"product_cat","embeddable":true,"href":"https:\/\/kivenalla.fi\/en\/wp-json\/wp\/v2\/product_cat?post=15767"},{"taxonomy":"product_tag","embeddable":true,"href":"https:\/\/kivenalla.fi\/en\/wp-json\/wp\/v2\/product_tag?post=15767"}],"curies":[{"name":"wp","href":"https:\/\/api.w.org\/{rel}","templated":true}]}}