{"id":16115,"date":"2025-01-08T12:21:59","date_gmt":"2025-01-08T10:21:59","guid":{"rendered":"https:\/\/www.kivenalla.fi\/?post_type=product&#038;p=16115"},"modified":"2025-01-08T12:45:27","modified_gmt":"2025-01-08T10:45:27","slug":"garrett-vortex-vx9","status":"publish","type":"product","link":"https:\/\/kivenalla.fi\/en\/product\/garrett-vortex-vx9\/","title":{"rendered":"Garrett Vortex VX9"},"content":{"rendered":"<p>Korkealaatuisessa Vortex-metallinpaljastimessa yhdistyv\u00e4t aloittelijoille ja vaativimmille k\u00e4ytt\u00e4jille suunnatut ominaisuudet, ja t\u00e4ysi p\u00e4ivitett\u00e4vyys ylemp\u00e4\u00e4n laiteversioon!<br><br>Tehokkaampi ja edistyksellisempi kuin VX5 ja VX7 -mallit. Kolmiulotteinen MD-MF Target ID -erottelu (kaksi skaalaa ferriittisille ja yksi ei-ferriittisille kohteille). Multi-Salt -toiminto sek\u00e4 lis\u00e4\u00e4 taajuusvaihtoehtoja. Lis\u00e4ksi laajin mahdollinen palautumisnopeuden kontrollointi. FAST-ohjelma nopeisiin kilpailutyyppisiin etsint\u00f6ihin ja korkeasti metalliroskaisiin olosuhteisiin. THIN COIN -ohjelma ohuille, matalamman s\u00e4hk\u00f6njohtavuuden kolikoille kuten taottu hopea ja ohut kulta.<br><br>T\u00e4ysin vesitiivis 5 metriin.<br>Seitsem\u00e4n taajuusaluetta k\u00e4yt\u00f6ss\u00e4: yksitaajuus- (valitse 5, 9, 13, 18 tai 25 kHz) tai monitaajuusk\u00e4ytt\u00f6 (MD-MF), perinteinen Multi-monitaajuus tai Multi-suola -monitaajuus hiekkarannoille.<br>Valaistu n\u00e4ytt\u00f6, nelj\u00e4 \u00e4\u00e4nentasoa, korkearesoluutioinen maah\u00e4iri\u00f6n poisto.<br>Sis\u00e4\u00e4nrakennettu Z-Lynk -langaton tiedonsiirtoj\u00e4rjestelm\u00e4 (yhteensopiva kaikkien Z-lynk-protokollaa hy\u00f6dynt\u00e4vien lis\u00e4osien kanssa).<br>Kuulokkeeksi suositellaan langatonta Garrett Z-Lynk MS3 -kuuloketta (SKU: 1627710), ei sis. toimitukseen.<br><br>Sis\u00e4\u00e4nrakennettu Litium-ioni-akku. Latausaika 4 h (2A). Kesto 15 h.<br><br>Toimitetaan 8,5&#215;11&#8243; Raider DD -kelalla.<br>Paino 1.38 kg.<br><br>P\u00e4ivitett\u00e4v\u00e4 ohjelma.<br>Takuu 3 vuotta.<\/p>","protected":false},"excerpt":{"rendered":"<p><strong>Garrettin uutuus!<br \/><\/strong><\/p>","protected":false},"featured_media":16119,"comment_status":"open","ping_status":"closed","template":"","meta":{"_kadence_starter_templates_imported_post":false,"_kad_post_transparent":"","_kad_post_title":"","_kad_post_layout":"","_kad_post_sidebar_id":"","_kad_post_content_style":"","_kad_post_vertical_padding":"","_kad_post_feature":"","_kad_post_feature_position":"","_kad_post_header":false,"_kad_post_footer":false,"_kad_post_classname":""},"product_brand":[],"product_cat":[1555,1585,16],"product_tag":[1665,83,85,165,1664],"class_list":{"0":"post-16115","1":"product","2":"type-product","3":"status-publish","4":"has-post-thumbnail","6":"product_cat-garrett","7":"product_cat-uudet-tuotteet","8":"product_cat-yleinen","9":"product_tag-aarre-maan-alla","10":"product_tag-garrett","11":"product_tag-metallinetsinta","12":"product_tag-metallinpaljastin","13":"product_tag-vortex","15":"first","16":"onbackorder","17":"taxable","18":"shipping-taxable","19":"purchasable","20":"product-type-simple","21":"entry","22":"content-bg","23":"loop-entry"},"_links":{"self":[{"href":"https:\/\/kivenalla.fi\/en\/wp-json\/wp\/v2\/product\/16115","targetHints":{"allow":["GET"]}}],"collection":[{"href":"https:\/\/kivenalla.fi\/en\/wp-json\/wp\/v2\/product"}],"about":[{"href":"https:\/\/kivenalla.fi\/en\/wp-json\/wp\/v2\/types\/product"}],"replies":[{"embeddable":true,"href":"https:\/\/kivenalla.fi\/en\/wp-json\/wp\/v2\/comments?post=16115"}],"wp:featuredmedia":[{"embeddable":true,"href":"https:\/\/kivenalla.fi\/en\/wp-json\/wp\/v2\/media\/16119"}],"wp:attachment":[{"href":"https:\/\/kivenalla.fi\/en\/wp-json\/wp\/v2\/media?parent=16115"}],"wp:term":[{"taxonomy":"product_brand","embeddable":true,"href":"https:\/\/kivenalla.fi\/en\/wp-json\/wp\/v2\/product_brand?post=16115"},{"taxonomy":"product_cat","embeddable":true,"href":"https:\/\/kivenalla.fi\/en\/wp-json\/wp\/v2\/product_cat?post=16115"},{"taxonomy":"product_tag","embeddable":true,"href":"https:\/\/kivenalla.fi\/en\/wp-json\/wp\/v2\/product_tag?post=16115"}],"curies":[{"name":"wp","href":"https:\/\/api.w.org\/{rel}","templated":true}]}}