{"id":16121,"date":"2025-01-08T12:29:32","date_gmt":"2025-01-08T10:29:32","guid":{"rendered":"https:\/\/www.kivenalla.fi\/?post_type=product&#038;p=16121"},"modified":"2025-01-08T12:45:22","modified_gmt":"2025-01-08T10:45:22","slug":"garrett-vortex-vx7","status":"publish","type":"product","link":"https:\/\/kivenalla.fi\/en\/product\/garrett-vortex-vx7\/","title":{"rendered":"Garrett Vortex VX7"},"content":{"rendered":"<p>Korkealaatuisessa Vortex-metallinpaljastimessa yhdistyv\u00e4t aloittelijoille ja vaativimmille k\u00e4ytt\u00e4jille suunnatut ominaisuudet, ja t\u00e4ysi p\u00e4ivitett\u00e4vyys ylemp\u00e4\u00e4n laiteversioon!<\/p>\n\n\n\n<p>Tehokkaampi ja edistyksellisempi kuin VX5. Sis\u00e4lt\u00e4\u00e4 yhden lis\u00e4taajuuden ja hakuohjelman VX5:seen verrattuna, lis\u00e4ksi Suola-ohjelma monitaajuusk\u00e4yt\u00f6ss\u00e4 merivedess\u00e4 tapahtuvaan k\u00e4ytt\u00f6\u00f6n. Kaksitasoinen MD-MF Target ID -erottelu (erilliset skaalat ferriittisille ja ei-ferriittisille kohteille). Yksi lis\u00e4-\u00e4\u00e4nentaso sek\u00e4 s\u00e4\u00e4dett\u00e4v\u00e4 palautumisnopeus VX5:seen verrattuna.<\/p>\n\n\n\n<p>T\u00e4ysin vesitiivis 5 metriin.<\/p>\n\n\n\n<p>Yksitaajuus- (13 kHz) tai monitaajuusk\u00e4ytt\u00f6 (MD-MF).<\/p>\n\n\n\n<p>Valaistu n\u00e4ytt\u00f6, nelj\u00e4 \u00e4\u00e4nentasoa, korkearesoluutioinen maah\u00e4iri\u00f6n poisto.<\/p>\n\n\n\n<p>Toimitetaan 8,5&#215;11&#8243; DD -kelalla.<\/p>\n\n\n\n<p>P\u00e4ivitett\u00e4v\u00e4 ohjelma.<\/p>\n\n\n\n<p>Takuu 3 vuotta.<\/p>","protected":false},"excerpt":{"rendered":"<p>Garrettin uutuus!<\/p>","protected":false},"featured_media":16123,"comment_status":"open","ping_status":"closed","template":"","meta":{"_kadence_starter_templates_imported_post":false,"_kad_post_transparent":"","_kad_post_title":"","_kad_post_layout":"","_kad_post_sidebar_id":"","_kad_post_content_style":"","_kad_post_vertical_padding":"","_kad_post_feature":"","_kad_post_feature_position":"","_kad_post_header":false,"_kad_post_footer":false,"_kad_post_classname":""},"product_brand":[],"product_cat":[1555,1585,16],"product_tag":[1665,83,85,165,1664],"class_list":{"0":"post-16121","1":"product","2":"type-product","3":"status-publish","4":"has-post-thumbnail","6":"product_cat-garrett","7":"product_cat-uudet-tuotteet","8":"product_cat-yleinen","9":"product_tag-aarre-maan-alla","10":"product_tag-garrett","11":"product_tag-metallinetsinta","12":"product_tag-metallinpaljastin","13":"product_tag-vortex","15":"first","16":"onbackorder","17":"taxable","18":"shipping-taxable","19":"purchasable","20":"product-type-simple","21":"entry","22":"content-bg","23":"loop-entry"},"_links":{"self":[{"href":"https:\/\/kivenalla.fi\/en\/wp-json\/wp\/v2\/product\/16121","targetHints":{"allow":["GET"]}}],"collection":[{"href":"https:\/\/kivenalla.fi\/en\/wp-json\/wp\/v2\/product"}],"about":[{"href":"https:\/\/kivenalla.fi\/en\/wp-json\/wp\/v2\/types\/product"}],"replies":[{"embeddable":true,"href":"https:\/\/kivenalla.fi\/en\/wp-json\/wp\/v2\/comments?post=16121"}],"wp:featuredmedia":[{"embeddable":true,"href":"https:\/\/kivenalla.fi\/en\/wp-json\/wp\/v2\/media\/16123"}],"wp:attachment":[{"href":"https:\/\/kivenalla.fi\/en\/wp-json\/wp\/v2\/media?parent=16121"}],"wp:term":[{"taxonomy":"product_brand","embeddable":true,"href":"https:\/\/kivenalla.fi\/en\/wp-json\/wp\/v2\/product_brand?post=16121"},{"taxonomy":"product_cat","embeddable":true,"href":"https:\/\/kivenalla.fi\/en\/wp-json\/wp\/v2\/product_cat?post=16121"},{"taxonomy":"product_tag","embeddable":true,"href":"https:\/\/kivenalla.fi\/en\/wp-json\/wp\/v2\/product_tag?post=16121"}],"curies":[{"name":"wp","href":"https:\/\/api.w.org\/{rel}","templated":true}]}}