{"id":16371,"date":"2025-02-06T10:24:04","date_gmt":"2025-02-06T08:24:04","guid":{"rendered":"https:\/\/www.kivenalla.fi\/?post_type=product&#038;p=16371"},"modified":"2025-11-25T09:40:24","modified_gmt":"2025-11-25T07:40:24","slug":"fenix-hl45r-otsalamppu-1000-lm","status":"publish","type":"product","link":"https:\/\/kivenalla.fi\/en\/product\/fenix-hl45r-otsalamppu-1000-lm\/","title":{"rendered":"Fenix HL45R -otsalamppu, 1000 lm"},"content":{"rendered":"<h3 class=\"wp-block-heading\">Fenix HL45R \u2013 Tehokas ja monipuolinen otsalamppu<\/h3>\n\n\n\n<p>Fenix HL45R on uusi, s\u00e4\u00e4dett\u00e4v\u00e4ll\u00e4 valokeilalla varustettu otsalamppu, joka soveltuu monipuolisiin tarpeisiin. Se tuottaa jopa 1000 lumenin valotehon, valaisten aina 220 metrin p\u00e4\u00e4h\u00e4n (ANSI NEMA FL1 -standardin mukaisesti). Kaikki lampun toiminnot ovat nopeasti k\u00e4ytett\u00e4viss\u00e4 py\u00f6r\u00f6kytkimest\u00e4, jota on helppo k\u00e4ytt\u00e4\u00e4 my\u00f6s k\u00e4sineet k\u00e4dess\u00e4. Valokeila on portaattomasti s\u00e4\u00e4dett\u00e4viss\u00e4 kohde- ja laajavalon v\u00e4lill\u00e4, mik\u00e4 mahdollistaa optimaalisen valaistuksen erilaisiin tilanteisiin.<\/p>\n\n\n\n<p>Edistyksellinen liikesensori mahdollistaa lampun kytkemisen p\u00e4\u00e4lle ja pois yksinkertaisella k\u00e4den heilautuksella. Lis\u00e4ksi HL45R:st\u00e4 l\u00f6ytyy punavalotoiminto, joka s\u00e4ilytt\u00e4\u00e4 h\u00e4m\u00e4r\u00e4n\u00e4\u00f6n, toimii y\u00f6valona tai huomiovalona.<\/p>\n\n\n\n<p>Lamppu toimii ladattavalla akkuparistolla (sis\u00e4ltyy) tai vaihtoehtoisesti kolmella AAA-paristolla, tarjoten joustavuutta k\u00e4ytt\u00f6\u00f6n. Akkuparisto latautuu nopeasti suoraan lampussa olevasta USB-C-liit\u00e4nn\u00e4st\u00e4. HL45R on kest\u00e4v\u00e4st\u00e4 alumiinista valmistettu otsalamppu, joka on suunniteltu vaativiin olosuhteisiin. IP66-luokitus varmistaa sen erinomaisen p\u00f6ly- ja roiskevesitiiviyden.<\/p>\n\n\n\n<figure class=\"wp-block-embed is-type-video is-provider-youtube wp-block-embed-youtube wp-embed-aspect-16-9 wp-has-aspect-ratio\"><div class=\"wp-block-embed__wrapper\">\n<iframe loading=\"lazy\" title=\"Fenix HL45R \u2013 Tehokas ja monipuolinen valokeilaa s\u00e4\u00e4t\u00e4v\u00e4 otsalamppu\" width=\"720\" height=\"405\" src=\"https:\/\/www.youtube.com\/embed\/zJxXJzY1GOc?feature=oembed\" frameborder=\"0\" allow=\"accelerometer; autoplay; clipboard-write; encrypted-media; gyroscope; picture-in-picture; web-share\" referrerpolicy=\"strict-origin-when-cross-origin\" allowfullscreen><\/iframe>\n<\/div><\/figure>\n\n\n\n<h3 class=\"wp-block-heading\">S\u00e4\u00e4dett\u00e4v\u00e4 valokeila<\/h3>\n\n\n\n<p>S\u00e4\u00e4dett\u00e4v\u00e4n valokartion avulla valoa voi s\u00e4\u00e4t\u00e4\u00e4 joko laajalle ja pehme\u00e4lle valaisulle koko alueelle tai kohdistaa kirkkaaksi kohdevaloksi, jonka kantama on jopa 220 metri\u00e4.<\/p>\n\n\n\n<h3 class=\"wp-block-heading\">Yksi kytkin, kaikki toiminnot<\/h3>\n\n\n\n<p>HL45R:n suunnittelussa on erityisesti otettu huomioon sen helppok\u00e4ytt\u00f6isyys vaativissa olosuhteissa. Lampun kaikki toiminnot ovat vaivattomasti k\u00e4ytett\u00e4viss\u00e4 yhdest\u00e4 rotaatio- ja elektronisesta painonappikytkimest\u00e4. Kytkint\u00e4 kiert\u00e4m\u00e4ll\u00e4 voi valita valkoisen tai punaisen valon tilan, ja painamalla nappia, kirkkaustilan valinnan. Viimeksi k\u00e4ytetty kirkkaustila tallentuu lampun muistiin ja on k\u00e4ytett\u00e4viss\u00e4 my\u00f6s lampun sammuttamisen j\u00e4lkeen.<\/p>\n\n\n\n<h3 class=\"wp-block-heading\">Optimaalinen valaisu kaikissa tilanteissa<\/h3>\n\n\n\n<p>K\u00e4ytt\u00e4j\u00e4l\u00e4ht\u00f6isesti suunnitellut valon kirkkausasetukset tarjoavat k\u00e4yt\u00e4nn\u00f6llisyytt\u00e4 ja optimaalisen valaisun monenlaisiin tilanteisiin. Valkoisessa valossa on nelj\u00e4 kirkkausasetusta: 1000 lm, 350 lm, 130 lm ja 30 lm. N\u00e4m\u00e4 asetukset takaavat tehokkaan, pitk\u00e4lle kantavan valaistuksen sek\u00e4 riitt\u00e4v\u00e4n ja pitk\u00e4kestoisen valon ty\u00f6skentelyyn. Punaisen valon tilassa on my\u00f6s nelj\u00e4 kirkkausasetusta: 130 lm, 30 lm, 5 lm ja vilkkutoiminto. N\u00e4m\u00e4 tilat mahdollistavat tehokkaan liikkumisen pime\u00e4ss\u00e4 sek\u00e4 optimaalisen valon y\u00f6- tai lukuvaloksi.<\/p>\n\n\n\n<h3 class=\"wp-block-heading\">Kytke valo p\u00e4\u00e4lle tai pois pelk\u00e4ll\u00e4 k\u00e4den liikkeell\u00e4<\/h3>\n\n\n\n<p>Lamppu voidaan kytke\u00e4 p\u00e4\u00e4lle\/pois pelk\u00e4ll\u00e4 k\u00e4denheilalutuksella. Liikeen tunnistavat sensorit helpottavat lampun k\u00e4ytt\u00f6\u00e4 silloin kun valon k\u00e4ytt\u00e4minen on jaksoittaista. Heilauta k\u00e4tt\u00e4si vain noin 10 senttimetrin et\u00e4isyydell\u00e4 lampusta sulkeaksesi ja j\u00e4lleen kytke\u00e4ksesi lamppusi p\u00e4\u00e4lle. Tunnistustoiminto saadaan my\u00f6s tarvittaessa kytketty\u00e4 pois toiminnasta esim. sateella, ahtaissa tiloissa ty\u00f6skennelt\u00e4ess\u00e4 yms.<\/p>\n\n\n\n<h3 class=\"wp-block-heading\">Toimii ladattavalla akulla tai paristoilla<\/h3>\n\n\n\n<p>Fenix HL45R otsalamppu toimii sek\u00e4 ladattavalla akulla (sis\u00e4ltyy) ett\u00e4 paristoilla, mik\u00e4 tarjoaa erinomaisen joustavuuden ja luotettavuuden kaikissa tilanteissa. Ladattava akku on ymp\u00e4rist\u00f6yst\u00e4v\u00e4llinen ja kustannustehokas p\u00e4ivitt\u00e4isess\u00e4 k\u00e4yt\u00f6ss\u00e4, kun taas paristot takaavat toiminnan my\u00f6s paikoissa, joissa latausmahdollisuuksia ei ole \u2013 olitpa sitten er\u00e4maassa tai \u00e4\u00e4rimm\u00e4isess\u00e4 pakkasessa. T\u00e4m\u00e4 virtal\u00e4hteiden yhdistelm\u00e4 varmistaa, ett\u00e4 valoa riitt\u00e4\u00e4 aina, kun sit\u00e4 eniten tarvitset.<\/p>\n\n\n\n<h3 class=\"wp-block-heading\">Product Information<\/h3>\n\n\n\n<ul class=\"wp-block-list\">\n<li>Valoteho: 1000 lm (valkoinen valo), 130 lm (punainen valo).<\/li>\n\n\n\n<li>Maksimikantama: 220 metri\u00e4 (valkoinen valo), 27 m (punainen valo).<\/li>\n\n\n\n<li>Toimintatilat: 4 kpl.<\/li>\n\n\n\n<li>54 tunnin yht\u00e4mittaisen k\u00e4ytt\u00f6ajan tarjoava k\u00e4ytt\u00f6tila (30 lm).<\/li>\n\n\n\n<li>Helppok\u00e4ytt\u00f6inen py\u00f6r\u00f6kytkin &#8211; ja elektroninen painonappiyhdistelm\u00e4.<\/li>\n\n\n\n<li>Liikkeen tunnistava toiminto &#8211; valo voidaan kytke\u00e4 p\u00e4\u00e4lle ja pois k\u00e4den heilautuksella.<\/li>\n\n\n\n<li>Valmistettu iskunkest\u00e4v\u00e4st\u00e4 alumiinista.<\/li>\n\n\n\n<li>USB tyypin C-latausliitin, latausaika tyhj\u00e4st\u00e4 t\u00e4yteen 3 tuntia.<\/li>\n\n\n\n<li>LED-merkkivalot j\u00e4ljell\u00e4olevan virran ja latauksen tilan seurantaan.<\/li>\n\n\n\n<li>Viimeisen k\u00e4ytt\u00f6tilan muistitoiminto.<\/li>\n\n\n\n<li>Alhaisen virran ilmaisintoiminto.<\/li>\n\n\n\n<li>Pakkaus sis\u00e4lt\u00e4\u00e4: HL45R otsalamppu, ARB-LP-1900 Li-Ion akkuparisto, USB tyypin C-latausjohto, k\u00e4ytt\u00f6ohje.<\/li>\n<\/ul>\n\n\n\n<p>Fenix-tuotemerkki takaa aina huippulaadun, HL45R on IP66 tiivisluokituksen mukaisesti p\u00f6ly- ja roiskevesitiivis. Kaikki Fenix valaisimet on testattu omassa laboratoriossa amerikkalaisen ANSI\/FL1 standardin mukaisesti. HL45R otsalampulla on viiden (5) vuoden (paristo 1 vuosi) Fenix-laatutakuu.<\/p>\n\n\n\n<h3 class=\"wp-block-heading\">Technical details<\/h3>\n\n\n\n<figure class=\"wp-block-table\"><table class=\"has-fixed-layout\"><tbody><tr><td>Maximum brightness (max)<\/td><td>1000 lumenia<\/td><\/tr><tr><td>Runtime (max)<\/td><td>54 h<\/td><\/tr><tr><td>Beam distance (max)<\/td><td>220 metri\u00e4<\/td><\/tr><tr><td>Peak intensity (max)<\/td><td>12067 kandela<\/td><\/tr><tr><td>Impact resistance<\/td><td>1 m<\/td><\/tr><tr><td>Water resistance<\/td><td>IP66<\/td><\/tr><tr><td>Operating modes<\/td><td>4 kpl (valkoinen valo), 4 kpl (punainen valo)<\/td><\/tr><tr><td>K\u00e4ytt\u00f6tila: Turbo<\/td><td>1000 lm \/ 3 h* \/ 220 m \/ 12067 cd<\/td><\/tr><tr><td>K\u00e4ytt\u00f6tila: Korkea<\/td><td>350 lm \/ 4 h 20 min \/ 135 m \/ 4533 cd<\/td><\/tr><tr><td>K\u00e4ytt\u00f6tila: Keski<\/td><td>130 lm \/ 12 h 40 min \/ 82 m \/ 1660 cd<\/td><\/tr><tr><td>K\u00e4ytt\u00f6tila: Matala<\/td><td>30 lm \/ 54 h \/ 39 m \/ 375 cd<\/td><\/tr><tr><td>Punavalo: korkea<\/td><td>130 lm \/ 4 h 20 min \/ 27 m \/ 180 cd<\/td><\/tr><tr><td>Punavalo: keskitila<\/td><td>30 lm \/ 25 h 30 min \/ 9 m \/ 22 cd<\/td><\/tr><tr><td>Punavalo: matala<\/td><td>5 lm \/ 124 h \/ 4 m \/ 4 cd<\/td><\/tr><tr><td>Punavalo vilkku<\/td><td>5 lm \/ 240 h<\/td><\/tr><tr><td>LED type<\/td><td>Luminus SFT25R valkoinen LED, OSRAM GR QSSPA1.23 punainen LED.<\/td><\/tr><tr><td>Size<\/td><td>78,2 x 44,5 x 50 mm<\/td><\/tr><tr><td>Weight<\/td><td>133 g (sis. akku)<\/td><\/tr><tr><td>Power source<\/td><td>1 x ladattava ARB-LP1900 Li-ion (sis\u00e4ltyy), 3 x AAA-alkaaliparisto (ei sis\u00e4lly)<\/td><\/tr><tr><td>Charging method<\/td><td>USB-C<\/td><\/tr><tr><td>Certifications<\/td><td>ANSI\/NEMA FL-1, ROHS, CE<\/td><\/tr><tr><td>Warranty<\/td><td>5 years<\/td><\/tr><tr><td>Package contents<\/td><td>HL45R otsalamppu, ARB-LP-1900 Li-Ion akkuparisto, USB tyypin C-latausjohto, k\u00e4ytt\u00f6ohje.<\/td><\/tr><\/tbody><\/table><\/figure>\n\n\n\n<p>* The runtime of the Turbo mode is the continuous operating time at brightness levels from 100% down to 10%. Performance values are according to the ANSI\/PLATO FL1 handheld flashlight standard.<\/p>","protected":false},"excerpt":{"rendered":"<p>Fenix HL45R \u2013 Tehokas ja monipuolinen otsalamppu<\/p>","protected":false},"featured_media":16376,"comment_status":"open","ping_status":"closed","template":"","meta":{"_kadence_starter_templates_imported_post":false,"_kad_post_transparent":"","_kad_post_title":"","_kad_post_layout":"","_kad_post_sidebar_id":"","_kad_post_content_style":"","_kad_post_vertical_padding":"","_kad_post_feature":"","_kad_post_feature_position":"","_kad_post_header":false,"_kad_post_footer":false,"_kad_post_classname":""},"product_brand":[],"product_cat":[1564,16],"product_tag":[32,1667,1668,267],"class_list":{"0":"post-16371","1":"product","2":"type-product","3":"status-publish","4":"has-post-thumbnail","6":"product_cat-fenix","7":"product_cat-yleinen","8":"product_tag-fenix","9":"product_tag-fenix-hl45r","10":"product_tag-hl45r","11":"product_tag-otsalamppu","13":"first","14":"onbackorder","15":"taxable","16":"shipping-taxable","17":"purchasable","18":"product-type-simple","19":"entry","20":"content-bg","21":"loop-entry"},"_links":{"self":[{"href":"https:\/\/kivenalla.fi\/en\/wp-json\/wp\/v2\/product\/16371","targetHints":{"allow":["GET"]}}],"collection":[{"href":"https:\/\/kivenalla.fi\/en\/wp-json\/wp\/v2\/product"}],"about":[{"href":"https:\/\/kivenalla.fi\/en\/wp-json\/wp\/v2\/types\/product"}],"replies":[{"embeddable":true,"href":"https:\/\/kivenalla.fi\/en\/wp-json\/wp\/v2\/comments?post=16371"}],"wp:featuredmedia":[{"embeddable":true,"href":"https:\/\/kivenalla.fi\/en\/wp-json\/wp\/v2\/media\/16376"}],"wp:attachment":[{"href":"https:\/\/kivenalla.fi\/en\/wp-json\/wp\/v2\/media?parent=16371"}],"wp:term":[{"taxonomy":"product_brand","embeddable":true,"href":"https:\/\/kivenalla.fi\/en\/wp-json\/wp\/v2\/product_brand?post=16371"},{"taxonomy":"product_cat","embeddable":true,"href":"https:\/\/kivenalla.fi\/en\/wp-json\/wp\/v2\/product_cat?post=16371"},{"taxonomy":"product_tag","embeddable":true,"href":"https:\/\/kivenalla.fi\/en\/wp-json\/wp\/v2\/product_tag?post=16371"}],"curies":[{"name":"wp","href":"https:\/\/api.w.org\/{rel}","templated":true}]}}