{"id":17732,"date":"2025-05-13T10:32:00","date_gmt":"2025-05-13T07:32:00","guid":{"rendered":"https:\/\/www.kivenalla.fi\/?post_type=product&#038;p=17732"},"modified":"2025-12-11T08:48:22","modified_gmt":"2025-12-11T06:48:22","slug":"fenix-e06r-700-lm-avaimenperalamppu","status":"publish","type":"product","link":"https:\/\/kivenalla.fi\/en\/product\/fenix-e06r-700-lm-avaimenperalamppu\/","title":{"rendered":"Fenix E06R, 700 lm (keychain flashlight)"},"content":{"rendered":"<h3 class=\"wp-block-heading\">Fenix E06R \u2013 Our most powerful and versatile keychain flashlight.<\/h3>\n\n\n\n<p>The Fenix E06R is a keychain flashlight that delivers a peak output of 700 lumens, lighting up even the most demanding situations. This compact light is not an ordinary keychain flashlight \u2014 its versatile features, including UV light and a red laser pointer, make it the perfect tool for various needs. The E06R is designed to meet all your lighting requirements, whether you\u2019re at work or on the go.<\/p>\n\n\n\n<p>This compact flashlight features a red laser pointer, perfect for inspection tasks, as well as convenient colored light modes that assist in performing various marking and highlighting duties.<\/p>\n\n\n\n<p>Multiple attachment options\u2014including clip, magnetic mount, and key ring\u2014make the E06R extremely practical and easy to carry. Whether you\u2019re an industrial professional or an active hobbyist, the E06R is designed for those who need a reliable and durable light in every situation.<\/p>\n\n\n\n<figure class=\"wp-block-embed is-type-video is-provider-youtube wp-block-embed-youtube wp-embed-aspect-16-9 wp-has-aspect-ratio\"><div class=\"wp-block-embed__wrapper\">\n<iframe loading=\"lazy\" title=\"Fenix E06R keychain flashlight\" width=\"720\" height=\"405\" src=\"https:\/\/www.youtube.com\/embed\/0dE9TeudUto?feature=oembed\" frameborder=\"0\" allow=\"accelerometer; autoplay; clipboard-write; encrypted-media; gyroscope; picture-in-picture; web-share\" referrerpolicy=\"strict-origin-when-cross-origin\" allowfullscreen><\/iframe>\n<\/div><\/figure>\n\n\n\n<h3 class=\"wp-block-heading\">Three lights in one<\/h3>\n\n\n\n<p>The Fenix E06R offers more than a regular keychain light. In addition to the white light, it also features a powerful UV light and a red laser pointer. Using the different functions is easy and quick, as each function has its own push button \u2014 no fuss, just simple operation.<\/p>\n\n\n\n<ul class=\"wp-block-list\">\n<li><strong>White light<\/strong> (max. 700 lm) \u2013 wide and powerful illumination up to 100 meters.<\/li>\n\n\n\n<li><strong>UV-light<\/strong> (365 nm, 580 mW) \u2013 highly useful for security inspections, counterfeit detection, document verification, geocaching, and industrial maintenance and inspection tasks such as pipe leak checks.<\/li>\n\n\n\n<li><strong>Red laser light<\/strong> \u2013 helps precisely point to targets in hard-to-reach places, and is useful for indicating slides and diagrams during meetings, trainings, and generally for highlighting objects.<\/li>\n<\/ul>\n\n\n\n<h3 class=\"wp-block-heading\">Color-changing light<\/h3>\n\n\n\n<p>A special feature of the Fenix E06R light is its four color light modes: color-changing RGB, flashing red, flashing blue, and a combination of flashing red and blue. The color light modes are activated by double-pressing the power button, and a single press allows you to easily switch between modes. These color lights provide an excellent way to attract attention and stand out.<\/p>\n\n\n\n<h3 class=\"wp-block-heading\">USB Type-C charging port<\/h3>\n\n\n\n<p>The Fenix E06R charges quickly via the USB Type-C charging port located on the side of the flashlight. The color light around the push button clearly indicates the charging progress.<\/p>\n\n\n\n<h3 class=\"wp-block-heading\">Product Information<\/h3>\n\n\n\n<ul class=\"wp-block-list\">\n<li>700 lumens maximum output and 110 meters beam distance.<\/li>\n\n\n\n<li>Built-in 750mAh battery.<\/li>\n\n\n\n<li>White light, UV light, and red laser.<\/li>\n\n\n\n<li>Three independently controlled light sources.<\/li>\n\n\n\n<li>Red\/blue\/RGB breathing light ring.<\/li>\n\n\n\n<li>Versatile attachment options; keyring hole, belt clip.<\/li>\n\n\n\n<li>Magneettinen kanta &#8221;k\u00e4det vapaana&#8221;-k\u00e4ytt\u00f6\u00f6n.<\/li>\n\n\n\n<li>Button lock.<\/li>\n\n\n\n<li>Memory function for the last used mode (white light).<\/li>\n\n\n\n<li>USB Type-C waterproof charging port.<\/li>\n\n\n\n<li>Durable full metal CNC-machined body.<\/li>\n\n\n\n<li>High-quality HAIII hard-anodized, wear-resistant finish.<\/li>\n\n\n\n<li>Color: gray.<\/li>\n\n\n\n<li>Package includes: E06R, USB Type-C charging cable, lanyard, key ring, user manual.<\/li>\n<\/ul>\n\n\n\n<p>The Fenix brand always guarantees top quality. The E06R keychain flashlight is rated IP66 for dust and splash resistance as well as impact durability. All Fenix lights are tested in our own laboratory according to the American ANSI\/FL1 standard. The E06R flashlight comes with a two (2) year Fenix quality warranty.<\/p>\n\n\n\n<h3 class=\"wp-block-heading\">Technical details<\/h3>\n\n\n\n<figure class=\"wp-block-table\"><table class=\"has-fixed-layout\"><tbody><tr><td>Maximum brightness (max)<\/td><td>700 lumens<\/td><\/tr><tr><td>Runtime (max)<\/td><td>60 hours (lowest brightness mode)<\/td><\/tr><tr><td>Beam distance (max)<\/td><td>110 m<\/td><\/tr><tr><td>Peak intensity (max)<\/td><td>3100 candela<\/td><\/tr><tr><td>Impact resistance<\/td><td>1 m<\/td><\/tr><tr><td>Water resistance<\/td><td>IP66<\/td><\/tr><tr><td>Operating modes<\/td><td>4 modes + UV light + red laser + 4 color light modes<\/td><\/tr><tr><td>High mode<\/td><td>700 lm \/ 1 h 20 min* \/ 110 m \/ 3100 cd<\/td><\/tr><tr><td>Middle mode<\/td><td>150 lm \/ 2 h 50 min \/ 50 m \/ 645 cd<\/td><\/tr><tr><td>Low mode<\/td><td>30 lm \/ 12 h \/ 23 m \/ 130 cd<\/td><\/tr><tr><td>Eco mode<\/td><td>5 lm \/ 60 h \/ 9 m \/ 20 cd<\/td><\/tr><tr><td>Color lights: adjustable<\/td><td>0,5 lm<\/td><\/tr><tr><td>Color lights: red<\/td><td>1 lm<\/td><\/tr><tr><td>Color lights: blue<\/td><td>1 lm<\/td><\/tr><tr><td>UV-light<\/td><td>365 nm \/ 580 mW<\/td><\/tr><tr><td>Color lights: red and blue<\/td><td>1 lm<\/td><\/tr><tr><td>Red laser<\/td><td>0,39 mW<\/td><\/tr><tr><td>Size<\/td><td>69 x 29 x 16 mm<\/td><\/tr><tr><td>Weight<\/td><td>54 g (incl. battery)<\/td><\/tr><tr><td>Power source<\/td><td>Integrated 750 mAh Li-polymer battery<\/td><\/tr><tr><td>Charging method<\/td><td>USB-C<\/td><\/tr><tr><td>Certifications<\/td><td>ANSI\/NEMA FL-1, ROHS, CE<\/td><\/tr><tr><td>Warranty<\/td><td>2 years<\/td><\/tr><tr><td>Package contents<\/td><td>E06R, USB Type-C charging cable, lanyard, key ring, user manual.<\/td><\/tr><\/tbody><\/table><\/figure>\n\n\n\n<p>* The runtime of the Turbo mode is the continuous operating time at brightness levels from 100% down to 10%. Performance values are according to the ANSI\/PLATO FL1 handheld flashlight standard.<\/p>","protected":false},"excerpt":{"rendered":"<p>Fenix E06R \u2013 Our most powerful and versatile keychain flashlight.<\/p>","protected":false},"featured_media":17739,"comment_status":"open","ping_status":"closed","template":"","meta":{"_kadence_starter_templates_imported_post":false,"_kad_post_transparent":"","_kad_post_title":"","_kad_post_layout":"","_kad_post_sidebar_id":"","_kad_post_content_style":"","_kad_post_vertical_padding":"","_kad_post_feature":"","_kad_post_feature_position":"","_kad_post_header":false,"_kad_post_footer":false,"_kad_post_classname":""},"product_brand":[],"product_cat":[1653,1564,1662,1550,16],"product_tag":[770,1679,1678,32,574],"class_list":{"0":"post-17732","1":"product","2":"type-product","3":"status-publish","4":"has-post-thumbnail","6":"product_cat-ale10","7":"product_cat-fenix","8":"product_cat-joulu","9":"product_cat-uv-tuotteet","10":"product_cat-yleinen","11":"product_tag-avaimenpera","12":"product_tag-avaimperalamppu","13":"product_tag-e06r","14":"product_tag-fenix","15":"product_tag-minilamppu","17":"first","18":"instock","19":"taxable","20":"shipping-taxable","21":"purchasable","22":"product-type-simple","23":"entry","24":"content-bg","25":"loop-entry"},"_links":{"self":[{"href":"https:\/\/kivenalla.fi\/en\/wp-json\/wp\/v2\/product\/17732","targetHints":{"allow":["GET"]}}],"collection":[{"href":"https:\/\/kivenalla.fi\/en\/wp-json\/wp\/v2\/product"}],"about":[{"href":"https:\/\/kivenalla.fi\/en\/wp-json\/wp\/v2\/types\/product"}],"replies":[{"embeddable":true,"href":"https:\/\/kivenalla.fi\/en\/wp-json\/wp\/v2\/comments?post=17732"}],"wp:featuredmedia":[{"embeddable":true,"href":"https:\/\/kivenalla.fi\/en\/wp-json\/wp\/v2\/media\/17739"}],"wp:attachment":[{"href":"https:\/\/kivenalla.fi\/en\/wp-json\/wp\/v2\/media?parent=17732"}],"wp:term":[{"taxonomy":"product_brand","embeddable":true,"href":"https:\/\/kivenalla.fi\/en\/wp-json\/wp\/v2\/product_brand?post=17732"},{"taxonomy":"product_cat","embeddable":true,"href":"https:\/\/kivenalla.fi\/en\/wp-json\/wp\/v2\/product_cat?post=17732"},{"taxonomy":"product_tag","embeddable":true,"href":"https:\/\/kivenalla.fi\/en\/wp-json\/wp\/v2\/product_tag?post=17732"}],"curies":[{"name":"wp","href":"https:\/\/api.w.org\/{rel}","templated":true}]}}