{"id":18295,"date":"2025-06-11T10:51:58","date_gmt":"2025-06-11T07:51:58","guid":{"rendered":"https:\/\/www.kivenalla.fi\/?post_type=product&#038;p=18295"},"modified":"2026-02-16T08:32:56","modified_gmt":"2026-02-16T06:32:56","slug":"garmin-montana-710","status":"publish","type":"product","link":"https:\/\/kivenalla.fi\/en\/product\/garmin-montana-710\/","title":{"rendered":"Garmin Montana\u00ae 710"},"content":{"rendered":"<h2 class=\"wp-block-heading\">PYSY REITILL\u00c4 KAIKENLAISISSA SEIKKAILUISSA<\/h2>\n\n\n\n<p>Montana 710 -k\u00e4silaitteen reitityst\u00e4 tukevat tie- ja polkukartat sek\u00e4 edistykselliset ulkoiluominaisuudet kest\u00e4v\u00e4ss\u00e4 5-tuumaisessa mallissa tekev\u00e4t siit\u00e4 ihanteellisen navigointiin esimerkiksi k\u00e4vellen, py\u00f6r\u00e4ll\u00e4, kajakilla tai m\u00f6nkij\u00e4ll\u00e4.<\/p>\n\n\n\n<p><img decoding=\"async\" src=\"https:\/\/static.garmincdn.com\/gdc\/Product_Pages\/ICONS\/Glove.svg\" alt=\"\"> SUURI 5-TUUMAINEN K\u00c4SINEK\u00c4YTT\u00d6INEN KOSKETUSN\u00c4YTT\u00d6<\/p>\n\n\n\n<p><img decoding=\"async\" src=\"https:\/\/static.garmincdn.com\/gdc\/Product_Pages\/ICONS\/Optional-Maps.svg\" alt=\"\"> ESILADATUT REITITYST\u00c4 TUKEVAT TOPOGRAFISET KARTAT, JOISSA MAAMERKIT<\/p>\n\n\n\n<p><img decoding=\"async\" src=\"https:\/\/static.garmincdn.com\/gdc\/Product_Pages\/ICONS\/Military_Standard_Toughness.svg\" alt=\"\"> MIL-STD 810 -STANDARDIN MUKAINEN L\u00c4MM\u00d6N-, ISKUN-, VEDEN- JA T\u00c4RIN\u00c4NKEST\u00c4VYYS<\/p>\n\n\n\n<p><img decoding=\"async\" src=\"https:\/\/static.garmincdn.com\/gdc\/Product_Pages\/ICONS\/SATELLITE-IMAGERY-SHOWS-VIVID-OVERHEAD-VIEWS.svg\" alt=\"\"> SATELLIITTIKUVISTA N\u00c4ET REITTISI YLH\u00c4\u00c4LT\u00c4P\u00c4IN V\u00c4RIKK\u00c4\u00c4N\u00c4<\/p>\n\n\n\n<p><img decoding=\"async\" src=\"https:\/\/static.garmincdn.com\/gdc\/Product_Pages\/ICONS\/Outdoor-Maps.svg\" alt=\"\"> TUKEE OUTDOOR MAPS+-PALVELUN PREMIUM-KARTTOJA (MYYD\u00c4\u00c4N ERIKSEEN)<\/p>\n\n\n\n<p><img decoding=\"async\" src=\"https:\/\/static.garmincdn.com\/gdc\/Product_Pages\/ICONS\/Gamin_Explore_App.svg\" alt=\"\">SUUNNITTELE JA TARKASTELE MATKOJA GARMIN EXPLORE\u2122 -\u00c4LYPUHELIN-<br>SOVELLUKSELLA<\/p>\n\n\n\n<h2 class=\"wp-block-heading\">T\u00c4H\u00c4N IHASTUT<\/h2>\n\n\n\n<p><img decoding=\"async\" src=\"https:\/\/res.garmin.com\/fi_FI\/products\/010-02963-01\/g\/67035-RUGGED-BY-DESIGN.jpg\" alt=\"\"><\/p>\n\n\n\n<h3 class=\"wp-block-heading\">VANKKA RAKENNE<\/h3>\n\n\n\n<p>Kest\u00e4v\u00e4ss\u00e4&nbsp;<a href=\"https:\/\/www.garmin.com\/fi-FI\/legal\/waterrating-definitions\/\">vesitiiviiss\u00e4<\/a>&nbsp;k\u00e4silaitteessa on MIL-STD 810 -standardin mukainen l\u00e4mm\u00f6n-, iskun-, veden- ja t\u00e4rin\u00e4nkest\u00e4vyys. Siin\u00e4 on k\u00e4sinek\u00e4ytt\u00f6inen 5-tuumainen kosketusn\u00e4ytt\u00f6, ja se tukee monenlaisia tukevia kiinnitysratkaisuja (myyd\u00e4\u00e4n erikseen).<\/p>\n\n\n\n<p><img decoding=\"async\" src=\"https:\/\/res.garmin.com\/fi_FI\/products\/010-02963-01\/g\/67035-TOPOACTIVE-MAPS.jpg\" alt=\"\"><\/p>\n\n\n\n<h3 class=\"wp-block-heading\">TOPOACTIVE-KARTAT<\/h3>\n\n\n\n<p>K\u00e4yt\u00e4 seikkaillessasi navigointiin esiladattuja&nbsp;<a href=\"https:\/\/www.garmin.com\/fi-FI\/p\/586905\">topografisia karttoja.<\/a>&nbsp;N\u00e4et mm. maastonmuodot, korkeustiedot, rantaviivat, joet ja maamerkit.<\/p>\n\n\n\n<p><img decoding=\"async\" src=\"https:\/\/res.garmin.com\/fi_FI\/products\/010-02963-01\/g\/67035-SATELLITE-VIEWS.jpg\" alt=\"\"><\/p>\n\n\n\n<h3 class=\"wp-block-heading\">SATELLIITTIN\u00c4KYM\u00c4T<\/h3>\n\n\n\n<p>Voit k\u00e4ytt\u00e4\u00e4 tarkkoja satelliittikuvia ilman tilausta lataamalla niit\u00e4 suoraan laitteeseen Wi-Fi\u00ae-yhteyden kautta. N\u00e4et reitit ja niit\u00e4 ymp\u00e4r\u00f6iv\u00e4n maaston valokuvamaisina ylh\u00e4\u00e4lt\u00e4p\u00e4in, ja voit luoda reittipisteit\u00e4 helposti maamerkkien perusteella.<\/p>\n\n\n\n<p><img decoding=\"async\" src=\"https:\/\/res.garmin.com\/fi_FI\/products\/010-02963-01\/g\/67035-SATELLITE-VIEWS.jpg\" alt=\"\"><\/p>\n\n\n\n<h3 class=\"wp-block-heading\">LIS\u00c4KARTAT<\/h3>\n\n\n\n<p>Laitteessa on 32 Gt sis\u00e4ist\u00e4 muistia, joten siihen voi ladata lis\u00e4\u00e4 karttoja, kuten&nbsp;<a href=\"https:\/\/www.garmin.com\/fi-FI\/p\/743228\">City Navigator\u00ae<\/a>&nbsp;-karttoja ajoa varten tai&nbsp;<a href=\"https:\/\/www.garmin.com\/fi-FI\/c\/marine-cartography\/bluechart-g3\/\">BlueChart\u00ae g3<\/a>&nbsp;-karttoja veneily\u00e4 varten (myyd\u00e4\u00e4n erikseen).<\/p>\n\n\n\n<p><img decoding=\"async\" src=\"https:\/\/res.garmin.com\/fi_FI\/products\/010-02963-01\/g\/67035-OUTDOOR-MAPS.jpg\" alt=\"\"><\/p>\n\n\n\n<h3 class=\"wp-block-heading\">OUTDOOR MAPS+<\/h3>\n\n\n\n<p>Lis\u00e4\u00e4m\u00e4ll\u00e4&nbsp;<a href=\"https:\/\/www.garmin.com\/fi-FI\/p\/893561\">Outdoor Maps+<\/a>&nbsp;-tilauksen (myyd\u00e4\u00e4n erikseen) saat k\u00e4ytt\u00f6\u00f6si monipuolista Premium-karttasis\u00e4lt\u00f6\u00e4 ja s\u00e4\u00e4nn\u00f6lliset p\u00e4ivitykset, jotka saat suoraan Garmin-laitteeseesi Wi-Fi-yhteydell\u00e4.<\/p>\n\n\n\n<p><img decoding=\"async\" src=\"https:\/\/res.garmin.com\/fi_FI\/products\/010-02963-01\/g\/67035-GARMIN-EXPLORE-APP.jpg\" alt=\"\"><\/p>\n\n\n\n<h3 class=\"wp-block-heading\">GARMIN EXPLORE\u2122 -SOVELLUS<\/h3>\n\n\n\n<p>Pariliitt\u00e4m\u00e4ll\u00e4&nbsp;<a href=\"https:\/\/www.garmin.com\/fi-FI\/p\/614327\">Garmin Explore-sovellus<\/a>&nbsp;voit suunnitella matkoja ja tarkastella matkatietoja sek\u00e4 hallita reittipisteit\u00e4, reittej\u00e4 ja suorituksia.<\/p>\n\n\n\n<h2 class=\"wp-block-heading\">SEURAA SEIKKAILUJASI KAIKISSA MAASTOISSA<\/h2>\n\n\n\n<h2 class=\"wp-block-heading\">NAVIGOINTIOMINAISUUDET<\/h2>\n\n\n\n<hr class=\"wp-block-separator has-alpha-channel-opacity\" \/>\n\n\n\n<p><img decoding=\"async\" src=\"https:\/\/static.garmincdn.com\/gdc\/Product_Pages\/ICONS\/MultiBand.svg\" alt=\"\"><\/p>\n\n\n\n<h3 class=\"wp-block-heading\">USEAN GNSS-J\u00c4RJESTELM\u00c4N TUKI<\/h3>\n\n\n\n<p>GPS- ja Galileo-satelliittiverkon ansiosta Montana 710 pystyy j\u00e4ljitt\u00e4m\u00e4\u00e4n haastavammissa ymp\u00e4rist\u00f6iss\u00e4 kuin pelk\u00e4ss\u00e4 GPS-verkossa.<\/p>\n\n\n\n<p><img decoding=\"async\" src=\"https:\/\/static.garmincdn.com\/gdc\/Product_Pages\/ICONS\/COMPASS.svg\" alt=\"\"><\/p>\n\n\n\n<h3 class=\"wp-block-heading\">ABC-ANTURIT<\/h3>\n\n\n\n<p>Navigoi seuraava reittisi ABC-antureilla, joihin kuuluvat korkeusmittari, ilmanpainemittari s\u00e4\u00e4n seurantaan ja kolmiakselinen s\u00e4hk\u00f6inen kompassi.<\/p>\n\n\n\n<p><img decoding=\"async\" src=\"https:\/\/static.garmincdn.com\/gdc\/Product_Pages\/ICONS\/Weather.svg\" alt=\"\"><\/p>\n\n\n\n<h3 class=\"wp-block-heading\">AKTIIVINEN S\u00c4\u00c4PALVELU<\/h3>\n\n\n\n<p>Voit tarkastella ajantasaisia aktiivisen s\u00e4\u00e4palvelun ennusteita yhteensopivan \u00e4lypuhelimen&nbsp;<a href=\"https:\/\/www.garmin.com\/fi-FI\/p\/125677\/\">Garmin Connect\u2122 -sovelluksella<\/a><\/p>\n\n\n\n<p><img decoding=\"async\" src=\"https:\/\/static.garmincdn.com\/gdc\/Product_Pages\/ICONS\/Dog-Tracking-Training.svg\" alt=\"\"><\/p>\n\n\n\n<h3 class=\"wp-block-heading\">KOIRAN SEURANTA<\/h3>\n\n\n\n<p>Mets\u00e4st\u00e4j\u00e4t ja kouluttajat voivat synkronoida Montana-k\u00e4silaitteen yhteensopivien&nbsp;<a href=\"https:\/\/www.garmin.com\/fi-FI\/c\/outdoor-recreation\/sporting-dog-tracking-training-devices\/?series=BRAND477&amp;currentPage=0\">Astro\u00ae<\/a>&nbsp;tai&nbsp;<a href=\"https:\/\/www.garmin.com\/fi-FI\/c\/outdoor-recreation\/sporting-dog-tracking-training-devices\/?series=BRAND474\">Alpha\u00ae<\/a>&nbsp;-sarjan k\u00e4silaitteiden kanssa ja seurata koiria.<\/p>\n\n\n\n<p><img decoding=\"async\" src=\"https:\/\/static.garmincdn.com\/gdc\/Product_Pages\/ICONS\/NEXTFORK-MAP-GUIDE.svg\" alt=\"\"><\/p>\n\n\n\n<h3 class=\"wp-block-heading\">WIKILOC-POLUT<\/h3>\n\n\n\n<p>T\u00e4m\u00e4&nbsp;<a href=\"https:\/\/apps.garmin.com\/fi-FI\/apps\/54505088-813d-4700-afea-a3105366ec6b\">esiladatulla sovelluksella<\/a>&nbsp;voit ladata helposti muiden innokkaiden ulkoilijoiden lataamia Wikiloc-polkuja esimerkiksi patikointia ja py\u00f6r\u00e4ily\u00e4 varten. Saat maksuttoman 60 p\u00e4iv\u00e4n&nbsp;<a href=\"https:\/\/www.wikiloc.com\/\">Wikiloc Premium<\/a>&nbsp;-kokeilujakson, jotta voit kokeilla t\u00e4t\u00e4 ja muita ainutlaatuisia ominaisuuksia.&nbsp;<a href=\"https:\/\/support.garmin.com\/fi-FI\/?faq=EyqTOy4x2a6I8l4tAI2kv8&amp;productID=707627&amp;searchQuery=wikiloc&amp;tab=topics\">Lis\u00e4tietoja.<\/a><\/p>\n\n\n\n<h2 class=\"wp-block-heading\">SEIKKAILUOMINAISUUDET<\/h2>\n\n\n\n<hr class=\"wp-block-separator has-alpha-channel-opacity\" \/>\n\n\n\n<p><img decoding=\"async\" src=\"https:\/\/static.garmincdn.com\/gdc\/Product_Pages\/ICONS\/EXPEDITION-MODE.svg\" alt=\"\"><\/p>\n\n\n\n<h3 class=\"wp-block-heading\">VIRRANS\u00c4\u00c4ST\u00d6TILA<\/h3>\n\n\n\n<p>Seikkaile maastossa l\u00e4helle ja kauas. Virrans\u00e4\u00e4st\u00f6tilassa, jossa laite k\u00e4ytt\u00e4\u00e4 GPS-paikannukseen eritt\u00e4in v\u00e4h\u00e4n virtaa, Montana-laite voi jatkaa j\u00e4ljityst\u00e4 yli 2 viikkoa latausten v\u00e4lill\u00e4.<\/p>\n\n\n\n<p><img decoding=\"async\" src=\"https:\/\/static.garmincdn.com\/gdc\/Product_Pages\/ICONS\/Battery_Life.svg\" alt=\"\"><\/p>\n\n\n\n<h3 class=\"wp-block-heading\">AKKU- JA PARISTO\u00adVAIHTOEHDOT<\/h3>\n\n\n\n<p>Sis\u00e4isen litiumioniakun virta riitt\u00e4\u00e4 enint\u00e4\u00e4n 24 tunniksi GPS-tilassa. Akku ladataan tavallisella USB-C\u00ae-kaapelilla.<\/p>\n\n\n\n<p><img decoding=\"async\" src=\"https:\/\/static.garmincdn.com\/gdc\/Product_Pages\/ICONS\/Mounting-Options.svg\" alt=\"\"><\/p>\n\n\n\n<h3 class=\"wp-block-heading\">AJONEUVO\u00adKIINNIKKEET<\/h3>\n\n\n\n<p>Montana-k\u00e4silaitteen kanssa yhteensopivien kiinnikkeiden (myyd\u00e4\u00e4n erikseen) ansiosta navigaattoria voi k\u00e4ytt\u00e4\u00e4 esimerkiksi m\u00f6nkij\u00f6iss\u00e4, veneiss\u00e4, autoissa, moottoripy\u00f6riss\u00e4, matkailuautoissa tai muissa ajoneuvoissa.<\/p>\n\n\n\n<p><\/p>\n\n\n\n<figure class=\"wp-block-table\"><table class=\"has-fixed-layout\"><tbody><tr><td colspan=\"2\">Yleiset<\/td><\/tr><tr><th>Linssin materiaali<\/th><td>Kemiallisesti vahvistettu lasi<\/td><\/tr><tr><th>Size<\/th><td>8,76 x 18,30 x 3,27 cm (3,5\u2033 x 7,2\u2033 x 1,3\u2033)<\/td><\/tr><tr><th>Weight<\/th><td>410 g (14,5 unssia) mukana toimitetun litiumioniakun kanssa<\/td><\/tr><tr><th><a href=\"https:\/\/www.garmin.com\/fi-FI\/legal\/waterrating-definitions\/\">Vesitiiviysluokitus<\/a><\/th><td>IPX7<\/td><\/tr><tr><th>MIL-STD-810<\/th><td>Kyll\u00e4 (l\u00e4mp\u00f6, isku, vesi, t\u00e4rin\u00e4)<\/td><\/tr><tr><th>Kosketusn\u00e4ytt\u00f6<\/th><td>Yes<\/td><\/tr><tr><th>N\u00e4yt\u00f6n tyyppi<\/th><td>Heijastava WVGA, kaksisuuntainen<\/td><\/tr><tr><th>N\u00e4yt\u00f6n koko, LxK<\/th><td>L x K 6,48 x 10,80 cm (2,55\u2033 x 4,25\u2033); l\u00e4vist\u00e4j\u00e4 12,70 cm (5\u2033)<\/td><\/tr><tr><th>N\u00e4yt\u00f6n tarkkuus, LxK<\/th><td>480 x 800 kuvapistett\u00e4<\/td><\/tr><tr><th>Akku<\/th><td>Ladattava litiumioni (vakiovaruste)<\/td><\/tr><tr><th>Akunkesto<\/th><td>GPS-tila: enint\u00e4\u00e4n 24 tuntia<br>Virrans\u00e4\u00e4st\u00f6tila: enint\u00e4\u00e4n 440 tuntia<br>Sammutettuna: enint\u00e4\u00e4n 1 vuosi<br>Huomautus: Arvio akunkestosta perustuu t\u00e4yteen n\u00e4kyvyyteen taivaalle. Esteet tai puusto voivat vaikuttaa siihen merkitt\u00e4v\u00e4sti.<\/td><\/tr><tr><th>Muisti\/historia<\/th><td>32 Gt (k\u00e4ytt\u00e4j\u00e4n tila riippuu sis\u00e4ltyvist\u00e4 kartoista)<\/td><\/tr><tr><th>Liit\u00e4nt\u00e4<\/th><td>USB-C<\/td><\/tr><\/tbody><\/table><\/figure>\n\n\n\n<figure class=\"wp-block-table\"><table class=\"has-fixed-layout\"><tbody><tr><td colspan=\"2\">Kartat ja muisti<\/td><\/tr><tr><th>Esiladatut kartat<\/th><td>Kyll\u00e4 (TopoActive Europe &#8211; lis\u00e4alueita voi ladata Wi-Fi\u00ae-yhteydell\u00e4)<\/td><\/tr><tr><th>Mahdollisuus lis\u00e4t\u00e4 karttoja<\/th><td>Yes<\/td><\/tr><tr><th>Peruskartta<\/th><td>Yes<\/td><\/tr><tr><th>Automaattinen reititys (tiereitti k\u00e4\u00e4nn\u00f6s k\u00e4\u00e4nn\u00f6kselt\u00e4)<\/th><td>Yes<\/td><\/tr><tr><th>Karttaosiot<\/th><td>15 000<\/td><\/tr><tr><th>BirdsEye<\/th><td>Kyll\u00e4 (suoraan laitteeseen)<\/td><\/tr><tr><th>Sis\u00e4lt\u00e4\u00e4 yksityiskohtaiset tiedot vesist\u00f6ist\u00e4 (rannikot, j\u00e4rvien ja jokien rantaviivat, kosteikot sek\u00e4 pysyv\u00e4t ja vuodenaikoihin liittyv\u00e4t purot)<\/th><td>Yes<\/td><\/tr><tr><th>Sis\u00e4lt\u00e4\u00e4 hakukelpoisia kohdepisteit\u00e4 (puistot, leirint\u00e4alueet sek\u00e4 maisema- ja ev\u00e4sretkipaikat)<\/th><td>Yes<\/td><\/tr><tr><th>N\u00e4ytt\u00e4\u00e4 kansallispuistot sek\u00e4 valtion puistot ja paikalliset puistot, mets\u00e4t ja er\u00e4maa-alueet<\/th><td>Yes<\/td><\/tr><tr><th>Tallennuskapasiteetti ja teho<\/th><td>Kyll\u00e4 (enint\u00e4\u00e4n 32 Gt:n microSD\u2122-kortti)<\/td><\/tr><tr><th>Reittipisteet\/suosikit\/sijainnit<\/th><td>10 000<\/td><\/tr><tr><th>Reitit<\/th><td>250, 200 course points per course<\/td><\/tr><tr><th>J\u00e4ljet<\/th><td>250<\/td><\/tr><tr><th>J\u00e4lkiloki<\/th><td>20&nbsp;000 pistett\u00e4, 250 tallennettua gpx-j\u00e4lke\u00e4, 300 tallennettua fit-suoritusta<\/td><\/tr><tr><th>Reitit<\/th><td>250, 250 reittikohtaista pistett\u00e4; 50 automaattisen reitityksen pistett\u00e4<\/td><\/tr><tr><th>Rinex-kirjaus<\/th><td>Yes<\/td><\/tr><\/tbody><\/table><\/figure>\n\n\n\n<figure class=\"wp-block-table\"><table class=\"has-fixed-layout\"><tbody><tr><td colspan=\"2\">Anturit<\/td><\/tr><tr><th>GPS<\/th><td>Yes<\/td><\/tr><tr><th>GLONASS<\/th><td>Yes<\/td><\/tr><tr><th>Galileo<\/th><td>Yes<\/td><\/tr><tr><th>Barometrinen korkeusmittari<\/th><td>Yes<\/td><\/tr><tr><th>Kompassi<\/th><td>Kyll\u00e4 (kallistuksen kompensointi, kolmiakselinen)<\/td><\/tr><tr><th>Herkk\u00e4 vastaanotin<\/th><td>Yes<\/td><\/tr><tr><th>GPS-kompassi (liikuttaessa)<\/th><td>Yes<\/td><\/tr><\/tbody><\/table><\/figure>\n\n\n\n<figure class=\"wp-block-table\"><table class=\"has-fixed-layout\"><tbody><tr><td colspan=\"2\">P\u00e4ivitt\u00e4iset \u00e4lyominaisuudet<\/td><\/tr><tr><th>Connect IQ\u2122 (ladattavat kellotaulut, tietokent\u00e4t, widgetit ja sovellukset)<\/th><td>Yes<\/td><\/tr><tr><th>\u00c4lykk\u00e4\u00e4t ilmoitukset k\u00e4silaitteessa<\/th><td>Yes<\/td><\/tr><tr><th>S\u00e4\u00e4<\/th><td>Yes<\/td><\/tr><tr><th>Aktiivinen s\u00e4\u00e4palvelu&nbsp;<\/th><td>Yes<\/td><\/tr><tr><th>Tukee Garmin Messenger -sovellusta<\/th><td>Yes<\/td><\/tr><tr><th>VIRB\u00ae-et\u00e4k\u00e4ytt\u00f6<\/th><td>Yes<\/td><\/tr><tr><th>Yhteensopiva Garmin Connect\u2122 Mobilen kanssa<\/th><td>Yes<\/td><\/tr><\/tbody><\/table><\/figure>\n\n\n\n<figure class=\"wp-block-table\"><table class=\"has-fixed-layout\"><tbody><tr><td colspan=\"2\">Turvallisuus- ja j\u00e4ljitysominaisuudet<\/td><\/tr><tr><th>LiveTrack<\/th><td>Yes<\/td><\/tr><\/tbody><\/table><\/figure>\n\n\n\n<figure class=\"wp-block-table\"><table class=\"has-fixed-layout\"><tbody><tr><td colspan=\"2\">Taktiset ominaisuudet<\/td><\/tr><tr><th>XERO\u2122 -sijainnit<\/th><td>Yes<\/td><\/tr><\/tbody><\/table><\/figure>\n\n\n\n<figure class=\"wp-block-table\"><table class=\"has-fixed-layout\"><tbody><tr><td colspan=\"2\">Ulkoilu- ja virkistysominaisuudet<\/td><\/tr><tr><th>Navigointipisteest\u00e4 pisteeseen<\/th><td>Yes<\/td><\/tr><tr><th>TracBack\u00ae<\/th><td>Yes<\/td><\/tr><tr><th>Pinta-alamittaus<\/th><td>Yes<\/td><\/tr><tr><th>KALASTUSENNUSTE<\/th><td>Yes<\/td><\/tr><tr><th>Auringon ja kuun vaiheiden tiedot<\/th><td>Yes<\/td><\/tr><tr><th><a href=\"https:\/\/www.geocaching.com\/\" target=\"_blank\" rel=\"noreferrer noopener\">Sopii geok\u00e4tkenn\u00e4ss\u00e4 k\u00e4ytett\u00e4v\u00e4ksi<\/a><\/th><td>Kyll\u00e4 (Geocaching Live)<\/td><\/tr><tr><th><a href=\"http:\/\/www.garmin.com\/CustomMaps\" target=\"_blank\" rel=\"noreferrer noopener\">Yhteensopiva mukautettujen karttojen kanssa<\/a><\/th><td>Kyll\u00e4 (500 mukautettua karttaruutua)<\/td><\/tr><tr><th>Kuvien katseluohjelma<\/th><td>Yes<\/td><\/tr><tr><th>LED-taskulamppu<\/th><td>Yes<\/td><\/tr><\/tbody><\/table><\/figure>\n\n\n\n<figure class=\"wp-block-table\"><table class=\"has-fixed-layout\"><tbody><tr><td colspan=\"2\">inReach\u00ae-ominaisuudet<\/td><\/tr><tr><th>InReach\u00ae-yhteensopiva<\/th><td>Yes<\/td><\/tr><\/tbody><\/table><\/figure>\n\n\n\n<figure class=\"wp-block-table\"><table class=\"has-fixed-layout\"><tbody><tr><td colspan=\"2\">Ulkosovellukset<\/td><\/tr><tr><th>Yhteensopiva Garmin Explore \u2122 -sovelluksen kanssa<\/th><td>Yes<\/td><\/tr><tr><th>Tukee Garmin Explore -sivustoa<\/th><td>Yes<\/td><\/tr><tr><th>Koiran seuranta<\/th><td>Kyll\u00e4 (pariliitettyn\u00e4 yhteensopivaan koiran seurantaj\u00e4rjestelm\u00e4\u00e4n)<\/td><\/tr><\/tbody><\/table><\/figure>\n\n\n\n<figure class=\"wp-block-table\"><table class=\"has-fixed-layout\"><tbody><tr><td colspan=\"2\">Yhteydet<\/td><\/tr><tr><th>Langattomat yhteydet<\/th><td>Kyll\u00e4 (Wi-Fi\u00ae, BLUETOOTH\u00ae, ANT+\u00ae)<\/td><\/tr><\/tbody><\/table><\/figure>","protected":false},"excerpt":{"rendered":"<p>Kest\u00e4v\u00e4 kosketusn\u00e4yt\u00f6llinen GPS-k\u00e4silaite<br \/>Valmistajan tuotekoodi: 010-02963-01<\/p>","protected":false},"featured_media":18296,"comment_status":"open","ping_status":"closed","template":"","meta":{"_kadence_starter_templates_imported_post":false,"_kad_post_transparent":"","_kad_post_title":"","_kad_post_layout":"","_kad_post_sidebar_id":"","_kad_post_content_style":"","_kad_post_vertical_padding":"","_kad_post_feature":"","_kad_post_feature_position":"","_kad_post_header":false,"_kad_post_footer":false,"_kad_post_classname":""},"product_brand":[],"product_cat":[1528,1559,1585,16],"product_tag":[41,1399,43,1682],"class_list":{"0":"post-18295","1":"product","2":"type-product","3":"status-publish","4":"has-post-thumbnail","6":"product_cat-garmin","7":"product_cat-kasilaitteet","8":"product_cat-uudet-tuotteet","9":"product_cat-yleinen","10":"product_tag-garmin","11":"product_tag-kasigepsi","12":"product_tag-montana","13":"product_tag-montana-710","15":"first","16":"onbackorder","17":"taxable","18":"shipping-taxable","19":"purchasable","20":"product-type-simple","21":"entry","22":"content-bg","23":"loop-entry"},"_links":{"self":[{"href":"https:\/\/kivenalla.fi\/en\/wp-json\/wp\/v2\/product\/18295","targetHints":{"allow":["GET"]}}],"collection":[{"href":"https:\/\/kivenalla.fi\/en\/wp-json\/wp\/v2\/product"}],"about":[{"href":"https:\/\/kivenalla.fi\/en\/wp-json\/wp\/v2\/types\/product"}],"replies":[{"embeddable":true,"href":"https:\/\/kivenalla.fi\/en\/wp-json\/wp\/v2\/comments?post=18295"}],"wp:featuredmedia":[{"embeddable":true,"href":"https:\/\/kivenalla.fi\/en\/wp-json\/wp\/v2\/media\/18296"}],"wp:attachment":[{"href":"https:\/\/kivenalla.fi\/en\/wp-json\/wp\/v2\/media?parent=18295"}],"wp:term":[{"taxonomy":"product_brand","embeddable":true,"href":"https:\/\/kivenalla.fi\/en\/wp-json\/wp\/v2\/product_brand?post=18295"},{"taxonomy":"product_cat","embeddable":true,"href":"https:\/\/kivenalla.fi\/en\/wp-json\/wp\/v2\/product_cat?post=18295"},{"taxonomy":"product_tag","embeddable":true,"href":"https:\/\/kivenalla.fi\/en\/wp-json\/wp\/v2\/product_tag?post=18295"}],"curies":[{"name":"wp","href":"https:\/\/api.w.org\/{rel}","templated":true}]}}