{"id":1835,"date":"2023-12-01T13:30:30","date_gmt":"2023-12-01T11:30:30","guid":{"rendered":"https:\/\/kivenalla.fi\/?post_type=product&#038;p=1835"},"modified":"2025-12-02T07:25:16","modified_gmt":"2025-12-02T05:25:16","slug":"geocachefi-eeppinen-jaesenyys-1-vuosi","status":"publish","type":"product","link":"https:\/\/kivenalla.fi\/en\/product\/geocachefi-eeppinen-jaesenyys-1-vuosi\/","title":{"rendered":"Geocache.fi Epic membership (1 year)"},"content":{"rendered":"<p><b><font size=\"+1\">Geocache.fi-kehitt\u00e4j\u00e4n eeppiset kiitokset!<\/font><\/b><\/p>\n\n\n\n<p>Eeppinen j\u00e4senyys on voimassa vuoden tilausp\u00e4iv\u00e4st\u00e4 tai edellisen j\u00e4senyyden p\u00e4\u00e4ttymisest\u00e4 eteenp\u00e4in.<\/p>\n\n\n\n<p>Eeppisell\u00e4 j\u00e4senyydell\u00e4 saat k\u00e4ytt\u00f6\u00f6si Geocache.fi:n ilmaisten peruspalveluiden lis\u00e4ksi n\u00e4m\u00e4 taulukossa vihre\u00e4ll\u00e4 taustalla korostetun sarakkeen ominaisuudet.<\/p>\n\n\n\n<p><\/p>\n\n\n\n<p>Eeppisen j\u00e4senen geokolikko on t\u00e4ll\u00e4 hetkell\u00e4 Eeppinen versio Flag name tag -nimikyltist\u00e4. T\u00e4t\u00e4 versiota ei voi ostaa erikseen. Nimikyltti on seurantakoodillinen.<\/p>\n\n\n\n<figure class=\"wp-block-image size-full\"><img loading=\"lazy\" decoding=\"async\" width=\"1000\" height=\"1000\" src=\"https:\/\/www.kivenalla.fi\/wp-content\/uploads\/2025\/02\/epic_flagnametag-png.webp\" alt=\"\" class=\"wp-image-16388\" srcset=\"https:\/\/kivenalla.fi\/wp-content\/uploads\/2025\/02\/epic_flagnametag-png.webp 1000w, https:\/\/kivenalla.fi\/wp-content\/uploads\/2025\/02\/epic_flagnametag-300x300.webp 300w, https:\/\/kivenalla.fi\/wp-content\/uploads\/2025\/02\/epic_flagnametag-150x150.webp 150w, https:\/\/kivenalla.fi\/wp-content\/uploads\/2025\/02\/epic_flagnametag-768x768.webp 768w, https:\/\/kivenalla.fi\/wp-content\/uploads\/2025\/02\/epic_flagnametag-600x600.webp 600w, https:\/\/kivenalla.fi\/wp-content\/uploads\/2025\/02\/epic_flagnametag-100x100.webp 100w, https:\/\/kivenalla.fi\/wp-content\/uploads\/2025\/02\/epic_flagnametag-64x64.webp 64w\" sizes=\"auto, (max-width: 1000px) 100vw, 1000px\" \/><\/figure>","protected":false},"excerpt":{"rendered":"<p><b><font size=\"+1\">Geocache.fi-kehitt\u00e4j\u00e4n eeppiset kiitokset!<\/font><\/b><\/p>","protected":false},"featured_media":6459,"comment_status":"open","ping_status":"closed","template":"","meta":{"_kadence_starter_templates_imported_post":false,"_kad_post_transparent":"","_kad_post_title":"","_kad_post_layout":"","_kad_post_sidebar_id":"","_kad_post_content_style":"","_kad_post_vertical_padding":"","_kad_post_feature":"","_kad_post_feature_position":"","_kad_post_header":false,"_kad_post_footer":false,"_kad_post_classname":""},"product_brand":[],"product_cat":[1534,16],"product_tag":[249,250,166,246],"class_list":{"0":"post-1835","1":"product","2":"type-product","3":"status-publish","4":"has-post-thumbnail","6":"product_cat-jasenyydet","7":"product_cat-yleinen","8":"product_tag-eeppinen","9":"product_tag-epic","10":"product_tag-geocache-fi","11":"product_tag-jasenyys","13":"first","14":"instock","15":"virtual","16":"taxable","17":"purchasable","18":"product-type-simple","19":"entry","20":"content-bg","21":"loop-entry"},"_links":{"self":[{"href":"https:\/\/kivenalla.fi\/en\/wp-json\/wp\/v2\/product\/1835","targetHints":{"allow":["GET"]}}],"collection":[{"href":"https:\/\/kivenalla.fi\/en\/wp-json\/wp\/v2\/product"}],"about":[{"href":"https:\/\/kivenalla.fi\/en\/wp-json\/wp\/v2\/types\/product"}],"replies":[{"embeddable":true,"href":"https:\/\/kivenalla.fi\/en\/wp-json\/wp\/v2\/comments?post=1835"}],"wp:featuredmedia":[{"embeddable":true,"href":"https:\/\/kivenalla.fi\/en\/wp-json\/wp\/v2\/media\/6459"}],"wp:attachment":[{"href":"https:\/\/kivenalla.fi\/en\/wp-json\/wp\/v2\/media?parent=1835"}],"wp:term":[{"taxonomy":"product_brand","embeddable":true,"href":"https:\/\/kivenalla.fi\/en\/wp-json\/wp\/v2\/product_brand?post=1835"},{"taxonomy":"product_cat","embeddable":true,"href":"https:\/\/kivenalla.fi\/en\/wp-json\/wp\/v2\/product_cat?post=1835"},{"taxonomy":"product_tag","embeddable":true,"href":"https:\/\/kivenalla.fi\/en\/wp-json\/wp\/v2\/product_tag?post=1835"}],"curies":[{"name":"wp","href":"https:\/\/api.w.org\/{rel}","templated":true}]}}