{"id":19269,"date":"2025-08-27T13:46:21","date_gmt":"2025-08-27T10:46:21","guid":{"rendered":"https:\/\/www.kivenalla.fi\/?post_type=product&#038;p=19269"},"modified":"2025-11-25T09:38:35","modified_gmt":"2025-11-25T07:38:35","slug":"fenix-ld45r-saadettava-2800-lm","status":"publish","type":"product","link":"https:\/\/kivenalla.fi\/en\/product\/fenix-ld45r-saadettava-2800-lm\/","title":{"rendered":"Fenix LD45R s\u00e4\u00e4dett\u00e4v\u00e4, 2800 lm"},"content":{"rendered":"<h3 class=\"wp-block-heading\">Fenix LD45R &#8211; digitaalisesti s\u00e4\u00e4dett\u00e4v\u00e4 taskulamppu<\/h3>\n\n\n\n<p>Fenix LD45R on innovatiivinen kompaktikokoinen taskulamppu, jossa on digitaalinen valokeilan s\u00e4\u00e4t\u00f6. T\u00e4m\u00e4 mahdollistaa tarkan valokeilan s\u00e4\u00e4t\u00e4misen yhdell\u00e4 k\u00e4dell\u00e4 ilman perinteisten mekaanisten s\u00e4\u00e4dinten rajoituksia. Digitaalinen s\u00e4\u00e4t\u00f6 parantaa lampun kest\u00e4vyytt\u00e4, koska siin\u00e4 ei ole ulosp\u00e4in s\u00e4\u00e4tyvi\u00e4 osia jotka voisivat ker\u00e4t\u00e4 likaa ja est\u00e4\u00e4 s\u00e4\u00e4d\u00f6n toiminnan. Valotehoa LD45R tarjoaa max. 2800 lumenia, ja OLED-n\u00e4ytt\u00f6 kertoo tarkasti valitun tehon sek\u00e4 j\u00e4ljell\u00e4 olevan paristovaran. Lamppu ladataan nopeasti ja vaivattomasti USB-C-liittimell\u00e4, ja se on t\u00e4ysin IP68-luokiteltu, eli p\u00f6ly- ja vesitiivis. Fenix LD45R on t\u00e4ydellinen valinta, jos tarvitset monipuolisen lampun, jossa yhdistyv\u00e4t pitk\u00e4 kantama, laaja valokeila ja kest\u00e4vyys ilman kompromisseja.<\/p>\n\n\n\n<h3 class=\"wp-block-heading\">Tarkka digitaalinen valokeilan s\u00e4\u00e4t\u00f6<\/h3>\n\n\n\n<p>Fenix LD45R hy\u00f6dynt\u00e4\u00e4 uutta digitaalista valokeilan s\u00e4\u00e4t\u00f6tekniikkaa, joka ylitt\u00e4\u00e4 perinteisen mekaanisen s\u00e4\u00e4t\u00f6menetelm\u00e4n monella tapaa. Digitaalinen s\u00e4\u00e4t\u00f6 mahdollistaa tarkan ja k\u00e4tev\u00e4n valokeilan s\u00e4\u00e4d\u00f6n yhdell\u00e4 k\u00e4dell\u00e4, kun taas mekaaniset s\u00e4\u00e4timet ovat usein vaikeampia k\u00e4ytt\u00e4\u00e4 yhdell\u00e4 k\u00e4dell\u00e4 ja voivat olla v\u00e4hemm\u00e4n tarkkoja. Lis\u00e4ksi digitaalinen s\u00e4\u00e4t\u00f6 parantaa lampun vesitiiviytt\u00e4, tarjoten paremman suojaustason kosteissa olosuhteissa verrattuna perinteisiin mekaanisiin s\u00e4\u00e4timiin.<\/p>\n\n\n\n<h3 class=\"wp-block-heading\">Vaivaton k\u00e4ytt\u00e4\u00e4<\/h3>\n\n\n\n<p>LD45R on ensimm\u00e4inen s\u00e4\u00e4dett\u00e4v\u00e4 taskulamppumme, jota voidaan k\u00e4ytt\u00e4\u00e4 tarkasti yhdell\u00e4 k\u00e4dell\u00e4. Kaikki toiminnot ovat helposti k\u00e4ytett\u00e4viss\u00e4 kierto- ja painonappikytkimest\u00e4 ilman turhaa r\u00e4pelt\u00e4mist\u00e4. Kiertokytkimell\u00e4 s\u00e4\u00e4det\u00e4\u00e4n valokeilan laajuus kohdevalon maksimikantamalta 480 metriin ja laajavalon v\u00e4lill\u00e4. Painonapilla voi s\u00e4\u00e4t\u00e4\u00e4 kirkkauden viiden kirkkaustilan v\u00e4lill\u00e4 kiert\u00e4v\u00e4ss\u00e4 j\u00e4rjestyksess\u00e4. Pitk\u00e4ll\u00e4 painonapin painalluksella voi siirty\u00e4 h\u00e4ik\u00e4isev\u00e4\u00e4n strobo-tilaan tai SOS-h\u00e4t\u00e4signaaliin. K\u00e4yt\u00f6n huolettomuutta lis\u00e4\u00e4 LD45R:n t\u00e4ysi IP68-tiiviysluokitus ja iskunkest\u00e4vyys.<\/p>\n\n\n\n<h3 class=\"wp-block-heading\">Product Information<\/h3>\n\n\n\n<ul class=\"wp-block-list\">\n<li>A constant current circuit maintains brightness for a longer time.<\/li>\n\n\n\n<li>Digitaalinen valokeilans\u00e4\u00e4t\u00f6.<\/li>\n\n\n\n<li>270\u00b0 k\u00e4\u00e4ntyv\u00e4 kiertokytkin mahdollistaa tarkan kohdevalon ja laajavalon s\u00e4\u00e4t\u00e4misen.<\/li>\n\n\n\n<li>Elektroninen kytkin ohjaa valotehon valintaa, SOS-tilaa ja strobo-tilaa.<\/li>\n\n\n\n<li>OLED-n\u00e4ytt\u00f6 n\u00e4ytt\u00e4\u00e4 kirkkaustason, valotehon, lataustilan ja akkuvarauksen.<\/li>\n\n\n\n<li>USB Type-C -latausportti, jossa sis\u00e4inen vesitiivistys.<\/li>\n\n\n\n<li>Materiaali A6061-T6 alumiinia, jossa on HAIII-kova-anodisoitu naarmuuntumista est\u00e4v\u00e4 k\u00e4sittely.<\/li>\n\n\n\n<li>K\u00e4\u00e4nteisen paristopolarisaation suojaus.<\/li>\n\n\n\n<li>Elektroninen n\u00e4pp\u00e4ilukko.<\/li>\n\n\n\n<li><strong>HUOM!<\/strong>\u00a0Yhteensopiva vain\u00a0Fenix ARB-L21-5000 V2.0\u00a0akkupariston kanssa. (Fenix ARB-L21-5000 ja Fenix ARB-L21-5000U eiv\u00e4t ole yhteensopivia.)<\/li>\n\n\n\n<li>Viimeisen kirkkaustilan muistitoiminto. Huom: valaisin syttyy keskitilassa, jos viimeksi k\u00e4ytetty tehotila on ollut Turbo- tai korkea.<\/li>\n\n\n\n<li>Pakkaus sis\u00e4lt\u00e4\u00e4: Fenix LD45R-taskulamppu, ARB-L21-5000 V2.0 -akkuparisto, vy\u00f6kotelo, USB Type-C -latauskaapeli, vaihdettava O-rengastiiviste, k\u00e4ytt\u00f6ohje.<\/li>\n<\/ul>\n\n\n\n<p>Fenix-tuotemerkki takaa aina huippulaadun, LD45R on t\u00e4ysin IP68 p\u00f6ly- ja vesitiivis. Kaikki Fenix valaisimet on testattu omassa laboratoriossa amerikkalaisen ANSI\/FL1 standardin mukaisesti. LD45R taskulampulla on viiden (5) vuoden ja paristolla yksi (1) vuoden Fenix-laatutakuu.<\/p>\n\n\n\n<h3 class=\"wp-block-heading\">Technical details<\/h3>\n\n\n\n<figure class=\"wp-block-table\"><table class=\"has-fixed-layout\"><tbody><tr><td>Maximum brightness (max)<\/td><td>2800 lumenia<\/td><\/tr><tr><td>Runtime (max)<\/td><td>65 h (20 lm)<\/td><\/tr><tr><td>Beam distance (max)<\/td><td>480 metri\u00e4<\/td><\/tr><tr><td>Peak intensity (max)<\/td><td>57600 kandela<\/td><\/tr><tr><td>Impact resistance<\/td><td>1 m<\/td><\/tr><tr><td>Water resistance<\/td><td>IP68 (t\u00e4ysin p\u00f6ly- ja vesitiivis)<\/td><\/tr><tr><td>Operating modes<\/td><td>5 kpl + 2 kpl vilkkutilat<\/td><\/tr><tr><td>K\u00e4ytt\u00f6tila turbo<\/td><td>2800 lm \/ 2 h 40 min* \/ 480 m (kohdevalo), 164 m (laajavalo) \/ 57600 cd (kohdevalo), 6750 cd (laajavalo)<\/td><\/tr><tr><td>High mode<\/td><td>1000 lm \/ 2 h 50 min \/ 289 m (kohdevalo), 101 m (laajavalo) \/ 20900 cd (kohdevalo), 2550 cd (laajavalo)<\/td><\/tr><tr><td>Middle mode<\/td><td>350 lm \/ 6 h 40 min \/ 173 m (kohdevalo), 58 m (laajavalo) \/ 7500 cd (kohdevalo), 900 cd (laajavalo)<\/td><\/tr><tr><td>Low mode<\/td><td>150 lm \/ 16 h 40 min \/ 113 m (kohdevalo), 38 m (laajavalo) \/ 3200 cd (kohdevalo), 400 cd (laajavalo)<\/td><\/tr><tr><td>K\u00e4ytt\u00f6tila: eko<\/td><td>20 lm \/ 65 h \/ 41 m (kohdevalo), 14 m (laajavalo) \/ 400 cd (kohdevalo), 50 cd (laajavalo)<\/td><\/tr><tr><td>Strobo<\/td><td>2800 lm*<\/td><\/tr><tr><td>SOS-signaali<\/td><td>150 lm*<\/td><\/tr><tr><td>LED type<\/td><td>Luminus SFT70 LED<\/td><\/tr><tr><td>Size<\/td><td>155,3 x 44,5 x 32 mm<\/td><\/tr><tr><td>Weight<\/td><td>302 g (sis. paristo)<\/td><\/tr><tr><td>Power source<\/td><td>1xARB-L21-5000 V2.0 (21500) Li-ion ladattava akku<\/td><\/tr><tr><td>Certifications<\/td><td>ANSI\/NEMA FL-1, ROHS, CE<\/td><\/tr><tr><td>Warranty<\/td><td>5 years<\/td><\/tr><tr><td>Package contents<\/td><td>Fenix LD45R-taskulamppu, ARB-L21-5000 V2.0 -akkuparisto, vy\u00f6kotelo, USB Type-C -latauskaapeli, vaihdettava O-rengastiiviste, k\u00e4ytt\u00f6ohje<\/td><\/tr><\/tbody><\/table><\/figure>\n\n\n\n<p>* The runtime of the Turbo mode is the continuous operating time at brightness levels from 100% down to 10%. Performance values are according to the ANSI\/PLATO FL1 handheld flashlight standard.<\/p>","protected":false},"excerpt":{"rendered":"<p>Fenix LD45R &#8211; digitaalisesti s\u00e4\u00e4dett\u00e4v\u00e4 taskulamppu<\/p>","protected":false},"featured_media":19273,"comment_status":"open","ping_status":"closed","template":"","meta":{"_kadence_starter_templates_imported_post":false,"_kad_post_transparent":"","_kad_post_title":"","_kad_post_layout":"","_kad_post_sidebar_id":"","_kad_post_content_style":"","_kad_post_vertical_padding":"","_kad_post_feature":"","_kad_post_feature_position":"","_kad_post_header":false,"_kad_post_footer":false,"_kad_post_classname":""},"product_brand":[],"product_cat":[1653,1564,1662,1585,16],"product_tag":[],"class_list":{"0":"post-19269","1":"product","2":"type-product","3":"status-publish","4":"has-post-thumbnail","6":"product_cat-ale10","7":"product_cat-fenix","8":"product_cat-joulu","9":"product_cat-uudet-tuotteet","10":"product_cat-yleinen","12":"first","13":"instock","14":"taxable","15":"shipping-taxable","16":"purchasable","17":"product-type-simple","18":"entry","19":"content-bg","20":"loop-entry"},"_links":{"self":[{"href":"https:\/\/kivenalla.fi\/en\/wp-json\/wp\/v2\/product\/19269","targetHints":{"allow":["GET"]}}],"collection":[{"href":"https:\/\/kivenalla.fi\/en\/wp-json\/wp\/v2\/product"}],"about":[{"href":"https:\/\/kivenalla.fi\/en\/wp-json\/wp\/v2\/types\/product"}],"replies":[{"embeddable":true,"href":"https:\/\/kivenalla.fi\/en\/wp-json\/wp\/v2\/comments?post=19269"}],"wp:featuredmedia":[{"embeddable":true,"href":"https:\/\/kivenalla.fi\/en\/wp-json\/wp\/v2\/media\/19273"}],"wp:attachment":[{"href":"https:\/\/kivenalla.fi\/en\/wp-json\/wp\/v2\/media?parent=19269"}],"wp:term":[{"taxonomy":"product_brand","embeddable":true,"href":"https:\/\/kivenalla.fi\/en\/wp-json\/wp\/v2\/product_brand?post=19269"},{"taxonomy":"product_cat","embeddable":true,"href":"https:\/\/kivenalla.fi\/en\/wp-json\/wp\/v2\/product_cat?post=19269"},{"taxonomy":"product_tag","embeddable":true,"href":"https:\/\/kivenalla.fi\/en\/wp-json\/wp\/v2\/product_tag?post=19269"}],"curies":[{"name":"wp","href":"https:\/\/api.w.org\/{rel}","templated":true}]}}