{"id":19282,"date":"2025-08-27T13:56:36","date_gmt":"2025-08-27T10:56:36","guid":{"rendered":"https:\/\/www.kivenalla.fi\/?post_type=product&#038;p=19282"},"modified":"2025-11-25T09:38:24","modified_gmt":"2025-11-25T07:38:24","slug":"fenix-ld35r-1800-lm","status":"publish","type":"product","link":"https:\/\/kivenalla.fi\/en\/product\/fenix-ld35r-1800-lm\/","title":{"rendered":"Fenix LD35R, 1800 lm"},"content":{"rendered":"<h3 class=\"wp-block-heading\">Fenix LD35R \u2013 uuden aikakauden monitoimivalaisin<\/h3>\n\n\n\n<p>Fenix LD35R avaa uuden aikakauden monitoimivalaisimissa. Sen jopa 1800 lumenin kirkkaus ja 337 metrin kantama on pakattu kompaktiin, monipuoliseen valaisimeen, joka on suunniteltu vastaamaan niin teollisuuden ammattilaisten, kunnossapidon, ulkoilijoiden, veneilij\u00f6iden, retkeilij\u00f6iden kuin viranomaistenkin tarpeisiin \u2013 kaikissa olosuhteissa.<\/p>\n\n\n\n<p>P\u00e4\u00e4valo ja kaksipuoliset 360 asteen sivulyhdyt sek\u00e4 monipuoliset v\u00e4rivalot (valkoinen, punainen, sininen) tekev\u00e4t LD35R:st\u00e4 erinomaisen ty\u00f6kalun ty\u00f6h\u00f6n, veneilyyn, ulkoiluun ja h\u00e4t\u00e4tilanteisiin. Suuri 3400 mAh akku tarjoaa pitk\u00e4n k\u00e4ytt\u00f6ajan, ja yhteensopivuus CR123A-paristojen kanssa takaa toimintavarmuuden my\u00f6s pakkasessa.<\/p>\n\n\n\n<p>Magneettinen pohja, vedenpit\u00e4v\u00e4 USB-C-lataus, IP68-suojaus sek\u00e4 kolme karkaistua iskunk\u00e4rke\u00e4 tekev\u00e4t LD35R:st\u00e4 kest\u00e4v\u00e4n, turvallisen ja k\u00e4yt\u00e4nn\u00f6llisen kumppanin niin arkeen kuin vaativaan ammattik\u00e4ytt\u00f6\u00f6nkin.<\/p>\n\n\n\n<h3 class=\"wp-block-heading\">Kolmiv\u00e4rivalo (valkoinen, punainen, sininen)<\/h3>\n\n\n\n<p>P\u00e4\u00e4valo tarjoaa viisi kirkkaustasoa, jotka soveltuvat erinomaisesti pitk\u00e4n kantaman valaistukseen max. 337 metriin asti. Lampun sivuilla sijaitsevat sivuvalot tuottavat kaksipuolisen 360 asteen valaistuksen, jolloin valo levi\u00e4\u00e4 tasaisesti yhdelt\u00e4 tai molemmilta puolilta. Sivuvaloista l\u00f6ytyy valkoisen valon lis\u00e4ksi my\u00f6s punainen ja sininen v\u00e4rivalo, jotka lis\u00e4\u00e4v\u00e4t turvallisuutta ja k\u00e4ytt\u00f6mukavuutta esimerkiksi h\u00e4t\u00e4merkinn\u00e4ss\u00e4, huomiovalona tai tilanteissa, joissa h\u00e4ik\u00e4isem\u00e4t\u00f6n valaistus on tarpeen.<\/p>\n\n\n\n<p><strong>Punaisen ja sinisen valon toiminnot<\/strong><\/p>\n\n\n\n<ul class=\"wp-block-list\">\n<li><strong>Punainen jatkuva valo<\/strong>\u00a0\u2013 s\u00e4ilytt\u00e4\u00e4 h\u00e4m\u00e4r\u00e4n\u00e4\u00f6n, ei h\u00e4ik\u00e4ise ja auttaa pit\u00e4m\u00e4\u00e4n hy\u00f6nteiset loitolla.<\/li>\n\n\n\n<li><strong>Punainen &amp; sininen vilkku<\/strong>\u00a0\u2013 tekee sinut n\u00e4kyv\u00e4ksi, varoittaa muita ja voi ehk\u00e4ist\u00e4 vaaratilanteita.<\/li>\n\n\n\n<li><strong>Punainen SOS<\/strong>\u00a0\u2013 selke\u00e4 h\u00e4t\u00e4signaali, jolla voit kutsua apua.<\/li>\n\n\n\n<li><strong>Punainen vilkku<\/strong>\u00a0\u2013 toimii varoitusvalona ja turvallisuuden muistuttajana esimerkiksi liikenteess\u00e4 tai ty\u00f6ymp\u00e4rist\u00f6ss\u00e4.<\/li>\n<\/ul>\n\n\n\n<h3 class=\"wp-block-heading\">Pitk\u00e4 k\u00e4ytt\u00f6aika kaikissa vuodenajoissa<\/h3>\n\n\n\n<p>LD35R toimitetaan suurella 3400 mAh akulla, joka takaa pitk\u00e4n k\u00e4ytt\u00f6ajan. Lis\u00e4ksi se on yhteensopiva kahden CR123A-pariston kanssa, mik\u00e4 tekee siit\u00e4 luotettavan my\u00f6s eritt\u00e4in kylmiss\u00e4 olosuhteissa, joissa ladattavat akut menett\u00e4v\u00e4t helposti kapasiteettiaan.<\/p>\n\n\n\n<h3 class=\"wp-block-heading\">Fenix LD35R \u2013 luotettava valaisin veneilyyn<\/h3>\n\n\n\n<p>Fenix LD35R on t\u00e4ydellinen kumppani my\u00f6s vesill\u00e4. IP68-suojaus takaa vesitiiviyden, ja jopa 337 metrin kantama helpottaa navigointia sek\u00e4 rantautumista pime\u00e4ss\u00e4. 360\u00b0 sivuvalot tuottavat hajavaloa kannelle ja hytin sis\u00e4tiloihin, kun taas punainen ja sininen valo toimivat merkinantona h\u00e4t\u00e4tilanteissa. Magneettinen pohja mahdollistaa handsfree-k\u00e4yt\u00f6n veneen metallipinnoilla.<\/p>\n\n\n\n<h3 class=\"wp-block-heading\">Suunniteltu kovaan k\u00e4ytt\u00f6\u00f6n<\/h3>\n\n\n\n<p>Kolme ruostumattomaan ter\u00e4skehykseen integroituja karkaistuja iskunk\u00e4rki\u00e4, jotka toimivat itsepuolustuksessa sek\u00e4 mahdollistavat lasin murtamisen h\u00e4t\u00e4tilanteissa.<\/p>\n\n\n\n<p>IP68-suojaus sek\u00e4 sis\u00e4inen vedenpit\u00e4v\u00e4 USB-C-latausportti takaavat t\u00e4ydellisen p\u00f6ly- ja vesisuojan. Valaisin kest\u00e4\u00e4 upotuksen veteen sek\u00e4 s\u00e4\u00e4olosuhteet kuten sateen, sumun ja lumen \u2013 eik\u00e4 sinun tarvitse huolehtia vahingoista, vaikka lamppu putoaisi veteen.<\/p>\n\n\n\n<h3 class=\"wp-block-heading\">K\u00e4yt\u00e4nn\u00f6llisyytt\u00e4 kaikkiin tilanteisiin<\/h3>\n\n\n\n<p>LD35R on varustettu magneettisella pohjalla, joten sen voi kiinnitt\u00e4\u00e4 metallipintoihin handsfree-k\u00e4ytt\u00f6\u00e4 varten. Lis\u00e4ksi sit\u00e4 voi k\u00e4ytt\u00e4\u00e4 latauksen aikana \u2013 mik\u00e4 on arvokas ominaisuus ty\u00f6ss\u00e4, retkill\u00e4 tai h\u00e4t\u00e4tilanteissa.<\/p>\n\n\n\n<p>Fenix LD35R yhdist\u00e4\u00e4 taskulampun ja lyhdyn parhaat ominaisuudet \u2013 tarjoten tehokkuutta, kest\u00e4vyytt\u00e4 ja monipuolisuutta kaikkiin tilanteisiin.<\/p>\n\n\n\n<h3 class=\"wp-block-heading\">Technical details<\/h3>\n\n\n\n<ul class=\"wp-block-list\">\n<li>Valonl\u00e4hteet: COB-LED ja Luminus SST40 Gen2 LED.<\/li>\n\n\n\n<li>V\u00e4rivalot: Valkoinen, punainen ja sininen.<\/li>\n\n\n\n<li>Valotilat: P\u00e4\u00e4valo + yksipuolinen ja kaksipuolinen 360\u00b0 sivuvalo.<\/li>\n\n\n\n<li>Virtal\u00e4hde: ARB-L18-3400 Li-ion ladattava akku (sis\u00e4ltyy), yhteensopiva my\u00f6s 2x CR123A paristojen kanssa.<\/li>\n\n\n\n<li>Yhdistelm\u00e4kytkin (painonappi + elektroninen).<\/li>\n\n\n\n<li>Magneettinen pohja handsfree-k\u00e4ytt\u00f6\u00f6n.<\/li>\n\n\n\n<li>Lasinrikkomisp\u00e4\u00e4t: keraamiset k\u00e4rjet ruostumattomassa ter\u00e4skehuksessa.<\/li>\n\n\n\n<li>Lataus: sis\u00e4inen, vesitiivis USB-C-portti.<\/li>\n\n\n\n<li>Akun varaustila: k\u00e4ynnistyksen yhteydess\u00e4 akun varaustason n\u00e4ytt\u00f6 ja alij\u00e4nnitevaroitus.<\/li>\n\n\n\n<li>Suojaus: K\u00e4\u00e4nteisen napaisuuden suojaus.<\/li>\n\n\n\n<li>Rakenne: Kest\u00e4v\u00e4 A6061-T6 alumiiniseos, HAIII-kova-anodisoitu pinta.<\/li>\n\n\n\n<li>Pakkaus sis\u00e4lt\u00e4\u00e4: LD35R taskulamppu, ARB-L18-3400 Li-ion akkuparisto, USB-C latauskaapeli, vy\u00f6kotelo, rannehihna, vaihdettava O-rengastiiviste, k\u00e4ytt\u00f6ohje.<\/li>\n<\/ul>\n\n\n\n<p>Fenix-tuotemerkki takaa aina huippulaadun, LD35R on IP68 p\u00f6ly- ja vesitiivis. Kaikki Fenix valaisimet on testattu omassa laboratoriossa amerikkalaisen ANSI\/FL1 standardin mukaisesti. LD35R taskulampulla on viiden (5) vuoden (paristo 1 vuosi) Fenix laatutakuu.<\/p>\n\n\n\n<h3 class=\"wp-block-heading\">Technical details<\/h3>\n\n\n\n<figure class=\"wp-block-table\"><table class=\"has-fixed-layout\"><tbody><tr><td>Maximum brightness (max)<\/td><td>1800 lumenia<\/td><\/tr><tr><td>Runtime (max)<\/td><td>101 h 54 min (20 lm)<\/td><\/tr><tr><td>Beam distance (max)<\/td><td>337 metri\u00e4<\/td><\/tr><tr><td>Peak intensity (max)<\/td><td>28400 kandela<\/td><\/tr><tr><td>Impact resistance<\/td><td>1 m<\/td><\/tr><tr><td>Water resistance<\/td><td>IP68 (t\u00e4ysin p\u00f6ly- ja vesitiivis)<\/td><\/tr><tr><td>Operating modes<\/td><td>P\u00e4\u00e4valo 5 tilaa + strobo, valkoinen sivuvalo 4 tilaa, punainen\/sininen 5 tilaa.<\/td><\/tr><tr><td>K\u00e4ytt\u00f6tila turbo<\/td><td>1800 m \/ 2 h 19 min* \/ 337 m \/ 28400 cd<\/td><\/tr><tr><td>High mode<\/td><td>800 lm \/ 3 h \/ 217 m \/ 11800 cd<\/td><\/tr><tr><td>Middle mode<\/td><td>350 lm \/ 5 h 34 min \/ 143 m \/ 5100 cd<\/td><\/tr><tr><td>Low mode<\/td><td>100 lm \/ 22 h 39 min \/ 78 m \/ 1500 cd<\/td><\/tr><tr><td>Eco mode<\/td><td>20 lm \/ 101 h 54 min \/ 34 m \/ 300 cd<\/td><\/tr><tr><td>Sivuvalo: valkoinen, kaksipuolinen (teho)<\/td><td>150 lm \/ 6 h 2 min \/ 10 m \/ 25 cd<\/td><\/tr><tr><td>Sivuvalo: valkoinen, kaksipuolinen (matala)<\/td><td>80 lm \/ 6 h 13 min \/ 7 m \/ 13 cd<\/td><\/tr><tr><td>Sivuvalo: valkoinen, yksipuolinen (teho)<\/td><td>30 lm \/ 15 h 44 min \/ 6 m \/ 10 cd<\/td><\/tr><tr><td>Sivuvalo: valkoinen, yksipuolinen (matala)<\/td><td>5 lm \/ 86 h 35 min \/ 3 m \/ 3 cd<\/td><\/tr><tr><td>Sivuvalo: punainen SOS<\/td><td>15 lm \/ 51 h 7 min<\/td><\/tr><tr><td>Sivuvalo: punainen&amp;sininen vilkku<\/td><td>15 lm \/ 31 h 28 min<\/td><\/tr><tr><td>Sivuvalo: punainen vilkku<\/td><td>15 lm \/ 55 h 13 min<\/td><\/tr><tr><td>Sivuvalo: punainen<\/td><td>5 lm \/ 60 h 37 min<\/td><\/tr><tr><td>Strobo<\/td><td>1800 lm<\/td><\/tr><tr><td>LED type<\/td><td>Luminus SST40 Gen2 LED, COB-valonauha<\/td><\/tr><tr><td>Size<\/td><td>136,4 x 34 x 25,4 mm<\/td><\/tr><tr><td>Weight<\/td><td>185 g (sis.akku)<\/td><\/tr><tr><td>Power source<\/td><td>1&#215;18650, 2xCR123A<\/td><\/tr><tr><td>Charging method<\/td><td>USB-C<\/td><\/tr><tr><td>Certifications<\/td><td>ANSI\/NEMA FL-1, ROHS, CE<\/td><\/tr><tr><td>Warranty<\/td><td>5 years<\/td><\/tr><tr><td>Package contents<\/td><td>LD35R taskulamppu, ARB-L18-3400 Li-ion akkuparisto, USB-C latauskaapeli, vy\u00f6kotelo, rannehihna, vaihdettava O-rengastiiviste, k\u00e4ytt\u00f6ohje<\/td><\/tr><\/tbody><\/table><\/figure>\n\n\n\n<p>* The runtime of the Turbo mode is the continuous operating time at brightness levels from 100% down to 10%. Performance values are according to the ANSI\/PLATO FL1 handheld flashlight standard.<\/p>","protected":false},"excerpt":{"rendered":"<p>Ensimm\u00e4inen todellinen monitoimivalaisin<br \/>Monipuolinen 3-in-1-valaisin \u2013 p\u00e4\u00e4valo, 360\u00b0 sivuvalot ja v\u00e4rivalot yhdess\u00e4.<br \/>Pitk\u00e4 k\u00e4ytt\u00f6aika my\u00f6s pakkasessa \u2013 3400 mAh akku + CR123A-yhteensopivuus.<br \/>Kest\u00e4v\u00e4 ammattilaistason kumppani \u2013 IP68-suojaus, USB-C-lataus, magneettinen pohja ja iskunk\u00e4rjet.<\/p>","protected":false},"featured_media":19288,"comment_status":"open","ping_status":"closed","template":"","meta":{"_kadence_starter_templates_imported_post":false,"_kad_post_transparent":"","_kad_post_title":"","_kad_post_layout":"","_kad_post_sidebar_id":"","_kad_post_content_style":"","_kad_post_vertical_padding":"","_kad_post_feature":"","_kad_post_feature_position":"","_kad_post_header":false,"_kad_post_footer":false,"_kad_post_classname":""},"product_brand":[],"product_cat":[1653,1564,1662,1585,16],"product_tag":[],"class_list":{"0":"post-19282","1":"product","2":"type-product","3":"status-publish","4":"has-post-thumbnail","6":"product_cat-ale10","7":"product_cat-fenix","8":"product_cat-joulu","9":"product_cat-uudet-tuotteet","10":"product_cat-yleinen","12":"first","13":"instock","14":"taxable","15":"shipping-taxable","16":"purchasable","17":"product-type-simple","18":"entry","19":"content-bg","20":"loop-entry"},"_links":{"self":[{"href":"https:\/\/kivenalla.fi\/en\/wp-json\/wp\/v2\/product\/19282","targetHints":{"allow":["GET"]}}],"collection":[{"href":"https:\/\/kivenalla.fi\/en\/wp-json\/wp\/v2\/product"}],"about":[{"href":"https:\/\/kivenalla.fi\/en\/wp-json\/wp\/v2\/types\/product"}],"replies":[{"embeddable":true,"href":"https:\/\/kivenalla.fi\/en\/wp-json\/wp\/v2\/comments?post=19282"}],"wp:featuredmedia":[{"embeddable":true,"href":"https:\/\/kivenalla.fi\/en\/wp-json\/wp\/v2\/media\/19288"}],"wp:attachment":[{"href":"https:\/\/kivenalla.fi\/en\/wp-json\/wp\/v2\/media?parent=19282"}],"wp:term":[{"taxonomy":"product_brand","embeddable":true,"href":"https:\/\/kivenalla.fi\/en\/wp-json\/wp\/v2\/product_brand?post=19282"},{"taxonomy":"product_cat","embeddable":true,"href":"https:\/\/kivenalla.fi\/en\/wp-json\/wp\/v2\/product_cat?post=19282"},{"taxonomy":"product_tag","embeddable":true,"href":"https:\/\/kivenalla.fi\/en\/wp-json\/wp\/v2\/product_tag?post=19282"}],"curies":[{"name":"wp","href":"https:\/\/api.w.org\/{rel}","templated":true}]}}