{"id":19290,"date":"2025-08-27T13:59:35","date_gmt":"2025-08-27T10:59:35","guid":{"rendered":"https:\/\/www.kivenalla.fi\/?post_type=product&#038;p=19290"},"modified":"2025-08-27T14:02:26","modified_gmt":"2025-08-27T11:02:26","slug":"fenix-hm75r-superraptor-3s-1800-lm","status":"publish","type":"product","link":"https:\/\/kivenalla.fi\/en\/product\/fenix-hm75r-superraptor-3s-1800-lm\/","title":{"rendered":"Fenix HM75R SUPERRAPTOR 3S, 1800 lm"},"content":{"rendered":"<h3 class=\"wp-block-heading\">SUPERRAPTOR 3S \u2013 kaikkien aikojen paras SUPERRAPTOR!<\/h3>\n\n\n\n<p><strong>Uusi Fenix SUPERRAPTOR 3S on entist\u00e4kin voimakkaampi ja valaisee kauemmin kuin koskaan ennen.&nbsp;<\/strong>Se tarjoaa huikeat&nbsp;<strong>1800 lumenia valotehoa<\/strong>, jopa&nbsp;<strong>20 % pidemm\u00e4n k\u00e4ytt\u00f6ajan<\/strong>&nbsp;kuin edelt\u00e4j\u00e4ns\u00e4 ja on varustettu&nbsp;<strong>markkinoiden tehokkaimmalla 4000 mAh 18650-akulla<\/strong>. T\u00e4m\u00e4 otsalamppu nostaa riman uudelle tasolle.<\/p>\n\n\n\n<p><strong>T\u00e4m\u00e4 tekee SUPERRAPTOR 3S:st\u00e4 kaikkien aikojen monipuolisimman otsalampun vaativiin olosuhteisiin.<\/strong>&nbsp;Se on suunniteltu&nbsp;<strong>retkeilij\u00f6ille, ammattik\u00e4ytt\u00e4jille, kyp\u00e4r\u00e4valoksi py\u00f6r\u00e4ilij\u00f6ille ja viranomaisille<\/strong>, jotka tarvitsevat&nbsp;<strong>tehokasta valoa, kest\u00e4vyytt\u00e4, punaista valoa erityistilanteisiin sek\u00e4 pitk\u00e4n k\u00e4ytt\u00f6ajan<\/strong>. T\u00e4ydellinen valinta niille, jotka eiv\u00e4t tyydy v\u00e4hemp\u00e4\u00e4n.<\/p>\n\n\n\n<h3 class=\"wp-block-heading\">Testimenestyj\u00e4 \u2013 nyt entist\u00e4kin parempana<\/h3>\n\n\n\n<p>Uusi SUPERRAPTOR 3S jatkaa legendaarisen SUPERRAPTOR 3 -mallin menestyksek\u00e4st\u00e4 polkua. Edelt\u00e4j\u00e4malli sai huippuarviot sek\u00e4&nbsp;<strong>RETKI-lehden<\/strong>&nbsp;suuressa otsalampputestiss\u00e4 ett\u00e4&nbsp;<strong>Mets\u00e4stys ja Kalastus<\/strong>&nbsp;-lehden testiss\u00e4, joissa se ker\u00e4si kiitosta erityisesti huippuvalotehostaan, pitk\u00e4st\u00e4 valokeilastaan ja monipuolisuudestaan eri aktiviteeteissa \u2013 retkeilyst\u00e4 ja vaelluksesta aina mets\u00e4stykseen ja viranomaisk\u00e4ytt\u00f6\u00f6n. Testaajat nostivat esiin my\u00f6s punavalon kolme eri tehotilaa sek\u00e4 kiertokytkimen, joka helpottaa k\u00e4ytt\u00f6\u00e4 kylmiss\u00e4 olosuhteissa.<\/p>\n\n\n\n<h3 class=\"wp-block-heading\">Design from Finland -tuote<\/h3>\n\n\n\n<p>SUPERRAPTOR 3S on saanut Suomalaisen Ty\u00f6n Liiton&nbsp;<strong>Design from Finland<\/strong>&nbsp;-merkin. Se on suunniteltu Suomessa tuhansien k\u00e4ytt\u00e4jien toiveiden pohjalta, testattu ankarissa olosuhteissa ja kehitetty yli kahden vuoden aikana. Lopputuloksena syntyi yksi maailman parhaista otsalampuista luokassaan.<\/p>\n\n\n\n<h3 class=\"wp-block-heading\">T\u00e4ydellinen valaisu kaikille et\u00e4isyyksille<\/h3>\n\n\n\n<p>SUPERRAPTOR 3S:ssa on erilliset kohde- ja laajavalot, jotka toimivat my\u00f6s samanaikaisesti. Lis\u00e4ksi siin\u00e4 on tehokas punavalo kolmella kirkkaustilalla (2 lm, 30 lm, 120 lm), joka s\u00e4ilytt\u00e4\u00e4 h\u00e4m\u00e4r\u00e4n\u00e4\u00f6n ja soveltuu sotilas- ja reservil\u00e4is k\u00e4ytt\u00f6\u00f6n.<\/p>\n\n\n\n<h3 class=\"wp-block-heading\">Punavalo s\u00e4ilytt\u00e4\u00e4 h\u00e4m\u00e4r\u00e4n\u00e4\u00f6n \u2013 tarkka ja huomaamaton valaistus<\/h3>\n\n\n\n<p>SUPERRAPTOR 3S:n punavalo tukee h\u00e4m\u00e4r\u00e4n\u00e4k\u00f6kyky\u00e4 ja soveltuu erinomaisesti sotilas-ja reservil\u00e4isk\u00e4yt\u00f6n tilanteisiin. Himmennetty 2 lm tila on suunniteltu viranomais- ja sotilask\u00e4ytt\u00f6\u00f6n, kun taas kirkkaammat 30 lm ja 120 lm tilat tarjoavat tehokkaan valaistuksen mets\u00e4stykseen, luonnon tarkkailuun ja valokuvaukseen \u2013 ilman ett\u00e4 silm\u00e4 menett\u00e4\u00e4 herkkyytens\u00e4 pime\u00e4ss\u00e4.<\/p>\n\n\n\n<h3 class=\"wp-block-heading\">Helppo k\u00e4ytt\u00e4\u00e4 \u2013 my\u00f6s k\u00e4sineet k\u00e4dess\u00e4<\/h3>\n\n\n\n<p>Uudistetulla valomoodi-j\u00e4rjestyksell\u00e4 mekaaninen py\u00f6r\u00f6kytkin ja elektroninen painonappikytkin mahdollistavat entist\u00e4kin miellytt\u00e4v\u00e4mm\u00e4n k\u00e4yt\u00f6n my\u00f6s kylmiss\u00e4 olosuhteissa. Kirkkaustila tallentuvat automaattisesti.<\/p>\n\n\n\n<h3 class=\"wp-block-heading\">Kaksi energiatilaa &#8211; valitse itsellesi sopivin<\/h3>\n\n\n\n<p>HM75R SUPERRAPTOR 3S -otsalampussa on kaksi energiatilaa, jotka m\u00e4\u00e4ritt\u00e4v\u00e4t, miten akun energiaa hy\u00f6dynnet\u00e4\u00e4n. Voit siis itse valita, haluatko maksimoida k\u00e4ytt\u00f6ajan vai valotehon!<\/p>\n\n\n\n<ul class=\"wp-block-list\">\n<li><strong>S\u00e4\u00e4st\u00f6tila (oletusvalinta):<\/strong>\u00a0T\u00e4m\u00e4 energiatila pident\u00e4\u00e4 k\u00e4ytt\u00f6aikoja tarjoten pidemm\u00e4n k\u00e4ytt\u00f6ajan, painottaen kestoa jatkuvan korkeamman kirkkauden sijaan.<\/li>\n\n\n\n<li><strong>Tehotila:<\/strong>\u00a0T\u00e4m\u00e4 valoteho mahdollistaa pidemm\u00e4n valon k\u00e4yt\u00f6n korkeammalla kirkkaudella, mik\u00e4 on ihanteellista tilanteissa, joissa kirkkaus on t\u00e4rke\u00e4mp\u00e4\u00e4 kuin k\u00e4ytt\u00f6aika.<\/li>\n<\/ul>\n\n\n\n<h3 class=\"wp-block-heading\">Turvallinen k\u00e4ytt\u00e4\u00e4<\/h3>\n\n\n\n<p>SUPERRAPTOR 3S s\u00e4\u00e4t\u00e4\u00e4 valotehoa automaattisesti, kun valaistava kohde on l\u00e4hell\u00e4. N\u00e4in se est\u00e4\u00e4 pintojen ylikuumenemisen ja tekee k\u00e4yt\u00f6st\u00e4 turvallisempaa.<\/p>\n\n\n\n<h3 class=\"wp-block-heading\">Yhteensopiva kaikkiin kyp\u00e4riin<\/h3>\n\n\n\n<p>HM75R SUPERRAPTOR 3S voidaan kiinnitt\u00e4\u00e4 kaikkiin kyp\u00e4riin, kuten py\u00f6r\u00e4ily- ja ty\u00f6kyp\u00e4riin, erikseen hankittavan\u00a0Fenix ALG-03 V2.0 -kyp\u00e4r\u00e4kiinnikkeen\u00a0avulla. Viranomais- ja sotilaskyp\u00e4riin suosittelemme\u00a0ALG-04-kyp\u00e4r\u00e4kiinnikett\u00e4. Pikairrotettavat pannat tekev\u00e4t kiinnitysten vaihtamisesta nopeaa ja helppoa.<\/p>\n\n\n\n<h3 class=\"wp-block-heading\">Edullinen k\u00e4ytt\u00e4\u00e4<\/h3>\n\n\n\n<p>SUPERRAPTOR 3S k\u00e4ytt\u00e4\u00e4 standardia 18650 Li-ion -akkua, nyt entist\u00e4 tehokkampaa&nbsp;<strong>4000 mAh<\/strong>&nbsp;versiota.&nbsp;Lis\u00e4ksi lamppua voi k\u00e4ytt\u00e4\u00e4 CR123A-paristoilla, jotka varmistavat toimintavarmuuden h\u00e4t\u00e4tilanteissa ja \u00e4\u00e4rimm\u00e4isess\u00e4 kylmyydess\u00e4, aina \u221240 \u00b0C:een asti (HUOM! Mukana toimitettava Fenix ARB-L18-4000 Li-ion -akku toimii luotettavasti \u221220 \u00b0C:een asti.)<\/p>\n\n\n\n<h3 class=\"wp-block-heading\">Haluatko maksimoida SUPERRAPTOR 3S:n suorituskyvyn?<\/h3>\n\n\n\n<p>Erikseen saatava\u00a0POWER EXTENDER-lis\u00e4virtal\u00e4hde\u00a0pident\u00e4\u00e4 k\u00e4ytt\u00f6aikaa jopa 447 tuntiin ja varmistaa, ett\u00e4 valo ei sammu kesken t\u00e4rke\u00e4n hetken. Lis\u00e4ksi se toimii k\u00e4tev\u00e4n\u00e4 varavirtal\u00e4hteen\u00e4 muille USB-C-laitteille, kuten puhelimelle tai GPS:lle \u2013 t\u00e4ydellinen lis\u00e4varuste retkille, ty\u00f6h\u00f6n ja h\u00e4t\u00e4tilanteisiin.<\/p>\n\n\n\n<h3 class=\"wp-block-heading\">Tuotetiedot (p\u00e4ivitetty)<\/h3>\n\n\n\n<ul class=\"wp-block-list\">\n<li>Maksimivaloteho:\u00a0<strong>1800 lm<\/strong><\/li>\n\n\n\n<li>Maksimikantomatka: 230 metri\u00e4<\/li>\n\n\n\n<li>Maksimik\u00e4ytt\u00f6aika: 240 h (5 lm tehotilassa)<\/li>\n\n\n\n<li>Akku: extra iso\u00a0<strong>4000 mAh<\/strong>\u00a018650 Li-ion-akku<\/li>\n\n\n\n<li>Kohdevalo, laajavalo, yhdistelm\u00e4valo<\/li>\n\n\n\n<li>Punainen valo: 2 lm, 30 lm, 120 lm<\/li>\n\n\n\n<li>IP68-luokitus (p\u00f6ly-ja vesitiivis 1,5 metriin asti)<\/li>\n\n\n\n<li>USB-C-lataus (vesitiivis)<\/li>\n\n\n\n<li>Materiaali: ultrakevyt ja kest\u00e4v\u00e4t magnesium<\/li>\n\n\n\n<li>Heijastava otsapanta, sopii p\u00e4\u00e4nymp\u00e4rykselle 50,5\u201364,5 cm<\/li>\n\n\n\n<li>Design from Finland -tuote<\/li>\n\n\n\n<li>Viiden (5)\u00a0 vuoden takuu (akku 1 vuosi)<\/li>\n\n\n\n<li>Pakkaus sis\u00e4lt\u00e4\u00e4: HM75R SUPERRAPTOR 3S -otsalamppu, Fenix ARB-L18-4000, 4000 mAh ladattava Li-ion akkuparisto, USB-tyypin C-latausjohto, otsa- ja p\u00e4\u00e4lakipanta, otsapannan taustalevyn pehmusteet, vaihdettava O-rengastiiviste, k\u00e4ytt\u00f6ohje FI, SE, EN, takuukortti.<\/li>\n<\/ul>\n\n\n\n<p>Fenix-tuotemerkki takaa aina huippulaadun, HM75R SUPERRAPTOR 3S on t\u00e4ysin IP68 p\u00f6ly- ja vesitiivis. Kaikki Fenix valaisimet on testattu omassa laboratoriossa amerikkalaisen ANSI\/FL1 standardin mukaisesti. HM75R SUPERRAPTOR 3S otsavalaisimella on viiden (5) vuoden (paristo 1 vuosi) Fenix-laatutakuu.<\/p>\n\n\n\n<h3 class=\"wp-block-heading\">Technical details<\/h3>\n\n\n\n<figure class=\"wp-block-table\"><table class=\"has-fixed-layout\"><tbody><tr><td>Maximum brightness (max)<\/td><td>1800 lumenia<\/td><\/tr><tr><td>Runtime (max)<\/td><td>240 h (5 lm)<\/td><\/tr><tr><td>Beam distance (max)<\/td><td>230 metri\u00e4<\/td><\/tr><tr><td>Peak intensity (max)<\/td><td>13320 kandelaa<\/td><\/tr><tr><td>Impact resistance<\/td><td>2 metri\u00e4<\/td><\/tr><tr><td>Water resistance<\/td><td>IP68 (t\u00e4ysin p\u00f6ly- ja vesitiivis)<\/td><\/tr><tr><td>Operating modes<\/td><td>4 kpl + 3 kpl punavalotila<\/td><\/tr><tr><td>Kohdevalo: turbo<\/td><td>1800 lm \/ 2 h 49 min* \/ 230 m \/ 13320 cd (tehotila)<\/td><\/tr><tr><td>Kohdevalo: korkea<\/td><td>800 lm \/ 3 h 28 min \/ 143 m \/ 5144 cd (tehotila), 800 lm \/ 4 h 45 min \/ 143 m \/ 5144 cd (s\u00e4\u00e4st\u00f6tila)<\/td><\/tr><tr><td>Kohdevalo: keski<\/td><td>250 lm \/ 13 h \/ 79 m \/ 1563 cd (tehotila), 250 lm \/ 13 h 40 min \/ 79 m \/ 1563 cd (s\u00e4\u00e4st\u00f6tila)<\/td><\/tr><tr><td>Kohdevalo: matala<\/td><td>50 lm \/ 42 h \/ 36 m \/ 320 cd<\/td><\/tr><tr><td>Laajavalo: turbo<\/td><td>1600 lm \/ 2 h* 21 min \/ 97 m \/ 2376 cd<\/td><\/tr><tr><td>Laajavalo: korkea<\/td><td>800 lm \/ 3 h 20 min \/ 57 m \/ 830 cd (tehotila), 800 lm \/ 5 h 14 min \/ 57 m \/ 830 cd (s\u00e4\u00e4st\u00f6tila)<\/td><\/tr><tr><td>Laajavalo: keskitila<\/td><td>250 lm \/ 6 h 44 min \/ 34 m \/ 287 cd (tehotila), 250 lm \/ 10 h \/ 34 m \/ 287 cd (s\u00e4\u00e4st\u00f6tila)<\/td><\/tr><tr><td>Laajavalo: matala<\/td><td>5 lm \/ 240 h \/ 5 m \/ 5 cd<\/td><\/tr><tr><td>Yhdistelm\u00e4: turbo<\/td><td>1600 lm \/ 2 h 39 min* \/ 184 m \/ 8453 cd<\/td><\/tr><tr><td>Yhdistelm\u00e4: korkea<\/td><td>800 lm \/ 3 h 45 min \/ 107 m \/ 2888 cd (tehotila), 800 lm \/ 5 h 53 min \/ 107 m \/ 2888 cd (s\u00e4\u00e4st\u00f6tila)<\/td><\/tr><tr><td>Yhdistelm\u00e4: keskitila<\/td><td>250 lm \/ 13 h \/ 51 m \/ 639 cd (tehotila), 250 lm \/ 14 h 20 min \/ 51 m \/ 639 cd (s\u00e4\u00e4st\u00f6tila)<\/td><\/tr><tr><td>Yhdistelm\u00e4: matala<\/td><td>50 lm \/ 42 h \/ 25 m \/ 169 cd<\/td><\/tr><tr><td>Punavalo: korkea<\/td><td>120 lm \/ 6 h 6 min \/ 24 m \/ 144 cd<\/td><\/tr><tr><td>Punavalo: keskitila<\/td><td>30 lm \/ 22 h 33 min \/ 9 m \/ 21 cd<\/td><\/tr><tr><td>Punavalo: taktinen<\/td><td>2 lm \/ 210 h \/ 4 m \/ 5 cd<\/td><\/tr><tr><td>LED type<\/td><td>1 x SST40 Gen2 valkoinen LED, 2 x SST20 LED, 1 x OSRAM GR QSSPA punaled<\/td><\/tr><tr><td>Size<\/td><td>91,1 x 41 x 53,5 mm<\/td><\/tr><tr><td>Weight<\/td><td>172 ,6 g (akku sis\u00e4ltyy)<\/td><\/tr><tr><td>Materiaali<\/td><td>Ultrakevyt magnesium<\/td><\/tr><tr><td>Power source<\/td><td>1&#215;18650 (sis\u00e4ltyy)\/2xCR123A (myyd\u00e4\u00e4n erikseen)\/POWER EXTENDER-varavirtal\u00e4hde (myyd\u00e4\u00e4n erikseen)<\/td><\/tr><tr><td>Charging method<\/td><td>USB-C<\/td><\/tr><tr><td>Latausaika<\/td><td>3 tuntia (0 &#8211; 100%)<\/td><\/tr><tr><td>Latausvirta<\/td><td>Max. 5V 2000 mA<\/td><\/tr><tr><td>Certifications<\/td><td>ANSI\/NEMA FL-1, ROHS, CE<\/td><\/tr><tr><td>Warranty<\/td><td>5 years<\/td><\/tr><tr><td>Package contents<\/td><td>HM75R SUPERRAPTOR 3S -otsalamppu, Fenix ARB-L18-4000, 4000 mAh ladattava Li-ion akkuparisto, USB-tyypin C-latausjohto, otsa- ja p\u00e4\u00e4lakipanta, otsapannan taustalevyn pehmusteet, vaihdettava O-rengastiiviste, k\u00e4ytt\u00f6ohje FI, SE, EN<\/td><\/tr><\/tbody><\/table><\/figure>\n\n\n\n<p>* The runtime of the Turbo mode is the continuous operating time at brightness levels from 100% down to 10%. Performance values are according to the ANSI\/PLATO FL1 handheld flashlight standard.<\/p>","protected":false},"excerpt":{"rendered":"<p>TESTIVOITTAJAN uusi 3S-huippuversio!<br \/>Design from Finland -tuote<br \/>1800 lm valoteho \u2013 20 % pidempi k\u00e4ytt\u00f6aika \u2013 4000 mAh akku<br \/>Punavalo \u2013 2 lm taktinen tila \u2013 30 lm ja 120 lm retkeilytilat<br \/>Ultrakevyt magnesiumrakenne<\/p>","protected":false},"featured_media":19295,"comment_status":"open","ping_status":"closed","template":"","meta":{"_kadence_starter_templates_imported_post":false,"_kad_post_transparent":"","_kad_post_title":"","_kad_post_layout":"","_kad_post_sidebar_id":"","_kad_post_content_style":"","_kad_post_vertical_padding":"","_kad_post_feature":"","_kad_post_feature_position":"","_kad_post_header":false,"_kad_post_footer":false,"_kad_post_classname":""},"product_brand":[],"product_cat":[1564,1585,16],"product_tag":[],"class_list":{"0":"post-19290","1":"product","2":"type-product","3":"status-publish","4":"has-post-thumbnail","6":"product_cat-fenix","7":"product_cat-uudet-tuotteet","8":"product_cat-yleinen","10":"first","11":"onbackorder","12":"sale","13":"taxable","14":"shipping-taxable","15":"purchasable","16":"product-type-simple","17":"entry","18":"content-bg","19":"loop-entry"},"_links":{"self":[{"href":"https:\/\/kivenalla.fi\/en\/wp-json\/wp\/v2\/product\/19290","targetHints":{"allow":["GET"]}}],"collection":[{"href":"https:\/\/kivenalla.fi\/en\/wp-json\/wp\/v2\/product"}],"about":[{"href":"https:\/\/kivenalla.fi\/en\/wp-json\/wp\/v2\/types\/product"}],"replies":[{"embeddable":true,"href":"https:\/\/kivenalla.fi\/en\/wp-json\/wp\/v2\/comments?post=19290"}],"wp:featuredmedia":[{"embeddable":true,"href":"https:\/\/kivenalla.fi\/en\/wp-json\/wp\/v2\/media\/19295"}],"wp:attachment":[{"href":"https:\/\/kivenalla.fi\/en\/wp-json\/wp\/v2\/media?parent=19290"}],"wp:term":[{"taxonomy":"product_brand","embeddable":true,"href":"https:\/\/kivenalla.fi\/en\/wp-json\/wp\/v2\/product_brand?post=19290"},{"taxonomy":"product_cat","embeddable":true,"href":"https:\/\/kivenalla.fi\/en\/wp-json\/wp\/v2\/product_cat?post=19290"},{"taxonomy":"product_tag","embeddable":true,"href":"https:\/\/kivenalla.fi\/en\/wp-json\/wp\/v2\/product_tag?post=19290"}],"curies":[{"name":"wp","href":"https:\/\/api.w.org\/{rel}","templated":true}]}}