{"id":19402,"date":"2025-09-08T10:21:23","date_gmt":"2025-09-08T07:21:23","guid":{"rendered":"https:\/\/www.kivenalla.fi\/?post_type=product&#038;p=19402"},"modified":"2025-09-19T13:10:21","modified_gmt":"2025-09-19T10:10:21","slug":"garmin-gpsmap-h1","status":"publish","type":"product","link":"https:\/\/kivenalla.fi\/en\/product\/garmin-gpsmap-h1\/","title":{"rendered":"Garmin GPSMAP\u00ae H1"},"content":{"rendered":"<h2 class=\"wp-block-heading\">KUN SEIKKAILU KUTSUU, VASTAA KUTSUUN<\/h2>\n\n\n\n<p>T\u00e4ss\u00e4 modernissa ja kest\u00e4v\u00e4ss\u00e4 GPS-k\u00e4silaitteessa on esiladatut kartat ja uskomaton akunkesto. On aika l\u00e4hte\u00e4 poluille.<\/p>\n\n\n\n<p><img decoding=\"async\" src=\"https:\/\/static.garmincdn.com\/gdc\/Product_Pages\/ICONS\/Touchscreen.svg\" alt=\"\"><\/p>\n\n\n\n<p>HYBRIDILAITTEESSA ON 3,5\u2033:N V\u00c4RIKOSKETUSN\u00c4YTT\u00d6 JA FYYSISET PAINIKKEET<\/p>\n\n\n\n<p><img decoding=\"async\" src=\"https:\/\/static.garmincdn.com\/gdc\/Product_Pages\/ICONS\/Optional-Maps.svg\" alt=\"\"><\/p>\n\n\n\n<p>ESILADATUT TOPOACTIVE-KARTAT, TARKAT SATELLIITTIKUVAT JA VALINNAISTA OUTDOOR MAPS+ -SIS\u00c4LT\u00d6\u00c4<\/p>\n\n\n\n<p><img decoding=\"async\" src=\"https:\/\/static.garmincdn.com\/gdc\/Product_Pages\/ICONS\/Battery_Life.svg\" alt=\"\"><\/p>\n\n\n\n<p>JOPA 145 TUNNIN AKUNKESTO GPS-TILASSA<\/p>\n\n\n\n<p><img decoding=\"async\" src=\"https:\/\/static.garmincdn.com\/gdc\/Product_Pages\/ICONS\/MultiBand.svg\" alt=\"\"><\/p>\n\n\n\n<p>MONIKAISTAINEN GPS JA USEAN GNSS-J\u00c4RJESTELM\u00c4N TUKI EDIST\u00c4V\u00c4T PAIKANTAMISTA<\/p>\n\n\n\n<p><img decoding=\"async\" src=\"https:\/\/static.garmincdn.com\/gdc\/Product_Pages\/ICONS\/IPXX-RATING.svg\" alt=\"\"><\/p>\n\n\n\n<p>MIL-STD 810- JA IP67-VESITIIVIYSLUOKITUKSEN MUKAISET VESITIIVIYS JA \u00c4\u00c4RIL\u00c4MP\u00d6TILOJEN KESTO<\/p>\n\n\n\n<p><img decoding=\"async\" src=\"https:\/\/static.garmincdn.com\/gdc\/Product_Pages\/ICONS\/Gamin_Explore_App.svg\" alt=\"\"><\/p>\n\n\n\n<p>K\u00c4YT\u00c4&nbsp;<a href=\"https:\/\/www.garmin.com\/fi-FI\/p\/614327\/\">GARMIN&nbsp;EXPLORE\u2122<\/a>&nbsp;-SOVELLUKSEN KANSSA MATKOJEN SUUNNITTELUUN JA MAANTIETEELLISTEN PISTEIDEN ETSINT\u00c4\u00c4N<\/p>\n\n\n\n<h2 class=\"wp-block-heading\">T\u00c4H\u00c4N IHASTUT<\/h2>\n\n\n\n<p><img decoding=\"async\" src=\"https:\/\/res.garmin.com\/en\/products\/010-02920-00\/g\/EMEA-71726-1-TOUCHSCREEN.jpg\" alt=\"\"><\/p>\n\n\n\n<h3 class=\"wp-block-heading\">Kosketusn\u00e4ytt\u00f6<\/h3>\n\n\n\n<p>Kirkkaassa, auringonpaisteessakin helposti luettavassa 3,5\u2033 -v\u00e4rikosketusn\u00e4yt\u00f6ss\u00e4 on kemiallisesti vahvistettu lasi. Sit\u00e4 voi k\u00e4ytt\u00e4\u00e4 k\u00e4sineill\u00e4 ja se on helppo n\u00e4hd\u00e4 ja k\u00e4ytt\u00e4\u00e4. Seuraa reitti\u00e4 napauttamalla, zoomaamalla ja pyyhk\u00e4isem\u00e4ll\u00e4 karttoja.<\/p>\n\n\n\n<p><img decoding=\"async\" src=\"https:\/\/res.garmin.com\/en\/products\/010-02920-00\/g\/EMEA-71726-2-PHYSICAL-BUTTONS.jpg\" alt=\"\"><\/p>\n\n\n\n<h3 class=\"wp-block-heading\">FYYSISET PAINIKKEET<\/h3>\n\n\n\n<p>Lujassa hybridirakenteisessa laitteessa on my\u00f6s intuitiiviset painikkeet, jotka takaavat monipuolisuuden erilaisissa s\u00e4\u00e4tiloissa ja k\u00e4ytett\u00e4ess\u00e4 k\u00e4sineit\u00e4. Pikatoimintopainikkeella k\u00e4ytt\u00e4j\u00e4t voivat mukauttaa toimintoja tarpeisiinsa.<\/p>\n\n\n\n<p><img decoding=\"async\" src=\"https:\/\/res.garmin.com\/en\/products\/010-02920-00\/g\/EMEA-71726-3-ADVANCED-NAVIGATION.jpg\" alt=\"\"><\/p>\n\n\n\n<h3 class=\"wp-block-heading\">Monipuolista navigointia<\/h3>\n\n\n\n<p>Navigoi esiladattujen Euroopan, L\u00e4hi-id\u00e4n ja Afrikan TopoActive-karttojen sek\u00e4 helppok\u00e4ytt\u00f6isten maailmanlaajuisten karttojen avulla. N\u00e4et mm. maaston muodot, korkeudet ja maantieteelliset pisteet.<\/p>\n\n\n\n<p><img decoding=\"async\" src=\"https:\/\/res.garmin.com\/en\/products\/010-02920-00\/g\/EMEA-71726-4-SATELLITE-IMAGERY.jpg\" alt=\"\"><\/p>\n\n\n\n<h3 class=\"wp-block-heading\">SATELLIITTIKUVAT<\/h3>\n\n\n\n<p>Lataa tarkkoja, todenmukaisia karttoja suoraan laitteeseen Wi-Fi<sup>\u00ae<\/sup>-tekniikalla. Voit helposti esimerkiksi etsi\u00e4 polkuja, valita seisonta- ja pys\u00e4k\u00f6intipaikkoja sek\u00e4 luoda reittipisteit\u00e4.<\/p>\n\n\n\n<p><img decoding=\"async\" src=\"https:\/\/res.garmin.com\/en\/products\/010-02920-00\/g\/71726-5-OUTDOOR-MAPS.jpg\" alt=\"\"><\/p>\n\n\n\n<h3 class=\"wp-block-heading\">OUTDOOR MAPS+<\/h3>\n\n\n\n<p>Ostamalla&nbsp;<a href=\"https:\/\/www.garmin.com\/fi-FI\/p\/893561\/\">Outdoor Maps<\/a>+ -sopimuksen saat k\u00e4ytt\u00f6\u00f6si monenlaista Premium-karttasis\u00e4lt\u00f6\u00e4 kaikkialla maailmassa. Tilausta p\u00e4ivitet\u00e4\u00e4n s\u00e4\u00e4nn\u00f6llisesti, ja tiedot l\u00e4hetet\u00e4\u00e4n laitteeseesi Wi-Fi-yhteydell\u00e4.<\/p>\n\n\n\n<p><img decoding=\"async\" src=\"https:\/\/res.garmin.com\/en\/products\/010-02920-00\/g\/EMEA-71726-6-LOCATION-ACCURACY.jpg\" alt=\"\"><\/p>\n\n\n\n<h3 class=\"wp-block-heading\">SIJAINTITARKKUUS<\/h3>\n\n\n\n<p>Monikaistainen GPS ja usean GNSS-j\u00e4rjestelm\u00e4n tuki takaavat erinomaisen paikannuksen.<\/p>\n\n\n\n<h2 class=\"wp-block-heading\">SEIKKAILUNKEST\u00c4V\u00c4<\/h2>\n\n\n\n<h2 class=\"wp-block-heading\">HIENOSTUNUT MUOTOILU<\/h2>\n\n\n\n<hr class=\"wp-block-separator has-alpha-channel-opacity\" \/>\n\n\n\n<p><img decoding=\"async\" src=\"https:\/\/static.garmincdn.com\/gdc\/Product_Pages\/ICONS\/FLASHLIGHT.svg\" alt=\"\"><\/p>\n\n\n\n<h3 class=\"wp-block-heading\">HY\u00d6DYLLISET TY\u00d6KALUT<\/h3>\n\n\n\n<p>Sis\u00e4\u00e4nrakennettu taskulamppu voi toimia h\u00e4t\u00e4merkkin\u00e4 tai ihan vain taskulamppuna pimeill\u00e4 reiteill\u00e4. Sis\u00e4isell\u00e4 sireenill\u00e4 saat huomiota, jos tarvitset apua.<\/p>\n\n\n\n<p><img decoding=\"async\" src=\"https:\/\/static.garmincdn.com\/gdc\/Product_Pages\/ICONS\/Battery_Life.svg\" alt=\"\"><\/p>\n\n\n\n<h3 class=\"wp-block-heading\">AKUNKESTO<\/h3>\n\n\n\n<p>Akunkesto on jopa 145 tuntia GPS-tilassa.<\/p>\n\n\n\n<p><img decoding=\"async\" src=\"https:\/\/static.garmincdn.com\/gdc\/Product_Pages\/ICONS\/IPXX-RATING.svg\" alt=\"\"><\/p>\n\n\n\n<h3 class=\"wp-block-heading\">VANKKA RAKENNE<\/h3>\n\n\n\n<p>T\u00e4m\u00e4 laite t\u00e4ytt\u00e4\u00e4 MIL-STD 810 -standardien mukaiset l\u00e4mm\u00f6n-, iskun-,&nbsp;<a href=\"https:\/\/www.garmin.com\/fi-FI\/legal\/waterrating-definitions\/\">veden- (IP67)<\/a>&nbsp;ja t\u00e4rin\u00e4nkest\u00e4vyysvaatimukset eli se kest\u00e4\u00e4 s\u00e4\u00e4olosuhteita ja \u00e4\u00e4ril\u00e4mp\u00f6tiloja.<\/p>\n\n\n\n<p><img decoding=\"async\" src=\"https:\/\/static.garmincdn.com\/gdc\/Product_Pages\/ICONS\/ON-THE-GO.svg\" alt=\"\"><\/p>\n\n\n\n<h3 class=\"wp-block-heading\">LIIKKEELL\u00c4<\/h3>\n\n\n\n<p>Laite sis\u00e4lt\u00e4\u00e4 integroidun Spine Mount 2 -kiinnityksen ja irrotettavan lenkin, jossa on karbiinihaka. Ne lis\u00e4\u00e4v\u00e4t monipuolisuutta seikkailuillasi. Lis\u00e4ksi se tukee erikseen myyt\u00e4vi\u00e4 Spine Mount 2 -lis\u00e4varusteita.<\/p>\n\n\n\n<p><img decoding=\"async\" src=\"https:\/\/static.garmincdn.com\/gdc\/Product_Pages\/ICONS\/Weather.svg\" alt=\"\"><\/p>\n\n\n\n<h3 class=\"wp-block-heading\">GARMIN-S\u00c4\u00c4<\/h3>\n\n\n\n<p>Saat reaaliaikaiset ennustetiedot, jotta olet tietoinen olosuhteiden muutoksista. Edellytt\u00e4\u00e4 aktiivista Wi-Fi- tai mobiiliverkkoyhteytt\u00e4 ja&nbsp;<a href=\"https:\/\/www.garmin.com\/fi-FI\/p\/614327\/\">Garmin Explore<\/a>&nbsp;-sovelluksen k\u00e4ytt\u00f6\u00e4 yhdistetyll\u00e4 \u00e4lypuhelimella.<\/p>\n\n\n\n<p><img decoding=\"async\" src=\"https:\/\/static.garmincdn.com\/gdc\/Product_Pages\/ICONS\/COMPASS.svg\" alt=\"\"><\/p>\n\n\n\n<h3 class=\"wp-block-heading\">ABC-ANTURIT<\/h3>\n\n\n\n<p>Sis\u00e4isest\u00e4 korkeusmittarista n\u00e4et korkeustiedot, ilmanpainemittarilla voit seurata s\u00e4\u00e4t\u00e4 ja kolmiakselisesta s\u00e4hk\u00f6isest\u00e4 kompassista n\u00e4et suunnan.<\/p>\n\n\n\n<p><img decoding=\"async\" src=\"https:\/\/static.garmincdn.com\/gdc\/Product_Pages\/ICONS\/TrackShareLocation.svg\" alt=\"\"><\/p>\n\n\n\n<h3 class=\"wp-block-heading\">LIVETRACK\u2122-JAKO<\/h3>\n\n\n\n<p>L\u00e4heisesi voivat seurata sijaintiasi reaaliaikaisesti ja tarkastella tietoja, kuten matkaa, aikaa ja korkeutta. Ominaisuus edellytt\u00e4\u00e4 aktiivista mobiiliverkkoyhteytt\u00e4 ja&nbsp;<a href=\"https:\/\/www.garmin.com\/fi-FI\/p\/125677\/\">Garmin Connect<\/a>&nbsp;-sovelluksen k\u00e4ytt\u00f6\u00e4 yhdistetyll\u00e4 \u00e4lypuhelimella.<\/p>\n\n\n\n<p><img decoding=\"async\" src=\"https:\/\/static.garmincdn.com\/gdc\/Product_Pages\/ICONS\/Gamin_Explore_App.svg\" alt=\"\"><\/p>\n\n\n\n<h3 class=\"wp-block-heading\">SUUNNITTELE MATKOJA<\/h3>\n\n\n\n<p>Nauti saumattomasta matkasuunnittelusta ja mahdollisuudesta mm. paikantaa maantieteellisi\u00e4 pisteit\u00e4 ja jakaa reittisi helposti. T\u00e4m\u00e4 edellytt\u00e4\u00e4 aktiivista Wi-Fi- tai mobiiliverkkoyhteytt\u00e4 ja Garmin Explore -sovelluksen k\u00e4ytt\u00f6\u00e4 yhdistetyll\u00e4 \u00e4lypuhelimella.<\/p>\n\n\n\n<p><strong>Pakkauksessa: <\/strong><br>&#8211; GPSMAP\u00ae H1<br>&#8211; Karbiinihaka lenkkiin<br>&#8211; USB-kaapeli<br>&#8211; Oppaat<\/p>\n\n\n\n<figure class=\"wp-block-table\"><table class=\"has-fixed-layout\"><tbody><tr><td colspan=\"2\"><strong>Yleiset<\/strong><\/td><\/tr><tr><th>Linssin materiaali<\/th><td>Kemiallisesti vahvistettu lasi<\/td><\/tr><tr><th>Size<\/th><td>6,7 cm x 17,9 cm x 3,3 cm (2,6\u2033 x 7\u2033 x 1,3\u2033)<\/td><\/tr><tr><th>Weight<\/th><td>276 g (9,7 oz)<\/td><\/tr><tr><th><a href=\"https:\/\/www.garmin.com\/fi-FI\/legal\/waterrating-definitions\/\">Vesitiiviysluokitus<\/a><\/th><td>IP67<\/td><\/tr><tr><th>MIL-STD-810<\/th><td>Kyll\u00e4 (l\u00e4mp\u00f6, isku, vesi)); vain pelkk\u00e4 laite<\/td><\/tr><tr><th>Kosketusn\u00e4ytt\u00f6<\/th><td>Yes<\/td><\/tr><tr><th>N\u00e4yt\u00f6n tyyppi<\/th><td>Transflektiivinen TFT-v\u00e4rin\u00e4ytt\u00f6<\/td><\/tr><tr><th>N\u00e4yt\u00f6n koko, LxK<\/th><td>L x K 4,7 x 7,7 cm (1,9\u2033 x 3\u2033), l\u00e4vist\u00e4j\u00e4 8,9 cm (3,5\u2033)<\/td><\/tr><tr><th>N\u00e4yt\u00f6n tarkkuus, LxK<\/th><td>282 x 470 kuvapistett\u00e4<\/td><\/tr><tr><th>Akku<\/th><td>Ladattava sis\u00e4inen litiumioni<\/td><\/tr><tr><th>Akunkesto<\/th><td>Kaikki satelliittij\u00e4rjestelm\u00e4t + monikaista: enint\u00e4\u00e4n 145 tuntia*<br>Virrans\u00e4\u00e4st\u00f6tila: enint\u00e4\u00e4n 840 tuntia<br><small>*Oletuksena tyypillinen k\u00e4ytt\u00f6 SatIQ\u2122-tekniikalla<\/small><\/td><\/tr><tr><th>Muisti\/historia<\/th><td>64 Gt (k\u00e4ytt\u00e4j\u00e4n tila riippuu sis\u00e4ltyvist\u00e4 kartoista)<\/td><\/tr><tr><th>Liit\u00e4nt\u00e4<\/th><td>USB-C<\/td><\/tr><\/tbody><\/table><\/figure>\n\n\n\n<figure class=\"wp-block-table\"><table class=\"has-fixed-layout\"><tbody><tr><td colspan=\"2\">Kartat ja muisti<\/td><\/tr><tr><th>Esiladatut kartat<\/th><td>Yes<\/td><\/tr><tr><th>Mahdollisuus lis\u00e4t\u00e4 karttoja<\/th><td>Yes<\/td><\/tr><tr><th>Peruskartta<\/th><td>Yes<\/td><\/tr><tr><th>Automaattinen reititys (tiereitti k\u00e4\u00e4nn\u00f6s k\u00e4\u00e4nn\u00f6kselt\u00e4)<\/th><td>Yes<\/td><\/tr><tr><th>Karttaosiot<\/th><td>Kyll\u00e4 (15&nbsp;000)<\/td><\/tr><tr><th>BirdsEye<\/th><td>Kyll\u00e4 (suoraan laitteeseen)<\/td><\/tr><tr><th>Sis\u00e4lt\u00e4\u00e4 yksityiskohtaiset tiedot vesist\u00f6ist\u00e4 (rannikot, j\u00e4rvien ja jokien rantaviivat, kosteikot sek\u00e4 pysyv\u00e4t ja vuodenaikoihin liittyv\u00e4t purot)<\/th><td>Yes<\/td><\/tr><tr><th>Sis\u00e4lt\u00e4\u00e4 hakukelpoisia kohdepisteit\u00e4 (puistot, leirint\u00e4alueet sek\u00e4 maisema- ja ev\u00e4sretkipaikat)<\/th><td>Yes<\/td><\/tr><tr><th>N\u00e4ytt\u00e4\u00e4 kansallispuistot sek\u00e4 valtion puistot ja paikalliset puistot, mets\u00e4t ja er\u00e4maa-alueet<\/th><td>Yes<\/td><\/tr><tr><th>Tallennuskapasiteetti ja teho<\/th><td>Kyll\u00e4 (enint\u00e4\u00e4n 1 Tt:n microSD-kortti)<\/td><\/tr><tr><th>Reittipisteet<\/th><td>Yes<\/td><\/tr><tr><th>Reitit<\/th><td>Rajaton<\/td><\/tr><tr><th>Suoritukset<\/th><td>Unlimited<\/td><\/tr><tr><th>Suoritusprofiilit<\/th><td>Yes<\/td><\/tr><tr><th>GPX-tuonnit<\/th><td>Yes<\/td><\/tr><tr><th>Rinex-kirjaus<\/th><td>Yes<\/td><\/tr><\/tbody><\/table><\/figure>\n\n\n\n<figure class=\"wp-block-table\"><table class=\"has-fixed-layout\"><tbody><tr><td colspan=\"2\">Anturit<\/td><\/tr><tr><th>GPS<\/th><td>Yes<\/td><\/tr><tr><th>Galileo<\/th><td>Yes<\/td><\/tr><tr><th>QZSS<\/th><td>Yes<\/td><\/tr><tr><th>BeiDou<\/th><td>Yes<\/td><\/tr><tr><th>IRNSS<\/th><td>Yes<\/td><\/tr><tr><th>Barometrinen korkeusmittari<\/th><td>Yes<\/td><\/tr><tr><th>Kompassi<\/th><td>Kyll\u00e4 (kallistuksen kompensointi, kolmiakselinen)<\/td><\/tr><tr><th>Herkk\u00e4 vastaanotin<\/th><td>Yes<\/td><\/tr><tr><th>GPS-kompassi (liikuttaessa)<\/th><td>Yes<\/td><\/tr><tr><th>Monikaistataajuus<\/th><td>Yes<\/td><\/tr><\/tbody><\/table><\/figure>\n\n\n\n<figure class=\"wp-block-table\"><table class=\"has-fixed-layout\"><tbody><tr><td colspan=\"2\">P\u00e4ivitt\u00e4iset \u00e4lyominaisuudet<\/td><\/tr><tr><th>Connect IQ\u2122 (ladattavat kellotaulut, tietokent\u00e4t ja sovellukset)<\/th><td>Yes<\/td><\/tr><tr><th>\u00c4lykk\u00e4\u00e4t ilmoitukset k\u00e4silaitteessa<\/th><td>Yes<\/td><\/tr><tr><th>S\u00e4\u00e4 (aktiivinen poistetaan)<\/th><td>Yes<\/td><\/tr><tr><th>Yhteensopiva Garmin Connect\u2122 Mobilen kanssa<\/th><td>Yes<\/td><\/tr><tr><th>Garmin Share<\/th><td>Yes<\/td><\/tr><tr><th>P\u00e4\u00e4sykoodi<\/th><td>Yes<\/td><\/tr><tr><th>Automaattista korjausta tukeva n\u00e4pp\u00e4imist\u00f6<\/th><td>Yes<\/td><\/tr><\/tbody><\/table><\/figure>\n\n\n\n<figure class=\"wp-block-table\"><table class=\"has-fixed-layout\"><tbody><tr><td colspan=\"2\">Turvallisuus- ja j\u00e4ljitysominaisuudet<\/td><\/tr><tr><th>LiveTrack<\/th><td>Yes<\/td><\/tr><tr><th>Turvasireeni<\/th><td>Yes<\/td><\/tr><\/tbody><\/table><\/figure>\n\n\n\n<figure class=\"wp-block-table\"><table class=\"has-fixed-layout\"><tbody><tr><td colspan=\"2\">Taktiset ominaisuudet<\/td><\/tr><tr><th>AB Synapse -yhteensopiva<\/th><td>Yes<\/td><\/tr><tr><th>Ballistiikkalaskin<\/th><td>Kyll\u00e4 (edellytt\u00e4\u00e4 avausta)<\/td><\/tr><tr><th>Kaksois-Grid-koordinaatit<\/th><td>Yes<\/td><\/tr><tr><th>H\u00e4m\u00e4r\u00e4n\u00e4k\u00f6tila<\/th><td>Yes<\/td><\/tr><\/tbody><\/table><\/figure>\n\n\n\n<figure class=\"wp-block-table\"><table class=\"has-fixed-layout\"><tbody><tr><td colspan=\"2\">Ulkoilu- ja virkistysominaisuudet<\/td><\/tr><tr><th>Navigointipisteest\u00e4 pisteeseen<\/th><td>Yes<\/td><\/tr><tr><th>Sanoo k\u00e4\u00e4nn\u00f6skohtaisia ajo-ohjeita<\/th><td>Yes<\/td><\/tr><tr><th>TracBack\u00ae<\/th><td>Yes<\/td><\/tr><tr><th>Pinta-alamittaus<\/th><td>Yes<\/td><\/tr><tr><th>Auringon ja kuun vaiheiden tiedot<\/th><td>Yes<\/td><\/tr><tr><th><a href=\"https:\/\/www.geocaching.com\/\" target=\"_blank\" rel=\"noreferrer noopener\">Sopii geok\u00e4tkenn\u00e4ss\u00e4 k\u00e4ytett\u00e4v\u00e4ksi<\/a><\/th><td>Kyll\u00e4 (Geocaching Live)<\/td><\/tr><tr><th><a href=\"http:\/\/www.garmin.com\/CustomMaps\" target=\"_blank\" rel=\"noreferrer noopener\">Yhteensopiva mukautettujen karttojen kanssa<\/a><\/th><td>Kyll\u00e4 (500 mukautettua karttaruutua)<\/td><\/tr><tr><th>Kuvien katseluohjelma<\/th><td>Yes<\/td><\/tr><tr><th>inReach-et\u00e4k\u00e4ytt\u00f6widget<\/th><td>Yes<\/td><\/tr><tr><th>LED-taskulamppu<\/th><td>Yes<\/td><\/tr><tr><th>Taskulamppu<\/th><td>Yes<\/td><\/tr><\/tbody><\/table><\/figure>\n\n\n\n<figure class=\"wp-block-table\"><table class=\"has-fixed-layout\"><tbody><tr><td colspan=\"2\">inReach\u00ae-ominaisuudet<\/td><\/tr><tr><th>InReach\u00ae-yhteensopiva<\/th><td>Yes<\/td><\/tr><\/tbody><\/table><\/figure>\n\n\n\n<figure class=\"wp-block-table\"><table class=\"has-fixed-layout\"><tbody><tr><td colspan=\"2\">Ulkosovellukset<\/td><\/tr><tr><th>Yhteensopiva Garmin Explore \u2122 -sovelluksen kanssa<\/th><td>Yes<\/td><\/tr><tr><th>Tukee Garmin Explore -sivustoa<\/th><td>Yes<\/td><\/tr><tr><th>Koiran seuranta<\/th><td>Kyll\u00e4 (pariliitettyn\u00e4 yhteensopivaan koiran seurantaj\u00e4rjestelm\u00e4\u00e4n)<\/td><\/tr><\/tbody><\/table><\/figure>\n\n\n\n<figure class=\"wp-block-table\"><table class=\"has-fixed-layout\"><tbody><tr><td colspan=\"2\">Yhteydet<\/td><\/tr><tr><th>Langattomat yhteydet<\/th><td>Kyll\u00e4 (Wi-Fi\u00ae, BLUETOOTH\u00ae, ANT+\u00ae)<\/td><\/tr><\/tbody><\/table><\/figure>","protected":false},"excerpt":{"rendered":"<p>Ensiluokkainen GPS-k\u00e4silaite<br \/>Valmistajan tuotekoodi: 010-02920-01<\/p>","protected":false},"featured_media":19407,"comment_status":"open","ping_status":"closed","template":"","meta":{"_kadence_starter_templates_imported_post":false,"_kad_post_transparent":"","_kad_post_title":"","_kad_post_layout":"","_kad_post_sidebar_id":"","_kad_post_content_style":"","_kad_post_vertical_padding":"","_kad_post_feature":"","_kad_post_feature_position":"","_kad_post_header":false,"_kad_post_footer":false,"_kad_post_classname":""},"product_brand":[],"product_cat":[1528,1559,1585,16],"product_tag":[41,46,748,1694,1695,547,947],"class_list":{"0":"post-19402","1":"product","2":"type-product","3":"status-publish","4":"has-post-thumbnail","6":"product_cat-garmin","7":"product_cat-kasilaitteet","8":"product_cat-uudet-tuotteet","9":"product_cat-yleinen","10":"product_tag-garmin","11":"product_tag-gps","12":"product_tag-gpsmap","13":"product_tag-h1","14":"product_tag-h1iplus","15":"product_tag-inreach","16":"product_tag-uutuus","18":"first","19":"onbackorder","20":"sale","21":"taxable","22":"shipping-taxable","23":"purchasable","24":"product-type-simple","25":"entry","26":"content-bg","27":"loop-entry"},"_links":{"self":[{"href":"https:\/\/kivenalla.fi\/en\/wp-json\/wp\/v2\/product\/19402","targetHints":{"allow":["GET"]}}],"collection":[{"href":"https:\/\/kivenalla.fi\/en\/wp-json\/wp\/v2\/product"}],"about":[{"href":"https:\/\/kivenalla.fi\/en\/wp-json\/wp\/v2\/types\/product"}],"replies":[{"embeddable":true,"href":"https:\/\/kivenalla.fi\/en\/wp-json\/wp\/v2\/comments?post=19402"}],"wp:featuredmedia":[{"embeddable":true,"href":"https:\/\/kivenalla.fi\/en\/wp-json\/wp\/v2\/media\/19407"}],"wp:attachment":[{"href":"https:\/\/kivenalla.fi\/en\/wp-json\/wp\/v2\/media?parent=19402"}],"wp:term":[{"taxonomy":"product_brand","embeddable":true,"href":"https:\/\/kivenalla.fi\/en\/wp-json\/wp\/v2\/product_brand?post=19402"},{"taxonomy":"product_cat","embeddable":true,"href":"https:\/\/kivenalla.fi\/en\/wp-json\/wp\/v2\/product_cat?post=19402"},{"taxonomy":"product_tag","embeddable":true,"href":"https:\/\/kivenalla.fi\/en\/wp-json\/wp\/v2\/product_tag?post=19402"}],"curies":[{"name":"wp","href":"https:\/\/api.w.org\/{rel}","templated":true}]}}