{"id":19546,"date":"2025-10-21T10:57:32","date_gmt":"2025-10-21T07:57:32","guid":{"rendered":"https:\/\/www.kivenalla.fi\/?post_type=product&#038;p=19546"},"modified":"2026-04-06T20:35:05","modified_gmt":"2026-04-06T17:35:05","slug":"ol-niingon-gotonas-2026-geokolikko-antiikkikulta","status":"publish","type":"product","link":"https:\/\/kivenalla.fi\/en\/product\/ol-niingon-gotonas-2026-geokolikko-antiikkikulta\/","title":{"rendered":"Ol niingon gotonas 2026 Geocoin (Antique gold)"},"content":{"rendered":"<h2 class=\"wp-block-heading\">Official Ol niingon gotonas 2026 Mega Event geocoin.<\/h2>\n\n\n\n<p><strong>Note: If you would like to pick up your order at the Ol niingon gotonas Mega event in Rauma on April 25, 2026, please select Pickup as the delivery method. Then check Add a note to your order and write \u201cPickup ONG2026.\u201d<\/strong><\/p>\n\n\n\n<p>The front of the geocoin is adorned with the event logo, designed by Anna Broholm. The reverse was designed by Christian Mackey.<\/p>\n\n\n\n<p>The front side of the geocoin features the event logo in its entirety. In front of a lace pattern stand three of Rauma\u2019s well-known landmarks: Kylm\u00e4pihlaja Lighthouse, the Town Hall, and Kiikartorni Tower. Around the edge of the geocoin runs the event text \u201cOl niingon kotonas.\u201d<\/p>\n\n\n\n<p>Geokolikon takapuolella keskskell\u00e4 on Rauman vaakuna 3D:n\u00e4 toteutettuna ja kruunussa on viel\u00e4 muovihelmet. K\u00f6ynn\u00f6skuvio kiert\u00e4\u00e4 reunalla. Sinisell\u00e4 taustalla reunalla kulkee my\u00f6s teksti RAUMA &#8211; SUOMI &#8211; SIGILLCM CIVITATIS (&#8221;Kaupungin sinetti&#8221;).<\/p>\n\n\n\n<p>In this version, the surface of the geocoin is antique gold, and the crown is also finished in antique gold. The geocoin is available in three different versions: Antigue gold, Shiny gold and dual tone (satin nickel \/ satin gold).<\/p>\n\n\n\n<p>The geocoin has a diameter of 60 mm and a thickness of 8 mm at its thickest point (the crown beads).<\/p>\n\n\n\n<p>The tracking code and the text \u201cTrackable at Geocaching.com\u201d are laser-engraved along the outer edge of the geocoin.<\/p>\n\n\n\n<p><a href=\"https:\/\/www.geocaching.com\/seek\/cache_details.aspx?wp=GCAWPT7\">Geocache description for the Ol niingon gotonas 2026 event.<\/a><\/p>","protected":false},"excerpt":{"rendered":"<p>Official Ol niingon gotonas 2026 Mega Event geocoin.<\/p>","protected":false},"featured_media":19550,"comment_status":"open","ping_status":"closed","template":"","meta":{"_kadence_starter_templates_imported_post":false,"_kad_post_transparent":"","_kad_post_title":"","_kad_post_layout":"","_kad_post_sidebar_id":"","_kad_post_content_style":"","_kad_post_vertical_padding":"","_kad_post_feature":"","_kad_post_feature_position":"","_kad_post_header":false,"_kad_post_footer":false,"_kad_post_classname":""},"product_brand":[],"product_cat":[1708,16],"product_tag":[],"class_list":{"0":"post-19546","1":"product","2":"type-product","3":"status-publish","4":"has-post-thumbnail","6":"product_cat-mega-tapahtumat-2026","7":"product_cat-yleinen","9":"first","10":"instock","11":"taxable","12":"shipping-taxable","13":"purchasable","14":"product-type-simple","15":"entry","16":"content-bg","17":"loop-entry"},"_links":{"self":[{"href":"https:\/\/kivenalla.fi\/en\/wp-json\/wp\/v2\/product\/19546","targetHints":{"allow":["GET"]}}],"collection":[{"href":"https:\/\/kivenalla.fi\/en\/wp-json\/wp\/v2\/product"}],"about":[{"href":"https:\/\/kivenalla.fi\/en\/wp-json\/wp\/v2\/types\/product"}],"replies":[{"embeddable":true,"href":"https:\/\/kivenalla.fi\/en\/wp-json\/wp\/v2\/comments?post=19546"}],"wp:featuredmedia":[{"embeddable":true,"href":"https:\/\/kivenalla.fi\/en\/wp-json\/wp\/v2\/media\/19550"}],"wp:attachment":[{"href":"https:\/\/kivenalla.fi\/en\/wp-json\/wp\/v2\/media?parent=19546"}],"wp:term":[{"taxonomy":"product_brand","embeddable":true,"href":"https:\/\/kivenalla.fi\/en\/wp-json\/wp\/v2\/product_brand?post=19546"},{"taxonomy":"product_cat","embeddable":true,"href":"https:\/\/kivenalla.fi\/en\/wp-json\/wp\/v2\/product_cat?post=19546"},{"taxonomy":"product_tag","embeddable":true,"href":"https:\/\/kivenalla.fi\/en\/wp-json\/wp\/v2\/product_tag?post=19546"}],"curies":[{"name":"wp","href":"https:\/\/api.w.org\/{rel}","templated":true}]}}