{"id":19789,"date":"2025-10-14T11:10:13","date_gmt":"2025-10-14T08:10:13","guid":{"rendered":"https:\/\/www.kivenalla.fi\/?post_type=product&#038;p=19789"},"modified":"2026-02-09T14:29:24","modified_gmt":"2026-02-09T12:29:24","slug":"pieni-geocaching-hihamerkki-vihrea","status":"publish","type":"product","link":"https:\/\/kivenalla.fi\/en\/product\/pieni-geocaching-hihamerkki-vihrea\/","title":{"rendered":"Pieni Geocaching-hihamerkki (vihre\u00e4)"},"content":{"rendered":"<p>Small Geocaching patch (four-color\/khaki). The patch has an iron-on adhesive backing.\nDiameter: 4 cm.<\/p>","protected":false},"excerpt":{"rendered":"<p>Pieni Geocaching-hihamerkki (vihre\u00e4). Hihamerkiss\u00e4 on silitett\u00e4v\u00e4 liimapinta. Halkaisija: 4 cm<\/p>","protected":false},"featured_media":19790,"comment_status":"open","ping_status":"closed","template":"","meta":{"_kadence_starter_templates_imported_post":false,"_kad_post_transparent":"","_kad_post_title":"","_kad_post_layout":"","_kad_post_sidebar_id":"","_kad_post_content_style":"","_kad_post_vertical_padding":"","_kad_post_feature":"","_kad_post_feature_position":"","_kad_post_header":false,"_kad_post_footer":false,"_kad_post_classname":""},"product_brand":[],"product_cat":[1654,1549,1585,16],"product_tag":[115,1700,1698,1699],"class_list":{"0":"post-19789","1":"product","2":"type-product","3":"status-publish","4":"has-post-thumbnail","6":"product_cat-ale20","7":"product_cat-hihamerkit","8":"product_cat-uudet-tuotteet","9":"product_cat-yleinen","10":"product_tag-hihamerkki","11":"product_tag-hihis","12":"product_tag-pieni","13":"product_tag-pieni-geocaching","15":"first","16":"instock","17":"taxable","18":"shipping-taxable","19":"purchasable","20":"product-type-simple","21":"entry","22":"content-bg","23":"loop-entry"},"_links":{"self":[{"href":"https:\/\/kivenalla.fi\/en\/wp-json\/wp\/v2\/product\/19789","targetHints":{"allow":["GET"]}}],"collection":[{"href":"https:\/\/kivenalla.fi\/en\/wp-json\/wp\/v2\/product"}],"about":[{"href":"https:\/\/kivenalla.fi\/en\/wp-json\/wp\/v2\/types\/product"}],"replies":[{"embeddable":true,"href":"https:\/\/kivenalla.fi\/en\/wp-json\/wp\/v2\/comments?post=19789"}],"wp:featuredmedia":[{"embeddable":true,"href":"https:\/\/kivenalla.fi\/en\/wp-json\/wp\/v2\/media\/19790"}],"wp:attachment":[{"href":"https:\/\/kivenalla.fi\/en\/wp-json\/wp\/v2\/media?parent=19789"}],"wp:term":[{"taxonomy":"product_brand","embeddable":true,"href":"https:\/\/kivenalla.fi\/en\/wp-json\/wp\/v2\/product_brand?post=19789"},{"taxonomy":"product_cat","embeddable":true,"href":"https:\/\/kivenalla.fi\/en\/wp-json\/wp\/v2\/product_cat?post=19789"},{"taxonomy":"product_tag","embeddable":true,"href":"https:\/\/kivenalla.fi\/en\/wp-json\/wp\/v2\/product_tag?post=19789"}],"curies":[{"name":"wp","href":"https:\/\/api.w.org\/{rel}","templated":true}]}}