{"id":19792,"date":"2025-10-14T15:00:30","date_gmt":"2025-10-14T12:00:30","guid":{"rendered":"https:\/\/www.kivenalla.fi\/?post_type=product&#038;p=19792"},"modified":"2025-11-25T09:37:48","modified_gmt":"2025-11-25T07:37:48","slug":"tftc-korttipeli","status":"publish","type":"product","link":"https:\/\/kivenalla.fi\/en\/product\/tftc-korttipeli\/","title":{"rendered":"TFTC-korttipeli"},"content":{"rendered":"<h3 class=\"wp-block-heading\"><strong>TFTC \u2013 seikkailullinen korttipeli geok\u00e4tk\u00f6ilij\u00f6ille!<\/strong><\/h3>\n\n\n\n<p>Oletko valmis sukeltamaan geok\u00e4tk\u00f6ilyn j\u00e4nnitt\u00e4v\u00e4\u00e4n maailmaan?<\/p>\n\n\n\n<p><strong>TFTC<\/strong> on nopeatempoinen ja taktinen korttipeli, jossa pelaajat luovat omia geok\u00e4tk\u00f6j\u00e4\u00e4n ja kilpailevat kesken\u00e4\u00e4n ker\u00e4t\u00e4kseen eniten pisteit\u00e4.<\/p>\n\n\n\n<p>Geok\u00e4tk\u00f6ilij\u00f6iden mieltymykset voivat kuitenkin muuttua hetkess\u00e4, joten sinun t\u00e4ytyy olla tarkkana ja iske\u00e4 oikealla hetkell\u00e4 \u2013 mutta jos et onnistu, voit aina hieman hidastaa kilpakumppaneitasi.<\/p>\n\n\n\n<p><strong>Sis\u00e4lt\u00f6:<\/strong><\/p>\n\n\n\n<ul class=\"wp-block-list\">\n<li>pelis\u00e4\u00e4nn\u00f6t<\/li>\n\n\n\n<li>26 tavoitekorttia<\/li>\n\n\n\n<li>64 k\u00e4tk\u00f6paikkakorttia<\/li>\n<\/ul>\n\n\n\n<div data-wp-interactive=\"core\/file\" class=\"wp-block-file\"><object data-wp-bind--hidden=\"!state.hasPdfPreview\" hidden class=\"wp-block-file__embed\" data=\"https:\/\/www.kivenalla.fi\/wp-content\/uploads\/2025\/10\/TFTC-rules-eng.pdf\" type=\"application\/pdf\" style=\"width:100%;height:600px\" aria-label=\"Embed of Pelin s\u00e4\u00e4nn\u00f6t englanniksi.\"><\/object><a id=\"wp-block-file--media-bbc0863c-40d5-4978-8235-b0efaff7c786\" href=\"https:\/\/www.kivenalla.fi\/wp-content\/uploads\/2025\/10\/TFTC-rules-eng.pdf\">Pelin s\u00e4\u00e4nn\u00f6t englanniksi<\/a><a href=\"https:\/\/www.kivenalla.fi\/wp-content\/uploads\/2025\/10\/TFTC-rules-eng.pdf\" class=\"wp-block-file__button wp-element-button\" download aria-describedby=\"wp-block-file--media-bbc0863c-40d5-4978-8235-b0efaff7c786\">Lataa<\/a><\/div>","protected":false},"excerpt":{"rendered":"<p>TFTC &#8211; geok\u00e4tk\u00f6ilyaiheinen korttipeli<\/p>","protected":false},"featured_media":19796,"comment_status":"open","ping_status":"closed","template":"","meta":{"_kadence_starter_templates_imported_post":false,"_kad_post_transparent":"","_kad_post_title":"","_kad_post_layout":"","_kad_post_sidebar_id":"","_kad_post_content_style":"","_kad_post_vertical_padding":"","_kad_post_feature":"","_kad_post_feature_position":"","_kad_post_header":false,"_kad_post_footer":false,"_kad_post_classname":""},"product_brand":[],"product_cat":[1653,1662,1536,1585,16],"product_tag":[1702,1701,379,306,374],"class_list":{"0":"post-19792","1":"product","2":"type-product","3":"status-publish","4":"has-post-thumbnail","6":"product_cat-ale10","7":"product_cat-joulu","8":"product_cat-muut-geokatkoilytuotteet","9":"product_cat-uudet-tuotteet","10":"product_cat-yleinen","11":"product_tag-geokatkoilypeli","12":"product_tag-geopeli","13":"product_tag-korttipeli","14":"product_tag-lautapeli","15":"product_tag-peli","17":"first","18":"instock","19":"taxable","20":"shipping-taxable","21":"purchasable","22":"product-type-simple","23":"entry","24":"content-bg","25":"loop-entry"},"_links":{"self":[{"href":"https:\/\/kivenalla.fi\/en\/wp-json\/wp\/v2\/product\/19792","targetHints":{"allow":["GET"]}}],"collection":[{"href":"https:\/\/kivenalla.fi\/en\/wp-json\/wp\/v2\/product"}],"about":[{"href":"https:\/\/kivenalla.fi\/en\/wp-json\/wp\/v2\/types\/product"}],"replies":[{"embeddable":true,"href":"https:\/\/kivenalla.fi\/en\/wp-json\/wp\/v2\/comments?post=19792"}],"wp:featuredmedia":[{"embeddable":true,"href":"https:\/\/kivenalla.fi\/en\/wp-json\/wp\/v2\/media\/19796"}],"wp:attachment":[{"href":"https:\/\/kivenalla.fi\/en\/wp-json\/wp\/v2\/media?parent=19792"}],"wp:term":[{"taxonomy":"product_brand","embeddable":true,"href":"https:\/\/kivenalla.fi\/en\/wp-json\/wp\/v2\/product_brand?post=19792"},{"taxonomy":"product_cat","embeddable":true,"href":"https:\/\/kivenalla.fi\/en\/wp-json\/wp\/v2\/product_cat?post=19792"},{"taxonomy":"product_tag","embeddable":true,"href":"https:\/\/kivenalla.fi\/en\/wp-json\/wp\/v2\/product_tag?post=19792"}],"curies":[{"name":"wp","href":"https:\/\/api.w.org\/{rel}","templated":true}]}}