{"id":19802,"date":"2025-10-15T09:55:50","date_gmt":"2025-10-15T06:55:50","guid":{"rendered":"https:\/\/www.kivenalla.fi\/?post_type=product&#038;p=19802"},"modified":"2025-11-25T09:10:55","modified_gmt":"2025-11-25T07:10:55","slug":"armytek-prime-c1-pro-magnet-usb-white","status":"publish","type":"product","link":"https:\/\/kivenalla.fi\/en\/product\/armytek-prime-c1-pro-magnet-usb-white\/","title":{"rendered":"Armytek Prime C1 Pro Magnet USB White"},"content":{"rendered":"<h3 class=\"wp-block-heading\">Armytekin kompaktein ja kevyin lentokonealumiinista valmistettu valaisin<\/h3>\n\n\n\n<p>Yhdistelm\u00e4 maksimaalista elektronista tehokkuutta ja k\u00e4ytt\u00f6ergonomiaa.<\/p>\n\n\n\n<p>Prime C1 Pro on uskomattoman kompakti mutta tehokas valonl\u00e4hde jokap\u00e4iv\u00e4isiin aktiviteetteihin. Valaisinta on k\u00e4tev\u00e4 kuljettaa mukana: se ei vie paljon tilaa laukussa ja se sopii helposti taskuun tai avainnippuun. Kotelon klassinen muotoilu sek\u00e4 takakannen reik\u00e4 mahdollistavat Prime C1 Pron k\u00e4ytt\u00e4misen leirint\u00e4alueen valaisemiseen luontomatkan aikana: sinun tarvitsee vain ripustaa se l\u00e4himm\u00e4n puun oksaan tai teltan katon koukkuun kest\u00e4v\u00e4n rannehihnan avulla.<\/p>\n\n\n\n<p>Pakkaus sis\u00e4lt\u00e4\u00e4 ter\u00e4sklipsin, joka kiinnitt\u00e4\u00e4 valaisimen turvallisesti vaatteisiin, reppuun tai jopa lippalakin lippaan. Valaisin soveltuu my\u00f6s erilaisiin ammattiteht\u00e4viin: takakannen magneetti mahdollistaa sen kiinnitt\u00e4misen metallipinnoille. Lis\u00e4ksi Prime C1 Pro on yhteensopiva Armytekin polkupy\u00f6r\u00e4kiinnikkeen kanssa, mik\u00e4 tarkoittaa, ett\u00e4 valaisin pystyy tarvittaessa korvaamaan polkupy\u00f6r\u00e4n valon. Valokeilan selke\u00e4n keskipisteen ansiosta leve\u00e4 valokeila ulottuu 114 metrin et\u00e4isyydelle.<\/p>\n\n\n\n<h3 class=\"wp-block-heading\">Prime C1 Pro \u2014 valaisin 3 in 1<\/h3>\n\n\n\n<p><img decoding=\"async\" src=\"https:\/\/www.armytek.com\/images\/companies\/1\/products\/Prime%20C1%20Pro\/Prime%20%D0%A11%20Pro%20edc.png?1689079804815\" width=\"300px\"><\/p>\n\n\n\n<h4 class=\"wp-block-heading\">Valaisin jokap\u00e4iv\u00e4iseen k\u00e4ytt\u00f6\u00f6n<\/h4>\n\n\n\n<ul class=\"wp-block-list\">\n<li>Kompakti runko, k\u00e4tev\u00e4 sivupainike, erityinen matta anodisointi ilman ter\u00e4vi\u00e4 nystyr\u00f6it\u00e4<\/li>\n\n\n\n<li>Vahva sis\u00e4\u00e4nrakennettu takakannen magneetti, kest\u00e4v\u00e4 irrotettava ter\u00e4sklipsi ja paracord-rannehihna<\/li>\n<\/ul>\n\n\n\n<p><img decoding=\"async\" src=\"https:\/\/www.armytek.com\/images\/companies\/1\/products\/Prime%20C1%20Pro\/Prime%20%D0%A11%20Pro%20sport.png?1689079871499\" width=\"300px\"><\/p>\n\n\n\n<h4 class=\"wp-block-heading\">Urheiluvalaisin<\/h4>\n\n\n\n<ul class=\"wp-block-list\">\n<li>The body is made from durable and lightweight aircraft-grade aluminum.<\/li>\n\n\n\n<li>Parannettu iskunkesto, jatkuva valo ilman v\u00e4lkkymist\u00e4<\/li>\n\n\n\n<li>Useita kiinnitysvaihtoehtoja, valinnaiset lis\u00e4varusteet urheiluvarusteisiin kiinnityst\u00e4 varten<\/li>\n<\/ul>\n\n\n\n<p><img decoding=\"async\" src=\"https:\/\/www.armytek.com\/images\/companies\/1\/products\/Prime%20C1%20Pro\/Prime%20%D0%A11%20Pro%20key.png?1689079830858\" width=\"300px\"><\/p>\n\n\n\n<h4 class=\"wp-block-heading\">Avaimenper\u00e4valo<\/h4>\n\n\n\n<ul class=\"wp-block-list\">\n<li>Kompakti ja kevyt entist\u00e4 mukavampaa taskussa kuljettamista varten<\/li>\n\n\n\n<li>Reik\u00e4 korkissa avaimenper\u00e4\u00e4 tai rannehihnaa varten<\/li>\n<\/ul>\n\n\n\n<h3 class=\"wp-block-heading\">Tarkoitusper\u00e4inen tuotekehitys<\/h3>\n\n\n\n<p><strong>Specially designed optical system and TIR-lens:<\/strong>&nbsp;vakuuttava s\u00e4teen pituus n\u00e4in kompaktille p\u00e4\u00e4lle.<\/p>\n\n\n\n<p><strong>Large side button:<\/strong>&nbsp;Soft and comfortable to press.<\/p>\n\n\n\n<p><strong>\u00c4lyk\u00e4s latausalgoritmi:<\/strong>&nbsp;turvallinen latausvirta pident\u00e4\u00e4 akun k\u00e4ytt\u00f6ik\u00e4\u00e4. Mukana toimitettu 900 mAh 18350 Li-Ion -akku latautuu 2 tunnissa ja 30 minuutissa.<\/p>\n\n\n\n<p><strong>Innovatiivinen elektroniikka:<\/strong>&nbsp;yhdistelm\u00e4 suurta kirkkautta ja pitki\u00e4 k\u00e4ytt\u00f6aikoja.<\/p>\n\n\n\n<p><strong>Simple operation by default:<\/strong>&nbsp;helppo k\u00e4ytt\u00e4\u00e4 suoraan laatikosta (6 toimintatilaa), vaihdettavissa ammattimaiseen edistyneeseen ohjaukseen, jossa on 11 toimintatilaa.<\/p>\n\n\n\n<p><strong>Aktiivinen reaaliaikainen l\u00e4mp\u00f6tilan:<\/strong>&nbsp;hallinta varmistaa turvallisen ja mukavan k\u00e4yt\u00f6n. Kun l\u00e4mp\u00f6tila l\u00e4hestyy +58 \u00b0C, kirkkaus laskee, jolloin v\u00e4ltyt\u00e4\u00e4n valaisimen ja akun ylikuumenemiselta sek\u00e4 LED-komponenttien heikentymiselt\u00e4. T\u00e4ytt\u00e4\u00e4 eurooppalaiset turvallisuusvaatimukset.<\/p>\n\n\n\n<p><strong>Kompakti koko:<\/strong>&nbsp;lyhyt runko viel\u00e4kin mukavampaa p\u00e4ivitt\u00e4ist\u00e4 kuljettamista varten.<\/p>\n\n\n\n<p><strong>Ter\u00e4skehys:<\/strong>&nbsp;lis\u00e4suoja optiselle j\u00e4rjestelm\u00e4lle.<\/p>\n\n\n\n<p><strong>Sleek body design:<\/strong>&nbsp;matta-anodisointi ja lakoninen muotoilu.<\/p>\n\n\n\n<p><strong>Heti k\u00e4ytt\u00f6valmis ratkaisu:<\/strong>&nbsp;Mukana 900 mAh 18350 Li-ion -akku ja magneettinen USB-laturi.<\/p>\n\n\n\n<h3 class=\"wp-block-heading\">Tarkoin harkittu lis\u00e4varustesarja<\/h3>\n\n\n\n<p><strong>Clip<\/strong><\/p>\n\n\n\n<p>Irrotettava ruostumattomasta ter\u00e4ksest\u00e4 valmistettu klipsi takaa luotettavan kiinnityksen vaatteisiin, vy\u00f6h\u00f6n tai laukkuun sek\u00e4 syv\u00e4n istuvuuden taskussa.<\/p>\n\n\n\n<p><strong>Rannehihna<\/strong><\/p>\n\n\n\n<p>S\u00e4\u00e4dett\u00e4v\u00e4 ter\u00e4skarabiinilla varustettu rannehihna on valmistettu kest\u00e4v\u00e4st\u00e4 paracordista, joka mahdollistaa nopean irroituksen ja kiinnitt\u00e4misen.<\/p>\n\n\n\n<p><strong>Magnet<\/strong><\/p>\n\n\n\n<p>A powerful built-in magnet in the tailcap allows for mounting on any metal surface.<\/p>\n\n\n\n<h3 class=\"wp-block-heading\">PRIME C1 PRO edut<\/h3>\n\n\n\n<ul class=\"wp-block-list\">\n<li>Moniv\u00e4rinen l\u00e4mp\u00f6tilan, akun varaustason ja tilan ilmaisu.<\/li>\n\n\n\n<li>K\u00e4tev\u00e4 laaja valokeila suurella keskipisteell\u00e4, t\u00e4ysin p\u00e4ivitetty optinen j\u00e4rjestelm\u00e4, TIR-linssi joka on suojattu naarmuilta heijastamattomalla pinnoitteella pinnoitetulla karkaistulla lasilla.<\/li>\n\n\n\n<li>Innovatiivinen tecnologia mahdollistaa mink\u00e4 tahansa tavallisen 18350 Li-Ion -akku k\u00e4yt\u00f6n. T\u00e4ysin suojattu my\u00f6s magneettiliittimen ja metalliesineiden v\u00e4lisest\u00e4 kosketuksesta johtuvia oikosulkuja vastaan.<\/li>\n\n\n\n<li>Aktiivinen suojaus yli +58 \u00b0\u0421 :n ylikuumenemista vastaan reaaliaikaisesti.<\/li>\n\n\n\n<li>T\u00e4ysin suojattu vedelt\u00e4, lialta ja p\u00f6lylt\u00e4 IP68-standardin mukaisesti \u2014 valaisin jatkaa toimintaansa jopa 10 metrin syvyyteen upottamisen j\u00e4lkeen. Kest\u00e4\u00e4 putoamiset jopa 10 metrin korkeudesta.<\/li>\n\n\n\n<li>Durable and waterproof magnetic port.<\/li>\n\n\n\n<li>Full 10-year warranty.<\/li>\n<\/ul>\n\n\n\n<p><strong>Akku 18350 Li-Ion (900 mAh) mukana.<\/strong><\/p>\n\n\n\n<p><a href=\"https:\/\/www.armytek.fi\/index.php?dispatch=attachments.getfile&amp;attachment_id=282\">Lataa k\u00e4ytt\u00f6ohje<\/a><\/p>","protected":false},"excerpt":{"rendered":"<p>Armytekin kompaktein ja kevyin lentokonealumiinista valmistettu valaisin<\/p>","protected":false},"featured_media":19809,"comment_status":"open","ping_status":"closed","template":"","meta":{"_kadence_starter_templates_imported_post":false,"_kad_post_transparent":"","_kad_post_title":"","_kad_post_layout":"","_kad_post_sidebar_id":"","_kad_post_content_style":"","_kad_post_vertical_padding":"","_kad_post_feature":"","_kad_post_feature_position":"","_kad_post_header":false,"_kad_post_footer":false,"_kad_post_classname":""},"product_brand":[],"product_cat":[1653,1563,1662,16],"product_tag":[598,1704,1703,574,266],"class_list":{"0":"post-19802","1":"product","2":"type-product","3":"status-publish","4":"has-post-thumbnail","6":"product_cat-ale10","7":"product_cat-armytek","8":"product_cat-joulu","9":"product_cat-yleinen","10":"product_tag-armytek","11":"product_tag-armytek-c1-pro","12":"product_tag-c1-pro","13":"product_tag-minilamppu","14":"product_tag-taskulamppu","16":"first","17":"instock","18":"taxable","19":"shipping-taxable","20":"purchasable","21":"product-type-simple","22":"entry","23":"content-bg","24":"loop-entry"},"_links":{"self":[{"href":"https:\/\/kivenalla.fi\/en\/wp-json\/wp\/v2\/product\/19802","targetHints":{"allow":["GET"]}}],"collection":[{"href":"https:\/\/kivenalla.fi\/en\/wp-json\/wp\/v2\/product"}],"about":[{"href":"https:\/\/kivenalla.fi\/en\/wp-json\/wp\/v2\/types\/product"}],"replies":[{"embeddable":true,"href":"https:\/\/kivenalla.fi\/en\/wp-json\/wp\/v2\/comments?post=19802"}],"wp:featuredmedia":[{"embeddable":true,"href":"https:\/\/kivenalla.fi\/en\/wp-json\/wp\/v2\/media\/19809"}],"wp:attachment":[{"href":"https:\/\/kivenalla.fi\/en\/wp-json\/wp\/v2\/media?parent=19802"}],"wp:term":[{"taxonomy":"product_brand","embeddable":true,"href":"https:\/\/kivenalla.fi\/en\/wp-json\/wp\/v2\/product_brand?post=19802"},{"taxonomy":"product_cat","embeddable":true,"href":"https:\/\/kivenalla.fi\/en\/wp-json\/wp\/v2\/product_cat?post=19802"},{"taxonomy":"product_tag","embeddable":true,"href":"https:\/\/kivenalla.fi\/en\/wp-json\/wp\/v2\/product_tag?post=19802"}],"curies":[{"name":"wp","href":"https:\/\/api.w.org\/{rel}","templated":true}]}}