{"id":19812,"date":"2025-10-15T10:42:56","date_gmt":"2025-10-15T07:42:56","guid":{"rendered":"https:\/\/www.kivenalla.fi\/?post_type=product&#038;p=19812"},"modified":"2025-12-08T11:33:59","modified_gmt":"2025-12-08T09:33:59","slug":"armytek-zippy-extended-set-monitoimilamppu","status":"publish","type":"product","link":"https:\/\/kivenalla.fi\/en\/product\/armytek-zippy-extended-set-monitoimilamppu\/","title":{"rendered":"Armytek Zippy Extended Set \u2013 Multi-Purpose Light"},"content":{"rendered":"<figure class=\"wp-block-image\"><img decoding=\"async\" src=\"https:\/\/www.armytek.fi\/images\/companies\/1\/Slides_fi\/Zippy%20ES\/Slides%20Zippy_ES-FI%2001.jpg\" alt=\"\" \/><\/figure>\n\n\n\n<figure class=\"wp-block-image\"><img decoding=\"async\" src=\"https:\/\/www.armytek.fi\/images\/companies\/1\/Slides_fi\/Zippy%20ES\/Slides%20Zippy_ES-FI%2002.jpg\" alt=\"\" \/><\/figure>\n\n\n\n<figure class=\"wp-block-image\"><img decoding=\"async\" src=\"https:\/\/www.armytek.fi\/images\/companies\/1\/Slides_fi\/Zippy%20ES\/Slides%20Zippy_ES-FI%2003.jpg\" alt=\"\" \/><\/figure>\n\n\n\n<figure class=\"wp-block-image\"><img decoding=\"async\" src=\"https:\/\/www.armytek.fi\/images\/companies\/1\/Slides_fi\/Zippy%20ES\/Slides%20Zippy_ES-FI%2004.jpg\" alt=\"\" \/><\/figure>\n\n\n\n<figure class=\"wp-block-image\"><img decoding=\"async\" src=\"https:\/\/www.armytek.fi\/images\/companies\/1\/Slides_fi\/Zippy%20ES\/Slides%20Zippy_ES-FI%2005.jpg\" alt=\"\" \/><\/figure>\n\n\n\n<figure class=\"wp-block-image\"><img decoding=\"async\" src=\"https:\/\/www.armytek.fi\/images\/companies\/1\/Slides_fi\/Zippy%20ES\/Slides%20Zippy_ES-FI%2006.jpg\" alt=\"\" \/><\/figure>\n\n\n\n<figure class=\"wp-block-image\"><img decoding=\"async\" src=\"https:\/\/www.armytek.fi\/images\/companies\/1\/Slides_fi\/Zippy%20ES\/Slides%20Zippy_ES-FI%2007.jpg\" alt=\"\" \/><\/figure>\n\n\n\n<figure class=\"wp-block-image\"><img decoding=\"async\" src=\"https:\/\/www.armytek.fi\/images\/companies\/1\/Slides_fi\/Zippy%20ES\/Slides%20Zippy_ES-FI%2008.jpg\" alt=\"\" \/><\/figure>\n\n\n\n<figure class=\"wp-block-image\"><img decoding=\"async\" src=\"https:\/\/www.armytek.fi\/images\/companies\/1\/Slides_fi\/Zippy%20ES\/Slides%20Zippy_ES-FI%2009.jpg\" alt=\"\" \/><\/figure>\n\n\n\n<figure class=\"wp-block-image\"><img decoding=\"async\" src=\"https:\/\/www.armytek.fi\/images\/companies\/1\/Slides_fi\/Zippy%20ES\/Slides%20Zippy_ES-FI%2010.jpg\" alt=\"\" \/><\/figure>\n\n\n\n<figure class=\"wp-block-image\"><img decoding=\"async\" src=\"https:\/\/www.armytek.fi\/images\/companies\/1\/Slides_fi\/Zippy%20ES\/Slides%20Zippy_ES-FI%2011.jpg\" alt=\"\" \/><\/figure>\n\n\n\n<figure class=\"wp-block-image\"><img decoding=\"async\" src=\"https:\/\/www.armytek.fi\/images\/companies\/1\/Slides_fi\/Zippy%20ES\/Slides%20Zippy_ES-FI%2012.jpg\" alt=\"\" \/><\/figure>\n\n\n\n<figure class=\"wp-block-image\"><img decoding=\"async\" src=\"https:\/\/www.armytek.fi\/images\/companies\/1\/Slides_fi\/Zippy%20ES\/Slides%20Zippy_ES-FI%2013.jpg\" alt=\"\" \/><\/figure>\n\n\n\n<figure class=\"wp-block-image\"><img decoding=\"async\" src=\"https:\/\/www.armytek.fi\/images\/companies\/1\/Slides_fi\/Zippy%20ES\/Slides%20Zippy_ES-FI%2014.jpg\" alt=\"\" \/><\/figure>\n\n\n\n<figure class=\"wp-block-image\"><img decoding=\"async\" src=\"https:\/\/www.armytek.fi\/images\/companies\/1\/Slides_fi\/Zippy%20ES\/Slides%20Zippy_ES-FI%2015.jpg\" alt=\"\" \/><\/figure>\n\n\n\n<figure class=\"wp-block-embed is-type-rich is-provider-upotuksen-k-sittelij wp-block-embed-upotuksen-k-sittelij wp-embed-aspect-16-9 wp-has-aspect-ratio\"><div class=\"wp-block-embed__wrapper\">\n<iframe loading=\"lazy\" title=\"ArmyTek Zippy ES\" width=\"720\" height=\"405\" src=\"https:\/\/www.youtube.com\/embed\/pUC0ojFf9Zs?feature=oembed\" frameborder=\"0\" allow=\"accelerometer; autoplay; clipboard-write; encrypted-media; gyroscope; picture-in-picture; web-share\" referrerpolicy=\"strict-origin-when-cross-origin\" allowfullscreen><\/iframe>\n<\/div><\/figure>\n\n\n\n<p>Slim, lightweight, and stylish \u2013 the Armytek Zippy now in a 3-in-1 design. The versatile keychain light is perfect for everyday use, work, and camping. A specially reinforced ring allows the light to be carried together with your keys. The removable stainless steel clip keeps the light securely attached to clothing or a belt. A 360\u00b0 rotating mount with a magnet and a plastic head mount allow it to be used as a headlamp. The strong magnet holds the light firmly on metal surfaces. The built-in Li-Pol battery is rechargeable via a Micro-USB cable.<\/p>\n\n\n\n<ul class=\"wp-block-list\">\n<li>160 OTF lumens with a 110\u00b0 beam angle.<\/li>\n\n\n\n<li>Beam distance: 15 m.<\/li>\n\n\n\n<li>Ultra-thin body (9 mm) weighing only 12 g, with protective edges against mechanical impacts.<\/li>\n\n\n\n<li>Battery charge level and charging indicator.<\/li>\n\n\n\n<li>IP67 rating: highly resistant to dust and water, submersible up to 1 meter for 30 minutes.<\/li>\n\n\n\n<li>Unique shiny body.<\/li>\n\n\n\n<li>Rechargeable via Micro-USB with a built-in Li-Pol battery, capacity 100 mAh.<\/li>\n\n\n\n<li><strong>5-year hassle-free warranty.<\/strong><\/li>\n<\/ul>","protected":false},"excerpt":{"rendered":"<p>Ohut, kevyt ja tyylik\u00e4s Armytek Zippy nyt 3 yhdess\u00e4. Verraton avainnipun lamppu sopii jokap\u00e4iv\u00e4iseen k\u00e4ytt\u00f6\u00f6n, ty\u00f6ntekoon ja campingiin. Erikoisen vahvan renkaan avulla voi kantaa lamppua avainten kanssa. Irrotettava ruostumattoman ter\u00e4ksen kiinnike pit\u00e4\u00e4 lampun tiukasti kiinni vaatteissa tai vy\u00f6ss\u00e4. 360\u00b0 k\u00e4\u00e4nnett\u00e4v\u00e4 kiinnike magneetilla ja muovikiinnike sallivat k\u00e4yt\u00f6n otsalamppuna. Vahva magneetti pit\u00e4\u00e4 lamppua varmasti metallipinnalla. Sis\u00e4\u00e4nrakennettu Li-Pol&#8230;<\/p>","protected":false},"featured_media":19859,"comment_status":"open","ping_status":"closed","template":"","meta":{"_kadence_starter_templates_imported_post":false,"_kad_post_transparent":"","_kad_post_title":"","_kad_post_layout":"","_kad_post_sidebar_id":"","_kad_post_content_style":"","_kad_post_vertical_padding":"","_kad_post_feature":"","_kad_post_feature_position":"","_kad_post_header":false,"_kad_post_footer":false,"_kad_post_classname":""},"product_brand":[],"product_cat":[1653,1662,16],"product_tag":[],"class_list":{"0":"post-19812","1":"product","2":"type-product","3":"status-publish","4":"has-post-thumbnail","6":"product_cat-ale10","7":"product_cat-joulu","8":"product_cat-yleinen","10":"first","11":"instock","12":"taxable","13":"shipping-taxable","14":"purchasable","15":"product-type-variable","16":"has-default-attributes","17":"entry","18":"content-bg","19":"loop-entry"},"_links":{"self":[{"href":"https:\/\/kivenalla.fi\/en\/wp-json\/wp\/v2\/product\/19812","targetHints":{"allow":["GET"]}}],"collection":[{"href":"https:\/\/kivenalla.fi\/en\/wp-json\/wp\/v2\/product"}],"about":[{"href":"https:\/\/kivenalla.fi\/en\/wp-json\/wp\/v2\/types\/product"}],"replies":[{"embeddable":true,"href":"https:\/\/kivenalla.fi\/en\/wp-json\/wp\/v2\/comments?post=19812"}],"wp:featuredmedia":[{"embeddable":true,"href":"https:\/\/kivenalla.fi\/en\/wp-json\/wp\/v2\/media\/19859"}],"wp:attachment":[{"href":"https:\/\/kivenalla.fi\/en\/wp-json\/wp\/v2\/media?parent=19812"}],"wp:term":[{"taxonomy":"product_brand","embeddable":true,"href":"https:\/\/kivenalla.fi\/en\/wp-json\/wp\/v2\/product_brand?post=19812"},{"taxonomy":"product_cat","embeddable":true,"href":"https:\/\/kivenalla.fi\/en\/wp-json\/wp\/v2\/product_cat?post=19812"},{"taxonomy":"product_tag","embeddable":true,"href":"https:\/\/kivenalla.fi\/en\/wp-json\/wp\/v2\/product_tag?post=19812"}],"curies":[{"name":"wp","href":"https:\/\/api.w.org\/{rel}","templated":true}]}}