{"id":21070,"date":"2025-10-21T12:49:18","date_gmt":"2025-10-21T09:49:18","guid":{"rendered":"https:\/\/www.kivenalla.fi\/?post_type=product&#038;p=21070"},"modified":"2026-04-02T08:43:28","modified_gmt":"2026-04-02T05:43:28","slug":"ol-niingon-gotonas-2026-lady-fit-paita","status":"publish","type":"product","link":"https:\/\/kivenalla.fi\/en\/product\/ol-niingon-gotonas-2026-lady-fit-paita\/","title":{"rendered":"Ol niingon gotonas 2026 Lady fit -paita"},"content":{"rendered":"<h3 class=\"wp-block-heading\" id=\"block-d18846b6-57de-4125-ad8f-1d5bddbc14b1\">Virallinen Ol niingon gotonas 2026 -Mega-tapahtuman T-paita.<\/h3>\n\n\n\n<p id=\"block-60fb0f0d-131f-4ce9-9a0b-8d55d10a8ae6\"><strong><strong>Note: If you would like to pick up your order at the Ol niingon gotonas Mega event in Rauma on April 25, 2026, please select Pickup as the delivery method. Then check Add a note to your order and write \u201cPickup ONG2026.\u201d<\/strong><\/strong><\/p>\n\n\n\n<p id=\"block-2ebd2a57-9f43-4c86-9aef-0b2384bd3176\">Paita on Tee Jaysin valmistamasta Sof-tee-mallistosta. Paita on yksi markkinoiden parhaista paksuista T-paidoista. Paidan sile\u00e4 pinta s\u00e4ilyy useammankin pesun j\u00e4lkeen.&nbsp; Tarkista alla oleva kokotaulukko, jotta tilaat itsellesi sopivan kokoisen paidan. Paidan v\u00e4ri on tyylik\u00e4s tumman harmaa (<strong>Dark Gray<\/strong>) ja rinnassa on tapahtuman logo. Paitaa on saatavilla my\u00f6s seurantakoodillisena versiona, jolloin seurantakoodi on painettu hihaan. N\u00e4in paita on my\u00f6s matkalainen, jonka toiset geok\u00e4tk\u00f6ilij\u00e4t voivat merkata n\u00e4hneeksi, kun n\u00e4kev\u00e4t paidan koodin.<\/p>\n\n\n\n<p id=\"block-e4378a9b-1a17-4fb5-9127-3345a633ccea\">Paidasta l\u00f6ytyy koot S-5XL, katso alta tuotemitat.<\/p>\n\n\n\n<figure class=\"wp-block-table\"><table><tbody><tr><td><strong>Size<\/strong><\/td><td><strong>Leveys cm*<\/strong><\/td><td><strong>Pituus cm**<\/strong><\/td><\/tr><tr><td>S<\/td><td>48,0<\/td><td>63,0<\/td><\/tr><tr><td>M<\/td><td>50,0<\/td><td>65,0<\/td><\/tr><tr><td>L<\/td><td>52,0<\/td><td>67,0<\/td><\/tr><tr><td>XL<\/td><td>54,0<\/td><td>69,0<\/td><\/tr><tr><td>XXL<\/td><td>57,0<\/td><td>71,0<\/td><\/tr><tr><td>3XL<\/td><td>60,0<\/td><td>73,0<\/td><\/tr><tr><td>Tol +\/-<\/td><td>1,5<\/td><td>1,5<\/td><\/tr><\/tbody><\/table><\/figure>\n\n\n\n<p>* Leveys tuotteen reunasta reunaan hihojen alapuolelta<br>** Pituus olkap\u00e4\u00e4n korkeimmasta kohdasta alareunaan<\/p>\n\n\n\n<p>Product details:<\/p>\n\n\n\n<p>\u2022 100 % rengaskehr\u00e4tty\u00e4 pitk\u00e4kuituista kampapuuvillaa<br>\u2022 Paino: 185 g\/m\u00b2<br>\u2022 Kaksinkertainen Puuvilla\/Lycra\u00ae-kaula-aukko<br>\u2022 Olalla vahvistettu sauma<br>\u2022 Tuplakutistettu kangas<br>\u2022 Wash at 60\u00b0C<\/p>\n\n\n\n<p>HUOM! Kuvassa logon koko ei v\u00e4ltt\u00e4m\u00e4tt\u00e4 vastaa mittasuhteiltaan tarkalleen paidassa olevaa logoa. T\u00e4h\u00e4n Premium-paitaan painatus tehd\u00e4\u00e4n eritt\u00e4in laadukkaalla digiprinttin\u00e4, jolla saadaan aikaan tarkka painoj\u00e4lki, pehme\u00e4 kosketustuntuma ja hyv\u00e4 pesunkesto.<\/p>\n\n\n\n<p><a href=\"https:\/\/coord.info\/GCAK96F\"><\/a><a href=\"https:\/\/www.geocaching.com\/seek\/cache_details.aspx?wp=GCAWPT7\">Geocache description for the Ol niingon gotonas 2026 event.<\/a><\/p>","protected":false},"excerpt":{"rendered":"<p>Virallinen Ol niingon gotonas 2026 -Mega-tapahtuman Lady fit -paita.<\/p>","protected":false},"featured_media":21104,"comment_status":"open","ping_status":"closed","template":"","meta":{"_kadence_starter_templates_imported_post":false,"_kad_post_transparent":"","_kad_post_title":"","_kad_post_layout":"","_kad_post_sidebar_id":"","_kad_post_content_style":"","_kad_post_vertical_padding":"","_kad_post_feature":"","_kad_post_feature_position":"","_kad_post_header":false,"_kad_post_footer":false,"_kad_post_classname":""},"product_brand":[],"product_cat":[1708,1585,16],"product_tag":[662,1711,127,1710,91,1709,833],"class_list":{"0":"post-21070","1":"product","2":"type-product","3":"status-publish","4":"has-post-thumbnail","6":"product_cat-mega-tapahtumat-2026","7":"product_cat-uudet-tuotteet","8":"product_cat-yleinen","9":"product_tag-ladyfit","10":"product_tag-lapskoussi","11":"product_tag-mega","12":"product_tag-ol-niingon-gotonas","13":"product_tag-paita","14":"product_tag-rauma","15":"product_tag-teejays","17":"first","18":"instock","19":"taxable","20":"shipping-taxable","21":"purchasable","22":"product-type-variable","23":"has-default-attributes","24":"entry","25":"content-bg","26":"loop-entry"},"_links":{"self":[{"href":"https:\/\/kivenalla.fi\/en\/wp-json\/wp\/v2\/product\/21070","targetHints":{"allow":["GET"]}}],"collection":[{"href":"https:\/\/kivenalla.fi\/en\/wp-json\/wp\/v2\/product"}],"about":[{"href":"https:\/\/kivenalla.fi\/en\/wp-json\/wp\/v2\/types\/product"}],"replies":[{"embeddable":true,"href":"https:\/\/kivenalla.fi\/en\/wp-json\/wp\/v2\/comments?post=21070"}],"wp:featuredmedia":[{"embeddable":true,"href":"https:\/\/kivenalla.fi\/en\/wp-json\/wp\/v2\/media\/21104"}],"wp:attachment":[{"href":"https:\/\/kivenalla.fi\/en\/wp-json\/wp\/v2\/media?parent=21070"}],"wp:term":[{"taxonomy":"product_brand","embeddable":true,"href":"https:\/\/kivenalla.fi\/en\/wp-json\/wp\/v2\/product_brand?post=21070"},{"taxonomy":"product_cat","embeddable":true,"href":"https:\/\/kivenalla.fi\/en\/wp-json\/wp\/v2\/product_cat?post=21070"},{"taxonomy":"product_tag","embeddable":true,"href":"https:\/\/kivenalla.fi\/en\/wp-json\/wp\/v2\/product_tag?post=21070"}],"curies":[{"name":"wp","href":"https:\/\/api.w.org\/{rel}","templated":true}]}}