{"id":22438,"date":"2026-02-10T09:40:24","date_gmt":"2026-02-10T07:40:24","guid":{"rendered":"https:\/\/kivenalla.fi\/?post_type=product&#038;p=22438"},"modified":"2026-04-10T09:07:05","modified_gmt":"2026-04-10T06:07:05","slug":"koukkukarki-onkeen-3d","status":"publish","type":"product","link":"https:\/\/kivenalla.fi\/en\/product\/koukkukarki-onkeen-3d\/","title":{"rendered":"Hook Tip for Fishing Rod (3D Printed)"},"content":{"rendered":"<p>Ready-to-use hook tip for a fishing rod, 3D-printed from PLA plastic. The product is available in glow-in-the-dark, bright yellow, red, and blue.<\/p>\n\n\n\n<p>T\u00e4m\u00e4 sopii niin Wigglerin 10 metrin onkeen kuin 8 metrin Patriotiin. K\u00e4rki tulee toiseksi ohuimman ongenk\u00e4rjen p\u00e4\u00e4lle. Mitoitus on tiukka, jotta k\u00e4rki pysyy paikallaan. Kirist\u00e4 mukana tulevalla &#8221;pultilla&#8221; koukkuk\u00e4rki paikalleen. \u00c4l\u00e4 kierr\u00e4 liian tiukalle, ettei ongenk\u00e4rki vahingoitu.<\/p>\n\n\n\n<p>The hook tip also features a downward-facing hook.<\/p>","protected":false},"excerpt":{"rendered":"<p>3D-printed hook tip for a fishing rod.<\/p>","protected":false},"featured_media":22447,"comment_status":"open","ping_status":"closed","template":"","meta":{"_kadence_starter_templates_imported_post":false,"_kad_post_transparent":"","_kad_post_title":"","_kad_post_layout":"","_kad_post_sidebar_id":"","_kad_post_content_style":"","_kad_post_vertical_padding":"","_kad_post_feature":"","_kad_post_feature_position":"","_kad_post_header":false,"_kad_post_footer":false,"_kad_post_classname":""},"product_brand":[],"product_cat":[1547,1585,16],"product_tag":[],"class_list":{"0":"post-22438","1":"product","2":"type-product","3":"status-publish","4":"has-post-thumbnail","6":"product_cat-apuvalineet","7":"product_cat-uudet-tuotteet","8":"product_cat-yleinen","10":"first","11":"instock","12":"taxable","13":"shipping-taxable","14":"purchasable","15":"product-type-variable","16":"has-default-attributes","17":"entry","18":"content-bg","19":"loop-entry"},"_links":{"self":[{"href":"https:\/\/kivenalla.fi\/en\/wp-json\/wp\/v2\/product\/22438","targetHints":{"allow":["GET"]}}],"collection":[{"href":"https:\/\/kivenalla.fi\/en\/wp-json\/wp\/v2\/product"}],"about":[{"href":"https:\/\/kivenalla.fi\/en\/wp-json\/wp\/v2\/types\/product"}],"replies":[{"embeddable":true,"href":"https:\/\/kivenalla.fi\/en\/wp-json\/wp\/v2\/comments?post=22438"}],"wp:featuredmedia":[{"embeddable":true,"href":"https:\/\/kivenalla.fi\/en\/wp-json\/wp\/v2\/media\/22447"}],"wp:attachment":[{"href":"https:\/\/kivenalla.fi\/en\/wp-json\/wp\/v2\/media?parent=22438"}],"wp:term":[{"taxonomy":"product_brand","embeddable":true,"href":"https:\/\/kivenalla.fi\/en\/wp-json\/wp\/v2\/product_brand?post=22438"},{"taxonomy":"product_cat","embeddable":true,"href":"https:\/\/kivenalla.fi\/en\/wp-json\/wp\/v2\/product_cat?post=22438"},{"taxonomy":"product_tag","embeddable":true,"href":"https:\/\/kivenalla.fi\/en\/wp-json\/wp\/v2\/product_tag?post=22438"}],"curies":[{"name":"wp","href":"https:\/\/api.w.org\/{rel}","templated":true}]}}