{"id":22449,"date":"2026-02-11T11:57:57","date_gmt":"2026-02-11T09:57:57","guid":{"rendered":"https:\/\/kivenalla.fi\/?post_type=product&#038;p=22449"},"modified":"2026-04-27T09:29:18","modified_gmt":"2026-04-27T06:29:18","slug":"ongen-kantolaukku","status":"publish","type":"product","link":"https:\/\/kivenalla.fi\/en\/product\/ongen-kantolaukku\/","title":{"rendered":"Ongen kantolaukku"},"content":{"rendered":"<p>Ongen kantolaukku, johon mahtuu niin Wigglerin 10 metrin kuin Patriorin 8 metrin onki.<\/p>\n\n\n\n<p>Kantolaukku on 130 cm pitk\u00e4 ja onki mahtuu kantolaukkuun my\u00f6s koukkuk\u00e4rki valmiiksi ongessa paikallaan. Voit kantaa laukkua olalla tai niin, ett\u00e4 onki on sel\u00e4npuolella. Laukun v\u00e4ri on sininen.<\/p>\n\n\n\n<p>Laukku on valmistettu kest\u00e4v\u00e4st\u00e4 kankaasta ja laukun p\u00e4\u00e4ss\u00e4 on ny\u00f6rilukollinen pussin suuaukon lukitus.<\/p>","protected":false},"excerpt":{"rendered":"<p>Ongen kantolaukku, johon mahtuu niin Wigglerin 10 metrin kuin Patriorin 8 metrin onki.<\/p>","protected":false},"featured_media":22910,"comment_status":"open","ping_status":"closed","template":"","meta":{"_kadence_starter_templates_imported_post":false,"_kad_post_transparent":"","_kad_post_title":"","_kad_post_layout":"","_kad_post_sidebar_id":"","_kad_post_content_style":"","_kad_post_vertical_padding":"","_kad_post_feature":"","_kad_post_feature_position":"","_kad_post_header":false,"_kad_post_footer":false,"_kad_post_classname":""},"product_brand":[],"product_cat":[1547,1585,16],"product_tag":[1445,73,1405,1406,1728,1727],"class_list":{"0":"post-22449","1":"product","2":"type-product","3":"status-publish","4":"has-post-thumbnail","6":"product_cat-apuvalineet","7":"product_cat-uudet-tuotteet","8":"product_cat-yleinen","9":"product_tag-kantolaukku","10":"product_tag-laukku","11":"product_tag-onki","12":"product_tag-onkikatko","13":"product_tag-patriot","14":"product_tag-wiggler","16":"first","17":"instock","18":"taxable","19":"shipping-taxable","20":"purchasable","21":"product-type-simple","22":"entry","23":"content-bg","24":"loop-entry"},"_links":{"self":[{"href":"https:\/\/kivenalla.fi\/en\/wp-json\/wp\/v2\/product\/22449","targetHints":{"allow":["GET"]}}],"collection":[{"href":"https:\/\/kivenalla.fi\/en\/wp-json\/wp\/v2\/product"}],"about":[{"href":"https:\/\/kivenalla.fi\/en\/wp-json\/wp\/v2\/types\/product"}],"replies":[{"embeddable":true,"href":"https:\/\/kivenalla.fi\/en\/wp-json\/wp\/v2\/comments?post=22449"}],"wp:featuredmedia":[{"embeddable":true,"href":"https:\/\/kivenalla.fi\/en\/wp-json\/wp\/v2\/media\/22910"}],"wp:attachment":[{"href":"https:\/\/kivenalla.fi\/en\/wp-json\/wp\/v2\/media?parent=22449"}],"wp:term":[{"taxonomy":"product_brand","embeddable":true,"href":"https:\/\/kivenalla.fi\/en\/wp-json\/wp\/v2\/product_brand?post=22449"},{"taxonomy":"product_cat","embeddable":true,"href":"https:\/\/kivenalla.fi\/en\/wp-json\/wp\/v2\/product_cat?post=22449"},{"taxonomy":"product_tag","embeddable":true,"href":"https:\/\/kivenalla.fi\/en\/wp-json\/wp\/v2\/product_tag?post=22449"}],"curies":[{"name":"wp","href":"https:\/\/api.w.org\/{rel}","templated":true}]}}