{"id":22507,"date":"2026-02-17T14:22:12","date_gmt":"2026-02-17T12:22:12","guid":{"rendered":"https:\/\/kivenalla.fi\/?post_type=product&#038;p=22507"},"modified":"2026-02-25T09:04:02","modified_gmt":"2026-02-25T07:04:02","slug":"merellinen-kemi-t-paita","status":"publish","type":"product","link":"https:\/\/kivenalla.fi\/en\/product\/merellinen-kemi-t-paita\/","title":{"rendered":"Merellinen Kemi T-shirt"},"content":{"rendered":"<h3 class=\"wp-block-heading\">Official Merellinen Kemi Mega event T-shirt in a vibrant orange color.<\/h3>\n\n\n\n<p><strong><strong>Note: If you would like to pick up your order at the Merellinen Kemi Mega event on July 4, 2026, please select Pickup as the delivery method. Then check Add a note to your order and write \u201cPickup MeriKemi.\u201d<\/strong><\/strong><\/p>\n\n\n\n<p>Paita on Jack &amp; Jonesin mallistosta. Paitamateriaali on sile\u00e4neuloksinen ja pehme\u00e4 100% luomupuuvilla. Tarkista alla oleva kokotaulukko, jotta tilaat itsellesi sopivan kokoisen paidan. Paidan v\u00e4ri on oranssi (Vibrant Orange). Tapahtuman logo, jonka ymp\u00e4rill\u00e4 teksti &#8221;GEOCACHING MEGA-EVENT MERIPUISTO, KEMI 4.7.2026&#8221; on painettuna paitaan rinnan korkeudelle vasempaan reunaan. Paitaa on saatavilla my\u00f6s seurantakoodillisena versiona, jolloin seurantakoodi on painettuna hihaan. N\u00e4in paita on my\u00f6s matkalainen, jonka toiset geok\u00e4tk\u00f6ilij\u00e4t voivat merkata n\u00e4hneeksi, kun n\u00e4kev\u00e4t paidan koodin.<\/p>\n\n\n\n<p>Available in sizes XXS\u20133XL. Please see the product measurements below.<\/p>\n\n\n\n<figure class=\"wp-block-table\"><table><tbody><tr><td><strong>Size<\/strong><\/td><td><strong>Chest width (cm)<\/strong><\/td><td><strong>Neck opening (cm)<\/strong><\/td><td><strong>Sleeve length (cm)<\/strong><\/td><td><strong>Length (cm)<\/strong><\/td><\/tr><tr><td>XXS<\/td><td>47<\/td><td>18,4<\/td><td>24,0<\/td><td>66,5<\/td><\/tr><tr><td>XS<\/td><td>49<\/td><td>18,8<\/td><td>24,5<\/td><td>68,25<\/td><\/tr><tr><td>S<\/td><td>51<\/td><td>19,2<\/td><td>25,0<\/td><td>70,0<\/td><\/tr><tr><td>M<\/td><td>53<\/td><td>19,6<\/td><td>25,5<\/td><td>71,75<\/td><\/tr><tr><td>L<\/td><td>55<\/td><td>20<\/td><td>26,0<\/td><td>73,5<\/td><\/tr><tr><td>XL<\/td><td>59<\/td><td>20,8<\/td><td>27,0<\/td><td>75,5<\/td><\/tr><tr><td>XXL<\/td><td>63<\/td><td>21,6<\/td><td>28,0<\/td><td>75,5<\/td><\/tr><tr><td>3XL<\/td><td>67<\/td><td>22,4<\/td><td>29,0<\/td><td>79,5<\/td><\/tr><tr><td>Tol +\/-<\/td><td>1-2 cm<\/td><td><\/td><td><\/td><td>1-2 cm<\/td><\/tr><\/tbody><\/table><\/figure>\n\n\n\n<p><\/p>\n\n\n\n<p>Product details:<br>\u2022 100% ring-spun organic combed cotton<br>\u2022 Weight: 180 g\/m\u00b2<br>\u2022 1.5 cm high ribbed neckline<br>\u2022 Double stitching at the hem and sleeve ends<br>\u2022 Reinforced neck seam with the same fabric<br>\u2022 Wash: 40\u00b0C<\/p>\n\n\n\n<p>NOTE: The logo size shown in the image may not exactly match the actual proportions of the logo on the shirt.<\/p>\n\n\n\n<p><a href=\"https:\/\/coord.info\/GCAQB55\"><\/a><a href=\"https:\/\/www.geocaching.com\/geocache\/GCB5GPC_merellinen-kemi\">Geocache description for the Merellinen Kemi event.<\/a><\/p>","protected":false},"excerpt":{"rendered":"<p>Official Merellinen Kemi Mega T-shirt!<\/p>","protected":false},"featured_media":22564,"comment_status":"open","ping_status":"closed","template":"","meta":{"_kadence_starter_templates_imported_post":false,"_kad_post_transparent":"","_kad_post_title":"","_kad_post_layout":"","_kad_post_sidebar_id":"","_kad_post_content_style":"","_kad_post_vertical_padding":"","_kad_post_feature":"","_kad_post_feature_position":"","_kad_post_header":false,"_kad_post_footer":false,"_kad_post_classname":""},"product_brand":[],"product_cat":[1655,1644,1708,1614,1571,1585,16],"product_tag":[61,92,28],"class_list":{"0":"post-22507","1":"product","2":"type-product","3":"status-publish","4":"has-post-thumbnail","6":"product_cat-ale30","7":"product_cat-block-party","8":"product_cat-mega-tapahtumat-2026","9":"product_cat-mega-tuotteet","10":"product_cat-paidat","11":"product_cat-uudet-tuotteet","12":"product_cat-yleinen","13":"product_tag-block-party","14":"product_tag-t-paita","15":"product_tag-tampere","17":"first","18":"onbackorder","19":"taxable","20":"shipping-taxable","21":"purchasable","22":"product-type-variable","23":"has-default-attributes","24":"entry","25":"content-bg","26":"loop-entry"},"_links":{"self":[{"href":"https:\/\/kivenalla.fi\/en\/wp-json\/wp\/v2\/product\/22507","targetHints":{"allow":["GET"]}}],"collection":[{"href":"https:\/\/kivenalla.fi\/en\/wp-json\/wp\/v2\/product"}],"about":[{"href":"https:\/\/kivenalla.fi\/en\/wp-json\/wp\/v2\/types\/product"}],"replies":[{"embeddable":true,"href":"https:\/\/kivenalla.fi\/en\/wp-json\/wp\/v2\/comments?post=22507"}],"wp:featuredmedia":[{"embeddable":true,"href":"https:\/\/kivenalla.fi\/en\/wp-json\/wp\/v2\/media\/22564"}],"wp:attachment":[{"href":"https:\/\/kivenalla.fi\/en\/wp-json\/wp\/v2\/media?parent=22507"}],"wp:term":[{"taxonomy":"product_brand","embeddable":true,"href":"https:\/\/kivenalla.fi\/en\/wp-json\/wp\/v2\/product_brand?post=22507"},{"taxonomy":"product_cat","embeddable":true,"href":"https:\/\/kivenalla.fi\/en\/wp-json\/wp\/v2\/product_cat?post=22507"},{"taxonomy":"product_tag","embeddable":true,"href":"https:\/\/kivenalla.fi\/en\/wp-json\/wp\/v2\/product_tag?post=22507"}],"curies":[{"name":"wp","href":"https:\/\/api.w.org\/{rel}","templated":true}]}}