{"id":22696,"date":"2026-03-06T09:34:58","date_gmt":"2026-03-06T07:34:58","guid":{"rendered":"https:\/\/kivenalla.fi\/?post_type=product&#038;p=22696"},"modified":"2026-03-06T09:43:28","modified_gmt":"2026-03-06T07:43:28","slug":"armytek-wizard-c2-pro-max-lammin-valo","status":"publish","type":"product","link":"https:\/\/kivenalla.fi\/en\/product\/armytek-wizard-c2-pro-max-lammin-valo\/","title":{"rendered":"Armytek Wizard C2 Pro Max (warm)"},"content":{"rendered":"<h3 class=\"wp-block-heading\">Multi flashlight lineup flagship product \u2014 brightness like never before<\/h3>\n\n\n\n<p>Wizard C2 Pro Max is the newest model of the demanded all over the world multifunctional Armytek Wizard lineup. Not just bright, but astonishing light output of 3720 lumens.<\/p>\n\n\n\n<p>Wide flood light of the flashlight is optimal both for operating at a close distance and for highlighting large spaces. Suitable for service and industrial works, outdoor activities or sports.<\/p>\n\n\n\n<p>The main advantages of the flashlight are wide beam angles 110\u00b0:150\u00b0 and impressive for such a compact model brightness. Combined with extended runtimes provided by the larger capacity 21700 Li-Ion battery, these features make the use as effective as possible.<\/p>\n\n\n\n<p>Thanks to the battery adapter in the set, the flashlight also works on the common 18650 Li-Ion power supply. Headmount, clip, holster, magnet in the tailcap and optional bike mount ABM-01 provide various attachment options. Wizard C2 Pro Max is also compatible with original hard hat mounts for industrial works and mountaineering.<\/p>\n\n\n\n<h3 class=\"wp-block-heading\">WIZARD C2 PRO MAX \u2014 MULTI FLASHLIGHT 3 IN 1<\/h3>\n\n\n\n<p><img decoding=\"async\" src=\"https:\/\/www.armytek.com\/images\/companies\/1\/products\/wiz%20c2%20pro%20max\/Wizard-C2-Pro-Max---Headmount.jpg?1620819311935\" width=\"300px\"><\/p>\n\n\n\n<h4 class=\"wp-block-heading\">Headlight<\/h4>\n\n\n\n<ul class=\"wp-block-list\">\n<li>Easy one-handed operation with secure headlamp attachment<\/li>\n\n\n\n<li>One-piece body with no long wires, unreliable rubber connectors, or unnecessary parts<\/li>\n\n\n\n<li>The flashlight can be easily mounted, detached, and rotated 180\u00b0 in its holder.<\/li>\n\n\n\n<li>Quick-release silicone ring provides additional fixation<\/li>\n<\/ul>\n\n\n\n<p><img decoding=\"async\" src=\"https:\/\/www.armytek.com\/images\/companies\/1\/products\/wiz%20c2%20pro%20max\/Wizard-C2-Pro-Max---EDC.jpg?1620819449660\" width=\"300px\"><\/p>\n\n\n\n<h4 class=\"wp-block-heading\">Everyday carry flashlight<\/h4>\n\n\n\n<ul class=\"wp-block-list\">\n<li>Compact body<\/li>\n\n\n\n<li>Convenient side switch<\/li>\n\n\n\n<li>Special matte anodizing without sharp knurling<\/li>\n\n\n\n<li>Strong built-in magnet and secure removable steel clip<\/li>\n<\/ul>\n\n\n\n<p><img decoding=\"async\" src=\"https:\/\/www.armytek.fi\/images\/companies\/1\/pages\/Wizard%20C2%20Pro_holster_02.jpg?1713881667213\" width=\"300px\"><\/p>\n\n\n\n<h4 class=\"wp-block-heading\">Strong built-in magnet and secure removable steel clip<\/h4>\n\n\n\n<ul class=\"wp-block-list\">\n<li>The body is made from durable and lightweight aircraft-grade aluminum.<\/li>\n\n\n\n<li>Improved shock resistance, new springs for better battery and driver protection<\/li>\n\n\n\n<li>Constant light without flickering<\/li>\n\n\n\n<li><strong>Multiple variants of installation, optional accessories for mounting on sporting gear<\/strong><\/li>\n<\/ul>\n\n\n\n<h3 class=\"wp-block-heading\">WIZARD C2 PRO MAX next generation flashlight features<\/h3>\n\n\n\n<p><strong>Specially designed optical system and TIR-lens:<\/strong>&nbsp;transmits more lumens, provides comfortable wide beam with 150\u00b0 spill.<\/p>\n\n\n\n<p><strong>Maximum LED output efficiency:<\/strong>&nbsp;wide new generation LED ensures better light efficiency with impressive output of 3720 lumens.<\/p>\n\n\n\n<p><strong>Thought-out head design:<\/strong>&nbsp;Better heat dissipation and brighter light with more lumens.<\/p>\n\n\n\n<p><strong>Large side button:<\/strong>&nbsp;soft and comfortable pressing.<\/p>\n\n\n\n<p><strong>Innovated electronics:<\/strong>&nbsp;combination of high brightness and prolonged runtimes.<\/p>\n\n\n\n<p><strong>Simple operation by default:<\/strong>&nbsp;easy to use right out of the box (6 modes), possible to switch to professional advanced operation with 10 modes.<\/p>\n\n\n\n<p><strong>Improved springs:<\/strong>&nbsp;new springs for better protection of the battery and driver and increased performance efficiency.<\/p>\n\n\n\n<p><strong>Stylish body:<\/strong>&nbsp;Matte anodized finish, minimalist design, and branding in the company\u2019s new visual style.<\/p>\n\n\n\n<p><strong>Fast magnetic charging:<\/strong>&nbsp;included 21700 Li-Ion 5000 mAh battery is charged in 5 h 20 min.<\/p>\n\n\n\n<h3 class=\"wp-block-heading\">Advantages of the Wizard series flashlights<\/h3>\n\n\n\n<ul class=\"wp-block-list\">\n<li><strong>Pro Max<\/strong>\u00a0New generation electronics provides impressive light output of 4000 lumens. Constant brightness even at low ambient temperatures and not fully charged battery.<\/li>\n\n\n\n<li><strong>Pro<\/strong>\u00a0Multicolor temperature, battery level and state indication.<\/li>\n\n\n\n<li>Comfortable wide beam thanks to a completely redesigned optical system. The TIR lens is protected from scratches by tempered glass with an anti-reflective coating.<\/li>\n\n\n\n<li>Innovative technology allows using any standard 21700 Li-Ion or 18650 Li-Ion battery with 15A discharge current. Full protection against short circuit even in case of contact between magnetic connector and metal objects.<\/li>\n\n\n\n<li>Active real-time temperature control to prevent overheating above +58 \u00b0C.<\/li>\n\n\n\n<li>Fully protected against water, dirt, and dust with IP68 rating \u2013 the flashlight operates at depths of up to 10 meters. Withstands drops from heights of up to 10 meters.<\/li>\n\n\n\n<li>Durable and waterproof magnetic port.<\/li>\n\n\n\n<li>Full 10-year warranty.<\/li>\n<\/ul>\n\n\n\n<p><strong>21700 Li-Ion battery (5000 mAh) is included in the set.<\/strong><strong><\/strong><\/p>\n\n\n\n<p><strong>Valaisimen tehokkuuden varmistamiseksi suositellaan alkuper\u00e4isten 21700 Li-Ion -akkujen. Adapterin yhdess\u00e4 voidaan k\u00e4ytt\u00e4\u00e4 my\u00f6s 18650 Li-Ion akkuja pituudeltaan enint\u00e4\u00e4n 70 mm ja halkaisijaltaan ale 18.7 mm, jonka sallittu purkausvirta on v\u00e4hint\u00e4\u00e4n 15A.<\/strong><\/p>\n\n\n\n<p>Watch the demo videos:<\/p>\n\n\n\n<figure class=\"wp-block-embed is-type-video is-provider-youtube wp-block-embed-youtube wp-embed-aspect-16-9 wp-has-aspect-ratio\"><div class=\"wp-block-embed__wrapper\">\n<iframe loading=\"lazy\" title=\"Armytek Wizard C2 Pro Max \u2014 flagship product in multi flashlight lineup\" width=\"720\" height=\"405\" src=\"https:\/\/www.youtube.com\/embed\/IqSTvg6CBHQ?feature=oembed\" frameborder=\"0\" allow=\"accelerometer; autoplay; clipboard-write; encrypted-media; gyroscope; picture-in-picture; web-share\" referrerpolicy=\"strict-origin-when-cross-origin\" allowfullscreen><\/iframe>\n<\/div><\/figure>","protected":false},"excerpt":{"rendered":"<p>Multi flashlight lineup flagship product \u2014 brightness like never before<\/p>","protected":false},"featured_media":22700,"comment_status":"open","ping_status":"closed","template":"","meta":{"_kadence_starter_templates_imported_post":false,"_kad_post_transparent":"","_kad_post_title":"","_kad_post_layout":"","_kad_post_sidebar_id":"","_kad_post_content_style":"","_kad_post_vertical_padding":"","_kad_post_feature":"","_kad_post_feature_position":"","_kad_post_header":false,"_kad_post_footer":false,"_kad_post_classname":""},"product_brand":[],"product_cat":[1563,16],"product_tag":[598,656,1722,1721,267,928,266],"class_list":{"0":"post-22696","1":"product","2":"type-product","3":"status-publish","4":"has-post-thumbnail","6":"product_cat-armytek","7":"product_cat-yleinen","8":"product_tag-armytek","9":"product_tag-edc","10":"product_tag-monitoimi","11":"product_tag-monitoimivalaisin","12":"product_tag-otsalamppu","13":"product_tag-otsavalaisin","14":"product_tag-taskulamppu","16":"first","17":"instock","18":"taxable","19":"shipping-taxable","20":"purchasable","21":"product-type-simple","22":"entry","23":"content-bg","24":"loop-entry"},"_links":{"self":[{"href":"https:\/\/kivenalla.fi\/en\/wp-json\/wp\/v2\/product\/22696","targetHints":{"allow":["GET"]}}],"collection":[{"href":"https:\/\/kivenalla.fi\/en\/wp-json\/wp\/v2\/product"}],"about":[{"href":"https:\/\/kivenalla.fi\/en\/wp-json\/wp\/v2\/types\/product"}],"replies":[{"embeddable":true,"href":"https:\/\/kivenalla.fi\/en\/wp-json\/wp\/v2\/comments?post=22696"}],"wp:featuredmedia":[{"embeddable":true,"href":"https:\/\/kivenalla.fi\/en\/wp-json\/wp\/v2\/media\/22700"}],"wp:attachment":[{"href":"https:\/\/kivenalla.fi\/en\/wp-json\/wp\/v2\/media?parent=22696"}],"wp:term":[{"taxonomy":"product_brand","embeddable":true,"href":"https:\/\/kivenalla.fi\/en\/wp-json\/wp\/v2\/product_brand?post=22696"},{"taxonomy":"product_cat","embeddable":true,"href":"https:\/\/kivenalla.fi\/en\/wp-json\/wp\/v2\/product_cat?post=22696"},{"taxonomy":"product_tag","embeddable":true,"href":"https:\/\/kivenalla.fi\/en\/wp-json\/wp\/v2\/product_tag?post=22696"}],"curies":[{"name":"wp","href":"https:\/\/api.w.org\/{rel}","templated":true}]}}