{"id":2293,"date":"2023-12-01T13:32:31","date_gmt":"2023-12-01T11:32:31","guid":{"rendered":"https:\/\/kivenalla.fi\/?post_type=product&#038;p=2293"},"modified":"2025-11-24T11:35:39","modified_gmt":"2025-11-24T09:35:39","slug":"geocachingcom-premium-jaesenyys-geocachefi-turbo-jaesenyys-1-vuosi","status":"publish","type":"product","link":"https:\/\/kivenalla.fi\/en\/product\/geocachingcom-premium-jaesenyys-geocachefi-turbo-jaesenyys-1-vuosi\/","title":{"rendered":"Geocaching.com Premium-j\u00e4senyys + Geocache.fi Turbo-j\u00e4senyys (1 vuosi)"},"content":{"rendered":"<p>Kauttamme hankittuna geocache.fi -palvelun lis\u00e4ominaisuudet aktivoituvat <b>heti<\/b> ja Geocaching.com:ssa saat p\u00e4ivitetty\u00e4 Premiumin l\u00e4hett\u00e4m\u00e4ll\u00e4mme koodilla, joka l\u00e4hetet\u00e4\u00e4n viimeist\u00e4\u00e4n seuraavana arkip\u00e4iv\u00e4n\u00e4 tilauksesta.<\/p>\n<p>Jos sinulla ei ole viel\u00e4 geocache.fi -tunnusta, rekister\u00f6idy ensin <a href=\"http:\/\/www.geocache.fi\/register\/register.php\" target=\"gc_register\" rel=\"noopener\">t\u00e4st\u00e4<\/a>.<\/p>\n<p>Premium-j\u00e4senyys on my\u00f6s oiva lahja geok\u00e4tk\u00f6ilev\u00e4lle yst\u00e4v\u00e4llesi.<\/p>\n<p>Premium-j\u00e4senyydell\u00e4 saat: * UUTTA! <a href=\"http:\/\/www.geocache.fi\/pr_edut.php\">Paljon lis\u00e4ominaisuuksia<\/a> <a href=\"http:\/\/www.geocache.fi\/\">www.geocache.fi<\/a>-palvelussa, kuten eritt\u00e4in monipuoliset hakuominaisuudet ja k\u00e4tk\u00f6tietojen siirto vaivatta paikantimeen\/tietokoneelle. (<a href=\"http:\/\/www.geocache.fi\/pr_edut.php\">lue lis\u00e4\u00e4<\/a>)<\/p>\n<p><b>Geocaching.com:in premium-ominaisuudet:<\/b><\/p>\n<p><b>L\u00f6yd\u00e4 lis\u00e4\u00e4 k\u00e4tk\u00f6j\u00e4:<\/b><\/p>\n<ul>\n<li>Geocaching-mobiilisovelluksessa l\u00f6yd\u00e4t kaikki k\u00e4tk\u00f6t eri vaikeus- ja maastoluokitustasoilta.<\/li>\n<li>Kaikki k\u00e4tk\u00f6tyypit avautuvat etsitt\u00e4v\u00e4ksi Geocaching-mobiilisovelluksessa.<\/li>\n<li>Premium-tason k\u00e4tk\u00f6t avautuvat etsitt\u00e4v\u00e4ksi Geocaching-mobiilisovelluksessa.<\/li>\n<\/ul>\n<p><strong>Lis\u00e4\u00e4 ominaisuuksia:<\/strong><\/p>\n<ul>\n<li>L\u00e4het\u00e4 ja vastaanota viestej\u00e4 muilta geok\u00e4tk\u00f6ilij\u00f6ilt\u00e4.<\/li>\n<li>Maailmanlaajuinen haku, voit etsi\u00e4 geok\u00e4tk\u00f6j\u00e4 tyypin ja sijainnin perusteella.<\/li>\n<li>Lajittele ja suodata geok\u00e4tk\u00f6j\u00e4 l\u00f6yt\u00e4\u00e4ksesi sopivat k\u00e4tk\u00f6t.<\/li>\n<li>Luo ja lataa listat sek\u00e4 kartat offline-k\u00e4ytt\u00f6\u00e4 varten Geocaching-mobiilisovelluksessa.<\/li>\n<li>Anna suosikkipisteit\u00e4 k\u00e4tk\u00f6ille, joista pid\u00e4t.<\/li>\n<li>Kirjanmerkkilistat Voit tehd\u00e4 kirjanmerkkej\u00e4 k\u00e4tk\u00f6ist\u00e4. Esimerkiksi parhaat l\u00f6yt\u00e4m\u00e4si k\u00e4tk\u00f6t jne. ja jakaa tiedon muiden geok\u00e4tk\u00f6ilij\u00f6iden kanssa.<\/li>\n<li>Lis\u00e4\u00e4 karttavaihtoehtoja valittavaksi.<\/li>\n<li>Uusien k\u00e4tk\u00f6jen tiedot heti s\u00e4hk\u00f6postiisi Voit tehd\u00e4 s\u00e4hk\u00f6postih\u00e4lytyksi\u00e4 useilla eri valinnoilla. Saat s\u00e4hk\u00f6postiisi viestin, kun uusi k\u00e4tk\u00f6 on julkaistu m\u00e4\u00e4rittelem\u00e4ll\u00e4si alueella (Vain Internetiss\u00e4).<\/li>\n<li>Tarkemmat tilastot (Vain Internetiss\u00e4).<\/li>\n<li>K\u00e4tk\u00f6t reitin varrella Mahdollistaa k\u00e4tk\u00f6jen etsiminen tietyn reitin\/tien varrella.<\/li>\n<li>Pocket Queries Pocket Queryiden avulla voit ladata jopa 1000 geok\u00e4tk\u00f6n koordinaatit kerralla GPS-laitteeseesi.<\/li>\n<li>Jopa 5000 travel bugia tai geokolikkoa seurantaan.<\/li>\n<li>Ignore-lista Voit laittaa k\u00e4tk\u00f6j\u00e4 ignore-listalle, jolloin ne eiv\u00e4t n\u00e4y haussa.<\/li>\n<li>Geok\u00e4tk\u00f6ilykartta N\u00e4et k\u00e4tk\u00f6jen sijainnin Geocaching.com:n omalla kartalla.<\/li>\n<li>N\u00e4et ensimm\u00e4isten joukossa uudet ominaisuudet, mit\u00e4 Geocaching.com sivuille tulee.<\/li>\n<\/ul>\n<p>Lis\u00e4\u00e4 tietoa Premium-j\u00e4senten eduista l\u00f6yd\u00e4t <a href=\"https:\/\/www.geocaching.com\/help\/index.php?pg=kb.chapter&amp;id=132&amp;pgid=175\" target=\"new\" rel=\"noopener\">here<\/a>.<\/p>\n<p>Geocache.fi Turbo-j\u00e4senyydell\u00e4 saat k\u00e4ytt\u00f6\u00f6si Geocache.fi:n ilmaisten peruspalveluiden lis\u00e4ksi n\u00e4m\u00e4 taulukossa vihre\u00e4ll\u00e4 taustalla korostetun sarakkeen ominaisuudet.<\/p>\n<p><iframe loading=\"lazy\" frameborder=\"0\" height=\"900\" src=\"https:\/\/www.geocache.fi\/terms\/userlevels.php?orderlevel=10\" width=\"600\"><\/iframe><\/p>","protected":false},"excerpt":{"rendered":"<p>Kauttamme hankittuna geocache.fi -palvelun lis\u00e4ominaisuudet aktivoituvat <b>heti<\/b> ja Geocaching.com:ssa saat p\u00e4ivitetty\u00e4 Premiumin l\u00e4hett\u00e4m\u00e4ll\u00e4mme koodilla, joka l\u00e4hetet\u00e4\u00e4n viimeist\u00e4\u00e4n seuraavana arkip\u00e4iv\u00e4n\u00e4 tilauksesta.<\/p>","protected":false},"featured_media":6465,"comment_status":"open","ping_status":"closed","template":"","meta":{"_kadence_starter_templates_imported_post":false,"_kad_post_transparent":"","_kad_post_title":"","_kad_post_layout":"","_kad_post_sidebar_id":"","_kad_post_content_style":"","_kad_post_vertical_padding":"","_kad_post_feature":"","_kad_post_feature_position":"","_kad_post_header":false,"_kad_post_footer":false,"_kad_post_classname":""},"product_brand":[],"product_cat":[1534],"product_tag":[],"class_list":{"0":"post-2293","1":"product","2":"type-product","3":"status-publish","4":"has-post-thumbnail","6":"product_cat-jasenyydet","8":"first","9":"instock","10":"virtual","11":"taxable","12":"purchasable","13":"product-type-simple","14":"entry","15":"content-bg","16":"loop-entry"},"_links":{"self":[{"href":"https:\/\/kivenalla.fi\/en\/wp-json\/wp\/v2\/product\/2293","targetHints":{"allow":["GET"]}}],"collection":[{"href":"https:\/\/kivenalla.fi\/en\/wp-json\/wp\/v2\/product"}],"about":[{"href":"https:\/\/kivenalla.fi\/en\/wp-json\/wp\/v2\/types\/product"}],"replies":[{"embeddable":true,"href":"https:\/\/kivenalla.fi\/en\/wp-json\/wp\/v2\/comments?post=2293"}],"wp:featuredmedia":[{"embeddable":true,"href":"https:\/\/kivenalla.fi\/en\/wp-json\/wp\/v2\/media\/6465"}],"wp:attachment":[{"href":"https:\/\/kivenalla.fi\/en\/wp-json\/wp\/v2\/media?parent=2293"}],"wp:term":[{"taxonomy":"product_brand","embeddable":true,"href":"https:\/\/kivenalla.fi\/en\/wp-json\/wp\/v2\/product_brand?post=2293"},{"taxonomy":"product_cat","embeddable":true,"href":"https:\/\/kivenalla.fi\/en\/wp-json\/wp\/v2\/product_cat?post=2293"},{"taxonomy":"product_tag","embeddable":true,"href":"https:\/\/kivenalla.fi\/en\/wp-json\/wp\/v2\/product_tag?post=2293"}],"curies":[{"name":"wp","href":"https:\/\/api.w.org\/{rel}","templated":true}]}}