{"id":23260,"date":"2026-04-10T09:22:02","date_gmt":"2026-04-10T06:22:02","guid":{"rendered":"https:\/\/kivenalla.fi\/?post_type=product&#038;p=23260"},"modified":"2026-04-10T09:24:04","modified_gmt":"2026-04-10T06:24:04","slug":"flag-name-tag-estonia-black","status":"publish","type":"product","link":"https:\/\/kivenalla.fi\/en\/product\/flag-name-tag-estonia-black\/","title":{"rendered":"Flag name tag (Estonia) Black"},"content":{"rendered":"<h1 class=\"wp-block-heading\">Uusi Viron versio Flag name tag -nimikyltist\u00e4!<\/h1>\n\n\n\n<p><strong>Nyt Flag name tag on mahdollista my\u00f6s ripustaa esim. kaulanauhaan magneettikiinnityksen sijaan. Katso kuva!<\/strong><\/p>\n\n\n\n<p>Seurantakoodillisessa nimikyltiss\u00e4 lukee &#8221;Hello my name is&#8221; ja paikka mihin voit tussilla kirjoittaa nimimerkkisi. Flag name tagissa on lis\u00e4ksi Viron lippu kertomassa mist\u00e4 maasta olet kotoisin.<\/p>\n\n\n\n<p>Kiinnitysmekanismina on tehokkaampi kolmen magneetin versio. Aikaisemmin myymiss\u00e4mme magneettikiinnitteisiss\u00e4 nimikyltiss\u00e4 on ollut 2 magneettia. Kolmen magneetin versio on vahvempi ja nimikyltti pysyy paksummankin paidan\/takin rintamuksessa. Nimikyltin yl\u00e4osassa on nyt my\u00f6s pieni kohouma ja reik\u00e4, joten nimikyltin saa my\u00f6s kiinni kaulanauhaan.<\/p>\n\n\n\n<p>Viron Flag name tagista on saatavilla kaksi eri v\u00e4riversiota. T\u00e4m\u00e4 Flag name tag on sininen.<\/p>\n\n\n\n<p>Flag name tagin ikoni: <img decoding=\"async\" alt=\"ikoni\" src=\"https:\/\/www.geocache.fi\/putiikki\/kuva.php?kuva=\/images\/products\/flag_name_tag_32.gif\"><\/p>\n\n\n\n<p>Flag name tagin aktivointikoodin voit hakea <a href=\"https:\/\/www.geocache.fi\/activate\/\">Geocache.fi-sivuilta.<\/a><\/p>","protected":false},"excerpt":{"rendered":"<p>Seurantakoodillisess\u00e4 nimikyltiss\u00e4 lukee &#8221;Hello my name is&#8221; ja paikka mihin voit tussilla kirjoittaa nimimerkkisi. T\u00e4ss\u00e4 Flag name tagissa on lis\u00e4ksi Viron lippu kertomassa mist\u00e4 maasta olet kotoisin.<\/p>","protected":false},"featured_media":23258,"comment_status":"open","ping_status":"closed","template":"","meta":{"_kadence_starter_templates_imported_post":false,"_kad_post_transparent":"","_kad_post_title":"","_kad_post_layout":"","_kad_post_sidebar_id":"","_kad_post_content_style":"","_kad_post_vertical_padding":"","_kad_post_feature":"","_kad_post_feature_position":"","_kad_post_header":false,"_kad_post_footer":false,"_kad_post_classname":""},"product_brand":[],"product_cat":[1539,1585,16],"product_tag":[1730,1731,419,18,420,422,1729],"class_list":{"0":"post-23260","1":"product","2":"type-product","3":"status-publish","4":"has-post-thumbnail","6":"product_cat-name-tagit","7":"product_cat-uudet-tuotteet","8":"product_cat-yleinen","9":"product_tag-eesti","10":"product_tag-estonia","11":"product_tag-flag-name-tag","12":"product_tag-matkalainen","13":"product_tag-name-tag","14":"product_tag-nimikyltti","15":"product_tag-viro","17":"first","18":"instock","19":"taxable","20":"shipping-taxable","21":"purchasable","22":"product-type-simple","23":"entry","24":"content-bg","25":"loop-entry"},"_links":{"self":[{"href":"https:\/\/kivenalla.fi\/en\/wp-json\/wp\/v2\/product\/23260","targetHints":{"allow":["GET"]}}],"collection":[{"href":"https:\/\/kivenalla.fi\/en\/wp-json\/wp\/v2\/product"}],"about":[{"href":"https:\/\/kivenalla.fi\/en\/wp-json\/wp\/v2\/types\/product"}],"replies":[{"embeddable":true,"href":"https:\/\/kivenalla.fi\/en\/wp-json\/wp\/v2\/comments?post=23260"}],"wp:featuredmedia":[{"embeddable":true,"href":"https:\/\/kivenalla.fi\/en\/wp-json\/wp\/v2\/media\/23258"}],"wp:attachment":[{"href":"https:\/\/kivenalla.fi\/en\/wp-json\/wp\/v2\/media?parent=23260"}],"wp:term":[{"taxonomy":"product_brand","embeddable":true,"href":"https:\/\/kivenalla.fi\/en\/wp-json\/wp\/v2\/product_brand?post=23260"},{"taxonomy":"product_cat","embeddable":true,"href":"https:\/\/kivenalla.fi\/en\/wp-json\/wp\/v2\/product_cat?post=23260"},{"taxonomy":"product_tag","embeddable":true,"href":"https:\/\/kivenalla.fi\/en\/wp-json\/wp\/v2\/product_tag?post=23260"}],"curies":[{"name":"wp","href":"https:\/\/api.w.org\/{rel}","templated":true}]}}