{"id":23617,"date":"2026-05-07T10:12:10","date_gmt":"2026-05-07T07:12:10","guid":{"rendered":"https:\/\/kivenalla.fi\/?post_type=product&#038;p=23617"},"modified":"2026-05-07T10:16:39","modified_gmt":"2026-05-07T07:16:39","slug":"patriot-onkivapa-8-m","status":"publish","type":"product","link":"https:\/\/kivenalla.fi\/en\/product\/patriot-onkivapa-8-m\/","title":{"rendered":"Patriot-onkivapa (8 m)"},"content":{"rendered":"<p>Patriotin pitk\u00e4 (8 m) lasikuituinen onkivapa. Valmistettu kalojen onkimiseen, mutta t\u00e4ll\u00e4 nappaa hienosti onkik\u00e4tk\u00f6t puusta korkealtakin.<\/p>\n\n\n\n<p>Onki on kokoonkasattuna noin 1,13 metri\u00e4 pitk\u00e4.<\/p>","protected":false},"excerpt":{"rendered":"<p>Patriotin pitk\u00e4 8 metrinen lasikuituinen onkivapa.<\/p>","protected":false},"featured_media":23618,"comment_status":"open","ping_status":"closed","template":"","meta":{"_kadence_starter_templates_imported_post":false,"_kad_post_transparent":"","_kad_post_title":"","_kad_post_layout":"","_kad_post_sidebar_id":"","_kad_post_content_style":"","_kad_post_vertical_padding":"","_kad_post_feature":"","_kad_post_feature_position":"","_kad_post_header":false,"_kad_post_footer":false,"_kad_post_classname":""},"product_brand":[],"product_cat":[1547,1662,1585,16],"product_tag":[],"class_list":{"0":"post-23617","1":"product","2":"type-product","3":"status-publish","4":"has-post-thumbnail","6":"product_cat-apuvalineet","7":"product_cat-joulu","8":"product_cat-uudet-tuotteet","9":"product_cat-yleinen","10":"product_shipping_class-onkivapa","12":"first","13":"instock","14":"featured","15":"taxable","16":"shipping-taxable","17":"purchasable","18":"product-type-simple","19":"entry","20":"content-bg","21":"loop-entry"},"_links":{"self":[{"href":"https:\/\/kivenalla.fi\/en\/wp-json\/wp\/v2\/product\/23617","targetHints":{"allow":["GET"]}}],"collection":[{"href":"https:\/\/kivenalla.fi\/en\/wp-json\/wp\/v2\/product"}],"about":[{"href":"https:\/\/kivenalla.fi\/en\/wp-json\/wp\/v2\/types\/product"}],"replies":[{"embeddable":true,"href":"https:\/\/kivenalla.fi\/en\/wp-json\/wp\/v2\/comments?post=23617"}],"wp:featuredmedia":[{"embeddable":true,"href":"https:\/\/kivenalla.fi\/en\/wp-json\/wp\/v2\/media\/23618"}],"wp:attachment":[{"href":"https:\/\/kivenalla.fi\/en\/wp-json\/wp\/v2\/media?parent=23617"}],"wp:term":[{"taxonomy":"product_brand","embeddable":true,"href":"https:\/\/kivenalla.fi\/en\/wp-json\/wp\/v2\/product_brand?post=23617"},{"taxonomy":"product_cat","embeddable":true,"href":"https:\/\/kivenalla.fi\/en\/wp-json\/wp\/v2\/product_cat?post=23617"},{"taxonomy":"product_tag","embeddable":true,"href":"https:\/\/kivenalla.fi\/en\/wp-json\/wp\/v2\/product_tag?post=23617"}],"curies":[{"name":"wp","href":"https:\/\/api.w.org\/{rel}","templated":true}]}}