{"id":23620,"date":"2026-05-07T10:17:16","date_gmt":"2026-05-07T07:17:16","guid":{"rendered":"https:\/\/kivenalla.fi\/?post_type=product&#038;p=23620"},"modified":"2026-05-07T16:12:24","modified_gmt":"2026-05-07T13:12:24","slug":"magneettinen-levykatko-3d-8x5-cm","status":"publish","type":"product","link":"https:\/\/kivenalla.fi\/en\/product\/magneettinen-levykatko-3d-8x5-cm\/","title":{"rendered":"Magneettinen levyk\u00e4tk\u00f6 3D (8&#215;5 cm)"},"content":{"rendered":"<p><span class=\"menutext\">Pienempi magneettinen levyk\u00e4tk\u00f6, joka on valmistetu 3D-tulostimella. Levyss\u00e4 kulmissa kaksi pient\u00e4 tehokasta Neodym-magneettia. T\u00e4m\u00e4 k\u00e4tk\u00f6 sopii mainiosti piilotettavaksi urbaaniin ymp\u00e4rist\u00f6\u00f6n. Levy on kooltaan 8 cm x 5 cm ja paksuus 8 mm. Levyn takapuolella on tila lokivihkolle. Hintaan sis\u00e4ltyy Modestonen vedenkest\u00e4v\u00e4st\u00e4 paperista valmistettu 4&#215;2 cm lokivihko<\/span>.<\/p>","protected":false},"excerpt":{"rendered":"<p>3D-tulostettu levyk\u00e4tk\u00f6, joka kiinnitty metallipintaan kahden pienen magneetin avulla.<\/p>","protected":false},"featured_media":23624,"comment_status":"open","ping_status":"closed","template":"","meta":{"_kadence_starter_templates_imported_post":false,"_kad_post_transparent":"","_kad_post_title":"","_kad_post_layout":"","_kad_post_sidebar_id":"","_kad_post_content_style":"","_kad_post_vertical_padding":"","_kad_post_feature":"","_kad_post_feature_position":"","_kad_post_header":false,"_kad_post_footer":false,"_kad_post_classname":""},"product_brand":[],"product_cat":[1544,16],"product_tag":[],"class_list":{"0":"post-23620","1":"product","2":"type-product","3":"status-publish","4":"has-post-thumbnail","6":"product_cat-erikoiskatkot","7":"product_cat-yleinen","9":"first","10":"instock","11":"taxable","12":"shipping-taxable","13":"purchasable","14":"product-type-simple","15":"entry","16":"content-bg","17":"loop-entry"},"_links":{"self":[{"href":"https:\/\/kivenalla.fi\/en\/wp-json\/wp\/v2\/product\/23620","targetHints":{"allow":["GET"]}}],"collection":[{"href":"https:\/\/kivenalla.fi\/en\/wp-json\/wp\/v2\/product"}],"about":[{"href":"https:\/\/kivenalla.fi\/en\/wp-json\/wp\/v2\/types\/product"}],"replies":[{"embeddable":true,"href":"https:\/\/kivenalla.fi\/en\/wp-json\/wp\/v2\/comments?post=23620"}],"wp:featuredmedia":[{"embeddable":true,"href":"https:\/\/kivenalla.fi\/en\/wp-json\/wp\/v2\/media\/23624"}],"wp:attachment":[{"href":"https:\/\/kivenalla.fi\/en\/wp-json\/wp\/v2\/media?parent=23620"}],"wp:term":[{"taxonomy":"product_brand","embeddable":true,"href":"https:\/\/kivenalla.fi\/en\/wp-json\/wp\/v2\/product_brand?post=23620"},{"taxonomy":"product_cat","embeddable":true,"href":"https:\/\/kivenalla.fi\/en\/wp-json\/wp\/v2\/product_cat?post=23620"},{"taxonomy":"product_tag","embeddable":true,"href":"https:\/\/kivenalla.fi\/en\/wp-json\/wp\/v2\/product_tag?post=23620"}],"curies":[{"name":"wp","href":"https:\/\/api.w.org\/{rel}","templated":true}]}}