{"id":23751,"date":"2026-05-15T09:56:50","date_gmt":"2026-05-15T06:56:50","guid":{"rendered":"https:\/\/kivenalla.fi\/?post_type=product&#038;p=23751"},"modified":"2026-05-15T09:59:24","modified_gmt":"2026-05-15T06:59:24","slug":"hihamerkki-nelivarilogo","status":"publish","type":"product","link":"https:\/\/kivenalla.fi\/en\/product\/hihamerkki-nelivarilogo\/","title":{"rendered":"Hihamerkki (neliv\u00e4rilogo)"},"content":{"rendered":"<p>N\u00e4yt\u00e4 geok\u00e4tk\u00f6ily-ylpeytesi!<br><br>T\u00e4m\u00e4 7,6 x 7,6 cm:n kokoinen geok\u00e4tk\u00f6ilyhihamerkki sopii t\u00e4ydellisesti varusteesi viimeistelyyn. Merkiss\u00e4 on virallinen Geocaching-neliv\u00e4rilogo n\u00e4ytt\u00e4v\u00e4ll\u00e4 mustalla taustalla.<br><br>T\u00e4m\u00e4n klassisen merkin voi kiinnitt\u00e4\u00e4 silitt\u00e4m\u00e4ll\u00e4 tai ompelemalla sen suosikkigeok\u00e4tk\u00f6ilyvarusteeseesi.<br><br>Mitat: noin 7,6 x 7,6 cm.<\/p>","protected":false},"excerpt":{"rendered":"<p>N\u00e4yt\u00e4 geok\u00e4tk\u00f6ily-ylpeytesi!<\/p>","protected":false},"featured_media":23752,"comment_status":"open","ping_status":"closed","template":"","meta":{"_kadence_starter_templates_imported_post":false,"_kad_post_transparent":"","_kad_post_title":"","_kad_post_layout":"","_kad_post_sidebar_id":"","_kad_post_content_style":"","_kad_post_vertical_padding":"","_kad_post_feature":"","_kad_post_feature_position":"","_kad_post_header":false,"_kad_post_footer":false,"_kad_post_classname":""},"product_brand":[],"product_cat":[1549,16],"product_tag":[115,169,1065],"class_list":{"0":"post-23751","1":"product","2":"type-product","3":"status-publish","4":"has-post-thumbnail","6":"product_cat-hihamerkit","7":"product_cat-yleinen","8":"product_tag-hihamerkki","9":"product_tag-logo","10":"product_tag-nelivari","12":"first","13":"onbackorder","14":"taxable","15":"shipping-taxable","16":"purchasable","17":"product-type-simple","18":"entry","19":"content-bg","20":"loop-entry"},"_links":{"self":[{"href":"https:\/\/kivenalla.fi\/en\/wp-json\/wp\/v2\/product\/23751","targetHints":{"allow":["GET"]}}],"collection":[{"href":"https:\/\/kivenalla.fi\/en\/wp-json\/wp\/v2\/product"}],"about":[{"href":"https:\/\/kivenalla.fi\/en\/wp-json\/wp\/v2\/types\/product"}],"replies":[{"embeddable":true,"href":"https:\/\/kivenalla.fi\/en\/wp-json\/wp\/v2\/comments?post=23751"}],"wp:featuredmedia":[{"embeddable":true,"href":"https:\/\/kivenalla.fi\/en\/wp-json\/wp\/v2\/media\/23752"}],"wp:attachment":[{"href":"https:\/\/kivenalla.fi\/en\/wp-json\/wp\/v2\/media?parent=23751"}],"wp:term":[{"taxonomy":"product_brand","embeddable":true,"href":"https:\/\/kivenalla.fi\/en\/wp-json\/wp\/v2\/product_brand?post=23751"},{"taxonomy":"product_cat","embeddable":true,"href":"https:\/\/kivenalla.fi\/en\/wp-json\/wp\/v2\/product_cat?post=23751"},{"taxonomy":"product_tag","embeddable":true,"href":"https:\/\/kivenalla.fi\/en\/wp-json\/wp\/v2\/product_tag?post=23751"}],"curies":[{"name":"wp","href":"https:\/\/api.w.org\/{rel}","templated":true}]}}