{"id":23754,"date":"2026-05-15T10:00:08","date_gmt":"2026-05-15T07:00:08","guid":{"rendered":"https:\/\/kivenalla.fi\/?post_type=product&#038;p=23754"},"modified":"2026-05-15T10:03:19","modified_gmt":"2026-05-15T07:03:19","slug":"signal-the-frog-travel-tag-with-flowers","status":"publish","type":"product","link":"https:\/\/kivenalla.fi\/en\/product\/signal-the-frog-travel-tag-with-flowers\/","title":{"rendered":"Signal the Frog\u00ae Travel Tag &#8211; with Flowers"},"content":{"rendered":"<p>Mik\u00e4 upea kukkakimppu!<br><br>Mik\u00e4\u00e4n ei kerro rakkaudesta (tai ehk\u00e4 anteeksipyynn\u00f6st\u00e4?) paremmin kuin kukkakimppu, jota pitelee antennip\u00e4inen sammakko!<\/p>\n\n\n\n<p>Signal the Frog on valmis matkustamaan ja levitt\u00e4m\u00e4\u00e4n iloa ja rakkautta ymp\u00e4ri geok\u00e4tk\u00f6ilymaailmaa \u2013 yksi geok\u00e4tk\u00f6 kerrallaan!<\/p>","protected":false},"excerpt":{"rendered":"<p>Mik\u00e4 upea kukkakimppu!<\/p>","protected":false},"featured_media":23755,"comment_status":"open","ping_status":"closed","template":"","meta":{"_kadence_starter_templates_imported_post":false,"_kad_post_transparent":"","_kad_post_title":"","_kad_post_layout":"","_kad_post_sidebar_id":"","_kad_post_content_style":"","_kad_post_vertical_padding":"","_kad_post_feature":"","_kad_post_feature_position":"","_kad_post_header":false,"_kad_post_footer":false,"_kad_post_classname":""},"product_brand":[],"product_cat":[1538,16],"product_tag":[1742,1741,610,24,56],"class_list":{"0":"post-23754","1":"product","2":"type-product","3":"status-publish","4":"has-post-thumbnail","6":"product_cat-travel-tagit","7":"product_cat-yleinen","8":"product_tag-kukka","9":"product_tag-kukkakimppu","10":"product_tag-sammakko","11":"product_tag-signal-the-frog","12":"product_tag-travel-tag","14":"first","15":"onbackorder","16":"taxable","17":"shipping-taxable","18":"purchasable","19":"product-type-simple","20":"entry","21":"content-bg","22":"loop-entry"},"_links":{"self":[{"href":"https:\/\/kivenalla.fi\/en\/wp-json\/wp\/v2\/product\/23754","targetHints":{"allow":["GET"]}}],"collection":[{"href":"https:\/\/kivenalla.fi\/en\/wp-json\/wp\/v2\/product"}],"about":[{"href":"https:\/\/kivenalla.fi\/en\/wp-json\/wp\/v2\/types\/product"}],"replies":[{"embeddable":true,"href":"https:\/\/kivenalla.fi\/en\/wp-json\/wp\/v2\/comments?post=23754"}],"wp:featuredmedia":[{"embeddable":true,"href":"https:\/\/kivenalla.fi\/en\/wp-json\/wp\/v2\/media\/23755"}],"wp:attachment":[{"href":"https:\/\/kivenalla.fi\/en\/wp-json\/wp\/v2\/media?parent=23754"}],"wp:term":[{"taxonomy":"product_brand","embeddable":true,"href":"https:\/\/kivenalla.fi\/en\/wp-json\/wp\/v2\/product_brand?post=23754"},{"taxonomy":"product_cat","embeddable":true,"href":"https:\/\/kivenalla.fi\/en\/wp-json\/wp\/v2\/product_cat?post=23754"},{"taxonomy":"product_tag","embeddable":true,"href":"https:\/\/kivenalla.fi\/en\/wp-json\/wp\/v2\/product_tag?post=23754"}],"curies":[{"name":"wp","href":"https:\/\/api.w.org\/{rel}","templated":true}]}}