{"id":2780,"date":"2023-12-01T13:36:55","date_gmt":"2023-12-01T11:36:55","guid":{"rendered":"https:\/\/kivenalla.fi\/?post_type=product&#038;p=2780"},"modified":"2025-12-11T02:23:53","modified_gmt":"2025-12-11T00:23:53","slug":"geocachingcom-premium-jaesenyys-1-vuosi","status":"publish","type":"product","link":"https:\/\/kivenalla.fi\/en\/product\/geocachingcom-premium-jaesenyys-1-vuosi\/","title":{"rendered":"Geocaching.com Premium membership (1 year)"},"content":{"rendered":"<p>Kauttamme hankittuna geocache.fi -palvelun lis\u00e4ominaisuudet aktivoituvat <b>heti<\/b> ja Geocaching.com:ssa saat p\u00e4ivitetty\u00e4 Premiumin l\u00e4hett\u00e4m\u00e4ll\u00e4mme koodilla, joka l\u00e4hetet\u00e4\u00e4n viimeist\u00e4\u00e4n seuraavana arkip\u00e4iv\u00e4n\u00e4 tilauksesta.<\/p>\n\n\n\n<p>Jos sinulla ei ole viel\u00e4 geocache.fi -tunnusta, rekister\u00f6idy ensin <a href=\"http:\/\/www.geocache.fi\/register\/register.php\" target=\"gc_register\" rel=\"noopener\">t\u00e4st\u00e4<\/a>.<\/p>\n\n\n\n<p>Premium-j\u00e4senyys on my\u00f6s oiva lahja geok\u00e4tk\u00f6ilev\u00e4lle yst\u00e4v\u00e4llesi.<\/p>\n\n\n\n<p><b>HUOM! Muista my\u00f6s tuplapaketti Geocaching.com Premium-j\u00e4senyys + Geocache.fi Turbo-j\u00e4senyys. Tuplapaketin saat 5,00 euroa edullisemmin <a href=\"https:\/\/kivenalla.fi\/en\/product\/geocachingcom-premium-jaesenyys-geocachefi-turbo-jaesenyys-1-vuosi\/\">here<\/a><\/b>.<\/p>\n\n\n\n<p>Premium-j\u00e4senyydell\u00e4 saat: * UUTTA! <a href=\"http:\/\/www.geocache.fi\/pr_edut.php\">Paljon lis\u00e4ominaisuuksia<\/a> <a href=\"http:\/\/www.geocache.fi\/\">www.geocache.fi<\/a>-palvelussa, kuten eritt\u00e4in monipuoliset hakuominaisuudet ja k\u00e4tk\u00f6tietojen siirto vaivatta paikantimeen\/tietokoneelle. (<a href=\"http:\/\/www.geocache.fi\/pr_edut.php\">lue lis\u00e4\u00e4<\/a>)<\/p>\n\n\n\n<p><b>Geocaching.com:in premium-ominaisuudet:<\/b><\/p>\n\n\n\n<p><b>L\u00f6yd\u00e4 lis\u00e4\u00e4 k\u00e4tk\u00f6j\u00e4:<\/b><\/p>\n\n\n\n<ul class=\"wp-block-list\">\n<li>Geocaching-mobiilisovelluksessa l\u00f6yd\u00e4t kaikki k\u00e4tk\u00f6t eri vaikeus- ja maastoluokitustasoilta.<\/li>\n\n\n\n<li>Kaikki k\u00e4tk\u00f6tyypit avautuvat etsitt\u00e4v\u00e4ksi Geocaching-mobiilisovelluksessa.<\/li>\n\n\n\n<li>Premium-tason k\u00e4tk\u00f6t avautuvat etsitt\u00e4v\u00e4ksi Geocaching-mobiilisovelluksessa.<\/li>\n<\/ul>\n\n\n\n<p><strong>Lis\u00e4\u00e4 ominaisuuksia:<\/strong><\/p>\n\n\n\n<ul class=\"wp-block-list\">\n<li>L\u00e4het\u00e4 ja vastaanota viestej\u00e4 muilta geok\u00e4tk\u00f6ilij\u00f6ilt\u00e4.<\/li>\n\n\n\n<li>Maailmanlaajuinen haku, voit etsi\u00e4 geok\u00e4tk\u00f6j\u00e4 tyypin ja sijainnin perusteella.<\/li>\n\n\n\n<li>Lajittele ja suodata geok\u00e4tk\u00f6j\u00e4 l\u00f6yt\u00e4\u00e4ksesi sopivat k\u00e4tk\u00f6t.<\/li>\n\n\n\n<li>Luo ja lataa listat sek\u00e4 kartat offline-k\u00e4ytt\u00f6\u00e4 varten Geocaching-mobiilisovelluksessa.<\/li>\n\n\n\n<li>Anna suosikkipisteit\u00e4 k\u00e4tk\u00f6ille, joista pid\u00e4t.<\/li>\n\n\n\n<li>Kirjanmerkkilistat Voit tehd\u00e4 kirjanmerkkej\u00e4 k\u00e4tk\u00f6ist\u00e4. Esimerkiksi parhaat l\u00f6yt\u00e4m\u00e4si k\u00e4tk\u00f6t jne. ja jakaa tiedon muiden geok\u00e4tk\u00f6ilij\u00f6iden kanssa.<\/li>\n\n\n\n<li>Lis\u00e4\u00e4 karttavaihtoehtoja valittavaksi.<\/li>\n\n\n\n<li>Uusien k\u00e4tk\u00f6jen tiedot heti s\u00e4hk\u00f6postiisi Voit tehd\u00e4 s\u00e4hk\u00f6postih\u00e4lytyksi\u00e4 useilla eri valinnoilla. Saat s\u00e4hk\u00f6postiisi viestin, kun uusi k\u00e4tk\u00f6 on julkaistu m\u00e4\u00e4rittelem\u00e4ll\u00e4si alueella (Vain Internetiss\u00e4).<\/li>\n\n\n\n<li>Tarkemmat tilastot (Vain Internetiss\u00e4).<\/li>\n\n\n\n<li>K\u00e4tk\u00f6t reitin varrella Mahdollistaa k\u00e4tk\u00f6jen etsiminen tietyn reitin\/tien varrella.<\/li>\n\n\n\n<li>Pocket Queries Pocket Queryiden avulla voit ladata jopa 1000 geok\u00e4tk\u00f6n koordinaatit kerralla GPS-laitteeseesi.<\/li>\n\n\n\n<li>Jopa 5000 travel bugia tai geokolikkoa seurantaan.<\/li>\n\n\n\n<li>Ignore-lista Voit laittaa k\u00e4tk\u00f6j\u00e4 ignore-listalle, jolloin ne eiv\u00e4t n\u00e4y haussa.<\/li>\n\n\n\n<li>Geok\u00e4tk\u00f6ilykartta N\u00e4et k\u00e4tk\u00f6jen sijainnin Geocaching.com:n omalla kartalla.<\/li>\n\n\n\n<li>N\u00e4et ensimm\u00e4isten joukossa uudet ominaisuudet, mit\u00e4 Geocaching.com sivuille tulee.<\/li>\n<\/ul>\n\n\n\n<p>Lis\u00e4\u00e4 tietoa Premium-j\u00e4senten eduista l\u00f6yd\u00e4t <a href=\"https:\/\/www.geocaching.com\/help\/index.php?pg=kb.chapter&amp;id=132&amp;pgid=175\" target=\"new\" rel=\"noopener\">here<\/a>.<\/p>","protected":false},"excerpt":{"rendered":"<p>Kauttamme hankittuna geocache.fi -palvelun lis\u00e4ominaisuudet aktivoituvat <b>heti<\/b> ja Geocaching.com:ssa saat p\u00e4ivitetty\u00e4 Premiumin l\u00e4hett\u00e4m\u00e4ll\u00e4mme koodilla, joka l\u00e4hetet\u00e4\u00e4n viimeist\u00e4\u00e4n seuraavana arkip\u00e4iv\u00e4n\u00e4 tilauksesta.<\/p>","protected":false},"featured_media":6464,"comment_status":"open","ping_status":"closed","template":"","meta":{"_kadence_starter_templates_imported_post":false,"_kad_post_transparent":"","_kad_post_title":"","_kad_post_layout":"","_kad_post_sidebar_id":"","_kad_post_content_style":"","_kad_post_vertical_padding":"","_kad_post_feature":"","_kad_post_feature_position":"","_kad_post_header":false,"_kad_post_footer":false,"_kad_post_classname":""},"product_brand":[],"product_cat":[1534,16],"product_tag":[170,246,409,410],"class_list":{"0":"post-2780","1":"product","2":"type-product","3":"status-publish","4":"has-post-thumbnail","6":"product_cat-jasenyydet","7":"product_cat-yleinen","8":"product_tag-geocaching-com","9":"product_tag-jasenyys","10":"product_tag-premium","11":"product_tag-premium-jasenyys","13":"first","14":"instock","15":"virtual","16":"taxable","17":"purchasable","18":"product-type-simple","19":"entry","20":"content-bg","21":"loop-entry"},"_links":{"self":[{"href":"https:\/\/kivenalla.fi\/en\/wp-json\/wp\/v2\/product\/2780","targetHints":{"allow":["GET"]}}],"collection":[{"href":"https:\/\/kivenalla.fi\/en\/wp-json\/wp\/v2\/product"}],"about":[{"href":"https:\/\/kivenalla.fi\/en\/wp-json\/wp\/v2\/types\/product"}],"replies":[{"embeddable":true,"href":"https:\/\/kivenalla.fi\/en\/wp-json\/wp\/v2\/comments?post=2780"}],"wp:featuredmedia":[{"embeddable":true,"href":"https:\/\/kivenalla.fi\/en\/wp-json\/wp\/v2\/media\/6464"}],"wp:attachment":[{"href":"https:\/\/kivenalla.fi\/en\/wp-json\/wp\/v2\/media?parent=2780"}],"wp:term":[{"taxonomy":"product_brand","embeddable":true,"href":"https:\/\/kivenalla.fi\/en\/wp-json\/wp\/v2\/product_brand?post=2780"},{"taxonomy":"product_cat","embeddable":true,"href":"https:\/\/kivenalla.fi\/en\/wp-json\/wp\/v2\/product_cat?post=2780"},{"taxonomy":"product_tag","embeddable":true,"href":"https:\/\/kivenalla.fi\/en\/wp-json\/wp\/v2\/product_tag?post=2780"}],"curies":[{"name":"wp","href":"https:\/\/api.w.org\/{rel}","templated":true}]}}