{"id":2848,"date":"2023-12-01T13:37:39","date_gmt":"2023-12-01T11:37:39","guid":{"rendered":"https:\/\/kivenalla.fi\/?post_type=product&#038;p=2848"},"modified":"2025-12-10T10:04:28","modified_gmt":"2025-12-10T08:04:28","slug":"geokatkoilijan-talviohjelma","status":"publish","type":"product","link":"https:\/\/kivenalla.fi\/en\/product\/geokatkoilijan-talviohjelma\/","title":{"rendered":"Geok\u00e4tk\u00f6ilij\u00e4n talviohjelma -j\u00e4senyys"},"content":{"rendered":"<p><strong>Sinun tulee rekister\u00f6ity\u00e4 Geocache.fi-sivuille ennen kuin hankit osallistumisoikeuden Geok\u00e4tk\u00f6ilij\u00e4n talviohjelmaan. Jos et ole viel\u00e4 rekister\u00f6itynyt Geocache.fi-sivuille, niin p\u00e4\u00e4set tekm\u00e4\u00e4n sen <\/strong><a data-link-type=\"external\" data-type=\"linkpicker\" href=\"https:\/\/www.geocache.fi\/register\/register.php\">t\u00e4st\u00e4<\/a><strong>.<\/strong><\/p>\n\n\n\n<p>Talviohjelma kest\u00e4\u00e4 tammikuun 7. p\u00e4iv\u00e4st\u00e4 aina maaliskuun 24. p\u00e4iv\u00e4\u00e4n. Yhteens\u00e4 11 viikkoa mielenkiintoisia geok\u00e4tk\u00f6ilyteht\u00e4vi\u00e4. Joka viikko on nelj\u00e4 teht\u00e4v\u00e4\u00e4 suoritettavaksi ja yksi n\u00e4ist\u00e4 teht\u00e4vist\u00e4 on aina mysteerin ratkominen.<\/p>\n\n\n\n<p><strong>Osallistumismaksu<\/strong><\/p>\n\n\n\n<p>Geok\u00e4tk\u00f6ilij\u00e4n talviohjelman hinta on 24,99 \u20ac. Aiemmin Geok\u00e4tk\u00f6ilij\u00e4n talviohjelmassa mukana olleet saavat <strong>10 % alennukseen<\/strong> alennuskoodilla <strong>(HUOM! Voimassa vain verkkokaupassa ei virike-edulla maksaessa)<\/strong>, joka muodostuu nimimerkist\u00e4 + 25 eli esim. Harjus25. <strong>HUOM! Jos nimimerkiss\u00e4si on erikoismerkkej\u00e4 ja \u00e4\u00e4kk\u00f6si\u00e4, niin ne on alennuskoodista poistettu, esim. -K\u00e4tk\u00f6- on Ktk25.<\/strong><\/p>\n\n\n\n<p>Yhteisty\u00f6kumppaneina t\u00e4n\u00e4kin vuonna mukana mm.<\/p>\n\n\n\n<ul class=\"wp-block-list\">\n<li><strong><a href=\"https:\/\/www.all-plast.fi\/\">Alposet snow shoes<\/a> (p\u00e4\u00e4yhteisty\u00f6kumppani)<\/strong><\/li>\n\n\n\n<li><a href=\"https:\/\/protechnic.fi\/\">Protechnic Oy<\/a><\/li>\n\n\n\n<li><a href=\"https:\/\/finndetector.com\/\">Finndetector Oy<\/a><\/li>\n\n\n\n<li><a href=\"https:\/\/roomescape.fi\/\">Roomescape<\/a><\/li>\n\n\n\n<li><a href=\"https:\/\/www.geocaching.com\">Geocaching.com<\/a><\/li>\n\n\n\n<li><a href=\"https:\/\/taideasema.fi\/\">Taideasema<\/a><\/li>\n\n\n\n<li><a href=\"https:\/\/www.armytek.fi\">Armytek<\/a><\/li>\n\n\n\n<li><a href=\"https:\/\/www.matkapojat.fi\/\">Matkapojat<\/a><\/li>\n\n\n\n<li><a href=\"https:\/\/www.kantsunjerkytehdas.com\/\">Kantsun Jerkytehdas<\/a><\/li>\n\n\n\n<li><a href=\"https:\/\/www.paitashop.fi\/\">Paitashop<\/a><\/li>\n<\/ul>\n\n\n\n<p><a data-link-type=\"external\" data-type=\"linkpicker\" href=\"https:\/\/www.geocache.fi\/talviohjelma\">Geok\u00e4tk\u00f6ilij\u00e4n talviohjelman sivut<\/a><\/p>\n\n\n\n<h3 class=\"wp-block-heading\"><strong>Anna nimimerkki, jolle j\u00e4senyyden tilaat kohtaan Osallistuja:<\/strong><\/h3>\n\n\n\n<h2 class=\"wp-block-heading\">Geok\u00e4tk\u00f6ilij\u00e4n talviohjelma lahjaksi<\/h2>\n\n\n\n<p>Jos haluat ostaa Geok\u00e4tk\u00f6ilij\u00e4n talviohjelman esim. joululahjaksi yst\u00e4v\u00e4llesi, niin annan yst\u00e4v\u00e4si nimimerkki Osallistuja-kohtaan. Tilauksen lopussa viestikentt\u00e4\u00e4n kirjoita &#8221;Lahjaj\u00e4senyys&#8221;. L\u00e4het\u00e4mme t\u00e4ll\u00f6in s\u00e4hk\u00f6postiisi lahjakortin PDF-muodossa, johon on liitetty pieni esittely mist\u00e4 Geok\u00e4tk\u00f6ilij\u00e4n talviohjelmassa on kyse.<\/p>\n\n\n\n<figure class=\"wp-block-table cke-table editor_table_with_border\"><table class=\"has-fixed-layout\"><tbody><tr><td><img loading=\"lazy\" decoding=\"async\" width=\"300\" height=\"193\" class=\"wp-image-12132\" style=\"width: 150px\" src=\"https:\/\/www.kivenalla.fi\/wp-content\/uploads\/2024\/09\/Edenred_logo_CMYK_red-1-e1727436570895.webp\" alt=\"\"><br><\/td><td><span style=\"font-size:16px\">Geok\u00e4tk\u00f6ilij\u00e4n talviohjelman voi maksaa my\u00f6s Edenredin virike-edulla. Edenredill\u00e4 maksun voit hoitaa seuraavasta linkist\u00e4. <strong>Maksun summa on 24,99 \u20ac + 5% maksutapalis\u00e4 = 26,24 \u20ac.<\/strong>  Muista laittaa maksaessasi viestikentt\u00e4\u00e4n sinun geok\u00e4tk\u00f6ilynimimerkkisi.<\/span> T\u00e4m\u00e4n j\u00e4lkeen sinun tulee laittaa mailia osoitteeseen <span style=\"font-size:16px\"><a href=\"mailto:info@kivenalla.fi?subject=Geok%C3%A4tk%C3%B6ilij%C3%A4n%20talviohjelma%20maksettu%20Edenredill\u00e4\">info@kivenalla.fi<\/a><\/span> s\u00e4hk\u00f6postiosoitteesi, johon saat Geok\u00e4tk\u00f6ilij\u00e4n talviohjelman s\u00e4hk\u00f6postit.<br><a href=\"https:\/\/myedenred.fi\/affiliate-payment\/179e32e5-72bf-4e12-9990-a9902851d446\">Maksa Edenredill\u00e4<\/a><\/td><\/tr><\/tbody><\/table><\/figure>\n\n\n\n<figure class=\"wp-block-table cke-table editor_table_with_border\"><table class=\"has-fixed-layout\"><tbody><tr><td><img loading=\"lazy\" decoding=\"async\" width=\"220\" height=\"300\" class=\"wp-image-12133\" style=\"width: 150px\" src=\"https:\/\/www.kivenalla.fi\/wp-content\/uploads\/2024\/09\/epassi-e1727436611838.webp\" alt=\"\"><br><br><\/td><td><p><span style=\"font-size:16px\">Geok\u00e4tk\u00f6ilij\u00e4n talviohjelman voi maksaa my\u00f6s Epassin virike-edulla. Jos haluat maksaa talviohjelman Epassilla, niin sinun tulee etsi\u00e4 Epassi-sovelluksesta Kiven alla Oy,:n tiedot hakusanalla &#8221;kiven&#8221; ja maksat sovelluksella Geok\u00e4tk\u00f6ilij\u00e4n talviohjelman. T\u00e4m\u00e4n j\u00e4lkeen sinun tulee laittaa meille mailia osoitteseen <a href=\"mailto:info@kivenalla.fi?subject=Geok%C3%A4tk%C3%B6ilij%C3%A4n%20talviohjelma%20maksettu%20Epassilla\">info@kivenalla.fi<\/a>, jossa mainitsen Epassilla n\u00e4kyv\u00e4n nimesi sek\u00e4 mille nimimerkille talviohjelma aktivoidaan<\/span>. <span style=\"font-family: inherit;font-weight: inherit;color: var(--global-palette4);font-size: 16px\"><strong>Maksun summa on 24,99 \u20ac + 5% maksutapalis\u00e4 = 26,24 \u20ac<\/strong><\/span><span style=\"font-family: inherit;font-size: inherit;font-weight: inherit;color: var(--global-palette4)\">.<\/span><\/p><\/td><\/tr><\/tbody><\/table><\/figure>\n\n\n\n<figure class=\"wp-block-table cke-table editor_table_with_border\"><table class=\"has-fixed-layout\"><tbody><tr><td><img decoding=\"async\" src=\"https:\/\/www.kivenalla.fi\/wp-content\/uploads\/2024\/10\/smartum.webp\" alt=\"\" style=\"width: 150px\"><\/td><td><span style=\"font-size:16px\">Geok\u00e4tk\u00f6ilij\u00e4n talviohjelman voi maksaa my\u00f6s Smartumin virike-edulla. Smartumilla maksun voit hoitaa Smartum-sovelluksella (SmartumPay). <strong>Maksun summa on 24,99 + 5% maksutapalis\u00e4 = 26,24 \u20ac.<\/strong>  Etsi k\u00e4ytt\u00f6paikka (Kiven alla Oy) sovelluksesta ja valitse summa, jonka j\u00e4lkeen vahvista maksu pyyhk\u00e4isem\u00e4ll\u00e4. Muista laittaa maksaessasi viestikentt\u00e4\u00e4n sinun geok\u00e4tk\u00f6ilynimimerkkisi.<\/span> T\u00e4m\u00e4n j\u00e4lkeen sinun tulee laittaa mailia osoitteeseen <span style=\"font-size:16px\"><a href=\"mailto:info@kivenalla.fi?subject=Geok%C3%A4tk%C3%B6ilij%C3%A4n%20talviohjelma%20maksettu%20Smartumilla\">info@kivenalla.fi<\/a><\/span> s\u00e4hk\u00f6postiosoitteesi, johon saat Geok\u00e4tk\u00f6ilij\u00e4n talviohjelman s\u00e4hk\u00f6postit.<\/td><\/tr><\/tbody><\/table><\/figure>\n\n\n\n<p>&nbsp;<\/p>","protected":false},"excerpt":{"rendered":"<p>Geok\u00e4tk\u00f6ilij\u00e4n talviohjelma 8 tulee taas! Uusi geok\u00e4tk\u00f6ilij\u00e4n talviohjelma alkaa 7.1.2026 ja p\u00e4\u00e4ttyy 24.3.2026.<\/p>\n<p>\u00a0<\/p>","protected":false},"featured_media":19787,"comment_status":"open","ping_status":"closed","template":"","meta":{"_kadence_starter_templates_imported_post":false,"_kad_post_transparent":"","_kad_post_title":"","_kad_post_layout":"","_kad_post_sidebar_id":"","_kad_post_content_style":"","_kad_post_vertical_padding":"","_kad_post_feature":"","_kad_post_feature_position":"","_kad_post_header":false,"_kad_post_footer":false,"_kad_post_classname":""},"product_brand":[],"product_cat":[1534,1662,16],"product_tag":[781,21,780],"class_list":{"0":"post-2848","1":"product","2":"type-product","3":"status-publish","4":"has-post-thumbnail","6":"product_cat-jasenyydet","7":"product_cat-joulu","8":"product_cat-yleinen","9":"product_tag-geokatkoilijan-talviohjelma","10":"product_tag-geokatkoily","11":"product_tag-talviohjelma","13":"first","14":"instock","15":"virtual","16":"taxable","17":"purchasable","18":"product-type-simple","19":"entry","20":"content-bg","21":"loop-entry"},"_links":{"self":[{"href":"https:\/\/kivenalla.fi\/en\/wp-json\/wp\/v2\/product\/2848","targetHints":{"allow":["GET"]}}],"collection":[{"href":"https:\/\/kivenalla.fi\/en\/wp-json\/wp\/v2\/product"}],"about":[{"href":"https:\/\/kivenalla.fi\/en\/wp-json\/wp\/v2\/types\/product"}],"replies":[{"embeddable":true,"href":"https:\/\/kivenalla.fi\/en\/wp-json\/wp\/v2\/comments?post=2848"}],"wp:featuredmedia":[{"embeddable":true,"href":"https:\/\/kivenalla.fi\/en\/wp-json\/wp\/v2\/media\/19787"}],"wp:attachment":[{"href":"https:\/\/kivenalla.fi\/en\/wp-json\/wp\/v2\/media?parent=2848"}],"wp:term":[{"taxonomy":"product_brand","embeddable":true,"href":"https:\/\/kivenalla.fi\/en\/wp-json\/wp\/v2\/product_brand?post=2848"},{"taxonomy":"product_cat","embeddable":true,"href":"https:\/\/kivenalla.fi\/en\/wp-json\/wp\/v2\/product_cat?post=2848"},{"taxonomy":"product_tag","embeddable":true,"href":"https:\/\/kivenalla.fi\/en\/wp-json\/wp\/v2\/product_tag?post=2848"}],"curies":[{"name":"wp","href":"https:\/\/api.w.org\/{rel}","templated":true}]}}