{"id":3026,"date":"2023-12-01T14:30:41","date_gmt":"2023-12-01T12:30:41","guid":{"rendered":"https:\/\/kivenalla.fi\/tuote\/travel-bug\/"},"modified":"2025-11-10T12:28:24","modified_gmt":"2025-11-10T10:28:24","slug":"travel-bug","status":"publish","type":"product","link":"https:\/\/kivenalla.fi\/en\/product\/travel-bug\/","title":{"rendered":"Travel bug"},"content":{"rendered":"<p><span class=\"menutext\"><a href=\"http:\/\/www.geocaching.fi\/wiki\/Travelbugi\" target=\"wiki\" rel=\"noopener\">Travel bug<\/a> -tunnuslevyll\u00e4 voit merkata reissu\u00f6t\u00f6kk\u00e4si. Travel bugeja siirret\u00e4\u00e4n k\u00e4tk\u00f6st\u00e4 k\u00e4tk\u00f6\u00f6n. Jokaisella travel bugilla on oma sivu www.geocaching.com sivustolla, jolta voit seurata bugisi liikkeit\u00e4 kuusimerkkisen tunnuksen avulla.<\/span><\/p>\n<p><strong>Ostamalla v\u00e4hint\u00e4\u00e4n 3 kpl kerralla s\u00e4\u00e4st\u00e4t 0,25 \u20ac \/ kpl.<\/strong><\/p>","protected":false},"excerpt":{"rendered":"<p><a href=\"\/\/www.geocaching.fi\/wiki\/Travelbugi\" target=\"wiki\" rel=\"noopener\">Travel bug<\/a> -tunnuslevyll\u00e4 voit merkata reissu\u00f6t\u00f6kk\u00e4si. Travel bugeja siirret\u00e4\u00e4n k\u00e4tk\u00f6st\u00e4 k\u00e4tk\u00f6\u00f6n. Jokaisella travel bugilla on oma sivu www.geocaching.com sivustolla, jolta voit seurata bugisi liikkeit\u00e4 kuusimerkkisen tunnuksen avulla.<\/p>","protected":false},"featured_media":161,"comment_status":"open","ping_status":"closed","template":"","meta":{"_kadence_starter_templates_imported_post":false,"_kad_post_transparent":"","_kad_post_title":"","_kad_post_layout":"","_kad_post_sidebar_id":"","_kad_post_content_style":"","_kad_post_vertical_padding":"","_kad_post_feature":"","_kad_post_feature_position":"","_kad_post_header":false,"_kad_post_footer":false,"_kad_post_classname":""},"product_brand":[],"product_cat":[1653,1537,16],"product_tag":[18,17],"class_list":{"0":"post-3026","1":"product","2":"type-product","3":"status-publish","4":"has-post-thumbnail","6":"product_cat-ale10","7":"product_cat-travel-bugit","8":"product_cat-yleinen","9":"product_tag-matkalainen","10":"product_tag-travel-bug","12":"first","13":"instock","14":"taxable","15":"shipping-taxable","16":"purchasable","17":"product-type-simple","18":"entry","19":"content-bg","20":"loop-entry"},"_links":{"self":[{"href":"https:\/\/kivenalla.fi\/en\/wp-json\/wp\/v2\/product\/3026","targetHints":{"allow":["GET"]}}],"collection":[{"href":"https:\/\/kivenalla.fi\/en\/wp-json\/wp\/v2\/product"}],"about":[{"href":"https:\/\/kivenalla.fi\/en\/wp-json\/wp\/v2\/types\/product"}],"replies":[{"embeddable":true,"href":"https:\/\/kivenalla.fi\/en\/wp-json\/wp\/v2\/comments?post=3026"}],"wp:featuredmedia":[{"embeddable":true,"href":"https:\/\/kivenalla.fi\/en\/wp-json\/wp\/v2\/media\/161"}],"wp:attachment":[{"href":"https:\/\/kivenalla.fi\/en\/wp-json\/wp\/v2\/media?parent=3026"}],"wp:term":[{"taxonomy":"product_brand","embeddable":true,"href":"https:\/\/kivenalla.fi\/en\/wp-json\/wp\/v2\/product_brand?post=3026"},{"taxonomy":"product_cat","embeddable":true,"href":"https:\/\/kivenalla.fi\/en\/wp-json\/wp\/v2\/product_cat?post=3026"},{"taxonomy":"product_tag","embeddable":true,"href":"https:\/\/kivenalla.fi\/en\/wp-json\/wp\/v2\/product_tag?post=3026"}],"curies":[{"name":"wp","href":"https:\/\/api.w.org\/{rel}","templated":true}]}}