{"id":3033,"date":"2023-12-01T14:30:43","date_gmt":"2023-12-01T12:30:43","guid":{"rendered":"https:\/\/kivenalla.fi\/tuote\/aztec-bottle-opener-geokolikko-ant-pronssi\/"},"modified":"2024-11-22T14:03:45","modified_gmt":"2024-11-22T12:03:45","slug":"aztec-bottle-opener-geokolikko-ant-pronssi","status":"publish","type":"product","link":"https:\/\/kivenalla.fi\/en\/product\/aztec-bottle-opener-geokolikko-ant-pronssi\/","title":{"rendered":"Aztec Bottle Opener Geocoin (Antique Bronze)"},"content":{"rendered":"<p>Aztec Bottle Opener -geokolikko on Kiven alla Oy:n viimeisin oma geokolikko. Geokolikosta on olemassa kolme eri mallia (antiikkikulta, kiilt\u00e4v\u00e4 kulta sek\u00e4 antiikkipronssi). Geokolikko esitt\u00e4\u00e4 Aztekien naamiota, jossa suuosan kohdalla on reik\u00e4. Geokolikko toimiii my\u00f6s pullonavaajana. Geokolikon takapuolella on aurinko sek\u00e4 teksti &#8221;Found yet another cache ! A good reason to raise the glass!&#8221;<\/p>\n<p>The icon: <img decoding=\"async\" alt=\"aztec_bottle_opener\" src=\"http:\/\/www.geocaching.com\/images\/wpttypes\/4695.gif\" \/><\/p>","protected":false},"excerpt":{"rendered":"<p>The Aztec Bottle Opener Geocoin is the latest custom geocoin by Kiven alla Oy. It comes in three different finishes: antique gold, polished gold, and antique bronze.<\/p>","protected":false},"featured_media":3032,"comment_status":"open","ping_status":"closed","template":"","meta":{"_kadence_starter_templates_imported_post":false,"_kad_post_transparent":"","_kad_post_title":"","_kad_post_layout":"","_kad_post_sidebar_id":"","_kad_post_content_style":"","_kad_post_vertical_padding":"","_kad_post_feature":"","_kad_post_feature_position":"","_kad_post_header":false,"_kad_post_footer":false,"_kad_post_classname":""},"product_brand":[],"product_cat":[1653,1535,16],"product_tag":[29,30,31],"class_list":{"0":"post-3033","1":"product","2":"type-product","3":"status-publish","4":"has-post-thumbnail","6":"product_cat-ale10","7":"product_cat-geokolikot","8":"product_cat-yleinen","9":"product_tag-aztec","10":"product_tag-geokolikko","11":"product_tag-pullonavaaja","13":"first","14":"instock","15":"taxable","16":"shipping-taxable","17":"purchasable","18":"product-type-simple","19":"entry","20":"content-bg","21":"loop-entry"},"_links":{"self":[{"href":"https:\/\/kivenalla.fi\/en\/wp-json\/wp\/v2\/product\/3033","targetHints":{"allow":["GET"]}}],"collection":[{"href":"https:\/\/kivenalla.fi\/en\/wp-json\/wp\/v2\/product"}],"about":[{"href":"https:\/\/kivenalla.fi\/en\/wp-json\/wp\/v2\/types\/product"}],"replies":[{"embeddable":true,"href":"https:\/\/kivenalla.fi\/en\/wp-json\/wp\/v2\/comments?post=3033"}],"wp:featuredmedia":[{"embeddable":true,"href":"https:\/\/kivenalla.fi\/en\/wp-json\/wp\/v2\/media\/3032"}],"wp:attachment":[{"href":"https:\/\/kivenalla.fi\/en\/wp-json\/wp\/v2\/media?parent=3033"}],"wp:term":[{"taxonomy":"product_brand","embeddable":true,"href":"https:\/\/kivenalla.fi\/en\/wp-json\/wp\/v2\/product_brand?post=3033"},{"taxonomy":"product_cat","embeddable":true,"href":"https:\/\/kivenalla.fi\/en\/wp-json\/wp\/v2\/product_cat?post=3033"},{"taxonomy":"product_tag","embeddable":true,"href":"https:\/\/kivenalla.fi\/en\/wp-json\/wp\/v2\/product_tag?post=3033"}],"curies":[{"name":"wp","href":"https:\/\/api.w.org\/{rel}","templated":true}]}}