{"id":3038,"date":"2023-12-01T14:30:45","date_gmt":"2023-12-01T12:30:45","guid":{"rendered":"https:\/\/kivenalla.fi\/tuote\/garmin-etrex-10-2\/"},"modified":"2024-07-30T16:12:10","modified_gmt":"2024-07-30T13:12:10","slug":"garmin-etrex-10-2","status":"publish","type":"product","link":"https:\/\/kivenalla.fi\/en\/product\/garmin-etrex-10-2\/","title":{"rendered":"Garmin eTrex 10"},"content":{"rendered":"<p><span class=\"menutext\">Vain Garmin voi kehitt\u00e4\u00e4 eTrex-laitetta entist\u00e4 paremmaksi. Olemme s\u00e4ilytt\u00e4neet uudessa eTrex 10 -laitteessa samat perustoiminnot, kest\u00e4v\u00e4n rakenteen, edullisuuden ja pitk\u00e4n akunkeston, joiden ansiosta eTrex tuli tutuksi markkinoiden luotettavimpana GPS-laitteena. Olemme parantaneet k\u00e4ytt\u00f6liittym\u00e4\u00e4 ja lis\u00e4nneet maailmanlaajuisen peruskartan ja paperittoman geok\u00e4tkenn\u00e4n sek\u00e4 lis\u00e4nneet kiinnityslis\u00e4varusteiden tuen. Tunnistat nimen. Tunnistat laadun. eTrex 10 on kuitenkin aivan uusi laite \u2013 Se on uusi harppaus legendaarisessa eTrex tuoteperheess\u00e4, joka sai alkunsa jo vuonna 1999, jonka vain Garmin voi tarjota.<\/p>\n<p><b>L\u00f6yd\u00e4 oikea tie<\/b><\/p>\n<p>eTrex 10 -laitteessa on parannettu 2,2 tuuman mustavalkon\u00e4ytt\u00f6, joka on helppolukuinen kaikissa valaistusolosuhteissa. Luja ja vesitiivis eTrex 10 on luotu kest\u00e4m\u00e4\u00e4n kaikkea sit\u00e4, mit\u00e4 voit luonnossa kohdata, olkoot se sitten p\u00f6ly\u00e4, likaa, kosteutta tai vett\u00e4. Sen helppok\u00e4ytt\u00f6isen k\u00e4ytt\u00f6liittym\u00e4n ansiosta nautit enemm\u00e4n ulkoilusta ja k\u00e4yt\u00e4t v\u00e4hemm\u00e4n aikaa tiedonhakuun.<\/p>\n<p><b>L\u00f6yd\u00e4 hauskuus<\/b><\/p>\n<p>eTrex 10 tukee paperittomassageok\u00e4tkenn\u00e4ss\u00e4 k\u00e4ytett\u00e4vi\u00e4 GPX-tiedostoja, joiden avulla voit ladata tiedot geok\u00e4tk\u00f6ist\u00e4 suoraan laitteeseen. K\u00e4y osoitteessa Geocaching.com ja aloita geok\u00e4tk\u00f6ily. Paperittomuus on hyv\u00e4ksi ymp\u00e4rist\u00f6lle ja se tekee Geok\u00e4tk\u00f6ilyst\u00e4 paljon hauskempaa. eTrex 10 tallentaa ja n\u00e4ytt\u00e4\u00e4 kaikki tiedot joita tarvitset, kuten sijainnin, maaston, vaikeustason, vinkit ja kuvaukset. Sen ansiosta sinun ei en\u00e4\u00e4 tarvitse sy\u00f6tt\u00e4\u00e4 k\u00e4sin koordinaatteja tai k\u00e4ytt\u00e4\u00e4 tulosteita. Lataat vain geok\u00e4tk\u00f6t laitteeseen, ja k\u00e4tk\u00f6jen etsint\u00e4 voi alkaa.<\/p>\n<p><b>S\u00e4ilyt\u00e4 suuntasi<\/b><\/p>\n<p>eTrex 10 -laitteessa on tarkka WAAS-ominaisuutta k\u00e4ytt\u00e4v\u00e4 GPS-vastaanotin ja HotFix\u00ae-satelliittiennuste. Navigaattori paikallistaa sijainnin nopeasti ja tarkasti ja s\u00e4ilytt\u00e4\u00e4 GPS-sijainnin my\u00f6s katvealueilla ja syviss\u00e4 kanjoneissa. Laitteen edut ovat ilmeiset: olitpa sitten syv\u00e4ll\u00e4 mets\u00e4ss\u00e4 tai vain korkeiden rakennusten tai puiden katveessa, voit luottaa navigaattoriin. eTrex 10 l\u00f6yt\u00e4\u00e4 reitin, kun tietoa eniten tarvitaan.<\/p>\n<p><b>Hy\u00f6dynn\u00e4 koko maailma<\/b><\/p>\n<p>Uusi eTrex-sarjan laitteet ovat kaikkien aikojen ensimm\u00e4inen kuluttajille suunnattu vastaanotinten valikoima, joka pystyy seuraamaan sek\u00e4 GPS- ett\u00e4 GLONASS-satelliitteja samanaikaisesti. GLONASS on Ven\u00e4j\u00e4n federaation kehitt\u00e4m\u00e4 j\u00e4rjestelm\u00e4, joka on t\u00e4ysin k\u00e4ytt\u00f6valmiina vuonna 2012. K\u00e4ytett\u00e4ess\u00e4 GLONASS-satelliitteja vastaanotin l\u00f6yt\u00e4\u00e4 sijainnin keskim\u00e4\u00e4rin 20 prosenttia nopeammin kuin k\u00e4ytett\u00e4ess\u00e4 GPS-satelliitteja. K\u00e4ytett\u00e4ess\u00e4 sek\u00e4 GPS- ett\u00e4 GLONASS-satelliitteja vastaanotin l\u00f6yt\u00e4\u00e4 24 satelliittia enemm\u00e4n kuin k\u00e4ytett\u00e4ess\u00e4 ainoastaan GPS-satelliitteja.<\/p>\n<p>Valmistajan tuotenumero: 010-00970-00 <\/span><\/p>","protected":false},"excerpt":{"rendered":"<p><span class=\"menutext\">Vain Garmin voi kehitt\u00e4\u00e4 eTrex-laitetta entist\u00e4 paremmaksi.<\/span><\/p>","protected":false},"featured_media":169,"comment_status":"open","ping_status":"closed","template":"","meta":{"_kadence_starter_templates_imported_post":false,"_kad_post_transparent":"","_kad_post_title":"","_kad_post_layout":"","_kad_post_sidebar_id":"","_kad_post_content_style":"","_kad_post_vertical_padding":"","_kad_post_feature":"","_kad_post_feature_position":"","_kad_post_header":false,"_kad_post_footer":false,"_kad_post_classname":""},"product_brand":[],"product_cat":[1559,16],"product_tag":[42,41],"class_list":{"0":"post-3038","1":"product","2":"type-product","3":"status-publish","4":"has-post-thumbnail","6":"product_cat-kasilaitteet","7":"product_cat-yleinen","8":"product_tag-etrex","9":"product_tag-garmin","11":"first","12":"onbackorder","13":"taxable","14":"shipping-taxable","15":"purchasable","16":"product-type-simple","17":"entry","18":"content-bg","19":"loop-entry"},"_links":{"self":[{"href":"https:\/\/kivenalla.fi\/en\/wp-json\/wp\/v2\/product\/3038","targetHints":{"allow":["GET"]}}],"collection":[{"href":"https:\/\/kivenalla.fi\/en\/wp-json\/wp\/v2\/product"}],"about":[{"href":"https:\/\/kivenalla.fi\/en\/wp-json\/wp\/v2\/types\/product"}],"replies":[{"embeddable":true,"href":"https:\/\/kivenalla.fi\/en\/wp-json\/wp\/v2\/comments?post=3038"}],"wp:featuredmedia":[{"embeddable":true,"href":"https:\/\/kivenalla.fi\/en\/wp-json\/wp\/v2\/media\/169"}],"wp:attachment":[{"href":"https:\/\/kivenalla.fi\/en\/wp-json\/wp\/v2\/media?parent=3038"}],"wp:term":[{"taxonomy":"product_brand","embeddable":true,"href":"https:\/\/kivenalla.fi\/en\/wp-json\/wp\/v2\/product_brand?post=3038"},{"taxonomy":"product_cat","embeddable":true,"href":"https:\/\/kivenalla.fi\/en\/wp-json\/wp\/v2\/product_cat?post=3038"},{"taxonomy":"product_tag","embeddable":true,"href":"https:\/\/kivenalla.fi\/en\/wp-json\/wp\/v2\/product_tag?post=3038"}],"curies":[{"name":"wp","href":"https:\/\/api.w.org\/{rel}","templated":true}]}}