{"id":3041,"date":"2023-12-01T14:30:46","date_gmt":"2023-12-01T12:30:46","guid":{"rendered":"https:\/\/kivenalla.fi\/tuote\/montana-6xx-auton-imukuppiteline-ja-kaiutin\/"},"modified":"2024-07-30T16:08:02","modified_gmt":"2024-07-30T13:08:02","slug":"montana-6xx-auton-imukuppiteline-ja-kaiutin","status":"publish","type":"product","link":"https:\/\/kivenalla.fi\/en\/product\/montana-6xx-auton-imukuppiteline-ja-kaiutin\/","title":{"rendered":"Montana 6xx auton imukuppiteline ja kaiutin"},"content":{"rendered":"<p>Hy\u00f6dynn\u00e4 Montana\u0099-laitteen monipuolisuus. Kiinnit\u00e4 Montana-laite auton kojelautaan tai tuulilasiin t\u00e4ll\u00e4 auton imukuppitelineell\u00e4 ja ota laite mukaan matkalle. Sarjan sis\u00e4lt\u00e4m\u00e4ss\u00e4 telineess\u00e4 on sis\u00e4inen kaiutin ja imukuppi asennuksen helpottamiseksi. Lis\u00e4ksi se sis\u00e4lt\u00e4\u00e4 ajoneuvon virtajohdon.<\/p>\n<p>Valmistajan tuotekoodi: 010-11654-00<\/p>","protected":false},"excerpt":{"rendered":"<p>Hy\u00f6dynn\u00e4 Montana\u0099-laitteen monipuolisuus. Kiinnit\u00e4 Montana-laite auton kojelautaan tai tuulilasiin t\u00e4ll\u00e4 auton imukuppitelineell\u00e4 ja ota laite mukaan matkalle.<\/p>","protected":false},"featured_media":171,"comment_status":"open","ping_status":"closed","template":"","meta":{"_kadence_starter_templates_imported_post":false,"_kad_post_transparent":"","_kad_post_title":"","_kad_post_layout":"","_kad_post_sidebar_id":"","_kad_post_content_style":"","_kad_post_vertical_padding":"","_kad_post_feature":"","_kad_post_feature_position":"","_kad_post_header":false,"_kad_post_footer":false,"_kad_post_classname":""},"product_brand":[],"product_cat":[1560,16],"product_tag":[41,46,43],"class_list":{"0":"post-3041","1":"product","2":"type-product","3":"status-publish","4":"has-post-thumbnail","6":"product_cat-garmin-lisavarusteet","7":"product_cat-yleinen","8":"product_tag-garmin","9":"product_tag-gps","10":"product_tag-montana","12":"first","13":"onbackorder","14":"taxable","15":"shipping-taxable","16":"purchasable","17":"product-type-simple","18":"entry","19":"content-bg","20":"loop-entry"},"_links":{"self":[{"href":"https:\/\/kivenalla.fi\/en\/wp-json\/wp\/v2\/product\/3041","targetHints":{"allow":["GET"]}}],"collection":[{"href":"https:\/\/kivenalla.fi\/en\/wp-json\/wp\/v2\/product"}],"about":[{"href":"https:\/\/kivenalla.fi\/en\/wp-json\/wp\/v2\/types\/product"}],"replies":[{"embeddable":true,"href":"https:\/\/kivenalla.fi\/en\/wp-json\/wp\/v2\/comments?post=3041"}],"wp:featuredmedia":[{"embeddable":true,"href":"https:\/\/kivenalla.fi\/en\/wp-json\/wp\/v2\/media\/171"}],"wp:attachment":[{"href":"https:\/\/kivenalla.fi\/en\/wp-json\/wp\/v2\/media?parent=3041"}],"wp:term":[{"taxonomy":"product_brand","embeddable":true,"href":"https:\/\/kivenalla.fi\/en\/wp-json\/wp\/v2\/product_brand?post=3041"},{"taxonomy":"product_cat","embeddable":true,"href":"https:\/\/kivenalla.fi\/en\/wp-json\/wp\/v2\/product_cat?post=3041"},{"taxonomy":"product_tag","embeddable":true,"href":"https:\/\/kivenalla.fi\/en\/wp-json\/wp\/v2\/product_tag?post=3041"}],"curies":[{"name":"wp","href":"https:\/\/api.w.org\/{rel}","templated":true}]}}