{"id":3045,"date":"2023-12-01T14:30:48","date_gmt":"2023-12-01T12:30:48","guid":{"rendered":"https:\/\/kivenalla.fi\/tuote\/montana-6xx-veneteline\/"},"modified":"2024-07-30T16:06:27","modified_gmt":"2024-07-30T13:06:27","slug":"montana-6xx-veneteline","status":"publish","type":"product","link":"https:\/\/kivenalla.fi\/en\/product\/montana-6xx-veneteline\/","title":{"rendered":"Montana 6xx veneteline"},"content":{"rendered":"<p>Hy\u00f6dynn\u00e4 Montana\u0099-laitteen monipuolisuus. Kiinnit\u00e4 Montana-laite veneeseen ja l\u00e4hde vesille. Sarja sis\u00e4lt\u00e4\u00e4 telineen ja virtajohdon.<\/p>\n<p>Valmistajan tuotekoodi: 010-11654-06<\/p>","protected":false},"excerpt":{"rendered":"<p>Hy\u00f6dynn\u00e4 Montana\u0099-laitteen monipuolisuus. Kiinnit\u00e4 Montana-laite veneeseen ja l\u00e4hde vesille.<\/p>","protected":false},"featured_media":3044,"comment_status":"open","ping_status":"closed","template":"","meta":{"_kadence_starter_templates_imported_post":false,"_kad_post_transparent":"","_kad_post_title":"","_kad_post_layout":"","_kad_post_sidebar_id":"","_kad_post_content_style":"","_kad_post_vertical_padding":"","_kad_post_feature":"","_kad_post_feature_position":"","_kad_post_header":false,"_kad_post_footer":false,"_kad_post_classname":""},"product_brand":[],"product_cat":[1560,16],"product_tag":[41,43,48,47],"class_list":{"0":"post-3045","1":"product","2":"type-product","3":"status-publish","4":"has-post-thumbnail","6":"product_cat-garmin-lisavarusteet","7":"product_cat-yleinen","8":"product_tag-garmin","9":"product_tag-montana","10":"product_tag-teline","11":"product_tag-veneteline","13":"first","14":"onbackorder","15":"taxable","16":"shipping-taxable","17":"purchasable","18":"product-type-simple","19":"entry","20":"content-bg","21":"loop-entry"},"_links":{"self":[{"href":"https:\/\/kivenalla.fi\/en\/wp-json\/wp\/v2\/product\/3045","targetHints":{"allow":["GET"]}}],"collection":[{"href":"https:\/\/kivenalla.fi\/en\/wp-json\/wp\/v2\/product"}],"about":[{"href":"https:\/\/kivenalla.fi\/en\/wp-json\/wp\/v2\/types\/product"}],"replies":[{"embeddable":true,"href":"https:\/\/kivenalla.fi\/en\/wp-json\/wp\/v2\/comments?post=3045"}],"wp:featuredmedia":[{"embeddable":true,"href":"https:\/\/kivenalla.fi\/en\/wp-json\/wp\/v2\/media\/3044"}],"wp:attachment":[{"href":"https:\/\/kivenalla.fi\/en\/wp-json\/wp\/v2\/media?parent=3045"}],"wp:term":[{"taxonomy":"product_brand","embeddable":true,"href":"https:\/\/kivenalla.fi\/en\/wp-json\/wp\/v2\/product_brand?post=3045"},{"taxonomy":"product_cat","embeddable":true,"href":"https:\/\/kivenalla.fi\/en\/wp-json\/wp\/v2\/product_cat?post=3045"},{"taxonomy":"product_tag","embeddable":true,"href":"https:\/\/kivenalla.fi\/en\/wp-json\/wp\/v2\/product_tag?post=3045"}],"curies":[{"name":"wp","href":"https:\/\/api.w.org\/{rel}","templated":true}]}}