{"id":3047,"date":"2023-12-01T14:30:48","date_gmt":"2023-12-01T12:30:48","guid":{"rendered":"https:\/\/kivenalla.fi\/tuote\/garmin-litiumioniakku-2\/"},"modified":"2024-11-26T10:09:38","modified_gmt":"2024-11-26T08:09:38","slug":"garmin-litiumioniakku-2","status":"publish","type":"product","link":"https:\/\/kivenalla.fi\/en\/product\/garmin-litiumioniakku-2\/","title":{"rendered":"Garmin Litium-ion Battery"},"content":{"rendered":"<p>Ota pitkille matkoille mukaan ylim\u00e4\u00e4r\u00e4inen litiumioniakku tai osta se vara-akuksi yhteensopivaan Garmin-laitteeseen.<\/p>\n<p>Valmistajan tuotekoodi: 010-11654-03<\/p>","protected":false},"excerpt":{"rendered":"<p>Ota pitkille matkoille mukaan ylim\u00e4\u00e4r\u00e4inen litiumioniakku tai osta se vara-akuksi yhteensopivaan Garmin-laitteeseen.<\/p>","protected":false},"featured_media":3046,"comment_status":"open","ping_status":"closed","template":"","meta":{"_kadence_starter_templates_imported_post":false,"_kad_post_transparent":"","_kad_post_title":"","_kad_post_layout":"","_kad_post_sidebar_id":"","_kad_post_content_style":"","_kad_post_vertical_padding":"","_kad_post_feature":"","_kad_post_feature_position":"","_kad_post_header":false,"_kad_post_footer":false,"_kad_post_classname":""},"product_brand":[],"product_cat":[1655,1568,1560],"product_tag":[],"class_list":{"0":"post-3047","1":"product","2":"type-product","3":"status-publish","4":"has-post-thumbnail","6":"product_cat-ale30","7":"product_cat-akut-ja-paristot","8":"product_cat-garmin-lisavarusteet","10":"first","11":"instock","12":"taxable","13":"shipping-taxable","14":"purchasable","15":"product-type-simple","16":"entry","17":"content-bg","18":"loop-entry"},"_links":{"self":[{"href":"https:\/\/kivenalla.fi\/en\/wp-json\/wp\/v2\/product\/3047","targetHints":{"allow":["GET"]}}],"collection":[{"href":"https:\/\/kivenalla.fi\/en\/wp-json\/wp\/v2\/product"}],"about":[{"href":"https:\/\/kivenalla.fi\/en\/wp-json\/wp\/v2\/types\/product"}],"replies":[{"embeddable":true,"href":"https:\/\/kivenalla.fi\/en\/wp-json\/wp\/v2\/comments?post=3047"}],"wp:featuredmedia":[{"embeddable":true,"href":"https:\/\/kivenalla.fi\/en\/wp-json\/wp\/v2\/media\/3046"}],"wp:attachment":[{"href":"https:\/\/kivenalla.fi\/en\/wp-json\/wp\/v2\/media?parent=3047"}],"wp:term":[{"taxonomy":"product_brand","embeddable":true,"href":"https:\/\/kivenalla.fi\/en\/wp-json\/wp\/v2\/product_brand?post=3047"},{"taxonomy":"product_cat","embeddable":true,"href":"https:\/\/kivenalla.fi\/en\/wp-json\/wp\/v2\/product_cat?post=3047"},{"taxonomy":"product_tag","embeddable":true,"href":"https:\/\/kivenalla.fi\/en\/wp-json\/wp\/v2\/product_tag?post=3047"}],"curies":[{"name":"wp","href":"https:\/\/api.w.org\/{rel}","templated":true}]}}