{"id":3069,"date":"2023-12-01T14:30:56","date_gmt":"2023-12-01T12:30:56","guid":{"rendered":"https:\/\/kivenalla.fi\/tuote\/garrett-ace-150\/"},"modified":"2024-07-31T10:06:52","modified_gmt":"2024-07-31T07:06:52","slug":"garrett-ace-150","status":"publish","type":"product","link":"https:\/\/kivenalla.fi\/en\/product\/garrett-ace-150\/","title":{"rendered":"Garrett ACE 150"},"content":{"rendered":"<p><span class=\"menutext\"><b>Garrett ACE 150 -metallinpaljastin<\/b><\/span><\/p>\n<p>\n<span class=\"menutext\">\u2022 Helppok\u00e4ytt\u00f6inen, digitaalinen mikroprosessori-ohjattu metallinetsin, k\u00e4ytett\u00e4viss\u00e4 kolme etsint\u00e4moodia: kaikki metallit, korut ja kolikot (all metal, jewelry, coins).<br \/>\n\u2022 Kykenee identifioimaan eri kohteet toisistaan: erottaa raudan, nikkelin, juomat\u00f6lkin renkaat ja kolikot toisistaan (iron, nickel, ptab, coin).<br \/>\n\u2022 Kullekin l\u00f6ydetylle kohteelle oma \u00e4\u00e4nisignaalinsa, joten riitt\u00e4v\u00e4sti opeteltuasi tied\u00e4t kohteen luonteen kuulemastasi \u00e4\u00e4nisignaalista.<br \/>\n\u2022 Neliportainen herkkyydens\u00e4\u00e4t\u00f6, jonka avulla voidaan v\u00e4hent\u00e4\u00e4 virhesignaalien m\u00e4\u00e4r\u00e4\u00e4 erityisen mineralisoituneessa maastossa.<br \/>\n\u2022 Kolmiportainen syvyydenmittaus (2, 4 ja +6 tuumaa). Etsimen koko 6,5X9 tuumaa, kuvan laitteessa on isompi etsin, joka on lis\u00e4varuste (9X12 tuumaa), etsin vesitiivis.<br \/>\n\u2022 Sis\u00e4\u00e4nrakennettu laadukas kaiutin, kuulokeliit\u00e4nt\u00e4, kuulokkeet lis\u00e4varuste.<br \/>\n\u2022 Paristok\u00e4ytt\u00f6inen, 4 X sormiparisto (sis\u00e4ltyy hintaan).<\/p>\n<p>\u2022 2 vuoden takuu.<\/p>\n<p>Mukaan k\u00e4ytt\u00f6\u00f6nopastus-DVD, englanninkielinen k\u00e4ytt\u00f6ohjekirja ja suomenkielinen k\u00e4ytt\u00f6opas<\/span><\/p>","protected":false},"excerpt":{"rendered":"<p><span class=\"menutext\"><b>Garrett ACE 150 -metallinpaljastin<\/b><\/span><\/p>","protected":false},"featured_media":182,"comment_status":"open","ping_status":"closed","template":"","meta":{"_kadence_starter_templates_imported_post":false,"_kad_post_transparent":"","_kad_post_title":"","_kad_post_layout":"","_kad_post_sidebar_id":"","_kad_post_content_style":"","_kad_post_vertical_padding":"","_kad_post_feature":"","_kad_post_feature_position":"","_kad_post_header":false,"_kad_post_footer":false,"_kad_post_classname":""},"product_brand":[],"product_cat":[1555,16],"product_tag":[86,83,85,87,84],"class_list":{"0":"post-3069","1":"product","2":"type-product","3":"status-publish","4":"has-post-thumbnail","6":"product_cat-garrett","7":"product_cat-yleinen","8":"product_tag-ace","9":"product_tag-garrett","10":"product_tag-metallinetsinta","11":"product_tag-piippari","12":"product_tag-xp-deus","14":"first","15":"onbackorder","16":"taxable","17":"shipping-taxable","18":"purchasable","19":"product-type-simple","20":"entry","21":"content-bg","22":"loop-entry"},"_links":{"self":[{"href":"https:\/\/kivenalla.fi\/en\/wp-json\/wp\/v2\/product\/3069","targetHints":{"allow":["GET"]}}],"collection":[{"href":"https:\/\/kivenalla.fi\/en\/wp-json\/wp\/v2\/product"}],"about":[{"href":"https:\/\/kivenalla.fi\/en\/wp-json\/wp\/v2\/types\/product"}],"replies":[{"embeddable":true,"href":"https:\/\/kivenalla.fi\/en\/wp-json\/wp\/v2\/comments?post=3069"}],"wp:featuredmedia":[{"embeddable":true,"href":"https:\/\/kivenalla.fi\/en\/wp-json\/wp\/v2\/media\/182"}],"wp:attachment":[{"href":"https:\/\/kivenalla.fi\/en\/wp-json\/wp\/v2\/media?parent=3069"}],"wp:term":[{"taxonomy":"product_brand","embeddable":true,"href":"https:\/\/kivenalla.fi\/en\/wp-json\/wp\/v2\/product_brand?post=3069"},{"taxonomy":"product_cat","embeddable":true,"href":"https:\/\/kivenalla.fi\/en\/wp-json\/wp\/v2\/product_cat?post=3069"},{"taxonomy":"product_tag","embeddable":true,"href":"https:\/\/kivenalla.fi\/en\/wp-json\/wp\/v2\/product_tag?post=3069"}],"curies":[{"name":"wp","href":"https:\/\/api.w.org\/{rel}","templated":true}]}}