{"id":3071,"date":"2023-12-01T14:30:57","date_gmt":"2023-12-01T12:30:57","guid":{"rendered":"https:\/\/kivenalla.fi\/tuote\/garrett-ace-250-2\/"},"modified":"2025-11-25T10:03:16","modified_gmt":"2025-11-25T08:03:16","slug":"garrett-ace-250-2","status":"publish","type":"product","link":"https:\/\/kivenalla.fi\/en\/product\/garrett-ace-250-2\/","title":{"rendered":"Garrett ACE 250"},"content":{"rendered":"<p>SUPERSUOSITTU GARRETT ACE 250 -metallinpaljastin.<\/p>\n<p>Optimaalinen etsin harrastajille, maanrakennusurakoitsijoille, maatalousyritt\u00e4jille, rakennusfirmoille ym.<\/p>\n<p>Digitaalinen mikroprosessori-ohjattu metallinetsin, k\u00e4ytett\u00e4viss\u00e4 viisi etsint\u00e4moodia: kaikki metallit, korut, kolikot, muinaisj\u00e4\u00e4nn\u00f6kset, kustomoitu (all metal, jewelry, coins, relics, custom).<\/p>\n<p>8-portainen herkkyydens\u00e4\u00e4t\u00f6, jonka mahdollistaa oikean herkkyystason saavuttamisen kulloisessakin maasto-olosuhteessa. Neliportainen syvyydenmittaus (2, 4, 6, +8 tuumaa). &#8221;Pinpointing&#8221;, eli kohteen t\u00e4sm\u00e4llisen sijainnin m\u00e4\u00e4ritt\u00e4minen jatkuvan \u00e4\u00e4nisignaalin avulla. Etsimen koko 6,5X9 tuumaa, kuvan laitteessa on isompi etsin, joka on lis\u00e4varuste (9X12 tuumaa), etsin vesitiivis. Sis\u00e4\u00e4nrakennettu laadukas kaiutin, kuulokeliit\u00e4nt\u00e4, kuulokkeet lis\u00e4varuste. Paristok\u00e4ytt\u00f6inen, 4 X AA-sormiparisto (sis\u00e4ltyy hintaan).<\/p>\n<p>Laitteella on 2 vuoden takuu. Mukana tulee k\u00e4ytt\u00f6\u00f6nopastus-DVD, englanninkielinen k\u00e4ytt\u00f6ohjekirja + suomenkielinen k\u00e4ytt\u00f6opas.<\/p>\n<p><img decoding=\"async\" alt=\"ace250_parts\" src=\"\/WebRoot\/vilkasfi02\/Shops\/2016102603\/MediaGallery\/ace250_parts.jpg\" style=\"width: 575px; height: 350px;\" \/><\/p>","protected":false},"excerpt":{"rendered":"<p>SUPERSUOSITTU GARRETT ACE 250 -metallinpaljastin.<\/p>","protected":false},"featured_media":3070,"comment_status":"open","ping_status":"closed","template":"","meta":{"_kadence_starter_templates_imported_post":false,"_kad_post_transparent":"","_kad_post_title":"","_kad_post_layout":"","_kad_post_sidebar_id":"","_kad_post_content_style":"","_kad_post_vertical_padding":"","_kad_post_feature":"","_kad_post_feature_position":"","_kad_post_header":false,"_kad_post_footer":false,"_kad_post_classname":""},"product_brand":[],"product_cat":[1653,1555,16],"product_tag":[86,83,85,87,84],"class_list":{"0":"post-3071","1":"product","2":"type-product","3":"status-publish","4":"has-post-thumbnail","6":"product_cat-ale10","7":"product_cat-garrett","8":"product_cat-yleinen","9":"product_tag-ace","10":"product_tag-garrett","11":"product_tag-metallinetsinta","12":"product_tag-piippari","13":"product_tag-xp-deus","15":"first","16":"instock","17":"taxable","18":"shipping-taxable","19":"purchasable","20":"product-type-simple","21":"entry","22":"content-bg","23":"loop-entry"},"_links":{"self":[{"href":"https:\/\/kivenalla.fi\/en\/wp-json\/wp\/v2\/product\/3071","targetHints":{"allow":["GET"]}}],"collection":[{"href":"https:\/\/kivenalla.fi\/en\/wp-json\/wp\/v2\/product"}],"about":[{"href":"https:\/\/kivenalla.fi\/en\/wp-json\/wp\/v2\/types\/product"}],"replies":[{"embeddable":true,"href":"https:\/\/kivenalla.fi\/en\/wp-json\/wp\/v2\/comments?post=3071"}],"wp:featuredmedia":[{"embeddable":true,"href":"https:\/\/kivenalla.fi\/en\/wp-json\/wp\/v2\/media\/3070"}],"wp:attachment":[{"href":"https:\/\/kivenalla.fi\/en\/wp-json\/wp\/v2\/media?parent=3071"}],"wp:term":[{"taxonomy":"product_brand","embeddable":true,"href":"https:\/\/kivenalla.fi\/en\/wp-json\/wp\/v2\/product_brand?post=3071"},{"taxonomy":"product_cat","embeddable":true,"href":"https:\/\/kivenalla.fi\/en\/wp-json\/wp\/v2\/product_cat?post=3071"},{"taxonomy":"product_tag","embeddable":true,"href":"https:\/\/kivenalla.fi\/en\/wp-json\/wp\/v2\/product_tag?post=3071"}],"curies":[{"name":"wp","href":"https:\/\/api.w.org\/{rel}","templated":true}]}}