{"id":3111,"date":"2023-12-01T14:31:10","date_gmt":"2023-12-01T12:31:10","guid":{"rendered":"https:\/\/kivenalla.fi\/tuote\/vyoklipsi-jojolla-garmin\/"},"modified":"2026-02-16T08:28:58","modified_gmt":"2026-02-16T06:28:58","slug":"vyoklipsi-jojolla-garmin","status":"publish","type":"product","link":"https:\/\/kivenalla.fi\/en\/product\/vyoklipsi-jojolla-garmin\/","title":{"rendered":"Vy\u00f6klipsi jojolla &#8211; Garmin"},"content":{"rendered":"<p>Vy\u00f6pidikkeen avulla voit pit\u00e4\u00e4 Garmin-laitteen k\u00e4den ulottuvilla ollessasi liikkeell\u00e4. Jojon ansiosta sinun ei tarvitse irrottaa gepsi\u00e4si vy\u00f6pidikkeest\u00e4.<\/p>\n<p>Valmistajan tuotekoodi: 010-10888-00<\/p>","protected":false},"excerpt":{"rendered":"<p>Vy\u00f6pidikkeen avulla voit pit\u00e4\u00e4 Garmin-laitteen k\u00e4den ulottuvilla ollessasi liikkeell\u00e4.<\/p>","protected":false},"featured_media":3110,"comment_status":"open","ping_status":"closed","template":"","meta":{"_kadence_starter_templates_imported_post":false,"_kad_post_transparent":"","_kad_post_title":"","_kad_post_layout":"","_kad_post_sidebar_id":"","_kad_post_content_style":"","_kad_post_vertical_padding":"","_kad_post_feature":"","_kad_post_feature_position":"","_kad_post_header":false,"_kad_post_footer":false,"_kad_post_classname":""},"product_brand":[],"product_cat":[1560],"product_tag":[41,103,102,96],"class_list":{"0":"post-3111","1":"product","2":"type-product","3":"status-publish","4":"has-post-thumbnail","6":"product_cat-garmin-lisavarusteet","7":"product_tag-garmin","8":"product_tag-gearkeep","9":"product_tag-jojo","10":"product_tag-vyoklipsi","12":"first","13":"onbackorder","14":"taxable","15":"shipping-taxable","16":"purchasable","17":"product-type-simple","18":"entry","19":"content-bg","20":"loop-entry"},"_links":{"self":[{"href":"https:\/\/kivenalla.fi\/en\/wp-json\/wp\/v2\/product\/3111","targetHints":{"allow":["GET"]}}],"collection":[{"href":"https:\/\/kivenalla.fi\/en\/wp-json\/wp\/v2\/product"}],"about":[{"href":"https:\/\/kivenalla.fi\/en\/wp-json\/wp\/v2\/types\/product"}],"replies":[{"embeddable":true,"href":"https:\/\/kivenalla.fi\/en\/wp-json\/wp\/v2\/comments?post=3111"}],"wp:featuredmedia":[{"embeddable":true,"href":"https:\/\/kivenalla.fi\/en\/wp-json\/wp\/v2\/media\/3110"}],"wp:attachment":[{"href":"https:\/\/kivenalla.fi\/en\/wp-json\/wp\/v2\/media?parent=3111"}],"wp:term":[{"taxonomy":"product_brand","embeddable":true,"href":"https:\/\/kivenalla.fi\/en\/wp-json\/wp\/v2\/product_brand?post=3111"},{"taxonomy":"product_cat","embeddable":true,"href":"https:\/\/kivenalla.fi\/en\/wp-json\/wp\/v2\/product_cat?post=3111"},{"taxonomy":"product_tag","embeddable":true,"href":"https:\/\/kivenalla.fi\/en\/wp-json\/wp\/v2\/product_tag?post=3111"}],"curies":[{"name":"wp","href":"https:\/\/api.w.org\/{rel}","templated":true}]}}